{"id":498,"date":"2024-12-23T15:44:26","date_gmt":"2024-12-23T14:44:26","guid":{"rendered":"https:\/\/los-odpowiedzialni-spolecznie.pl\/?post_type=product&#038;p=498"},"modified":"2024-12-23T15:45:53","modified_gmt":"2024-12-23T14:45:53","slug":"onlyeco-zel-do-toalet-750-ml","status":"publish","type":"product","link":"https:\/\/los-odpowiedzialni-spolecznie.pl\/en\/sklep\/srodki-czystosci\/eko-produkty-dla-domu-i-szkoly\/onlyeco-zel-do-toalet-750-ml\/","title":{"rendered":"ONLYECO \u017bel do toalet 750 ml"},"content":{"rendered":"<h3>Opis Produktu<\/h3>\n<ul class=\"eco-zel-do-toalety-opis-zalety-lista\">\n<li>100% sk\u0142adnik\u00f3w pochodzenia naturalnego<\/li>\n<li>bezpieczny dla \u015brodowiska naturalnego<\/li>\n<li>biodegradowalny<\/li>\n<li>usuwa brud i nieprzyjemne zapachy<\/li>\n<li>skutecznie czy\u015bci kamie\u0144 i rdz\u0119<\/li>\n<li>dzia\u0142a antybakteryjnie<\/li>\n<\/ul>\n<div class=\"eco-zel-do-toalety-opis-zaleta\">\n<div class=\"eco-zel-do-toalety-opis-zalety-prawo-tekst\">\n<h2>Sk\u0142ad:<\/h2>\n<p><strong>Bez:<\/strong>\u00a0SLS, SLES, NTA, EDTA, paraben\u00f3w, PEG-\u00f3w, substancji petrochemicznych, barwnik\u00f3w, syntetycznych kompozycji zapachowych, enzym\u00f3w, fosforan\u00f3w, siarczan\u00f3w, formaldehydu, chloru, boran\u00f3w, wybielaczy optycznych i chemicznych.<\/p>\n<p>Mniej ni\u017c 5% niejonowe \u015brodki powierzchniowo-czynne na bazie wielocukr\u00f3w; naturalny olejek eteryczny ze sk\u00f3rki cytryny (zawiera: Limonene). Zawiera tak\u017ce: wod\u0119 zdemineralizowan\u0105, kwas cytrynowy, kwas mlekowy, gum\u0119 ksantanow\u0105, cytrynian sodu, gliceryn\u0119, rozpuszczalnik.<br \/>\n<b>UWAGA!<\/b>\u00a0Dzia\u0142a dra\u017cni\u0105co na oczy. W PRZYPADKU DOSTANIA SI\u0118 DO OCZU: Ostro\u017cnie p\u0142uka\u0107 wod\u0105 przez kilka minut. Wyj\u0105\u0107 soczewki kontaktowe, je\u017celi s\u0105 i mo\u017cna je \u0142atwo usun\u0105\u0107. Nadal p\u0142uka\u0107. W przypadku utrzymywania si\u0119 dzia\u0142ania dra\u017cni\u0105cego na oczy: Zasi\u0119gn\u0105\u0107 porady\/ zg\u0142osi\u0107 si\u0119 pod opiek\u0119 lekarza.<\/p>\n<\/div>\n<\/div>\n<div class=\"eco-zel-do-toalety-opis-zaleta\">\n<div class=\"eco-zel-do-toalety-opis-zalety-prawo-tekst\">\n<h2>Spos\u00f3b u\u017cycia:<\/h2>\n<div class=\"eco-zel-do-toalety-opis-zaleta\">\n<div class=\"eco-zel-do-toalety-opis-zalety-prawo-tekst\">\n<p>Rozprowadzi\u0107 pod ko\u0142nierzem lub na g\u00f3rnej cz\u0119\u015bci \u015bcianki muszli. Pozostawi\u0107 na 15 minut i wyczy\u015bci\u0107 szczotk\u0105.<\/p>\n<\/div>\n<\/div>\n<div class=\"eco-zel-do-toalety-opis-zalety-bottom\">\n<h2>Pojemno\u015b\u0107:<b>750g<\/b><\/h2>\n<\/div>\n<\/div>\n<\/div>","protected":false},"excerpt":{"rendered":"<p>Opis Produktu 100% sk\u0142adnik\u00f3w pochodzenia naturalnego bezpieczny dla \u015brodowiska naturalnego biodegradowalny usuwa brud i nieprzyjemne zapachy skutecznie czy\u015bci kamie\u0144 i rdz\u0119 dzia\u0142a antybakteryjnie Sk\u0142ad: Bez:\u00a0SLS, SLES, NTA, EDTA, paraben\u00f3w, PEG-\u00f3w, substancji petrochemicznych, barwnik\u00f3w, syntetycznych kompozycji zapachowych, enzym\u00f3w, fosforan\u00f3w, siarczan\u00f3w, formaldehydu, chloru, boran\u00f3w, wybielaczy optycznych i chemicznych. Mniej ni\u017c 5% niejonowe \u015brodki powierzchniowo-czynne na bazie wielocukr\u00f3w; [&hellip;]<\/p>","protected":false},"featured_media":546,"template":"","meta":{"site-sidebar-layout":"default","site-content-layout":"","ast-site-content-layout":"default","site-content-style":"default","site-sidebar-style":"default","ast-global-header-display":"","ast-banner-title-visibility":"","ast-main-header-display":"","ast-hfb-above-header-display":"","ast-hfb-below-header-display":"","ast-hfb-mobile-header-display":"","site-post-title":"","ast-breadcrumbs-content":"","ast-featured-img":"","footer-sml-layout":"","theme-transparent-header-meta":"default","adv-header-id-meta":"","stick-header-meta":"","header-above-stick-meta":"","header-main-stick-meta":"","header-below-stick-meta":"","astra-migrate-meta-layouts":"set","ast-page-background-enabled":"default","ast-page-background-meta":{"desktop":{"background-color":"var(--ast-global-color-4)","background-image":"","background-repeat":"repeat","background-position":"center center","background-size":"auto","background-attachment":"scroll","background-type":"","background-media":"","overlay-type":"","overlay-color":"","overlay-opacity":"","overlay-gradient":""},"tablet":{"background-color":"","background-image":"","background-repeat":"repeat","background-position":"center center","background-size":"auto","background-attachment":"scroll","background-type":"","background-media":"","overlay-type":"","overlay-color":"","overlay-opacity":"","overlay-gradient":""},"mobile":{"background-color":"","background-image":"","background-repeat":"repeat","background-position":"center center","background-size":"auto","background-attachment":"scroll","background-type":"","background-media":"","overlay-type":"","overlay-color":"","overlay-opacity":"","overlay-gradient":""}},"ast-content-background-meta":{"desktop":{"background-color":"var(--ast-global-color-5)","background-image":"","background-repeat":"repeat","background-position":"center center","background-size":"auto","background-attachment":"scroll","background-type":"","background-media":"","overlay-type":"","overlay-color":"","overlay-opacity":"","overlay-gradient":""},"tablet":{"background-color":"var(--ast-global-color-5)","background-image":"","background-repeat":"repeat","background-position":"center center","background-size":"auto","background-attachment":"scroll","background-type":"","background-media":"","overlay-type":"","overlay-color":"","overlay-opacity":"","overlay-gradient":""},"mobile":{"background-color":"var(--ast-global-color-5)","background-image":"","background-repeat":"repeat","background-position":"center center","background-size":"auto","background-attachment":"scroll","background-type":"","background-media":"","overlay-type":"","overlay-color":"","overlay-opacity":"","overlay-gradient":""}}},"product_cat":[68,72],"product_tag":[70],"class_list":{"0":"post-498","1":"product","2":"type-product","3":"status-publish","4":"has-post-thumbnail","6":"product_cat-eko-produkty-dla-domu-i-szkoly","7":"product_cat-ekologiczne-srodki-czystosci","8":"product_tag-eko","9":"desktop-align-center","10":"tablet-align-left","11":"mobile-align-left","13":"first","14":"instock","15":"purchasable","16":"product-type-simple"},"_links":{"self":[{"href":"https:\/\/los-odpowiedzialni-spolecznie.pl\/en\/wp-json\/wp\/v2\/product\/498","targetHints":{"allow":["GET"]}}],"collection":[{"href":"https:\/\/los-odpowiedzialni-spolecznie.pl\/en\/wp-json\/wp\/v2\/product"}],"about":[{"href":"https:\/\/los-odpowiedzialni-spolecznie.pl\/en\/wp-json\/wp\/v2\/types\/product"}],"wp:featuredmedia":[{"embeddable":true,"href":"https:\/\/los-odpowiedzialni-spolecznie.pl\/en\/wp-json\/wp\/v2\/media\/546"}],"wp:attachment":[{"href":"https:\/\/los-odpowiedzialni-spolecznie.pl\/en\/wp-json\/wp\/v2\/media?parent=498"}],"wp:term":[{"taxonomy":"product_cat","embeddable":true,"href":"https:\/\/los-odpowiedzialni-spolecznie.pl\/en\/wp-json\/wp\/v2\/product_cat?post=498"},{"taxonomy":"product_tag","embeddable":true,"href":"https:\/\/los-odpowiedzialni-spolecznie.pl\/en\/wp-json\/wp\/v2\/product_tag?post=498"}],"curies":[{"name":"wp","href":"https:\/\/api.w.org\/{rel}","templated":true}]}}