{"id":489,"date":"2024-12-23T15:43:59","date_gmt":"2024-12-23T14:43:59","guid":{"rendered":"https:\/\/los-odpowiedzialni-spolecznie.pl\/?post_type=product&#038;p=489"},"modified":"2024-12-23T15:45:50","modified_gmt":"2024-12-23T14:45:50","slug":"chusteczki-nawilzane-dla-niemowlat-i-dzieci-eco-56-szt-gron-balance","status":"publish","type":"product","link":"https:\/\/los-odpowiedzialni-spolecznie.pl\/en\/sklep\/srodki-czystosci\/ekologiczne-srodki-czystosci\/chusteczki-nawilzane-dla-niemowlat-i-dzieci-eco-56-szt-gron-balance\/","title":{"rendered":"CHUSTECZKI NAWIL\u017bANE DLA NIEMOWL\u0104T I DZIECI ECO 56 szt. &#8211; GRON BALANCE"},"content":{"rendered":"<h3>Opis Produktu<\/h3>\n<p><strong>Chusteczki nawil\u017cane dla niemowl\u0105t i dzieci ECO 56sztuk<\/strong><\/p>\n<p><strong>SK\u0141ADNIKI<\/strong><br \/>\nAqua, Glycerin, Gluconolactone, Potassium Sorbate, Sodium Cocoamphoacetate, Allantoin, Sodium Benzoate, Xanthan Gum, Panthenol, Dimethicone, Calcium Gluconate, Citric Acid.<\/p>\n<p><strong>SPOS\u00d3B U\u017bYCIA<\/strong><br \/>\nChusteczki nawil\u017cane mog\u0105 by\u0107 u\u017cywane przy zmianie pieluch, jako serwetka do wycierania po jedzeniu itp. Wyci\u0105gn\u0105\u0107 z opakowania nawil\u017con\u0105 chusteczk\u0119 i zamkn\u0105\u0107 opakowanie, aby pozosta\u0142e serwetki nie wysch\u0142y.<\/p>\n<p><strong>UWAGA<\/strong><br \/>\nWykorzystan\u0105 chusteczk\u0119 wyrzuci\u0107 do kosza, nie sp\u0142ukiwa\u0107 w toalecie. Chusteczki wykorzysta\u0107 w ci\u0105gu 3 miesi\u0119cy od otwarcia opakowania.<\/p>\n<p><strong>ZALECANE WARUNKI PRZECHOWYWANIA<\/strong><br \/>\nW temperaturze pokojowej.<\/p>\n<p><strong class=\"bp-manufacturer\">PRODUCENT &#8211; NAZWA I ADRES<\/strong><br \/>\nDAGROFA LOGISITK A\/S, TORVARER MORUPVEJ 2-4, 7400 HERNING<\/p>\n<p>&nbsp;<\/p>","protected":false},"excerpt":{"rendered":"<p>Opis Produktu Chusteczki nawil\u017cane dla niemowl\u0105t i dzieci ECO 56sztuk SK\u0141ADNIKI Aqua, Glycerin, Gluconolactone, Potassium Sorbate, Sodium Cocoamphoacetate, Allantoin, Sodium Benzoate, Xanthan Gum, Panthenol, Dimethicone, Calcium Gluconate, Citric Acid. SPOS\u00d3B U\u017bYCIA Chusteczki nawil\u017cane mog\u0105 by\u0107 u\u017cywane przy zmianie pieluch, jako serwetka do wycierania po jedzeniu itp. Wyci\u0105gn\u0105\u0107 z opakowania nawil\u017con\u0105 chusteczk\u0119 i zamkn\u0105\u0107 opakowanie, aby [&hellip;]<\/p>","protected":false},"featured_media":545,"template":"","meta":{"site-sidebar-layout":"default","site-content-layout":"","ast-site-content-layout":"default","site-content-style":"default","site-sidebar-style":"default","ast-global-header-display":"","ast-banner-title-visibility":"","ast-main-header-display":"","ast-hfb-above-header-display":"","ast-hfb-below-header-display":"","ast-hfb-mobile-header-display":"","site-post-title":"","ast-breadcrumbs-content":"","ast-featured-img":"","footer-sml-layout":"","theme-transparent-header-meta":"default","adv-header-id-meta":"","stick-header-meta":"","header-above-stick-meta":"","header-main-stick-meta":"","header-below-stick-meta":"","astra-migrate-meta-layouts":"set","ast-page-background-enabled":"default","ast-page-background-meta":{"desktop":{"background-color":"var(--ast-global-color-4)","background-image":"","background-repeat":"repeat","background-position":"center center","background-size":"auto","background-attachment":"scroll","background-type":"","background-media":"","overlay-type":"","overlay-color":"","overlay-opacity":"","overlay-gradient":""},"tablet":{"background-color":"","background-image":"","background-repeat":"repeat","background-position":"center center","background-size":"auto","background-attachment":"scroll","background-type":"","background-media":"","overlay-type":"","overlay-color":"","overlay-opacity":"","overlay-gradient":""},"mobile":{"background-color":"","background-image":"","background-repeat":"repeat","background-position":"center center","background-size":"auto","background-attachment":"scroll","background-type":"","background-media":"","overlay-type":"","overlay-color":"","overlay-opacity":"","overlay-gradient":""}},"ast-content-background-meta":{"desktop":{"background-color":"var(--ast-global-color-5)","background-image":"","background-repeat":"repeat","background-position":"center center","background-size":"auto","background-attachment":"scroll","background-type":"","background-media":"","overlay-type":"","overlay-color":"","overlay-opacity":"","overlay-gradient":""},"tablet":{"background-color":"var(--ast-global-color-5)","background-image":"","background-repeat":"repeat","background-position":"center center","background-size":"auto","background-attachment":"scroll","background-type":"","background-media":"","overlay-type":"","overlay-color":"","overlay-opacity":"","overlay-gradient":""},"mobile":{"background-color":"var(--ast-global-color-5)","background-image":"","background-repeat":"repeat","background-position":"center center","background-size":"auto","background-attachment":"scroll","background-type":"","background-media":"","overlay-type":"","overlay-color":"","overlay-opacity":"","overlay-gradient":""}}},"product_cat":[72],"product_tag":[],"class_list":{"0":"post-489","1":"product","2":"type-product","3":"status-publish","4":"has-post-thumbnail","6":"product_cat-ekologiczne-srodki-czystosci","7":"desktop-align-center","8":"tablet-align-left","9":"mobile-align-left","11":"first","12":"onbackorder","13":"purchasable","14":"product-type-simple"},"_links":{"self":[{"href":"https:\/\/los-odpowiedzialni-spolecznie.pl\/en\/wp-json\/wp\/v2\/product\/489","targetHints":{"allow":["GET"]}}],"collection":[{"href":"https:\/\/los-odpowiedzialni-spolecznie.pl\/en\/wp-json\/wp\/v2\/product"}],"about":[{"href":"https:\/\/los-odpowiedzialni-spolecznie.pl\/en\/wp-json\/wp\/v2\/types\/product"}],"wp:featuredmedia":[{"embeddable":true,"href":"https:\/\/los-odpowiedzialni-spolecznie.pl\/en\/wp-json\/wp\/v2\/media\/545"}],"wp:attachment":[{"href":"https:\/\/los-odpowiedzialni-spolecznie.pl\/en\/wp-json\/wp\/v2\/media?parent=489"}],"wp:term":[{"taxonomy":"product_cat","embeddable":true,"href":"https:\/\/los-odpowiedzialni-spolecznie.pl\/en\/wp-json\/wp\/v2\/product_cat?post=489"},{"taxonomy":"product_tag","embeddable":true,"href":"https:\/\/los-odpowiedzialni-spolecznie.pl\/en\/wp-json\/wp\/v2\/product_tag?post=489"}],"curies":[{"name":"wp","href":"https:\/\/api.w.org\/{rel}","templated":true}]}}