{"id":488,"date":"2024-12-23T15:43:59","date_gmt":"2024-12-23T14:43:59","guid":{"rendered":"https:\/\/los-odpowiedzialni-spolecznie.pl\/?post_type=product&#038;p=488"},"modified":"2024-12-23T15:45:45","modified_gmt":"2024-12-23T14:45:45","slug":"serwetki-stolowe-bambusowe-birds-and-leaves-20-szt-chic-mic","status":"publish","type":"product","link":"https:\/\/los-odpowiedzialni-spolecznie.pl\/en\/sklep\/srodki-czystosci\/eko-produkty-dla-domu-i-szkoly\/serwetki-stolowe-bambusowe-birds-and-leaves-20-szt-chic-mic\/","title":{"rendered":"SERWETKI STO\u0141OWE BAMBUSOWE BIRDS AND LEAVES 20 szt &#8211; CHIC-MIC"},"content":{"rendered":"<h3>Opis Produktu<\/h3>\n<p>&nbsp;<\/p>\n<ul>\n<li>&#8211; Serwetki trzywarstwowe<\/li>\n<li>&#8211; Wykonane w 100 % z w\u0142\u00f3kien bambusowych<\/li>\n<li>&#8211; Opakowanie zawiera 20 sztuk<\/li>\n<li>&#8211; Wymiary: 33 x 33 cm<\/li>\n<li>&#8211; Bielone bez u\u017cycia chloru<\/li>\n<\/ul>\n<p><strong>Produkt przyjazny dla \u015brodowiska!<\/strong><\/p>\n<p><strong>UWAGA<\/strong><\/p>\n<p>Serwetki mog\u0105 nieco si\u0119 r\u00f3\u017cni\u0107 kolorystyk\u0105.<\/p>","protected":false},"excerpt":{"rendered":"<p>Opis Produktu &nbsp; &#8211; Serwetki trzywarstwowe &#8211; Wykonane w 100 % z w\u0142\u00f3kien bambusowych &#8211; Opakowanie zawiera 20 sztuk &#8211; Wymiary: 33 x 33 cm &#8211; Bielone bez u\u017cycia chloru Produkt przyjazny dla \u015brodowiska! UWAGA Serwetki mog\u0105 nieco si\u0119 r\u00f3\u017cni\u0107 kolorystyk\u0105.<\/p>","protected":false},"featured_media":544,"template":"","meta":{"site-sidebar-layout":"default","site-content-layout":"","ast-site-content-layout":"default","site-content-style":"default","site-sidebar-style":"default","ast-global-header-display":"","ast-banner-title-visibility":"","ast-main-header-display":"","ast-hfb-above-header-display":"","ast-hfb-below-header-display":"","ast-hfb-mobile-header-display":"","site-post-title":"","ast-breadcrumbs-content":"","ast-featured-img":"","footer-sml-layout":"","theme-transparent-header-meta":"default","adv-header-id-meta":"","stick-header-meta":"","header-above-stick-meta":"","header-main-stick-meta":"","header-below-stick-meta":"","astra-migrate-meta-layouts":"set","ast-page-background-enabled":"default","ast-page-background-meta":{"desktop":{"background-color":"var(--ast-global-color-4)","background-image":"","background-repeat":"repeat","background-position":"center center","background-size":"auto","background-attachment":"scroll","background-type":"","background-media":"","overlay-type":"","overlay-color":"","overlay-opacity":"","overlay-gradient":""},"tablet":{"background-color":"","background-image":"","background-repeat":"repeat","background-position":"center center","background-size":"auto","background-attachment":"scroll","background-type":"","background-media":"","overlay-type":"","overlay-color":"","overlay-opacity":"","overlay-gradient":""},"mobile":{"background-color":"","background-image":"","background-repeat":"repeat","background-position":"center center","background-size":"auto","background-attachment":"scroll","background-type":"","background-media":"","overlay-type":"","overlay-color":"","overlay-opacity":"","overlay-gradient":""}},"ast-content-background-meta":{"desktop":{"background-color":"var(--ast-global-color-5)","background-image":"","background-repeat":"repeat","background-position":"center center","background-size":"auto","background-attachment":"scroll","background-type":"","background-media":"","overlay-type":"","overlay-color":"","overlay-opacity":"","overlay-gradient":""},"tablet":{"background-color":"var(--ast-global-color-5)","background-image":"","background-repeat":"repeat","background-position":"center center","background-size":"auto","background-attachment":"scroll","background-type":"","background-media":"","overlay-type":"","overlay-color":"","overlay-opacity":"","overlay-gradient":""},"mobile":{"background-color":"var(--ast-global-color-5)","background-image":"","background-repeat":"repeat","background-position":"center center","background-size":"auto","background-attachment":"scroll","background-type":"","background-media":"","overlay-type":"","overlay-color":"","overlay-opacity":"","overlay-gradient":""}}},"product_cat":[68],"product_tag":[],"class_list":{"0":"post-488","1":"product","2":"type-product","3":"status-publish","4":"has-post-thumbnail","6":"product_cat-eko-produkty-dla-domu-i-szkoly","7":"desktop-align-center","8":"tablet-align-left","9":"mobile-align-left","11":"first","12":"instock","13":"taxable","14":"shipping-taxable","15":"purchasable","16":"product-type-simple"},"_links":{"self":[{"href":"https:\/\/los-odpowiedzialni-spolecznie.pl\/en\/wp-json\/wp\/v2\/product\/488","targetHints":{"allow":["GET"]}}],"collection":[{"href":"https:\/\/los-odpowiedzialni-spolecznie.pl\/en\/wp-json\/wp\/v2\/product"}],"about":[{"href":"https:\/\/los-odpowiedzialni-spolecznie.pl\/en\/wp-json\/wp\/v2\/types\/product"}],"wp:featuredmedia":[{"embeddable":true,"href":"https:\/\/los-odpowiedzialni-spolecznie.pl\/en\/wp-json\/wp\/v2\/media\/544"}],"wp:attachment":[{"href":"https:\/\/los-odpowiedzialni-spolecznie.pl\/en\/wp-json\/wp\/v2\/media?parent=488"}],"wp:term":[{"taxonomy":"product_cat","embeddable":true,"href":"https:\/\/los-odpowiedzialni-spolecznie.pl\/en\/wp-json\/wp\/v2\/product_cat?post=488"},{"taxonomy":"product_tag","embeddable":true,"href":"https:\/\/los-odpowiedzialni-spolecznie.pl\/en\/wp-json\/wp\/v2\/product_tag?post=488"}],"curies":[{"name":"wp","href":"https:\/\/api.w.org\/{rel}","templated":true}]}}