{"id":483,"date":"2024-12-23T15:43:32","date_gmt":"2024-12-23T14:43:32","guid":{"rendered":"https:\/\/los-odpowiedzialni-spolecznie.pl\/?post_type=product&#038;p=483"},"modified":"2024-12-23T15:45:37","modified_gmt":"2024-12-23T14:45:37","slug":"zuzii-bambusowy-recznik-kuchenny-2-warstwowy-2-szt","status":"publish","type":"product","link":"https:\/\/los-odpowiedzialni-spolecznie.pl\/en\/sklep\/srodki-czystosci\/ekologiczne-srodki-czystosci\/zuzii-bambusowy-recznik-kuchenny-2-warstwowy-2-szt\/","title":{"rendered":"ZUZII Bambusowy r\u0119cznik kuchenny 2-warstwowy 2 szt."},"content":{"rendered":"<h3>Opis Produktu<\/h3>\n<p><strong>Zuzia bambusowy r\u0119cznik kuchenny<\/strong> jest zrobiony z ekologicznego i trwa\u0142ego materia\u0142u &#8211; bambusa. Bambus jest znany ze swojej wyj\u0105tkowej wytrzyma\u0142o\u015bci i absorpcji, dzi\u0119ki czemu r\u0119cznik nadaje si\u0119 doskonale do wycierania naczy\u0144, blat\u00f3w czy odkurzania drobnych cz\u0105stek.<\/p>\n<p>Najwi\u0119ksz\u0105 zalet\u0105 r\u0119cznika Zuzii jest jego zdolno\u015b\u0107 do skutecznego usuwania brudu i plam bez konieczno\u015bci u\u017cycia chemikali\u00f3w czy detergent\u00f3w. Dzi\u0119ki swojej porowatej strukturze, r\u0119cznik z \u0142atwo\u015bci\u0105 wch\u0142ania wilgo\u0107 i brud, pozostawiaj\u0105c powierzchnie czyste i such\u0105.<\/p>\n<p>Dodatkowo, Zuzia bambusowy r\u0119cznik kuchenny jest r\u00f3wnie\u017c antybakteryjna i nieprzyjemne zapachy nie zatrzymuj\u0105 si\u0119 na jego powierzchni. Mo\u017cesz by\u0107 pewien, \u017ce Twoja kuchnia b\u0119dzie zawsze \u015bwie\u017ca i czysta.<\/p>\n<p>R\u0119cznik jest r\u00f3wnie\u017c \u0142atwy do utrzymania w czysto\u015bci. Mo\u017cna go pra\u0107 w pralce i suszy\u0107 na zewn\u0105trz. Jest r\u00f3wnie\u017c bardzo trwa\u0142y i wytrzyma\u0142y, wi\u0119c pos\u0142u\u017cy Ci przez wiele lat.<\/p>\n<p>Dzi\u0119ki tym r\u0119cznikom\u00a0 sprz\u0105tanie b\u0119dzie szybsze i bardziej przyjemne. Odkryj jego magiczn\u0105 moc i pozw\u00f3l, aby Twoja kuchnia zawsze b\u0142yszcza\u0142a czysto\u015bci\u0105.<\/p>\n<h2>Naturalne cechy bambusowego r\u0119cznika Zuzii<\/h2>\n<div class=\"messageName\"><span style=\"font-size: 16px\"><strong>Bambusowy r\u0119cznik kuchenny <\/strong>jest nie tylko praktyczny, ale tak\u017ce przyjazny dla \u015brodowiska. Dzi\u0119ki swojej ch\u0142onno\u015bci i trwa\u0142o\u015bci, \u015bwietnie sprawdza si\u0119 przy r\u00f3\u017cnych zadaniach domowych, od wycierania powierzchni po suszenie naczy\u0144.<\/span><\/div>\n<div>\n<div data-raw-text=\"Bambusowy r\u0119cznik kuchenny od Zuzii jest nie tylko praktyczny, ale tak\u017ce przyjazny dla \u015brodowiska. Dzi\u0119ki swojej ch\u0142onno\u015bci i trwa\u0142o\u015bci, \u015bwietnie sprawdza si\u0119 przy r\u00f3\u017cnych zadaniach domowych, od wycierania powierzchni po suszenie naczy\u0144.Warto r\u00f3wnie\u017c wspomnie\u0107 o certyfikacie FSC, kt\u00f3ry \u015bwiadczy o tym, \u017ce bambus, u\u017cyty do produkcji r\u0119cznika, pochodzi z odpowiedzialnych \u017ar\u00f3de\u0142. To oznacza, \u017ce nie przyczynia si\u0119 do wylesiania i niszczenia ekosystem\u00f3w naturalnych.Dodatkowo, posiadanie certyfikatu Vegan stanowi o tym, \u017ce produkt nie zawiera \u017cadnych sk\u0142adnik\u00f3w pochodzenia zwierz\u0119cego. Dla os\u00f3b dbaj\u0105cych o \u015brodowisko i zwierz\u0119ta, jest to wa\u017cny aspekt.Bambusowy r\u0119cznik kuchenny od Zuzii to zatem doskona\u0142e po\u0142\u0105czenie funkcjonalno\u015bci, jako\u015bci i ekologicznego podej\u015bcia.\"><\/p>\n<div class=\"markdown\">\n<p>Warto r\u00f3wnie\u017c wspomnie\u0107 o certyfikacie FSC, kt\u00f3ry \u015bwiadczy o tym, \u017ce bambus, u\u017cyty do produkcji r\u0119cznika, pochodzi z odpowiedzialnych \u017ar\u00f3de\u0142. To oznacza, \u017ce nie przyczynia si\u0119 do wylesiania i niszczenia ekosystem\u00f3w naturalnych.<\/p>\n<p>Dodatkowo, posiadanie certyfikatu Vegan stanowi o tym, \u017ce produkt nie zawiera \u017cadnych sk\u0142adnik\u00f3w pochodzenia zwierz\u0119cego. Dla os\u00f3b dbaj\u0105cych o \u015brodowisko i zwierz\u0119ta, jest to wa\u017cny aspekt.<\/p>\n<p>Bambusowy r\u0119cznik kuchenny to zatem doskona\u0142e po\u0142\u0105czenie funkcjonalno\u015bci, jako\u015bci i ekologicznego podej\u015bcia.<\/p>\n<h2>Uniwersalno\u015b\u0107 u\u017cycia &#8211; bambusowy r\u0119cznik kuchenny w Twoim Domu<\/h2>\n<p>Dodatkowym atutem r\u0119cznika Zuzii jest jego trwa\u0142o\u015b\u0107 i \u0142atwo\u015b\u0107 w utrzymaniu czysto\u015bci. Mo\u017cna go pra\u0107 w pralce bez obawy o uszkodzenie czy utrat\u0119 w\u0142a\u015bciwo\u015bci.<\/p>\n<p>Bambusowy r\u0119cznik Zuzii dost\u0119pny jest w r\u00f3\u017cnych kolorach, co pozwala dopasowa\u0107 go do wystroju ka\u017cdej kuchni. Jego estetyczny wygl\u0105d i wysoka jako\u015b\u0107 wykonania sprawiaj\u0105, \u017ce b\u0119dzie on r\u00f3wnie\u017c doskona\u0142ym prezentem dla bliskich.<\/p>\n<p>Dzi\u0119ki r\u0119cznikowi Zuzii sprz\u0105tanie i prace kuchenne stan\u0105 si\u0119 szybsze, \u0142atwiejsze i przyjemniejsze. Nie tylko skutecznie usunie brud i wilgo\u0107, ale r\u00f3wnie\u017c doda elegancji i stylu do twojej kuchni.<\/p>\n<p><strong>Odkryj nowe mo\u017cliwo\u015bci, kt\u00f3re daje bambusowy r\u0119cznik kuchenny &#8211; postaw na ekologiczne i wydajne sprz\u0105tanie!<\/strong><\/p>\n<p>&nbsp;<\/p>\n<\/div>\n<\/div>\n<\/div>","protected":false},"excerpt":{"rendered":"<p>Opis Produktu Zuzia bambusowy r\u0119cznik kuchenny jest zrobiony z ekologicznego i trwa\u0142ego materia\u0142u &#8211; bambusa. Bambus jest znany ze swojej wyj\u0105tkowej wytrzyma\u0142o\u015bci i absorpcji, dzi\u0119ki czemu r\u0119cznik nadaje si\u0119 doskonale do wycierania naczy\u0144, blat\u00f3w czy odkurzania drobnych cz\u0105stek. Najwi\u0119ksz\u0105 zalet\u0105 r\u0119cznika Zuzii jest jego zdolno\u015b\u0107 do skutecznego usuwania brudu i plam bez konieczno\u015bci u\u017cycia chemikali\u00f3w [&hellip;]<\/p>","protected":false},"featured_media":535,"template":"","meta":{"site-sidebar-layout":"default","site-content-layout":"","ast-site-content-layout":"default","site-content-style":"default","site-sidebar-style":"default","ast-global-header-display":"","ast-banner-title-visibility":"","ast-main-header-display":"","ast-hfb-above-header-display":"","ast-hfb-below-header-display":"","ast-hfb-mobile-header-display":"","site-post-title":"","ast-breadcrumbs-content":"","ast-featured-img":"","footer-sml-layout":"","theme-transparent-header-meta":"default","adv-header-id-meta":"","stick-header-meta":"","header-above-stick-meta":"","header-main-stick-meta":"","header-below-stick-meta":"","astra-migrate-meta-layouts":"set","ast-page-background-enabled":"default","ast-page-background-meta":{"desktop":{"background-color":"var(--ast-global-color-4)","background-image":"","background-repeat":"repeat","background-position":"center center","background-size":"auto","background-attachment":"scroll","background-type":"","background-media":"","overlay-type":"","overlay-color":"","overlay-opacity":"","overlay-gradient":""},"tablet":{"background-color":"","background-image":"","background-repeat":"repeat","background-position":"center center","background-size":"auto","background-attachment":"scroll","background-type":"","background-media":"","overlay-type":"","overlay-color":"","overlay-opacity":"","overlay-gradient":""},"mobile":{"background-color":"","background-image":"","background-repeat":"repeat","background-position":"center center","background-size":"auto","background-attachment":"scroll","background-type":"","background-media":"","overlay-type":"","overlay-color":"","overlay-opacity":"","overlay-gradient":""}},"ast-content-background-meta":{"desktop":{"background-color":"var(--ast-global-color-5)","background-image":"","background-repeat":"repeat","background-position":"center center","background-size":"auto","background-attachment":"scroll","background-type":"","background-media":"","overlay-type":"","overlay-color":"","overlay-opacity":"","overlay-gradient":""},"tablet":{"background-color":"var(--ast-global-color-5)","background-image":"","background-repeat":"repeat","background-position":"center center","background-size":"auto","background-attachment":"scroll","background-type":"","background-media":"","overlay-type":"","overlay-color":"","overlay-opacity":"","overlay-gradient":""},"mobile":{"background-color":"var(--ast-global-color-5)","background-image":"","background-repeat":"repeat","background-position":"center center","background-size":"auto","background-attachment":"scroll","background-type":"","background-media":"","overlay-type":"","overlay-color":"","overlay-opacity":"","overlay-gradient":""}}},"product_cat":[72],"product_tag":[],"class_list":{"0":"post-483","1":"product","2":"type-product","3":"status-publish","4":"has-post-thumbnail","6":"product_cat-ekologiczne-srodki-czystosci","7":"desktop-align-center","8":"tablet-align-left","9":"mobile-align-left","11":"first","12":"instock","13":"taxable","14":"shipping-taxable","15":"purchasable","16":"product-type-simple"},"_links":{"self":[{"href":"https:\/\/los-odpowiedzialni-spolecznie.pl\/en\/wp-json\/wp\/v2\/product\/483","targetHints":{"allow":["GET"]}}],"collection":[{"href":"https:\/\/los-odpowiedzialni-spolecznie.pl\/en\/wp-json\/wp\/v2\/product"}],"about":[{"href":"https:\/\/los-odpowiedzialni-spolecznie.pl\/en\/wp-json\/wp\/v2\/types\/product"}],"wp:featuredmedia":[{"embeddable":true,"href":"https:\/\/los-odpowiedzialni-spolecznie.pl\/en\/wp-json\/wp\/v2\/media\/535"}],"wp:attachment":[{"href":"https:\/\/los-odpowiedzialni-spolecznie.pl\/en\/wp-json\/wp\/v2\/media?parent=483"}],"wp:term":[{"taxonomy":"product_cat","embeddable":true,"href":"https:\/\/los-odpowiedzialni-spolecznie.pl\/en\/wp-json\/wp\/v2\/product_cat?post=483"},{"taxonomy":"product_tag","embeddable":true,"href":"https:\/\/los-odpowiedzialni-spolecznie.pl\/en\/wp-json\/wp\/v2\/product_tag?post=483"}],"curies":[{"name":"wp","href":"https:\/\/api.w.org\/{rel}","templated":true}]}}