{"id":482,"date":"2024-12-23T15:43:32","date_gmt":"2024-12-23T14:43:32","guid":{"rendered":"https:\/\/los-odpowiedzialni-spolecznie.pl\/?post_type=product&#038;p=482"},"modified":"2024-12-23T15:45:34","modified_gmt":"2024-12-23T14:45:34","slug":"plyn-do-prania-uniwersalny-klar-ecosensitive-15-l","status":"publish","type":"product","link":"https:\/\/los-odpowiedzialni-spolecznie.pl\/en\/sklep\/srodki-czystosci\/eko-produkty-dla-domu-i-szkoly\/plyn-do-prania-uniwersalny-klar-ecosensitive-15-l\/","title":{"rendered":"P\u0142yn do prania uniwersalny Klar EcoSensitive 1,5 l"},"content":{"rendered":"<h3>Opis Produktu<\/h3>\n<p><strong>P\u0141YN DO PRANIA UNIWERSALNY (ORZECHY) ECO 1,5 L &#8211; KLAR<\/strong><\/p>\n<p>P\u0142yn z orzech\u00f3w mydlanych odpowiedni do wody o ka\u017cdej twardo\u015bci i temperaturze prania od 20\u00b0 C do 95\u00b0 C. Nadaje si\u0119 zar\u00f3wno do prania kolorowego, jak i bia\u0142ego. P\u0142yn ten jest detergentem, \u015brodkiem zmi\u0119kczaj\u0105cym tkaniny i \u015brodkiem wspomagaj\u0105cym prasowanie w jednym. Mycie wst\u0119pne zwykle nie jest konieczne. W przypadku plam na\u0142o\u017cy\u0107 na plam\u0119 \u015brodek do czyszczenia plam i myd\u0142o w p\u0142ynie. W przypadku bia\u0142ych rzeczy doda\u0107 bezbarwny odplamiacz, aby pranie nie szarza\u0142o.\u00a0 Produkt testowany dermatologicznie. Opakowanie 1,5 L powinno starczy\u0107 na oko\u0142o 33 prania.<\/p>\n<p><strong>UWAGA<\/strong> Dzia\u0142a dra\u017cni\u0105co na oczy. W razie konieczno\u015bci zasi\u0119gni\u0119cia porady lekarza nale\u017cy pokaza\u0107 pojemnik lub etykiet\u0119.\u00a0 W przypadku dostania si\u0119 do oczu nale\u017cy p\u0142uka\u0107 wod\u0105 przez minut\u0119. W przypadku utrzymywania si\u0119 dzia\u0142ania dra\u017cni\u0105cego na oczy: zasi\u0119gn\u0105\u0107 porady\/zg\u0142osi\u0107 si\u0119 pod opiek\u0105 lekarza.<\/p>\n<p><strong>SPOS\u00d3B U\u017bYCIA<\/strong><\/p>\n<p>Dawki s\u0105 podane w nakr\u0119tkach (1 nakr\u0119tka = 30 ml). Pranie w pralce (4-5 kg): Mi\u0119kka woda: Zabrudzenie ma\u0142e &#8211; 1; Zabrudzenie \u015brednie &#8211; 1; Zabrudzenie du\u017ce &#8211; 1,5 \u015arednio twarda woda: Zabrudzenie ma\u0142e &#8211; 1; Zabrudzenie \u015brednie &#8211; 1,5; Za-brudzenie du\u017ce &#8211; 2 Twarda woda: Zabrudzenie ma\u0142e &#8211; 1,5; Zabrudzenie \u015brednie &#8211; 2; Zabrudzenie du\u017ce &#8211; 2,5 Pranie r\u0119czne: 10 ml na 5 L wody. Pranie w pralce (2-3 kg): 15 ml p\u0142ynu, pranie w pralce (6-8 kg): 45 ml p\u0142ynu<\/p>\n<p><strong>ZALECANE WARUNKI PRZECHOWYWANIA<\/strong><\/p>\n<p>Przechowywa\u0107 w miejscu niedost\u0119pnym dla dzieci.<\/p>\n<p>&nbsp;<\/p>","protected":false},"excerpt":{"rendered":"<p>Opis Produktu P\u0141YN DO PRANIA UNIWERSALNY (ORZECHY) ECO 1,5 L &#8211; KLAR P\u0142yn z orzech\u00f3w mydlanych odpowiedni do wody o ka\u017cdej twardo\u015bci i temperaturze prania od 20\u00b0 C do 95\u00b0 C. Nadaje si\u0119 zar\u00f3wno do prania kolorowego, jak i bia\u0142ego. P\u0142yn ten jest detergentem, \u015brodkiem zmi\u0119kczaj\u0105cym tkaniny i \u015brodkiem wspomagaj\u0105cym prasowanie w jednym. Mycie wst\u0119pne [&hellip;]<\/p>","protected":false},"featured_media":534,"template":"","meta":{"site-sidebar-layout":"default","site-content-layout":"","ast-site-content-layout":"default","site-content-style":"default","site-sidebar-style":"default","ast-global-header-display":"","ast-banner-title-visibility":"","ast-main-header-display":"","ast-hfb-above-header-display":"","ast-hfb-below-header-display":"","ast-hfb-mobile-header-display":"","site-post-title":"","ast-breadcrumbs-content":"","ast-featured-img":"","footer-sml-layout":"","theme-transparent-header-meta":"default","adv-header-id-meta":"","stick-header-meta":"","header-above-stick-meta":"","header-main-stick-meta":"","header-below-stick-meta":"","astra-migrate-meta-layouts":"set","ast-page-background-enabled":"default","ast-page-background-meta":{"desktop":{"background-color":"var(--ast-global-color-4)","background-image":"","background-repeat":"repeat","background-position":"center center","background-size":"auto","background-attachment":"scroll","background-type":"","background-media":"","overlay-type":"","overlay-color":"","overlay-opacity":"","overlay-gradient":""},"tablet":{"background-color":"","background-image":"","background-repeat":"repeat","background-position":"center center","background-size":"auto","background-attachment":"scroll","background-type":"","background-media":"","overlay-type":"","overlay-color":"","overlay-opacity":"","overlay-gradient":""},"mobile":{"background-color":"","background-image":"","background-repeat":"repeat","background-position":"center center","background-size":"auto","background-attachment":"scroll","background-type":"","background-media":"","overlay-type":"","overlay-color":"","overlay-opacity":"","overlay-gradient":""}},"ast-content-background-meta":{"desktop":{"background-color":"var(--ast-global-color-5)","background-image":"","background-repeat":"repeat","background-position":"center center","background-size":"auto","background-attachment":"scroll","background-type":"","background-media":"","overlay-type":"","overlay-color":"","overlay-opacity":"","overlay-gradient":""},"tablet":{"background-color":"var(--ast-global-color-5)","background-image":"","background-repeat":"repeat","background-position":"center center","background-size":"auto","background-attachment":"scroll","background-type":"","background-media":"","overlay-type":"","overlay-color":"","overlay-opacity":"","overlay-gradient":""},"mobile":{"background-color":"var(--ast-global-color-5)","background-image":"","background-repeat":"repeat","background-position":"center center","background-size":"auto","background-attachment":"scroll","background-type":"","background-media":"","overlay-type":"","overlay-color":"","overlay-opacity":"","overlay-gradient":""}}},"product_cat":[68,72],"product_tag":[],"class_list":{"0":"post-482","1":"product","2":"type-product","3":"status-publish","4":"has-post-thumbnail","6":"product_cat-eko-produkty-dla-domu-i-szkoly","7":"product_cat-ekologiczne-srodki-czystosci","8":"desktop-align-center","9":"tablet-align-left","10":"mobile-align-left","12":"first","13":"outofstock","14":"taxable","15":"shipping-taxable","16":"purchasable","17":"product-type-simple"},"_links":{"self":[{"href":"https:\/\/los-odpowiedzialni-spolecznie.pl\/en\/wp-json\/wp\/v2\/product\/482","targetHints":{"allow":["GET"]}}],"collection":[{"href":"https:\/\/los-odpowiedzialni-spolecznie.pl\/en\/wp-json\/wp\/v2\/product"}],"about":[{"href":"https:\/\/los-odpowiedzialni-spolecznie.pl\/en\/wp-json\/wp\/v2\/types\/product"}],"wp:featuredmedia":[{"embeddable":true,"href":"https:\/\/los-odpowiedzialni-spolecznie.pl\/en\/wp-json\/wp\/v2\/media\/534"}],"wp:attachment":[{"href":"https:\/\/los-odpowiedzialni-spolecznie.pl\/en\/wp-json\/wp\/v2\/media?parent=482"}],"wp:term":[{"taxonomy":"product_cat","embeddable":true,"href":"https:\/\/los-odpowiedzialni-spolecznie.pl\/en\/wp-json\/wp\/v2\/product_cat?post=482"},{"taxonomy":"product_tag","embeddable":true,"href":"https:\/\/los-odpowiedzialni-spolecznie.pl\/en\/wp-json\/wp\/v2\/product_tag?post=482"}],"curies":[{"name":"wp","href":"https:\/\/api.w.org\/{rel}","templated":true}]}}