{"id":481,"date":"2024-12-23T15:43:32","date_gmt":"2024-12-23T14:43:32","guid":{"rendered":"https:\/\/los-odpowiedzialni-spolecznie.pl\/?post_type=product&#038;p=481"},"modified":"2024-12-23T15:45:29","modified_gmt":"2024-12-23T14:45:29","slug":"onlyeco-weganski-plyn-do-mycia-podlog-1000-ml","status":"publish","type":"product","link":"https:\/\/los-odpowiedzialni-spolecznie.pl\/en\/sklep\/srodki-czystosci\/eko-produkty-dla-domu-i-szkoly\/onlyeco-weganski-plyn-do-mycia-podlog-1000-ml\/","title":{"rendered":"ONLYECO &#8211; Wega\u0144ski p\u0142yn do mycia pod\u0142\u00f3g &#8211; 1000 ml"},"content":{"rendered":"<h3>Opis Produktu<\/h3>\n<p><strong>P\u0142yn do mycia pod\u0142\u00f3g marki Only Eco 1000ml<\/strong><\/p>\n<p>P\u0142yn do czyszczenia i piel\u0119gnacji pod\u0142\u00f3g drewnianych, paneli, kafelk\u00f3w, marmuru i pod\u0142\u00f3g wykonanych z tworzyw sztucznych. Szybko wysycha, nie pozostawia smug.<\/p>\n<p><b>Surfaktyna<\/b>\u00a0to prze\u0142omowy sk\u0142adnik czyszcz\u0105cy stworzony w laboratoriach OnlyEco, kt\u00f3ry powstaje dzi\u0119ki technologii biorafinacji rzepaku przy u\u017cyciu specjalnych mikroorganizm\u00f3w. Liczne badania laboratoryjne potwierdzaj\u0105, \u017ce jest 100x bardziej delikatna i 4x silniejsza ni\u017c powszechnie stosowane surowce czyszcz\u0105ce.<\/p>\n<p><b>Surfaktyna:<\/b>\u00a0natychmiast usuwa wszelkie zanieczyszczenia organiczne i mineralne. Wykazuje dzia\u0142anie antybakteryjne. Jest \u0142agodna dla czyszczonych powierzchni, piel\u0119gnuje je i zabezpiecza<\/p>\n<p><b>Skuteczne sk\u0142adniki naturalne:<\/b><\/p>\n<ul>\n<li>Olejek ze sk\u00f3rki cytryny skutecznie usuwa wszystkie zanieczyszczenia i t\u0142uszcz nadaj\u0105c powierzchniom \u015bwie\u017cy, cytrusowy zapach.<\/li>\n<li>Gliceryna intensywnie nab\u0142yszcza i wyg\u0142adza pod\u0142ogi, wydobywaj\u0105c ich naturalne pi\u0119kno. Skutecznie usuwa kurz i dzia\u0142a elektrostatycznie, dzi\u0119ki czemu zapobiega osadzaniu si\u0119 brudu i kurzu na powierzchni<\/li>\n<\/ul>\n<p><b>Spos\u00f3b u\u017cycia:<\/b><\/p>\n<p>Wla\u0107 20 ml p\u0142ynu do 5 L ciep\u0142ej wody, wymiesza\u0107. Umy\u0107 pod\u0142og\u0119 i pozostawi\u0107 do wyschni\u0119cia. Mo\u017ce by\u0107 stosowany bez rozcie\u0144czania do miejscowego czyszczenia trudnych zabrudze\u0144.<\/p>\n<p><b>Chroni\u0107 przed dzie\u0107mi.<\/b><\/p>\n<h3>Sk\u0142ad<\/h3>\n<p><b>Sk\u0142adniki:<\/b>\u00a0mniej ni\u017c 5 % niejonowe \u015brodki powierzchniowo-czynne na bazie wielocukr\u00f3w, mniej ni\u017c 5 % anionowe \u015brodki powierzchniowo-czynne na bazie rzepaku; hydroksymetyloglicynian sodu; naturalny olejek eteryczny ze sk\u00f3rki cytryny (zawiera: Limonene). Zawiera tak\u017ce: wod\u0119 zdemineralizowan\u0105, glikol propylenowy, gliceryn\u0119, alkohol otrzymywany przez fermentacj\u0119 skrobi ro\u015blinnej, cytrynian sodu, rozpuszczalnik, denaturant, kwas cytrynowy.<\/p>","protected":false},"excerpt":{"rendered":"<p>Opis Produktu P\u0142yn do mycia pod\u0142\u00f3g marki Only Eco 1000ml P\u0142yn do czyszczenia i piel\u0119gnacji pod\u0142\u00f3g drewnianych, paneli, kafelk\u00f3w, marmuru i pod\u0142\u00f3g wykonanych z tworzyw sztucznych. Szybko wysycha, nie pozostawia smug. Surfaktyna\u00a0to prze\u0142omowy sk\u0142adnik czyszcz\u0105cy stworzony w laboratoriach OnlyEco, kt\u00f3ry powstaje dzi\u0119ki technologii biorafinacji rzepaku przy u\u017cyciu specjalnych mikroorganizm\u00f3w. Liczne badania laboratoryjne potwierdzaj\u0105, \u017ce jest [&hellip;]<\/p>","protected":false},"featured_media":533,"template":"","meta":{"site-sidebar-layout":"default","site-content-layout":"","ast-site-content-layout":"default","site-content-style":"default","site-sidebar-style":"default","ast-global-header-display":"","ast-banner-title-visibility":"","ast-main-header-display":"","ast-hfb-above-header-display":"","ast-hfb-below-header-display":"","ast-hfb-mobile-header-display":"","site-post-title":"","ast-breadcrumbs-content":"","ast-featured-img":"","footer-sml-layout":"","theme-transparent-header-meta":"default","adv-header-id-meta":"","stick-header-meta":"","header-above-stick-meta":"","header-main-stick-meta":"","header-below-stick-meta":"","astra-migrate-meta-layouts":"set","ast-page-background-enabled":"default","ast-page-background-meta":{"desktop":{"background-color":"var(--ast-global-color-4)","background-image":"","background-repeat":"repeat","background-position":"center center","background-size":"auto","background-attachment":"scroll","background-type":"","background-media":"","overlay-type":"","overlay-color":"","overlay-opacity":"","overlay-gradient":""},"tablet":{"background-color":"","background-image":"","background-repeat":"repeat","background-position":"center center","background-size":"auto","background-attachment":"scroll","background-type":"","background-media":"","overlay-type":"","overlay-color":"","overlay-opacity":"","overlay-gradient":""},"mobile":{"background-color":"","background-image":"","background-repeat":"repeat","background-position":"center center","background-size":"auto","background-attachment":"scroll","background-type":"","background-media":"","overlay-type":"","overlay-color":"","overlay-opacity":"","overlay-gradient":""}},"ast-content-background-meta":{"desktop":{"background-color":"var(--ast-global-color-5)","background-image":"","background-repeat":"repeat","background-position":"center center","background-size":"auto","background-attachment":"scroll","background-type":"","background-media":"","overlay-type":"","overlay-color":"","overlay-opacity":"","overlay-gradient":""},"tablet":{"background-color":"var(--ast-global-color-5)","background-image":"","background-repeat":"repeat","background-position":"center center","background-size":"auto","background-attachment":"scroll","background-type":"","background-media":"","overlay-type":"","overlay-color":"","overlay-opacity":"","overlay-gradient":""},"mobile":{"background-color":"var(--ast-global-color-5)","background-image":"","background-repeat":"repeat","background-position":"center center","background-size":"auto","background-attachment":"scroll","background-type":"","background-media":"","overlay-type":"","overlay-color":"","overlay-opacity":"","overlay-gradient":""}}},"product_cat":[68,72],"product_tag":[],"class_list":{"0":"post-481","1":"product","2":"type-product","3":"status-publish","4":"has-post-thumbnail","6":"product_cat-eko-produkty-dla-domu-i-szkoly","7":"product_cat-ekologiczne-srodki-czystosci","8":"desktop-align-center","9":"tablet-align-left","10":"mobile-align-left","12":"first","13":"instock","14":"purchasable","15":"product-type-simple"},"_links":{"self":[{"href":"https:\/\/los-odpowiedzialni-spolecznie.pl\/en\/wp-json\/wp\/v2\/product\/481","targetHints":{"allow":["GET"]}}],"collection":[{"href":"https:\/\/los-odpowiedzialni-spolecznie.pl\/en\/wp-json\/wp\/v2\/product"}],"about":[{"href":"https:\/\/los-odpowiedzialni-spolecznie.pl\/en\/wp-json\/wp\/v2\/types\/product"}],"wp:featuredmedia":[{"embeddable":true,"href":"https:\/\/los-odpowiedzialni-spolecznie.pl\/en\/wp-json\/wp\/v2\/media\/533"}],"wp:attachment":[{"href":"https:\/\/los-odpowiedzialni-spolecznie.pl\/en\/wp-json\/wp\/v2\/media?parent=481"}],"wp:term":[{"taxonomy":"product_cat","embeddable":true,"href":"https:\/\/los-odpowiedzialni-spolecznie.pl\/en\/wp-json\/wp\/v2\/product_cat?post=481"},{"taxonomy":"product_tag","embeddable":true,"href":"https:\/\/los-odpowiedzialni-spolecznie.pl\/en\/wp-json\/wp\/v2\/product_tag?post=481"}],"curies":[{"name":"wp","href":"https:\/\/api.w.org\/{rel}","templated":true}]}}