{"id":478,"date":"2024-12-23T15:43:31","date_gmt":"2024-12-23T14:43:31","guid":{"rendered":"https:\/\/los-odpowiedzialni-spolecznie.pl\/?post_type=product&#038;p=478"},"modified":"2024-12-23T15:45:21","modified_gmt":"2024-12-23T14:45:21","slug":"ekologiczna-rozpalka-do-grilla-350g-dary-natury","status":"publish","type":"product","link":"https:\/\/los-odpowiedzialni-spolecznie.pl\/en\/sklep\/srodki-czystosci\/eko-produkty-dla-domu-i-szkoly\/ekologiczna-rozpalka-do-grilla-350g-dary-natury\/","title":{"rendered":"Ekologiczna Rozpa\u0142ka do Grilla 350g &#8211; Dary Natury"},"content":{"rendered":"<h3>Opis Produktu<\/h3>\n<p><strong>Ekologiczna Rozpa\u0142ka do grilla, kominka, ogniska &#8211; 350g<\/strong><\/p>\n<p>W pe\u0142ni ekologiczna i naturalna podpa\u0142ka do grilla produkowana z kory brzozy \u015bcinanej na obszrze strefy ekologicznej. Charakteryzuje si\u0119 przyjemnym le\u015bnym aromatem, wydzielanym w trakcie palenia, a to za spraw\u0105 naturalnego olejku o sosnowym zapachu. W zwi\u0105zku z tym, \u017ce sk\u0142adniki s\u0105 naturalne, w trakcie spalania nie wydzielaj\u0105 si\u0119 \u017cadne substancje toksyczne. Grillowanie staje si\u0119 \u0142atwe i przyjemne, a przy tym jest bezpieczne dla zdrowia i \u015brodowiska. Doskonale sprawdzi si\u0119 r\u00f3wie\u017c przy rozpalaniu ogniska lub kominka. U\u017cywaj\u0105c tej ekologicznej rozpa\u0142ki chronisz \u015brodowisko naturalne, poniewa\u017c kora pozyskiwana jest jako produkt uboczny przetw\u00f3rstwa drzewnego, do jej wytworzenia nie zu\u017cywa si\u0119 energii, pochodnych ropy naftowej ani \u017cadnych innych substancji chemicznych.<\/p>\n<p><strong>\u00a0Sk\u0142ad:<\/strong>\u00a0kora brzozy, olej t\u0142oczony na zimno, naturalny sosnowy olejek eteryczny<\/p>\n<p>&nbsp;<\/p>\n<p><strong>\u00a0Kraj pochodzenia<\/strong>: Polska<\/p>\n<p><strong>\u00a0Pojemno\u015b\u0107<\/strong>: 350g<\/p>","protected":false},"excerpt":{"rendered":"<p>Opis Produktu Ekologiczna Rozpa\u0142ka do grilla, kominka, ogniska &#8211; 350g W pe\u0142ni ekologiczna i naturalna podpa\u0142ka do grilla produkowana z kory brzozy \u015bcinanej na obszrze strefy ekologicznej. Charakteryzuje si\u0119 przyjemnym le\u015bnym aromatem, wydzielanym w trakcie palenia, a to za spraw\u0105 naturalnego olejku o sosnowym zapachu. W zwi\u0105zku z tym, \u017ce sk\u0142adniki s\u0105 naturalne, w trakcie [&hellip;]<\/p>","protected":false},"featured_media":530,"template":"","meta":{"site-sidebar-layout":"default","site-content-layout":"","ast-site-content-layout":"default","site-content-style":"default","site-sidebar-style":"default","ast-global-header-display":"","ast-banner-title-visibility":"","ast-main-header-display":"","ast-hfb-above-header-display":"","ast-hfb-below-header-display":"","ast-hfb-mobile-header-display":"","site-post-title":"","ast-breadcrumbs-content":"","ast-featured-img":"","footer-sml-layout":"","theme-transparent-header-meta":"default","adv-header-id-meta":"","stick-header-meta":"","header-above-stick-meta":"","header-main-stick-meta":"","header-below-stick-meta":"","astra-migrate-meta-layouts":"set","ast-page-background-enabled":"default","ast-page-background-meta":{"desktop":{"background-color":"var(--ast-global-color-4)","background-image":"","background-repeat":"repeat","background-position":"center center","background-size":"auto","background-attachment":"scroll","background-type":"","background-media":"","overlay-type":"","overlay-color":"","overlay-opacity":"","overlay-gradient":""},"tablet":{"background-color":"","background-image":"","background-repeat":"repeat","background-position":"center center","background-size":"auto","background-attachment":"scroll","background-type":"","background-media":"","overlay-type":"","overlay-color":"","overlay-opacity":"","overlay-gradient":""},"mobile":{"background-color":"","background-image":"","background-repeat":"repeat","background-position":"center center","background-size":"auto","background-attachment":"scroll","background-type":"","background-media":"","overlay-type":"","overlay-color":"","overlay-opacity":"","overlay-gradient":""}},"ast-content-background-meta":{"desktop":{"background-color":"var(--ast-global-color-5)","background-image":"","background-repeat":"repeat","background-position":"center center","background-size":"auto","background-attachment":"scroll","background-type":"","background-media":"","overlay-type":"","overlay-color":"","overlay-opacity":"","overlay-gradient":""},"tablet":{"background-color":"var(--ast-global-color-5)","background-image":"","background-repeat":"repeat","background-position":"center center","background-size":"auto","background-attachment":"scroll","background-type":"","background-media":"","overlay-type":"","overlay-color":"","overlay-opacity":"","overlay-gradient":""},"mobile":{"background-color":"var(--ast-global-color-5)","background-image":"","background-repeat":"repeat","background-position":"center center","background-size":"auto","background-attachment":"scroll","background-type":"","background-media":"","overlay-type":"","overlay-color":"","overlay-opacity":"","overlay-gradient":""}}},"product_cat":[68],"product_tag":[],"class_list":{"0":"post-478","1":"product","2":"type-product","3":"status-publish","4":"has-post-thumbnail","6":"product_cat-eko-produkty-dla-domu-i-szkoly","7":"desktop-align-center","8":"tablet-align-left","9":"mobile-align-left","11":"first","12":"instock","13":"taxable","14":"shipping-taxable","15":"purchasable","16":"product-type-simple"},"_links":{"self":[{"href":"https:\/\/los-odpowiedzialni-spolecznie.pl\/en\/wp-json\/wp\/v2\/product\/478","targetHints":{"allow":["GET"]}}],"collection":[{"href":"https:\/\/los-odpowiedzialni-spolecznie.pl\/en\/wp-json\/wp\/v2\/product"}],"about":[{"href":"https:\/\/los-odpowiedzialni-spolecznie.pl\/en\/wp-json\/wp\/v2\/types\/product"}],"wp:featuredmedia":[{"embeddable":true,"href":"https:\/\/los-odpowiedzialni-spolecznie.pl\/en\/wp-json\/wp\/v2\/media\/530"}],"wp:attachment":[{"href":"https:\/\/los-odpowiedzialni-spolecznie.pl\/en\/wp-json\/wp\/v2\/media?parent=478"}],"wp:term":[{"taxonomy":"product_cat","embeddable":true,"href":"https:\/\/los-odpowiedzialni-spolecznie.pl\/en\/wp-json\/wp\/v2\/product_cat?post=478"},{"taxonomy":"product_tag","embeddable":true,"href":"https:\/\/los-odpowiedzialni-spolecznie.pl\/en\/wp-json\/wp\/v2\/product_tag?post=478"}],"curies":[{"name":"wp","href":"https:\/\/api.w.org\/{rel}","templated":true}]}}