{"id":469,"date":"2024-12-23T15:43:08","date_gmt":"2024-12-23T14:43:08","guid":{"rendered":"https:\/\/los-odpowiedzialni-spolecznie.pl\/?post_type=product&#038;p=469"},"modified":"2024-12-23T15:45:12","modified_gmt":"2024-12-23T14:45:12","slug":"klar-tabletki-do-zmywarek-eco-25sztuk","status":"publish","type":"product","link":"https:\/\/los-odpowiedzialni-spolecznie.pl\/en\/sklep\/srodki-czystosci\/eko-produkty-dla-domu-i-szkoly\/klar-tabletki-do-zmywarek-eco-25sztuk\/","title":{"rendered":"Klar Tabletki Do Zmywarek Eco 25sztuk"},"content":{"rendered":"<h3>Opis Produktu<\/h3>\n<p><strong>TABLETKI DO ZMYWAREK ECO<\/strong><\/p>\n<p>Tabletki do stosowania podczas podczas mycia naczy\u0144 w zmywarkach. W celu uzyskania najlepszego efektu, nale\u017cy ich u\u017cywa\u0107 w po\u0142\u0105czeniu z sol\u0105 do zmywarek oraz \u015brodkiem nab\u0142yszczaj\u0105cym. Wystarczy 1 tabletka na 1 mycie. W przypadku bardzo zabrudzonych naczy\u0144, prosz\u0119 u\u017cy\u0107 2 tabletek. W celu usuni\u0119cia trudnych plam z kawy czy herbaty rekomendujemy dodanie 1 \u0142y\u017cki \u015brodka wybielaj\u0105cego. Nie zawiera sk\u0142adnik\u00f3w pochodzenia zwierz\u0119cego.<\/p>\n<p><strong>Zawarto\u015b\u0107 netto<\/strong>: 500 g (25 sztuk)<\/p>\n<h3>Sk\u0142ad<\/h3>\n<p><strong>Sk\u0142adniki<\/strong>: Sodium Citrate, Sodium Carbonate, Sodium Silicate, Sodium Bicarbonate, Sodium Carbonate Peroxide, Sodium Polyapartat, Tetrasodium Iminodisuccinat, Sulfated Castor Oil, Protease. 5-15% wybielacz na bazie tlenu. &lt;5% anionowe \u015brodki powierzchniowo-czynne, enzymy (proteazy), GMO-free. Zawiera w\u0119glan sodu.<br \/>\nMo\u017ce powodowa\u0107 reakcje alergiczne.<\/p>\n<p><strong>Kraj pochodzenia<\/strong>: Niemcy.<\/p>\n<p><strong>UWAGA!<\/strong> Dzia\u0142a dra\u017cni\u0105co na oczy. Trzyma\u0107 w miejscu niedost\u0119pnym dla dzieci. W przypadku po\u0142kni\u0119cia wyp\u0142uka\u0107 usta wod\u0105 (tylko wtedy, gdy osoba poszkodowana jest przytomna) i niezw\u0142ocznie zasi\u0119gn\u0105\u0107 porady lekarza (w miar\u0119 mo\u017cliwo\u015bci, pokaza\u0107 etykiet\u0119 produktu).<\/p>\n<p>&nbsp;<\/p>","protected":false},"excerpt":{"rendered":"<p>Opis Produktu TABLETKI DO ZMYWAREK ECO Tabletki do stosowania podczas podczas mycia naczy\u0144 w zmywarkach. W celu uzyskania najlepszego efektu, nale\u017cy ich u\u017cywa\u0107 w po\u0142\u0105czeniu z sol\u0105 do zmywarek oraz \u015brodkiem nab\u0142yszczaj\u0105cym. Wystarczy 1 tabletka na 1 mycie. W przypadku bardzo zabrudzonych naczy\u0144, prosz\u0119 u\u017cy\u0107 2 tabletek. W celu usuni\u0119cia trudnych plam z kawy czy [&hellip;]<\/p>","protected":false},"featured_media":522,"template":"","meta":{"site-sidebar-layout":"default","site-content-layout":"","ast-site-content-layout":"default","site-content-style":"default","site-sidebar-style":"default","ast-global-header-display":"","ast-banner-title-visibility":"","ast-main-header-display":"","ast-hfb-above-header-display":"","ast-hfb-below-header-display":"","ast-hfb-mobile-header-display":"","site-post-title":"","ast-breadcrumbs-content":"","ast-featured-img":"","footer-sml-layout":"","theme-transparent-header-meta":"default","adv-header-id-meta":"","stick-header-meta":"","header-above-stick-meta":"","header-main-stick-meta":"","header-below-stick-meta":"","astra-migrate-meta-layouts":"set","ast-page-background-enabled":"default","ast-page-background-meta":{"desktop":{"background-color":"var(--ast-global-color-4)","background-image":"","background-repeat":"repeat","background-position":"center center","background-size":"auto","background-attachment":"scroll","background-type":"","background-media":"","overlay-type":"","overlay-color":"","overlay-opacity":"","overlay-gradient":""},"tablet":{"background-color":"","background-image":"","background-repeat":"repeat","background-position":"center center","background-size":"auto","background-attachment":"scroll","background-type":"","background-media":"","overlay-type":"","overlay-color":"","overlay-opacity":"","overlay-gradient":""},"mobile":{"background-color":"","background-image":"","background-repeat":"repeat","background-position":"center center","background-size":"auto","background-attachment":"scroll","background-type":"","background-media":"","overlay-type":"","overlay-color":"","overlay-opacity":"","overlay-gradient":""}},"ast-content-background-meta":{"desktop":{"background-color":"var(--ast-global-color-5)","background-image":"","background-repeat":"repeat","background-position":"center center","background-size":"auto","background-attachment":"scroll","background-type":"","background-media":"","overlay-type":"","overlay-color":"","overlay-opacity":"","overlay-gradient":""},"tablet":{"background-color":"var(--ast-global-color-5)","background-image":"","background-repeat":"repeat","background-position":"center center","background-size":"auto","background-attachment":"scroll","background-type":"","background-media":"","overlay-type":"","overlay-color":"","overlay-opacity":"","overlay-gradient":""},"mobile":{"background-color":"var(--ast-global-color-5)","background-image":"","background-repeat":"repeat","background-position":"center center","background-size":"auto","background-attachment":"scroll","background-type":"","background-media":"","overlay-type":"","overlay-color":"","overlay-opacity":"","overlay-gradient":""}}},"product_cat":[68,72],"product_tag":[],"class_list":{"0":"post-469","1":"product","2":"type-product","3":"status-publish","4":"has-post-thumbnail","6":"product_cat-eko-produkty-dla-domu-i-szkoly","7":"product_cat-ekologiczne-srodki-czystosci","8":"desktop-align-center","9":"tablet-align-left","10":"mobile-align-left","12":"first","13":"instock","14":"purchasable","15":"product-type-simple"},"_links":{"self":[{"href":"https:\/\/los-odpowiedzialni-spolecznie.pl\/en\/wp-json\/wp\/v2\/product\/469","targetHints":{"allow":["GET"]}}],"collection":[{"href":"https:\/\/los-odpowiedzialni-spolecznie.pl\/en\/wp-json\/wp\/v2\/product"}],"about":[{"href":"https:\/\/los-odpowiedzialni-spolecznie.pl\/en\/wp-json\/wp\/v2\/types\/product"}],"wp:featuredmedia":[{"embeddable":true,"href":"https:\/\/los-odpowiedzialni-spolecznie.pl\/en\/wp-json\/wp\/v2\/media\/522"}],"wp:attachment":[{"href":"https:\/\/los-odpowiedzialni-spolecznie.pl\/en\/wp-json\/wp\/v2\/media?parent=469"}],"wp:term":[{"taxonomy":"product_cat","embeddable":true,"href":"https:\/\/los-odpowiedzialni-spolecznie.pl\/en\/wp-json\/wp\/v2\/product_cat?post=469"},{"taxonomy":"product_tag","embeddable":true,"href":"https:\/\/los-odpowiedzialni-spolecznie.pl\/en\/wp-json\/wp\/v2\/product_tag?post=469"}],"curies":[{"name":"wp","href":"https:\/\/api.w.org\/{rel}","templated":true}]}}