{"id":468,"date":"2024-12-23T15:43:08","date_gmt":"2024-12-23T14:43:08","guid":{"rendered":"https:\/\/los-odpowiedzialni-spolecznie.pl\/?post_type=product&#038;p=468"},"modified":"2024-12-23T15:45:08","modified_gmt":"2024-12-23T14:45:08","slug":"sol-klodawska-do-zmywarek-krystaliczna-1kg-z-kopalni-soli-klodawa","status":"publish","type":"product","link":"https:\/\/los-odpowiedzialni-spolecznie.pl\/en\/sklep\/srodki-czystosci\/eko-produkty-dla-domu-i-szkoly\/sol-klodawska-do-zmywarek-krystaliczna-1kg-z-kopalni-soli-klodawa\/","title":{"rendered":"S\u00f3l K\u0142odawska do zmywarek krystaliczna 1kg z Kopalni Soli K\u0142odawa"},"content":{"rendered":"<h3>Opis Produktu<\/h3>\n<p><strong>Krystaliczna s\u00f3l do zmywarki z Kopalni Soli K\u0142odawa<\/strong> jest specjalnie wyselekcjonowanym rodzajem, bez jakichkolwiek zanieczyszcze\u0144 mechanicznych, kt\u00f3re mog\u0142yby spowodowa\u0107 zu\u017cycie lub uszkodzenie zmywarki.<br \/>\nZadaniem soli jest zmi\u0119kczenie wody oraz ochrona zmywarki przed osadzaniem kamienia, dzi\u0119ki czemu \u017cywotno\u015b\u0107 urz\u0105dzenia si\u0119 wyd\u0142u\u017ca. Dzi\u0119ki zmi\u0119kczonej wodzie na naczyniach nie b\u0119d\u0105 si\u0119 odk\u0142ada\u0142y \u017cadne nieestetyczne osady. S\u00f3l warto stosowa\u0107 razem z wielofunkcyjnymi tabletkami do zmywarki.<\/p>\n<p><strong>S\u00f3l k\u0142odawska to polskie, lokalne, naturalne bogactwo<\/strong>. Bez antyzbrylaczy, nie jest przetwarzana, oczyszczana, wybielana czy suszona przy u\u017cyciu chemikali\u00f3w. Wydobywana jest tradycyjnie, star\u0105 metod\u0105 g\u00f3rnicz\u0105.<\/p>\n<p><strong>S\u00f3l k\u0142odawska do zmywarki krystaliczna 1kg z Kopalni Soli K\u0142odawa &#8211; cechy produktu:<\/strong><\/p>\n<ul>\n<li>gruboziarnista<\/li>\n<li>krystaliczna, bez \u017cadnych zanieczyszcze\u0144<\/li>\n<li>najwy\u017csza jako\u015b\u0107<\/li>\n<li>zmi\u0119kcza wod\u0119<\/li>\n<li>wyd\u0142u\u017ca \u017cywotno\u015b\u0107 zmywarki<\/li>\n<\/ul>\n<p><strong>Sk\u0142ad<\/strong>:\u00a0NaCl (chlorek sodu)<\/p>\n<p><strong>Wymiary:<\/strong>\u00a033 \u00d7 18 \u00d7 16 cm<\/p>\n<p><strong>Waga:<\/strong>\u00a01 kg<\/p>\n<p><strong>Producent:<\/strong>\u00a0Kopalnia Soli \u201eK\u0142odawa\u201d S.A. Polska<\/p>","protected":false},"excerpt":{"rendered":"<p>Opis Produktu Krystaliczna s\u00f3l do zmywarki z Kopalni Soli K\u0142odawa jest specjalnie wyselekcjonowanym rodzajem, bez jakichkolwiek zanieczyszcze\u0144 mechanicznych, kt\u00f3re mog\u0142yby spowodowa\u0107 zu\u017cycie lub uszkodzenie zmywarki. Zadaniem soli jest zmi\u0119kczenie wody oraz ochrona zmywarki przed osadzaniem kamienia, dzi\u0119ki czemu \u017cywotno\u015b\u0107 urz\u0105dzenia si\u0119 wyd\u0142u\u017ca. Dzi\u0119ki zmi\u0119kczonej wodzie na naczyniach nie b\u0119d\u0105 si\u0119 odk\u0142ada\u0142y \u017cadne nieestetyczne osady. S\u00f3l [&hellip;]<\/p>","protected":false},"featured_media":521,"template":"","meta":{"site-sidebar-layout":"default","site-content-layout":"","ast-site-content-layout":"default","site-content-style":"default","site-sidebar-style":"default","ast-global-header-display":"","ast-banner-title-visibility":"","ast-main-header-display":"","ast-hfb-above-header-display":"","ast-hfb-below-header-display":"","ast-hfb-mobile-header-display":"","site-post-title":"","ast-breadcrumbs-content":"","ast-featured-img":"","footer-sml-layout":"","theme-transparent-header-meta":"default","adv-header-id-meta":"","stick-header-meta":"","header-above-stick-meta":"","header-main-stick-meta":"","header-below-stick-meta":"","astra-migrate-meta-layouts":"set","ast-page-background-enabled":"default","ast-page-background-meta":{"desktop":{"background-color":"var(--ast-global-color-4)","background-image":"","background-repeat":"repeat","background-position":"center center","background-size":"auto","background-attachment":"scroll","background-type":"","background-media":"","overlay-type":"","overlay-color":"","overlay-opacity":"","overlay-gradient":""},"tablet":{"background-color":"","background-image":"","background-repeat":"repeat","background-position":"center center","background-size":"auto","background-attachment":"scroll","background-type":"","background-media":"","overlay-type":"","overlay-color":"","overlay-opacity":"","overlay-gradient":""},"mobile":{"background-color":"","background-image":"","background-repeat":"repeat","background-position":"center center","background-size":"auto","background-attachment":"scroll","background-type":"","background-media":"","overlay-type":"","overlay-color":"","overlay-opacity":"","overlay-gradient":""}},"ast-content-background-meta":{"desktop":{"background-color":"var(--ast-global-color-5)","background-image":"","background-repeat":"repeat","background-position":"center center","background-size":"auto","background-attachment":"scroll","background-type":"","background-media":"","overlay-type":"","overlay-color":"","overlay-opacity":"","overlay-gradient":""},"tablet":{"background-color":"var(--ast-global-color-5)","background-image":"","background-repeat":"repeat","background-position":"center center","background-size":"auto","background-attachment":"scroll","background-type":"","background-media":"","overlay-type":"","overlay-color":"","overlay-opacity":"","overlay-gradient":""},"mobile":{"background-color":"var(--ast-global-color-5)","background-image":"","background-repeat":"repeat","background-position":"center center","background-size":"auto","background-attachment":"scroll","background-type":"","background-media":"","overlay-type":"","overlay-color":"","overlay-opacity":"","overlay-gradient":""}}},"product_cat":[68,72],"product_tag":[],"class_list":{"0":"post-468","1":"product","2":"type-product","3":"status-publish","4":"has-post-thumbnail","6":"product_cat-eko-produkty-dla-domu-i-szkoly","7":"product_cat-ekologiczne-srodki-czystosci","8":"desktop-align-center","9":"tablet-align-left","10":"mobile-align-left","12":"first","13":"outofstock","14":"taxable","15":"shipping-taxable","16":"purchasable","17":"product-type-simple"},"_links":{"self":[{"href":"https:\/\/los-odpowiedzialni-spolecznie.pl\/en\/wp-json\/wp\/v2\/product\/468","targetHints":{"allow":["GET"]}}],"collection":[{"href":"https:\/\/los-odpowiedzialni-spolecznie.pl\/en\/wp-json\/wp\/v2\/product"}],"about":[{"href":"https:\/\/los-odpowiedzialni-spolecznie.pl\/en\/wp-json\/wp\/v2\/types\/product"}],"wp:featuredmedia":[{"embeddable":true,"href":"https:\/\/los-odpowiedzialni-spolecznie.pl\/en\/wp-json\/wp\/v2\/media\/521"}],"wp:attachment":[{"href":"https:\/\/los-odpowiedzialni-spolecznie.pl\/en\/wp-json\/wp\/v2\/media?parent=468"}],"wp:term":[{"taxonomy":"product_cat","embeddable":true,"href":"https:\/\/los-odpowiedzialni-spolecznie.pl\/en\/wp-json\/wp\/v2\/product_cat?post=468"},{"taxonomy":"product_tag","embeddable":true,"href":"https:\/\/los-odpowiedzialni-spolecznie.pl\/en\/wp-json\/wp\/v2\/product_tag?post=468"}],"curies":[{"name":"wp","href":"https:\/\/api.w.org\/{rel}","templated":true}]}}