{"id":465,"date":"2024-12-23T15:43:08","date_gmt":"2024-12-23T14:43:08","guid":{"rendered":"https:\/\/los-odpowiedzialni-spolecznie.pl\/?post_type=product&#038;p=465"},"modified":"2024-12-23T15:44:58","modified_gmt":"2024-12-23T14:44:58","slug":"onlyeco-plyn-do-mycia-kuchni-500-ml","status":"publish","type":"product","link":"https:\/\/los-odpowiedzialni-spolecznie.pl\/en\/sklep\/srodki-czystosci\/eko-produkty-dla-domu-i-szkoly\/onlyeco-plyn-do-mycia-kuchni-500-ml\/","title":{"rendered":"ONLYECO P\u0142yn do mycia kuchni 500 ml"},"content":{"rendered":"<h3>Opis Produktu<\/h3>\n<ul class=\"eco-spray-kuch-opis-zalety-lista\">\n<li>99% sk\u0142adnik\u00f3w pochodzenia naturalnego<\/li>\n<li>bezpieczny dla \u015brodowiska naturalnego<\/li>\n<li>biodegradowalny<\/li>\n<li>dok\u0142adnie czy\u015bci i piel\u0119gnuje<\/li>\n<li>skutecznie usuwa t\u0142uszcz i przypalenia<\/li>\n<li>zabezpiecza przed zabrudzeniami<\/li>\n<\/ul>\n<h2>Sk\u0142ad:<\/h2>\n<p><strong>Bez:<\/strong>\u00a0SLS, SLES, NTA, EDTA, paraben\u00f3w, PEG-\u00f3w, substancji petrochemicznych, barwnik\u00f3w, syntetycznych kompozycji zapachowych, enzym\u00f3w, fosforan\u00f3w, siarczan\u00f3w, formaldehydu, chloru, boran\u00f3w, wybielaczy optycznych i chemicznych.<\/p>\n<p>Mniej ni\u017c 5% niejonowe \u015brodki powierzchniowo-czynne na bazie wielocukr\u00f3w, mniej ni\u017c 5% anionowe \u015brodki powierzchniowoczynne na bazie oleju kokosowego i rzepaku; hydroksymetylogli-cynian sodu; naturalny olejek eteryczny ze s\u0142odkiej pomara\u0144czy (zawiera: Limonene). Zawiera tak\u017ce: wod\u0119 zdemineralizowan\u0105, alkohol otrzymywany przez fermentacj\u0119 skrobi ro\u015blinnej, gliceryn\u0119, rozpuszczalnik, kwas cytrynowy, denaturant.<br \/>\n<b>CHRONI\u0106 PRZED DZIE\u0106MI<\/b><\/p>\n<div class=\"eco-spray-kuch-opis-zaleta\">\n<div class=\"eco-spray-kuch-opis-zalety-prawo-tekst\">\n<h2>Spos\u00f3b u\u017cycia:<\/h2>\n<p>Spryska\u0107 czyszczon\u0105 powierzchni\u0119, a nast\u0119pnie przetrze\u0107 wilgotn\u0105 szmatk\u0105. Przed u\u017cyciem nale\u017cy wykona\u0107 test na niewidocznej cz\u0119\u015bci powierzchni.<\/p>\n<\/div>\n<\/div>\n<div class=\"eco-spray-kuch-opis-zalety-bottom\">\n<h2>Pojemno\u015b\u0107:<b>500ml<\/b><\/h2>\n<\/div>","protected":false},"excerpt":{"rendered":"<p>Opis Produktu 99% sk\u0142adnik\u00f3w pochodzenia naturalnego bezpieczny dla \u015brodowiska naturalnego biodegradowalny dok\u0142adnie czy\u015bci i piel\u0119gnuje skutecznie usuwa t\u0142uszcz i przypalenia zabezpiecza przed zabrudzeniami Sk\u0142ad: Bez:\u00a0SLS, SLES, NTA, EDTA, paraben\u00f3w, PEG-\u00f3w, substancji petrochemicznych, barwnik\u00f3w, syntetycznych kompozycji zapachowych, enzym\u00f3w, fosforan\u00f3w, siarczan\u00f3w, formaldehydu, chloru, boran\u00f3w, wybielaczy optycznych i chemicznych. Mniej ni\u017c 5% niejonowe \u015brodki powierzchniowo-czynne na bazie wielocukr\u00f3w, [&hellip;]<\/p>","protected":false},"featured_media":518,"template":"","meta":{"site-sidebar-layout":"default","site-content-layout":"","ast-site-content-layout":"default","site-content-style":"default","site-sidebar-style":"default","ast-global-header-display":"","ast-banner-title-visibility":"","ast-main-header-display":"","ast-hfb-above-header-display":"","ast-hfb-below-header-display":"","ast-hfb-mobile-header-display":"","site-post-title":"","ast-breadcrumbs-content":"","ast-featured-img":"","footer-sml-layout":"","theme-transparent-header-meta":"default","adv-header-id-meta":"","stick-header-meta":"","header-above-stick-meta":"","header-main-stick-meta":"","header-below-stick-meta":"","astra-migrate-meta-layouts":"set","ast-page-background-enabled":"default","ast-page-background-meta":{"desktop":{"background-color":"var(--ast-global-color-4)","background-image":"","background-repeat":"repeat","background-position":"center center","background-size":"auto","background-attachment":"scroll","background-type":"","background-media":"","overlay-type":"","overlay-color":"","overlay-opacity":"","overlay-gradient":""},"tablet":{"background-color":"","background-image":"","background-repeat":"repeat","background-position":"center center","background-size":"auto","background-attachment":"scroll","background-type":"","background-media":"","overlay-type":"","overlay-color":"","overlay-opacity":"","overlay-gradient":""},"mobile":{"background-color":"","background-image":"","background-repeat":"repeat","background-position":"center center","background-size":"auto","background-attachment":"scroll","background-type":"","background-media":"","overlay-type":"","overlay-color":"","overlay-opacity":"","overlay-gradient":""}},"ast-content-background-meta":{"desktop":{"background-color":"var(--ast-global-color-5)","background-image":"","background-repeat":"repeat","background-position":"center center","background-size":"auto","background-attachment":"scroll","background-type":"","background-media":"","overlay-type":"","overlay-color":"","overlay-opacity":"","overlay-gradient":""},"tablet":{"background-color":"var(--ast-global-color-5)","background-image":"","background-repeat":"repeat","background-position":"center center","background-size":"auto","background-attachment":"scroll","background-type":"","background-media":"","overlay-type":"","overlay-color":"","overlay-opacity":"","overlay-gradient":""},"mobile":{"background-color":"var(--ast-global-color-5)","background-image":"","background-repeat":"repeat","background-position":"center center","background-size":"auto","background-attachment":"scroll","background-type":"","background-media":"","overlay-type":"","overlay-color":"","overlay-opacity":"","overlay-gradient":""}}},"product_cat":[68,72],"product_tag":[],"class_list":{"0":"post-465","1":"product","2":"type-product","3":"status-publish","4":"has-post-thumbnail","6":"product_cat-eko-produkty-dla-domu-i-szkoly","7":"product_cat-ekologiczne-srodki-czystosci","8":"desktop-align-center","9":"tablet-align-left","10":"mobile-align-left","12":"first","13":"instock","14":"purchasable","15":"product-type-simple"},"_links":{"self":[{"href":"https:\/\/los-odpowiedzialni-spolecznie.pl\/en\/wp-json\/wp\/v2\/product\/465","targetHints":{"allow":["GET"]}}],"collection":[{"href":"https:\/\/los-odpowiedzialni-spolecznie.pl\/en\/wp-json\/wp\/v2\/product"}],"about":[{"href":"https:\/\/los-odpowiedzialni-spolecznie.pl\/en\/wp-json\/wp\/v2\/types\/product"}],"wp:featuredmedia":[{"embeddable":true,"href":"https:\/\/los-odpowiedzialni-spolecznie.pl\/en\/wp-json\/wp\/v2\/media\/518"}],"wp:attachment":[{"href":"https:\/\/los-odpowiedzialni-spolecznie.pl\/en\/wp-json\/wp\/v2\/media?parent=465"}],"wp:term":[{"taxonomy":"product_cat","embeddable":true,"href":"https:\/\/los-odpowiedzialni-spolecznie.pl\/en\/wp-json\/wp\/v2\/product_cat?post=465"},{"taxonomy":"product_tag","embeddable":true,"href":"https:\/\/los-odpowiedzialni-spolecznie.pl\/en\/wp-json\/wp\/v2\/product_tag?post=465"}],"curies":[{"name":"wp","href":"https:\/\/api.w.org\/{rel}","templated":true}]}}