{"id":464,"date":"2024-12-23T15:43:08","date_gmt":"2024-12-23T14:43:08","guid":{"rendered":"https:\/\/los-odpowiedzialni-spolecznie.pl\/?post_type=product&#038;p=464"},"modified":"2024-12-23T15:44:53","modified_gmt":"2024-12-23T14:44:53","slug":"onlyeco-plyn-do-mycia-szyb-i-luster-500-ml","status":"publish","type":"product","link":"https:\/\/los-odpowiedzialni-spolecznie.pl\/en\/sklep\/srodki-czystosci\/eko-produkty-dla-domu-i-szkoly\/onlyeco-plyn-do-mycia-szyb-i-luster-500-ml\/","title":{"rendered":"ONLYECO P\u0142yn do mycia szyb i luster 500 ml"},"content":{"rendered":"<h3>Opis Produktu<\/h3>\n<div>\n<div>\n<div>\n<p><strong>OnlyEco Ekologiczny p\u0142yn do mycia szyb i luster, 500 ml<\/strong>\u00a0skutecznie usuwa zabrudzenia. W jego sk\u0142adzie znajduje si\u0119 gliceryna wykazuj\u0105ca w\u0142a\u015bciwo\u015bci nab\u0142yszczaj\u0105ce. Dodatek olejku ze sk\u00f3ry cytryny dzia\u0142a antyseptycznie i pomaga w pozbyciu si\u0119 smug.<\/p>\n<\/div>\n<\/div>\n<\/div>\n<div>\n<div>\n<h3>W\u0142a\u015bciwo\u015bci<\/h3>\n<div>\n<p>Skuteczny p\u0142yn do czyszczenia szyb, luster, szklanych p\u0142yt kuchennych i dekoracyjnych, p\u0142ytek ceramicznych. Surfaktyna to prze\u0142omowy sk\u0142adnik czyszcz\u0105cy stworzony w laboratoriach OnlyEco, kt\u00f3ry powstaje dzi\u0119ki technologii biorafinacji rzepaku przy u\u017cyciu specjalnych mikroorganizm\u00f3w. Liczne badania laboratoryjne potwierdzaj\u0105, \u017ce jest 100x bardziej delikatna i 4x silniejsza ni\u017c powszechnie stosowane surowce czyszcz\u0105ce. Natychmiast usuwa wszelkie zanieczyszczenia organiczne i mineralne. Wykazuje dzia\u0142anie antybakteryjne. Jest \u0142agodna dla czyszczonych powierzchni, piel\u0119gnuje je i zabezpiecza.<\/p>\n<p>&nbsp;<\/p>\n<p>Olejek ze sk\u00f3rki cytryny skutecznie czy\u015bci wszelkie zabrudzenia, zacieki i osady z myd\u0142a i kamienia. Pozostawia powierzchni\u0119 krystalicznie czyst\u0105 i przejrzyst\u0105. Gliceryna nadaje niepowtarzalny blask powierzchni, zapobiega osadzaniu si\u0119 brudu i kurzu oraz wyra\u017anie zmniejsza zaparowanie szyb i luster.<\/p>\n<\/div>\n<\/div>\n<\/div>\n<div>\n<div>\n<h3>Sk\u0142ad<\/h3>\n<div>mniej ni\u017c 5 % niejonowe \u015brodki powierzchniowo-czynne na bazie wielocukr\u00f3w, mniej ni\u017c 5 % anionowe \u015brodki powierzchniowo-czynne na bazie oleju kokosowego i rzepaku; naturalny olejek eteryczny ze sk\u00f3rki cytryny. Zawiera tak\u017ce: wod\u0119 zdemineralizowan\u0105, alkohol otrzymywany przez fermentacj\u0119 skrobi ro\u015blinnej, denaturant, gliceryn\u0119.<\/div>\n<\/div>\n<\/div>\n<div>\n<div>\n<h3>Jak stosowa\u0107<\/h3>\n<div>Powierzchni\u0119 szklan\u0105 dok\u0142adnie spryska\u0107 i wytrze\u0107 szmatk\u0105 do sucha.<\/div>\n<\/div>\n<\/div>\n<div>\n<div>\n<h3>Przeznaczenie<\/h3>\n<div>Skuteczny p\u0142yn do czyszczenia szyb, luster, szklanych p\u0142yt kuchennych i dekoracyjnych, p\u0142ytek ceramicznych.<\/div>\n<\/div>\n<\/div>\n<div>\n<div>\n<h3>Ostrze\u017cenia<\/h3>\n<div>\u00a0Chroni\u0107 przed dzie\u0107mi<\/div>\n<\/div>\n<\/div>\n<div>\n<div>\n<h3>Producent<\/h3>\n<div>ONLYBIO.LIFE S.A.<\/div>\n<\/div>\n<\/div>\n<div>\n<div>\n<h3>Uwagi<\/h3>\n<div>Bez:SLS, SLES, NTA, EDTA, paraben\u00f3w, PEG-\u00f3w, substancji petrochemicznych, barwnik\u00f3w, syntetycznych kompozycji zapachowych, enzym\u00f3w, fosforan\u00f3w, siarczan\u00f3w, formaldehydu, chloru, boran\u00f3w, wybielaczy optycznych i chemicznyc. Posiada certyfikat ECO CERT NATURAL DETERGENT, produkt wega\u0144ski, 99 % sk\u0142adnik\u00f3w pochodzenia naturalnego, biodegradowalny<\/div>\n<\/div>\n<\/div>\n<div>\n<h3>Pojemno\u015b\u0107<\/h3>\n<div>500 ml<\/div>\n<\/div>","protected":false},"excerpt":{"rendered":"<p>Opis Produktu OnlyEco Ekologiczny p\u0142yn do mycia szyb i luster, 500 ml\u00a0skutecznie usuwa zabrudzenia. W jego sk\u0142adzie znajduje si\u0119 gliceryna wykazuj\u0105ca w\u0142a\u015bciwo\u015bci nab\u0142yszczaj\u0105ce. Dodatek olejku ze sk\u00f3ry cytryny dzia\u0142a antyseptycznie i pomaga w pozbyciu si\u0119 smug. W\u0142a\u015bciwo\u015bci Skuteczny p\u0142yn do czyszczenia szyb, luster, szklanych p\u0142yt kuchennych i dekoracyjnych, p\u0142ytek ceramicznych. Surfaktyna to prze\u0142omowy sk\u0142adnik czyszcz\u0105cy [&hellip;]<\/p>","protected":false},"featured_media":511,"template":"","meta":{"site-sidebar-layout":"default","site-content-layout":"","ast-site-content-layout":"default","site-content-style":"default","site-sidebar-style":"default","ast-global-header-display":"","ast-banner-title-visibility":"","ast-main-header-display":"","ast-hfb-above-header-display":"","ast-hfb-below-header-display":"","ast-hfb-mobile-header-display":"","site-post-title":"","ast-breadcrumbs-content":"","ast-featured-img":"","footer-sml-layout":"","theme-transparent-header-meta":"default","adv-header-id-meta":"","stick-header-meta":"","header-above-stick-meta":"","header-main-stick-meta":"","header-below-stick-meta":"","astra-migrate-meta-layouts":"set","ast-page-background-enabled":"default","ast-page-background-meta":{"desktop":{"background-color":"var(--ast-global-color-4)","background-image":"","background-repeat":"repeat","background-position":"center center","background-size":"auto","background-attachment":"scroll","background-type":"","background-media":"","overlay-type":"","overlay-color":"","overlay-opacity":"","overlay-gradient":""},"tablet":{"background-color":"","background-image":"","background-repeat":"repeat","background-position":"center center","background-size":"auto","background-attachment":"scroll","background-type":"","background-media":"","overlay-type":"","overlay-color":"","overlay-opacity":"","overlay-gradient":""},"mobile":{"background-color":"","background-image":"","background-repeat":"repeat","background-position":"center center","background-size":"auto","background-attachment":"scroll","background-type":"","background-media":"","overlay-type":"","overlay-color":"","overlay-opacity":"","overlay-gradient":""}},"ast-content-background-meta":{"desktop":{"background-color":"var(--ast-global-color-5)","background-image":"","background-repeat":"repeat","background-position":"center center","background-size":"auto","background-attachment":"scroll","background-type":"","background-media":"","overlay-type":"","overlay-color":"","overlay-opacity":"","overlay-gradient":""},"tablet":{"background-color":"var(--ast-global-color-5)","background-image":"","background-repeat":"repeat","background-position":"center center","background-size":"auto","background-attachment":"scroll","background-type":"","background-media":"","overlay-type":"","overlay-color":"","overlay-opacity":"","overlay-gradient":""},"mobile":{"background-color":"var(--ast-global-color-5)","background-image":"","background-repeat":"repeat","background-position":"center center","background-size":"auto","background-attachment":"scroll","background-type":"","background-media":"","overlay-type":"","overlay-color":"","overlay-opacity":"","overlay-gradient":""}}},"product_cat":[68,72],"product_tag":[],"class_list":{"0":"post-464","1":"product","2":"type-product","3":"status-publish","4":"has-post-thumbnail","6":"product_cat-eko-produkty-dla-domu-i-szkoly","7":"product_cat-ekologiczne-srodki-czystosci","8":"desktop-align-center","9":"tablet-align-left","10":"mobile-align-left","12":"first","13":"instock","14":"purchasable","15":"product-type-simple"},"_links":{"self":[{"href":"https:\/\/los-odpowiedzialni-spolecznie.pl\/en\/wp-json\/wp\/v2\/product\/464","targetHints":{"allow":["GET"]}}],"collection":[{"href":"https:\/\/los-odpowiedzialni-spolecznie.pl\/en\/wp-json\/wp\/v2\/product"}],"about":[{"href":"https:\/\/los-odpowiedzialni-spolecznie.pl\/en\/wp-json\/wp\/v2\/types\/product"}],"wp:featuredmedia":[{"embeddable":true,"href":"https:\/\/los-odpowiedzialni-spolecznie.pl\/en\/wp-json\/wp\/v2\/media\/511"}],"wp:attachment":[{"href":"https:\/\/los-odpowiedzialni-spolecznie.pl\/en\/wp-json\/wp\/v2\/media?parent=464"}],"wp:term":[{"taxonomy":"product_cat","embeddable":true,"href":"https:\/\/los-odpowiedzialni-spolecznie.pl\/en\/wp-json\/wp\/v2\/product_cat?post=464"},{"taxonomy":"product_tag","embeddable":true,"href":"https:\/\/los-odpowiedzialni-spolecznie.pl\/en\/wp-json\/wp\/v2\/product_tag?post=464"}],"curies":[{"name":"wp","href":"https:\/\/api.w.org\/{rel}","templated":true}]}}