{"id":456,"date":"2024-12-23T15:42:47","date_gmt":"2024-12-23T14:42:47","guid":{"rendered":"https:\/\/los-odpowiedzialni-spolecznie.pl\/?post_type=product&#038;p=456"},"modified":"2024-12-23T15:44:40","modified_gmt":"2024-12-23T14:44:40","slug":"onlyeco-plyn-do-mycia-naczyn-1000ml","status":"publish","type":"product","link":"https:\/\/los-odpowiedzialni-spolecznie.pl\/en\/sklep\/srodki-czystosci\/eko-produkty-dla-domu-i-szkoly\/onlyeco-plyn-do-mycia-naczyn-1000ml\/","title":{"rendered":"ONLYECO P\u0142yn do mycia naczy\u0144 1000ml"},"content":{"rendered":"<h3>Opis Produktu<\/h3>\n<ul class=\"eco-opis-zalety-lista\">\n<li>99% sk\u0142adnik\u00f3w pochodzenia naturalnego<\/li>\n<li>bezpieczny dla \u015brodowiska naturalnego<\/li>\n<li>biodegradowalny<\/li>\n<li>dok\u0142adnie myje i nadaje po\u0142ysk<\/li>\n<li>usuwa t\u0142uszcz i przypalenia<\/li>\n<li>zawiera olejek ze s\u0142odkiej pomara\u0144czy<\/li>\n<\/ul>\n<div class=\"eco-opis-zaleta\">\n<div class=\"eco-opis-zalety-prawo-tekst\">\n<h2>Sk\u0142ad:<\/h2>\n<p><strong>Bez:<\/strong>\u00a0SLS, SLES, NTA, EDTA, paraben\u00f3w, PEG-\u00f3w, substancji petrochemicznych, barwnik\u00f3w, syntetycznych kompozycji zapachowych, enzym\u00f3w, fosforan\u00f3w, siarczan\u00f3w, formaldehydu, chloru, boran\u00f3w, wybielaczy optycznych i chemicznych.<\/p>\n<p>Mniej ni\u017c 5% anionowe \u015brodki powierzchniowo-czynne na bazie oleju kokosowego i rzepaku, mniej ni\u017c 5% niejonowe \u015brodki powierzchniowo-czynne na bazie wielocukr\u00f3w, mniej ni\u017c 5% amfoteryczne \u015brodki powierzchniowo-czynne na bazie oleju kokoso- wego, benzoesan sodu, sorbinian potasu, naturalny olejek eteryczny ze s\u0142odkiej pomara\u0144czy (zawiera: Limonene). Zawiera tak\u017ce: wod\u0119 zdemineralizowan\u0105, gliceryn\u0119, chlorek sodu, kwas cytrynowy.<br \/>\n<b>CHRONI\u0106 PRZED DZIE\u0106MI<\/b><\/p>\n<\/div>\n<\/div>\n<div class=\"eco-opis-zaleta\">\n<div class=\"eco-opis-zalety-prawo-tekst\">\n<h2>Spos\u00f3b u\u017cycia:<\/h2>\n<p>Niewielk\u0105 ilo\u015b\u0107 p\u0142ynu nanie\u015b\u0107 na g\u0105bk\u0119 lub wla\u0107 do zlewu z ciep\u0142\u0105<br \/>\nwod\u0105. Dok\u0142adnie umy\u0107 naczynia, a nast\u0119pnie sp\u0142uka\u0107 pod bie\u017c\u0105c\u0105<br \/>\nwod\u0105..<\/p>\n<\/div>\n<\/div>\n<div class=\"eco-opis-zalety-bottom\">\n<h2>Pojemno\u015b\u0107:<b>1000ml<\/b><\/h2>\n<\/div>","protected":false},"excerpt":{"rendered":"<p>Opis Produktu 99% sk\u0142adnik\u00f3w pochodzenia naturalnego bezpieczny dla \u015brodowiska naturalnego biodegradowalny dok\u0142adnie myje i nadaje po\u0142ysk usuwa t\u0142uszcz i przypalenia zawiera olejek ze s\u0142odkiej pomara\u0144czy Sk\u0142ad: Bez:\u00a0SLS, SLES, NTA, EDTA, paraben\u00f3w, PEG-\u00f3w, substancji petrochemicznych, barwnik\u00f3w, syntetycznych kompozycji zapachowych, enzym\u00f3w, fosforan\u00f3w, siarczan\u00f3w, formaldehydu, chloru, boran\u00f3w, wybielaczy optycznych i chemicznych. Mniej ni\u017c 5% anionowe \u015brodki powierzchniowo-czynne na [&hellip;]<\/p>","protected":false},"featured_media":509,"template":"","meta":{"site-sidebar-layout":"default","site-content-layout":"","ast-site-content-layout":"default","site-content-style":"default","site-sidebar-style":"default","ast-global-header-display":"","ast-banner-title-visibility":"","ast-main-header-display":"","ast-hfb-above-header-display":"","ast-hfb-below-header-display":"","ast-hfb-mobile-header-display":"","site-post-title":"","ast-breadcrumbs-content":"","ast-featured-img":"","footer-sml-layout":"","theme-transparent-header-meta":"default","adv-header-id-meta":"","stick-header-meta":"","header-above-stick-meta":"","header-main-stick-meta":"","header-below-stick-meta":"","astra-migrate-meta-layouts":"set","ast-page-background-enabled":"default","ast-page-background-meta":{"desktop":{"background-color":"var(--ast-global-color-4)","background-image":"","background-repeat":"repeat","background-position":"center center","background-size":"auto","background-attachment":"scroll","background-type":"","background-media":"","overlay-type":"","overlay-color":"","overlay-opacity":"","overlay-gradient":""},"tablet":{"background-color":"","background-image":"","background-repeat":"repeat","background-position":"center center","background-size":"auto","background-attachment":"scroll","background-type":"","background-media":"","overlay-type":"","overlay-color":"","overlay-opacity":"","overlay-gradient":""},"mobile":{"background-color":"","background-image":"","background-repeat":"repeat","background-position":"center center","background-size":"auto","background-attachment":"scroll","background-type":"","background-media":"","overlay-type":"","overlay-color":"","overlay-opacity":"","overlay-gradient":""}},"ast-content-background-meta":{"desktop":{"background-color":"var(--ast-global-color-5)","background-image":"","background-repeat":"repeat","background-position":"center center","background-size":"auto","background-attachment":"scroll","background-type":"","background-media":"","overlay-type":"","overlay-color":"","overlay-opacity":"","overlay-gradient":""},"tablet":{"background-color":"var(--ast-global-color-5)","background-image":"","background-repeat":"repeat","background-position":"center center","background-size":"auto","background-attachment":"scroll","background-type":"","background-media":"","overlay-type":"","overlay-color":"","overlay-opacity":"","overlay-gradient":""},"mobile":{"background-color":"var(--ast-global-color-5)","background-image":"","background-repeat":"repeat","background-position":"center center","background-size":"auto","background-attachment":"scroll","background-type":"","background-media":"","overlay-type":"","overlay-color":"","overlay-opacity":"","overlay-gradient":""}}},"product_cat":[68,72],"product_tag":[],"class_list":{"0":"post-456","1":"product","2":"type-product","3":"status-publish","4":"has-post-thumbnail","6":"product_cat-eko-produkty-dla-domu-i-szkoly","7":"product_cat-ekologiczne-srodki-czystosci","8":"desktop-align-center","9":"tablet-align-left","10":"mobile-align-left","12":"first","13":"instock","14":"purchasable","15":"product-type-simple"},"_links":{"self":[{"href":"https:\/\/los-odpowiedzialni-spolecznie.pl\/en\/wp-json\/wp\/v2\/product\/456","targetHints":{"allow":["GET"]}}],"collection":[{"href":"https:\/\/los-odpowiedzialni-spolecznie.pl\/en\/wp-json\/wp\/v2\/product"}],"about":[{"href":"https:\/\/los-odpowiedzialni-spolecznie.pl\/en\/wp-json\/wp\/v2\/types\/product"}],"wp:featuredmedia":[{"embeddable":true,"href":"https:\/\/los-odpowiedzialni-spolecznie.pl\/en\/wp-json\/wp\/v2\/media\/509"}],"wp:attachment":[{"href":"https:\/\/los-odpowiedzialni-spolecznie.pl\/en\/wp-json\/wp\/v2\/media?parent=456"}],"wp:term":[{"taxonomy":"product_cat","embeddable":true,"href":"https:\/\/los-odpowiedzialni-spolecznie.pl\/en\/wp-json\/wp\/v2\/product_cat?post=456"},{"taxonomy":"product_tag","embeddable":true,"href":"https:\/\/los-odpowiedzialni-spolecznie.pl\/en\/wp-json\/wp\/v2\/product_tag?post=456"}],"curies":[{"name":"wp","href":"https:\/\/api.w.org\/{rel}","templated":true}]}}