{"id":454,"date":"2024-12-23T15:42:47","date_gmt":"2024-12-23T14:42:47","guid":{"rendered":"https:\/\/los-odpowiedzialni-spolecznie.pl\/?post_type=product&#038;p=454"},"modified":"2024-12-23T15:44:32","modified_gmt":"2024-12-23T14:44:32","slug":"plyn-do-naczyn-pomaranczowy-eco-500ml-klar","status":"publish","type":"product","link":"https:\/\/los-odpowiedzialni-spolecznie.pl\/en\/sklep\/srodki-czystosci\/eko-produkty-dla-domu-i-szkoly\/plyn-do-naczyn-pomaranczowy-eco-500ml-klar\/","title":{"rendered":"P\u0142yn do naczy\u0144 pomara\u0144czowy ECO 500ml &#8211; Klar"},"content":{"rendered":"<h3>Opis Produktu<\/h3>\n<p><strong>VEGAN<\/strong> &#8211; nie zawiera sk\u0142adnik\u00f3w pochodzenia zwierz\u0119cego.<\/p>\n<p>Produkt nie testowany na zwierz\u0119tach.<\/p>\n<p><strong>Testowany dermatologicznie.<\/strong><\/p>\n<h3>Spos\u00f3b U\u017cycia<\/h3>\n<p><strong>Dozowanie<\/strong>: wystarczy 1 kropla (ok. 2ml), przy bardzo brudnych naczyniach nale\u017cy u\u017cy\u0107 troch\u0119 wi\u0119cej p\u0142ynu (ok. 4 ml). Butelka 500ml powinna starczy\u0107 na ok. 250 aplikacji.<\/p>\n<h3>Sk\u0142ad<\/h3>\n<p>fatty alcohol sulphates, saccharoidal surfactant, vegetable glycerin, alcohol, sodium chloride, benzyl alcohol, essential oil of orange peel*, lactic acid, water. INCI: Aqua, Lauryl Polyglucose, Fettalkoholsulfat C12- 14-Natriumsalz, Glycerin, Alcohol Denat., Sodium Chloride, Benzyl Alcohol, Citrus Dulcis, Lactic Acid.<\/p>\n<p><strong>*certyfikowany sk\u0142adnik ekologiczny<\/strong><\/p>","protected":false},"excerpt":{"rendered":"<p>Opis Produktu VEGAN &#8211; nie zawiera sk\u0142adnik\u00f3w pochodzenia zwierz\u0119cego. Produkt nie testowany na zwierz\u0119tach. Testowany dermatologicznie. Spos\u00f3b U\u017cycia Dozowanie: wystarczy 1 kropla (ok. 2ml), przy bardzo brudnych naczyniach nale\u017cy u\u017cy\u0107 troch\u0119 wi\u0119cej p\u0142ynu (ok. 4 ml). Butelka 500ml powinna starczy\u0107 na ok. 250 aplikacji. Sk\u0142ad fatty alcohol sulphates, saccharoidal surfactant, vegetable glycerin, alcohol, sodium chloride, [&hellip;]<\/p>","protected":false},"featured_media":507,"template":"","meta":{"site-sidebar-layout":"default","site-content-layout":"","ast-site-content-layout":"default","site-content-style":"default","site-sidebar-style":"default","ast-global-header-display":"","ast-banner-title-visibility":"","ast-main-header-display":"","ast-hfb-above-header-display":"","ast-hfb-below-header-display":"","ast-hfb-mobile-header-display":"","site-post-title":"","ast-breadcrumbs-content":"","ast-featured-img":"","footer-sml-layout":"","theme-transparent-header-meta":"default","adv-header-id-meta":"","stick-header-meta":"","header-above-stick-meta":"","header-main-stick-meta":"","header-below-stick-meta":"","astra-migrate-meta-layouts":"set","ast-page-background-enabled":"default","ast-page-background-meta":{"desktop":{"background-color":"var(--ast-global-color-4)","background-image":"","background-repeat":"repeat","background-position":"center center","background-size":"auto","background-attachment":"scroll","background-type":"","background-media":"","overlay-type":"","overlay-color":"","overlay-opacity":"","overlay-gradient":""},"tablet":{"background-color":"","background-image":"","background-repeat":"repeat","background-position":"center center","background-size":"auto","background-attachment":"scroll","background-type":"","background-media":"","overlay-type":"","overlay-color":"","overlay-opacity":"","overlay-gradient":""},"mobile":{"background-color":"","background-image":"","background-repeat":"repeat","background-position":"center center","background-size":"auto","background-attachment":"scroll","background-type":"","background-media":"","overlay-type":"","overlay-color":"","overlay-opacity":"","overlay-gradient":""}},"ast-content-background-meta":{"desktop":{"background-color":"var(--ast-global-color-5)","background-image":"","background-repeat":"repeat","background-position":"center center","background-size":"auto","background-attachment":"scroll","background-type":"","background-media":"","overlay-type":"","overlay-color":"","overlay-opacity":"","overlay-gradient":""},"tablet":{"background-color":"var(--ast-global-color-5)","background-image":"","background-repeat":"repeat","background-position":"center center","background-size":"auto","background-attachment":"scroll","background-type":"","background-media":"","overlay-type":"","overlay-color":"","overlay-opacity":"","overlay-gradient":""},"mobile":{"background-color":"var(--ast-global-color-5)","background-image":"","background-repeat":"repeat","background-position":"center center","background-size":"auto","background-attachment":"scroll","background-type":"","background-media":"","overlay-type":"","overlay-color":"","overlay-opacity":"","overlay-gradient":""}}},"product_cat":[68,72],"product_tag":[],"class_list":{"0":"post-454","1":"product","2":"type-product","3":"status-publish","4":"has-post-thumbnail","6":"product_cat-eko-produkty-dla-domu-i-szkoly","7":"product_cat-ekologiczne-srodki-czystosci","8":"desktop-align-center","9":"tablet-align-left","10":"mobile-align-left","12":"first","13":"outofstock","14":"taxable","15":"shipping-taxable","16":"purchasable","17":"product-type-simple"},"_links":{"self":[{"href":"https:\/\/los-odpowiedzialni-spolecznie.pl\/en\/wp-json\/wp\/v2\/product\/454","targetHints":{"allow":["GET"]}}],"collection":[{"href":"https:\/\/los-odpowiedzialni-spolecznie.pl\/en\/wp-json\/wp\/v2\/product"}],"about":[{"href":"https:\/\/los-odpowiedzialni-spolecznie.pl\/en\/wp-json\/wp\/v2\/types\/product"}],"wp:featuredmedia":[{"embeddable":true,"href":"https:\/\/los-odpowiedzialni-spolecznie.pl\/en\/wp-json\/wp\/v2\/media\/507"}],"wp:attachment":[{"href":"https:\/\/los-odpowiedzialni-spolecznie.pl\/en\/wp-json\/wp\/v2\/media?parent=454"}],"wp:term":[{"taxonomy":"product_cat","embeddable":true,"href":"https:\/\/los-odpowiedzialni-spolecznie.pl\/en\/wp-json\/wp\/v2\/product_cat?post=454"},{"taxonomy":"product_tag","embeddable":true,"href":"https:\/\/los-odpowiedzialni-spolecznie.pl\/en\/wp-json\/wp\/v2\/product_tag?post=454"}],"curies":[{"name":"wp","href":"https:\/\/api.w.org\/{rel}","templated":true}]}}