{"id":451,"date":"2024-12-23T15:42:47","date_gmt":"2024-12-23T14:42:47","guid":{"rendered":"https:\/\/los-odpowiedzialni-spolecznie.pl\/?post_type=product&#038;p=451"},"modified":"2024-12-23T15:44:18","modified_gmt":"2024-12-23T14:44:18","slug":"plyn-do-mycia-owocow-i-warzyw-eco-500-ml-only-eco","status":"publish","type":"product","link":"https:\/\/los-odpowiedzialni-spolecznie.pl\/en\/sklep\/srodki-czystosci\/eko-produkty-dla-domu-i-szkoly\/plyn-do-mycia-owocow-i-warzyw-eco-500-ml-only-eco\/","title":{"rendered":"P\u0142yn do Mycia Owoc\u00f3w i Warzyw Eco 500 ml &#8211; Only Eco"},"content":{"rendered":"<h3>Opis Produktu<\/h3>\n<p><strong>P\u0142yn do Mycia Owoc\u00f3w i Warzyw Eco 500 ml &#8211; Only Eco<\/strong><\/p>\n<p>Ten skuteczny i bezpieczny koncentrat do codziennego mycia warzyw i owoc\u00f3w jest stworzony przez\u00a0 firm\u0119 OnlyEco. Usuwa on brud, naturalne woski, nawozy i niebezpieczne dla zdrowia \u015brodki chemiczne, takie jak pestycydy, herbicydy, konserwanty i metale ci\u0119\u017ckie. Jest to mo\u017cliwe dzi\u0119ki prze\u0142omowemu sk\u0142adnikowi czyszcz\u0105cemu &#8211; surfaktynie, kt\u00f3ra jest 100x bardziej delikatna i 4x silniejsza ni\u017c powszechnie stosowane surowce czyszcz\u0105ce.<\/p>\n<p><strong>Sk\u0142adnik ten powstaje<\/strong> dzi\u0119ki technologii biorafinacji rzepaku przy u\u017cyciu specjalnych mikroorganizm\u00f3w. Ponadto, koncentrat zosta\u0142 wzbogacony BIOfiltratem ro\u015blinnym pozyskiwanym w procesie fermentacji bakteriami probiotycznymi, kt\u00f3ry wspomaga jego dzia\u0142anie.<\/p>\n<p>Produkt natychmiast usuwa wszelkie zanieczyszczenia organiczne i mineralne oraz nawozy i chemiczne \u015brodki stosowane w rolnictwie i uprawie owoc\u00f3w. \u0141atwo si\u0119 sp\u0142ukuje i nie pozostawia filmu na powierzchni sk\u00f3ry.<\/p>\n<p><strong>Koncentrat zawiera 99% sk\u0142adnik\u00f3w pochodzenia naturalnego<\/strong> i nie zawiera szkodliwych substancji, takich jak SLS, SLES, NTA, EDTA, parabeny, PEG, substancje petrochemiczne, barwniki, syntetyczne kompozycje zapachowe, enzymy, fosforany, siarczany, formaldehyd, chlor, borany, wybielacze optyczne i chemiczne.<\/p>\n<p><strong>Opakowanie zawiera 500 ml produktu.<\/strong><\/p>\n<h3>Spos\u00f3b u\u017cycia<\/h3>\n<p>Nale\u017cy wymiesza\u0107 kilka\u00a0 kropli p\u0142ynu z lekko ciep\u0142\u0105 wod\u0105 w misce, a nast\u0119pnie umie\u015bci\u0107\u00a0 warzywa lub owoce\u00a0 w tej mieszance na oko\u0142o 20-30 sekund, aby zanieczyszczenia mog\u0142y si\u0119 rozpu\u015bci\u0107. Nast\u0119pnie nale\u017cy dok\u0142adnie op\u0142uka\u0107 produkty w czystej wodzie i osuszy\u0107.<\/p>\n<p>&nbsp;<\/p>","protected":false},"excerpt":{"rendered":"<p>Opis Produktu P\u0142yn do Mycia Owoc\u00f3w i Warzyw Eco 500 ml &#8211; Only Eco Ten skuteczny i bezpieczny koncentrat do codziennego mycia warzyw i owoc\u00f3w jest stworzony przez\u00a0 firm\u0119 OnlyEco. Usuwa on brud, naturalne woski, nawozy i niebezpieczne dla zdrowia \u015brodki chemiczne, takie jak pestycydy, herbicydy, konserwanty i metale ci\u0119\u017ckie. Jest to mo\u017cliwe dzi\u0119ki prze\u0142omowemu [&hellip;]<\/p>","protected":false},"featured_media":496,"template":"","meta":{"site-sidebar-layout":"default","site-content-layout":"","ast-site-content-layout":"default","site-content-style":"default","site-sidebar-style":"default","ast-global-header-display":"","ast-banner-title-visibility":"","ast-main-header-display":"","ast-hfb-above-header-display":"","ast-hfb-below-header-display":"","ast-hfb-mobile-header-display":"","site-post-title":"","ast-breadcrumbs-content":"","ast-featured-img":"","footer-sml-layout":"","theme-transparent-header-meta":"default","adv-header-id-meta":"","stick-header-meta":"","header-above-stick-meta":"","header-main-stick-meta":"","header-below-stick-meta":"","astra-migrate-meta-layouts":"set","ast-page-background-enabled":"default","ast-page-background-meta":{"desktop":{"background-color":"var(--ast-global-color-4)","background-image":"","background-repeat":"repeat","background-position":"center center","background-size":"auto","background-attachment":"scroll","background-type":"","background-media":"","overlay-type":"","overlay-color":"","overlay-opacity":"","overlay-gradient":""},"tablet":{"background-color":"","background-image":"","background-repeat":"repeat","background-position":"center center","background-size":"auto","background-attachment":"scroll","background-type":"","background-media":"","overlay-type":"","overlay-color":"","overlay-opacity":"","overlay-gradient":""},"mobile":{"background-color":"","background-image":"","background-repeat":"repeat","background-position":"center center","background-size":"auto","background-attachment":"scroll","background-type":"","background-media":"","overlay-type":"","overlay-color":"","overlay-opacity":"","overlay-gradient":""}},"ast-content-background-meta":{"desktop":{"background-color":"var(--ast-global-color-5)","background-image":"","background-repeat":"repeat","background-position":"center center","background-size":"auto","background-attachment":"scroll","background-type":"","background-media":"","overlay-type":"","overlay-color":"","overlay-opacity":"","overlay-gradient":""},"tablet":{"background-color":"var(--ast-global-color-5)","background-image":"","background-repeat":"repeat","background-position":"center center","background-size":"auto","background-attachment":"scroll","background-type":"","background-media":"","overlay-type":"","overlay-color":"","overlay-opacity":"","overlay-gradient":""},"mobile":{"background-color":"var(--ast-global-color-5)","background-image":"","background-repeat":"repeat","background-position":"center center","background-size":"auto","background-attachment":"scroll","background-type":"","background-media":"","overlay-type":"","overlay-color":"","overlay-opacity":"","overlay-gradient":""}}},"product_cat":[68,72],"product_tag":[],"class_list":{"0":"post-451","1":"product","2":"type-product","3":"status-publish","4":"has-post-thumbnail","6":"product_cat-eko-produkty-dla-domu-i-szkoly","7":"product_cat-ekologiczne-srodki-czystosci","8":"desktop-align-center","9":"tablet-align-left","10":"mobile-align-left","12":"first","13":"instock","14":"purchasable","15":"product-type-simple"},"_links":{"self":[{"href":"https:\/\/los-odpowiedzialni-spolecznie.pl\/en\/wp-json\/wp\/v2\/product\/451","targetHints":{"allow":["GET"]}}],"collection":[{"href":"https:\/\/los-odpowiedzialni-spolecznie.pl\/en\/wp-json\/wp\/v2\/product"}],"about":[{"href":"https:\/\/los-odpowiedzialni-spolecznie.pl\/en\/wp-json\/wp\/v2\/types\/product"}],"wp:featuredmedia":[{"embeddable":true,"href":"https:\/\/los-odpowiedzialni-spolecznie.pl\/en\/wp-json\/wp\/v2\/media\/496"}],"wp:attachment":[{"href":"https:\/\/los-odpowiedzialni-spolecznie.pl\/en\/wp-json\/wp\/v2\/media?parent=451"}],"wp:term":[{"taxonomy":"product_cat","embeddable":true,"href":"https:\/\/los-odpowiedzialni-spolecznie.pl\/en\/wp-json\/wp\/v2\/product_cat?post=451"},{"taxonomy":"product_tag","embeddable":true,"href":"https:\/\/los-odpowiedzialni-spolecznie.pl\/en\/wp-json\/wp\/v2\/product_tag?post=451"}],"curies":[{"name":"wp","href":"https:\/\/api.w.org\/{rel}","templated":true}]}}