{"id":450,"date":"2024-12-23T15:42:46","date_gmt":"2024-12-23T14:42:46","guid":{"rendered":"https:\/\/los-odpowiedzialni-spolecznie.pl\/?post_type=product&#038;p=450"},"modified":"2024-12-23T15:44:15","modified_gmt":"2024-12-23T14:44:15","slug":"przezroczysty-dozownik-pianotworczy","status":"publish","type":"product","link":"https:\/\/los-odpowiedzialni-spolecznie.pl\/en\/sklep\/srodki-czystosci\/eko-produkty-dla-domu-i-szkoly\/przezroczysty-dozownik-pianotworczy\/","title":{"rendered":"Przezroczysty dozownik Pianotw\u00f3rczy"},"content":{"rendered":"<h3>Opis Produktu<\/h3>\n<p><strong>Specjalny dozownik kt\u00f3ry przemieni \u015brodek myj\u0105cy\/czyszcz\u0105cy w delikatn\u0105\u00a0<\/strong><b>piank\u0119<\/b><\/p>\n<p><strong>Pojemno\u015b\u0107<\/strong> oko\u0142o 200ml<\/p>\n<h3>Cechy produktu<\/h3>\n<ul>\n<li>doskona\u0142y do myde\u0142ek w p\u0142ynie, szampon\u00f3w, \u015brodk\u00f3w czyszcz\u0105cych ,myj\u0105cych<\/li>\n<li>znacznie zwi\u0119ksza wydajno\u015b\u0107 p\u0142yn\u00f3w<\/li>\n<\/ul>\n<p><strong>Bycie EKO to r\u00f3wnie\u017c roztropne zmniejszanie zu\u017cycia r\u00f3\u017cnych produkt\u00f3w\u00a0 w naszych gospodarstwach domowych ,czyli praktyczna ekologia.<\/strong><\/p>\n<p><strong>Mog\u0105 nam w tym pom\u00f3c dozowniki pianotw\u00f3rcze kt\u00f3re oferujemy w naszym sklepie.<\/strong><\/p>","protected":false},"excerpt":{"rendered":"<p>Opis Produktu Specjalny dozownik kt\u00f3ry przemieni \u015brodek myj\u0105cy\/czyszcz\u0105cy w delikatn\u0105\u00a0piank\u0119 Pojemno\u015b\u0107 oko\u0142o 200ml Cechy produktu doskona\u0142y do myde\u0142ek w p\u0142ynie, szampon\u00f3w, \u015brodk\u00f3w czyszcz\u0105cych ,myj\u0105cych znacznie zwi\u0119ksza wydajno\u015b\u0107 p\u0142yn\u00f3w Bycie EKO to r\u00f3wnie\u017c roztropne zmniejszanie zu\u017cycia r\u00f3\u017cnych produkt\u00f3w\u00a0 w naszych gospodarstwach domowych ,czyli praktyczna ekologia. Mog\u0105 nam w tym pom\u00f3c dozowniki pianotw\u00f3rcze kt\u00f3re oferujemy w naszym [&hellip;]<\/p>","protected":false},"featured_media":495,"template":"","meta":{"site-sidebar-layout":"default","site-content-layout":"","ast-site-content-layout":"default","site-content-style":"default","site-sidebar-style":"default","ast-global-header-display":"","ast-banner-title-visibility":"","ast-main-header-display":"","ast-hfb-above-header-display":"","ast-hfb-below-header-display":"","ast-hfb-mobile-header-display":"","site-post-title":"","ast-breadcrumbs-content":"","ast-featured-img":"","footer-sml-layout":"","theme-transparent-header-meta":"default","adv-header-id-meta":"","stick-header-meta":"","header-above-stick-meta":"","header-main-stick-meta":"","header-below-stick-meta":"","astra-migrate-meta-layouts":"set","ast-page-background-enabled":"default","ast-page-background-meta":{"desktop":{"background-color":"var(--ast-global-color-4)","background-image":"","background-repeat":"repeat","background-position":"center center","background-size":"auto","background-attachment":"scroll","background-type":"","background-media":"","overlay-type":"","overlay-color":"","overlay-opacity":"","overlay-gradient":""},"tablet":{"background-color":"","background-image":"","background-repeat":"repeat","background-position":"center center","background-size":"auto","background-attachment":"scroll","background-type":"","background-media":"","overlay-type":"","overlay-color":"","overlay-opacity":"","overlay-gradient":""},"mobile":{"background-color":"","background-image":"","background-repeat":"repeat","background-position":"center center","background-size":"auto","background-attachment":"scroll","background-type":"","background-media":"","overlay-type":"","overlay-color":"","overlay-opacity":"","overlay-gradient":""}},"ast-content-background-meta":{"desktop":{"background-color":"var(--ast-global-color-5)","background-image":"","background-repeat":"repeat","background-position":"center center","background-size":"auto","background-attachment":"scroll","background-type":"","background-media":"","overlay-type":"","overlay-color":"","overlay-opacity":"","overlay-gradient":""},"tablet":{"background-color":"var(--ast-global-color-5)","background-image":"","background-repeat":"repeat","background-position":"center center","background-size":"auto","background-attachment":"scroll","background-type":"","background-media":"","overlay-type":"","overlay-color":"","overlay-opacity":"","overlay-gradient":""},"mobile":{"background-color":"var(--ast-global-color-5)","background-image":"","background-repeat":"repeat","background-position":"center center","background-size":"auto","background-attachment":"scroll","background-type":"","background-media":"","overlay-type":"","overlay-color":"","overlay-opacity":"","overlay-gradient":""}}},"product_cat":[68],"product_tag":[],"class_list":{"0":"post-450","1":"product","2":"type-product","3":"status-publish","4":"has-post-thumbnail","6":"product_cat-eko-produkty-dla-domu-i-szkoly","7":"desktop-align-center","8":"tablet-align-left","9":"mobile-align-left","11":"first","12":"instock","13":"taxable","14":"shipping-taxable","15":"purchasable","16":"product-type-simple"},"_links":{"self":[{"href":"https:\/\/los-odpowiedzialni-spolecznie.pl\/en\/wp-json\/wp\/v2\/product\/450","targetHints":{"allow":["GET"]}}],"collection":[{"href":"https:\/\/los-odpowiedzialni-spolecznie.pl\/en\/wp-json\/wp\/v2\/product"}],"about":[{"href":"https:\/\/los-odpowiedzialni-spolecznie.pl\/en\/wp-json\/wp\/v2\/types\/product"}],"wp:featuredmedia":[{"embeddable":true,"href":"https:\/\/los-odpowiedzialni-spolecznie.pl\/en\/wp-json\/wp\/v2\/media\/495"}],"wp:attachment":[{"href":"https:\/\/los-odpowiedzialni-spolecznie.pl\/en\/wp-json\/wp\/v2\/media?parent=450"}],"wp:term":[{"taxonomy":"product_cat","embeddable":true,"href":"https:\/\/los-odpowiedzialni-spolecznie.pl\/en\/wp-json\/wp\/v2\/product_cat?post=450"},{"taxonomy":"product_tag","embeddable":true,"href":"https:\/\/los-odpowiedzialni-spolecznie.pl\/en\/wp-json\/wp\/v2\/product_tag?post=450"}],"curies":[{"name":"wp","href":"https:\/\/api.w.org\/{rel}","templated":true}]}}