{"id":424,"date":"2024-12-23T15:42:02","date_gmt":"2024-12-23T14:42:02","guid":{"rendered":"https:\/\/los-odpowiedzialni-spolecznie.pl\/?post_type=product&#038;p=424"},"modified":"2024-12-23T15:43:20","modified_gmt":"2024-12-23T14:43:20","slug":"tradycyjna-lampa-solna-z-soli-klodawskiej","status":"publish","type":"product","link":"https:\/\/los-odpowiedzialni-spolecznie.pl\/en\/sklep\/srodki-czystosci\/eko-produkty-dla-domu-i-szkoly\/tradycyjna-lampa-solna-z-soli-klodawskiej\/","title":{"rendered":"Tradycyjna Lampa Solna z Soli K\u0142odawskiej"},"content":{"rendered":"<h3>Opis Produktu<\/h3>\n<p><strong>K\u0142odawskie lampy solne<\/strong> produkowane s\u0105 z naturalnej soli kamiennej powsta\u0142ej z odparowania m\u00f3rz i ocean\u00f3w 200-250 mln lat temu. Klosz lampy produkowany jest r\u0119cznie poprzez wyrze\u017abienie odpowiedniego kszta\u0142tu bry\u0142y solnej. Nie ma dw\u00f3ch jednakowych k\u0142odawskich lamp solnych, ka\u017cda jest wyj\u0105tkowa i niepowtarzalna.<\/p>\n<p><strong>Lampa solna jest naturalnym jonizerem powietrza<\/strong> efektywnie podnosi poziom jon\u00f3w ujemnych w pomieszczeniach. Efekt jonizacji powietrza wynika z jej w\u0142a\u015bciwo\u015bci fizykochemicznych. W lampach solnych efekt jonizacji jest dodatkowo zwi\u0119kszony poprzez\u00a0rozgrzanie kryszta\u0142u soli znajduj\u0105c\u0105 si\u0119 wewn\u0105trz \u017car\u00f3wk\u0105. Takim dzia\u0142aniem lampa solna poprawia jako\u015b\u0107 naszego otoczenia a tym samym naszego samopoczucia.<\/p>\n<p>Postawiona w pobli\u017cu urz\u0105dze\u0144 elektromagnetycznych (telewizory, komputer, kuchenka mikrofalowa itp.) lampa solna poch\u0142ania szkodliwe promieniowanie emitowane przez te urz\u0105dzenia.<\/p>\n<p>Poprzez nagrzewanie si\u0119 bry\u0142y soli\u00a0w wyniku\u00a0zastosowania \u017car\u00f3wek tradycyjnych\u00a0nast\u0119puje jej odparowywanie, co powoduje, \u017ce powietrze nasyca si\u0119 mikroelementami, niezb\u0119dnymi dla prawid\u0142owego funkcjonowania organizmu.<\/p>\n<p><strong>K\u0142odawska Lampa Solna postawiona przy dzieci\u0119cym \u0142\u00f3\u017ceczku<\/strong> wytworzy aur\u0119 spokoju, zapewniaj\u0105c naszemu dziecku zdrowy, mocny sen.<\/p>\n<p>Subtelne \u015bwiat\u0142o k\u0142odawskich lamp solnych stwarza ciep\u0142y, intymny klimat.<\/p>\n<h3>Dodatkowe Informacje<\/h3>\n<p><strong>Waga lampy 1-2kg<\/strong><\/p>\n<p><strong>Wysoko\u015b\u0107 orientacyjna oko\u0142o 15cm<\/strong><\/p>","protected":false},"excerpt":{"rendered":"<p>Opis Produktu K\u0142odawskie lampy solne produkowane s\u0105 z naturalnej soli kamiennej powsta\u0142ej z odparowania m\u00f3rz i ocean\u00f3w 200-250 mln lat temu. Klosz lampy produkowany jest r\u0119cznie poprzez wyrze\u017abienie odpowiedniego kszta\u0142tu bry\u0142y solnej. Nie ma dw\u00f3ch jednakowych k\u0142odawskich lamp solnych, ka\u017cda jest wyj\u0105tkowa i niepowtarzalna. Lampa solna jest naturalnym jonizerem powietrza efektywnie podnosi poziom jon\u00f3w ujemnych [&hellip;]<\/p>","protected":false},"featured_media":474,"template":"","meta":{"site-sidebar-layout":"default","site-content-layout":"","ast-site-content-layout":"default","site-content-style":"default","site-sidebar-style":"default","ast-global-header-display":"","ast-banner-title-visibility":"","ast-main-header-display":"","ast-hfb-above-header-display":"","ast-hfb-below-header-display":"","ast-hfb-mobile-header-display":"","site-post-title":"","ast-breadcrumbs-content":"","ast-featured-img":"","footer-sml-layout":"","theme-transparent-header-meta":"default","adv-header-id-meta":"","stick-header-meta":"","header-above-stick-meta":"","header-main-stick-meta":"","header-below-stick-meta":"","astra-migrate-meta-layouts":"set","ast-page-background-enabled":"default","ast-page-background-meta":{"desktop":{"background-color":"var(--ast-global-color-4)","background-image":"","background-repeat":"repeat","background-position":"center center","background-size":"auto","background-attachment":"scroll","background-type":"","background-media":"","overlay-type":"","overlay-color":"","overlay-opacity":"","overlay-gradient":""},"tablet":{"background-color":"","background-image":"","background-repeat":"repeat","background-position":"center center","background-size":"auto","background-attachment":"scroll","background-type":"","background-media":"","overlay-type":"","overlay-color":"","overlay-opacity":"","overlay-gradient":""},"mobile":{"background-color":"","background-image":"","background-repeat":"repeat","background-position":"center center","background-size":"auto","background-attachment":"scroll","background-type":"","background-media":"","overlay-type":"","overlay-color":"","overlay-opacity":"","overlay-gradient":""}},"ast-content-background-meta":{"desktop":{"background-color":"var(--ast-global-color-5)","background-image":"","background-repeat":"repeat","background-position":"center center","background-size":"auto","background-attachment":"scroll","background-type":"","background-media":"","overlay-type":"","overlay-color":"","overlay-opacity":"","overlay-gradient":""},"tablet":{"background-color":"var(--ast-global-color-5)","background-image":"","background-repeat":"repeat","background-position":"center center","background-size":"auto","background-attachment":"scroll","background-type":"","background-media":"","overlay-type":"","overlay-color":"","overlay-opacity":"","overlay-gradient":""},"mobile":{"background-color":"var(--ast-global-color-5)","background-image":"","background-repeat":"repeat","background-position":"center center","background-size":"auto","background-attachment":"scroll","background-type":"","background-media":"","overlay-type":"","overlay-color":"","overlay-opacity":"","overlay-gradient":""}}},"product_cat":[68],"product_tag":[],"class_list":{"0":"post-424","1":"product","2":"type-product","3":"status-publish","4":"has-post-thumbnail","6":"product_cat-eko-produkty-dla-domu-i-szkoly","7":"desktop-align-center","8":"tablet-align-left","9":"mobile-align-left","11":"first","12":"instock","13":"purchasable","14":"product-type-simple"},"_links":{"self":[{"href":"https:\/\/los-odpowiedzialni-spolecznie.pl\/en\/wp-json\/wp\/v2\/product\/424","targetHints":{"allow":["GET"]}}],"collection":[{"href":"https:\/\/los-odpowiedzialni-spolecznie.pl\/en\/wp-json\/wp\/v2\/product"}],"about":[{"href":"https:\/\/los-odpowiedzialni-spolecznie.pl\/en\/wp-json\/wp\/v2\/types\/product"}],"wp:featuredmedia":[{"embeddable":true,"href":"https:\/\/los-odpowiedzialni-spolecznie.pl\/en\/wp-json\/wp\/v2\/media\/474"}],"wp:attachment":[{"href":"https:\/\/los-odpowiedzialni-spolecznie.pl\/en\/wp-json\/wp\/v2\/media?parent=424"}],"wp:term":[{"taxonomy":"product_cat","embeddable":true,"href":"https:\/\/los-odpowiedzialni-spolecznie.pl\/en\/wp-json\/wp\/v2\/product_cat?post=424"},{"taxonomy":"product_tag","embeddable":true,"href":"https:\/\/los-odpowiedzialni-spolecznie.pl\/en\/wp-json\/wp\/v2\/product_tag?post=424"}],"curies":[{"name":"wp","href":"https:\/\/api.w.org\/{rel}","templated":true}]}}