{"id":423,"date":"2024-12-23T15:42:02","date_gmt":"2024-12-23T14:42:02","guid":{"rendered":"https:\/\/los-odpowiedzialni-spolecznie.pl\/?post_type=product&#038;p=423"},"modified":"2024-12-23T15:43:17","modified_gmt":"2024-12-23T14:43:17","slug":"ziolowa-poduszka-zapachowa-na-sen","status":"publish","type":"product","link":"https:\/\/los-odpowiedzialni-spolecznie.pl\/en\/sklep\/srodki-czystosci\/eko-produkty-dla-domu-i-szkoly\/ziolowa-poduszka-zapachowa-na-sen\/","title":{"rendered":"ZIO\u0141OWA PODUSZKA ZAPACHOWA \u201eNA SEN\u201d"},"content":{"rendered":"<h3>Opis Produktu<\/h3>\n<div id=\"box_description\" class=\"tab-wrap\">\n<div class=\"resetcss\">\n<p class=\"title\"><strong>Poduszka zapachowa na sen<\/strong><\/p>\n<p class=\"subTitle\"><span style=\"font-size: 16px\">Zio\u0142a zawarte jako wype\u0142nienie poduszki dzia\u0142aj\u0105 relaksuj\u0105co, odpr\u0119\u017caj\u0105co i nasennie.<\/span><\/p>\n<div class=\"attributes\">\n<div class=\"item\">\n<div class=\"attr-name\">\n<div><strong>Sk\u0142ad<\/strong><\/div>\n<\/div>\n<div class=\"attr-value\">\n<p>lawenda, chmiel, rozmaryn, r\u00f3\u017ca, melisa, kocimi\u0119tka, z\u0142ocie\u0144 maruna<\/p>\n<div class=\"clear\"><strong style=\"font-size: 16px\">Opakowanie<\/strong><\/div>\n<\/div>\n<\/div>\n<div class=\"item\">\n<div class=\"attr-value\">\n<p>1 sztuka<\/p>\n<div class=\"clear\"><\/div>\n<\/div>\n<\/div>\n<\/div>\n<div class=\"order\"><\/div>\n<\/div>\n<\/div>\n<div id=\"boxdetails\" class=\"tab-wrap\">\n<h3 class=\"tab-title\">Dodatkowe informacje<\/h3>\n<div class=\"resetcss\">\n<div class=\"text\">\n<p>Zio\u0142a zawarte jako wype\u0142nienie poduszki dzia\u0142aj\u0105 relaksuj\u0105co, odpr\u0119\u017caj\u0105co i nasennie.<\/p>\n<h3>Uwaga<\/h3>\n<p>Poduszka mo\u017ce nieznacznie r\u00f3\u017cni\u0107 si\u0119 grafik\u0105 i kolorystyk\u0105<\/p>\n<\/div>\n<\/div>\n<\/div>","protected":false},"excerpt":{"rendered":"<p>Opis Produktu Poduszka zapachowa na sen Zio\u0142a zawarte jako wype\u0142nienie poduszki dzia\u0142aj\u0105 relaksuj\u0105co, odpr\u0119\u017caj\u0105co i nasennie. Sk\u0142ad lawenda, chmiel, rozmaryn, r\u00f3\u017ca, melisa, kocimi\u0119tka, z\u0142ocie\u0144 maruna Opakowanie 1 sztuka Dodatkowe informacje Zio\u0142a zawarte jako wype\u0142nienie poduszki dzia\u0142aj\u0105 relaksuj\u0105co, odpr\u0119\u017caj\u0105co i nasennie. Uwaga Poduszka mo\u017ce nieznacznie r\u00f3\u017cni\u0107 si\u0119 grafik\u0105 i kolorystyk\u0105<\/p>","protected":false},"featured_media":473,"template":"","meta":{"site-sidebar-layout":"default","site-content-layout":"","ast-site-content-layout":"default","site-content-style":"default","site-sidebar-style":"default","ast-global-header-display":"","ast-banner-title-visibility":"","ast-main-header-display":"","ast-hfb-above-header-display":"","ast-hfb-below-header-display":"","ast-hfb-mobile-header-display":"","site-post-title":"","ast-breadcrumbs-content":"","ast-featured-img":"","footer-sml-layout":"","theme-transparent-header-meta":"default","adv-header-id-meta":"","stick-header-meta":"","header-above-stick-meta":"","header-main-stick-meta":"","header-below-stick-meta":"","astra-migrate-meta-layouts":"set","ast-page-background-enabled":"default","ast-page-background-meta":{"desktop":{"background-color":"var(--ast-global-color-4)","background-image":"","background-repeat":"repeat","background-position":"center center","background-size":"auto","background-attachment":"scroll","background-type":"","background-media":"","overlay-type":"","overlay-color":"","overlay-opacity":"","overlay-gradient":""},"tablet":{"background-color":"","background-image":"","background-repeat":"repeat","background-position":"center center","background-size":"auto","background-attachment":"scroll","background-type":"","background-media":"","overlay-type":"","overlay-color":"","overlay-opacity":"","overlay-gradient":""},"mobile":{"background-color":"","background-image":"","background-repeat":"repeat","background-position":"center center","background-size":"auto","background-attachment":"scroll","background-type":"","background-media":"","overlay-type":"","overlay-color":"","overlay-opacity":"","overlay-gradient":""}},"ast-content-background-meta":{"desktop":{"background-color":"var(--ast-global-color-5)","background-image":"","background-repeat":"repeat","background-position":"center center","background-size":"auto","background-attachment":"scroll","background-type":"","background-media":"","overlay-type":"","overlay-color":"","overlay-opacity":"","overlay-gradient":""},"tablet":{"background-color":"var(--ast-global-color-5)","background-image":"","background-repeat":"repeat","background-position":"center center","background-size":"auto","background-attachment":"scroll","background-type":"","background-media":"","overlay-type":"","overlay-color":"","overlay-opacity":"","overlay-gradient":""},"mobile":{"background-color":"var(--ast-global-color-5)","background-image":"","background-repeat":"repeat","background-position":"center center","background-size":"auto","background-attachment":"scroll","background-type":"","background-media":"","overlay-type":"","overlay-color":"","overlay-opacity":"","overlay-gradient":""}}},"product_cat":[68],"product_tag":[],"class_list":{"0":"post-423","1":"product","2":"type-product","3":"status-publish","4":"has-post-thumbnail","6":"product_cat-eko-produkty-dla-domu-i-szkoly","7":"desktop-align-center","8":"tablet-align-left","9":"mobile-align-left","11":"first","12":"outofstock","13":"taxable","14":"shipping-taxable","15":"purchasable","16":"product-type-simple"},"_links":{"self":[{"href":"https:\/\/los-odpowiedzialni-spolecznie.pl\/en\/wp-json\/wp\/v2\/product\/423","targetHints":{"allow":["GET"]}}],"collection":[{"href":"https:\/\/los-odpowiedzialni-spolecznie.pl\/en\/wp-json\/wp\/v2\/product"}],"about":[{"href":"https:\/\/los-odpowiedzialni-spolecznie.pl\/en\/wp-json\/wp\/v2\/types\/product"}],"wp:featuredmedia":[{"embeddable":true,"href":"https:\/\/los-odpowiedzialni-spolecznie.pl\/en\/wp-json\/wp\/v2\/media\/473"}],"wp:attachment":[{"href":"https:\/\/los-odpowiedzialni-spolecznie.pl\/en\/wp-json\/wp\/v2\/media?parent=423"}],"wp:term":[{"taxonomy":"product_cat","embeddable":true,"href":"https:\/\/los-odpowiedzialni-spolecznie.pl\/en\/wp-json\/wp\/v2\/product_cat?post=423"},{"taxonomy":"product_tag","embeddable":true,"href":"https:\/\/los-odpowiedzialni-spolecznie.pl\/en\/wp-json\/wp\/v2\/product_tag?post=423"}],"curies":[{"name":"wp","href":"https:\/\/api.w.org\/{rel}","templated":true}]}}