{"id":422,"date":"2024-12-23T15:42:02","date_gmt":"2024-12-23T14:42:02","guid":{"rendered":"https:\/\/los-odpowiedzialni-spolecznie.pl\/?post_type=product&#038;p=422"},"modified":"2024-12-23T15:43:16","modified_gmt":"2024-12-23T14:43:16","slug":"kadzidelko-odswiezajace-pomieszczenia-eko-5-szt","status":"publish","type":"product","link":"https:\/\/los-odpowiedzialni-spolecznie.pl\/en\/sklep\/srodki-czystosci\/eko-produkty-dla-domu-i-szkoly\/kadzidelko-odswiezajace-pomieszczenia-eko-5-szt\/","title":{"rendered":"KADZIDE\u0141KO OD\u015aWIE\u017bAJ\u0104CE POMIESZCZENIA EKO (5 SZT.)"},"content":{"rendered":"<h3>Opis Produktu<\/h3>\n<div id=\"box_description\" class=\"tab-wrap\">\n<div class=\"resetcss\">\n<p class=\"title\"><strong>Kadzide\u0142ko Od\u015bwie\u017caj\u0105ce Pomieszczenie EKO<\/strong><\/p>\n<p class=\"subTitle\"><span style=\"font-size: 16px\">Kadzide\u0142ko, w kt\u00f3rego sk\u0142ad wchodz\u0105 ekologiczne zio\u0142a o dzia\u0142aniu odka\u017caj\u0105cym i od\u015bwie\u017caj\u0105cym powietrze. \u015awietnie sprawdzi si\u0119 w domkach letniskowych, piwnicach, pomieszczeniach zagrzybionych, pomieszczeniach o du\u017cym zagro\u017ceniu drobnoustrojami. Podczas spalania zi\u00f3\u0142 uwalniaj\u0105 si\u0119 olejki eteryczne, kt\u00f3re unosz\u0105 si\u0119 w powietrzu i skutecznie niweluj\u0105 przykre zapachy. W zamkni\u0119tych pomieszczeniach zapach kadzide\u0142ka mo\u017ce utrzymywa\u0107 si\u0119 do 48 godzin.<\/span><\/p>\n<div class=\"text\">\n<p><strong style=\"font-size: 16px\">Spos\u00f3b u\u017cycia:<\/strong><\/p>\n<\/div>\n<div class=\"attributes\">\n<div class=\"item\">\n<div class=\"attr-value\">\n<p>Kadzide\u0142ko ustawi\u0107 na niepalnym pod\u0142o\u017cu i podpali\u0107 skr\u0119con\u0105 cz\u0119\u015b\u0107 bibu\u0142y, lekko rozdmuchuj\u0105c. Tli si\u0119 samodzielnie przez ko\u0142o godzin\u0119.<\/p>\n<div class=\"clear\"><\/div>\n<\/div>\n<\/div>\n<div class=\"item\">\n<div class=\"attr-name\">\n<div><strong>Sk\u0142ad:<\/strong><\/div>\n<\/div>\n<div class=\"attr-value\">\n<p>rozmaryn, wrotycz balsamiczny, pio\u0142un, oregano, tymianek, sza\u0142wia bia\u0142a, hyzop, \u017cywica sosnowa.<\/p>\n<div class=\"clear\"><\/div>\n<\/div>\n<\/div>\n<div class=\"item\">\n<div class=\"attr-name\">\n<div><strong>Opakowanie:<\/strong><\/div>\n<\/div>\n<div class=\"attr-value\">\n<p>5 sztuk<\/p>\n<\/div>\n<\/div>\n<\/div>\n<\/div>\n<\/div>\n<div id=\"boxdetails\" class=\"tab-wrap\">\n<h3 class=\"tab-title\">Dodatkowe informacje<\/h3>\n<div class=\"resetcss\">\n<p>Kadzide\u0142ko, w kt\u00f3rego sk\u0142ad wchodz\u0105 ekologiczne zio\u0142a o dzia\u0142aniu odka\u017caj\u0105cym i od\u015bwie\u017caj\u0105cym powietrze<\/p>\n<\/div>\n<\/div>","protected":false},"excerpt":{"rendered":"<p>Opis Produktu Kadzide\u0142ko Od\u015bwie\u017caj\u0105ce Pomieszczenie EKO Kadzide\u0142ko, w kt\u00f3rego sk\u0142ad wchodz\u0105 ekologiczne zio\u0142a o dzia\u0142aniu odka\u017caj\u0105cym i od\u015bwie\u017caj\u0105cym powietrze. \u015awietnie sprawdzi si\u0119 w domkach letniskowych, piwnicach, pomieszczeniach zagrzybionych, pomieszczeniach o du\u017cym zagro\u017ceniu drobnoustrojami. Podczas spalania zi\u00f3\u0142 uwalniaj\u0105 si\u0119 olejki eteryczne, kt\u00f3re unosz\u0105 si\u0119 w powietrzu i skutecznie niweluj\u0105 przykre zapachy. W zamkni\u0119tych pomieszczeniach zapach kadzide\u0142ka [&hellip;]<\/p>","protected":false},"featured_media":472,"template":"","meta":{"site-sidebar-layout":"default","site-content-layout":"","ast-site-content-layout":"default","site-content-style":"default","site-sidebar-style":"default","ast-global-header-display":"","ast-banner-title-visibility":"","ast-main-header-display":"","ast-hfb-above-header-display":"","ast-hfb-below-header-display":"","ast-hfb-mobile-header-display":"","site-post-title":"","ast-breadcrumbs-content":"","ast-featured-img":"","footer-sml-layout":"","theme-transparent-header-meta":"default","adv-header-id-meta":"","stick-header-meta":"","header-above-stick-meta":"","header-main-stick-meta":"","header-below-stick-meta":"","astra-migrate-meta-layouts":"set","ast-page-background-enabled":"default","ast-page-background-meta":{"desktop":{"background-color":"var(--ast-global-color-4)","background-image":"","background-repeat":"repeat","background-position":"center center","background-size":"auto","background-attachment":"scroll","background-type":"","background-media":"","overlay-type":"","overlay-color":"","overlay-opacity":"","overlay-gradient":""},"tablet":{"background-color":"","background-image":"","background-repeat":"repeat","background-position":"center center","background-size":"auto","background-attachment":"scroll","background-type":"","background-media":"","overlay-type":"","overlay-color":"","overlay-opacity":"","overlay-gradient":""},"mobile":{"background-color":"","background-image":"","background-repeat":"repeat","background-position":"center center","background-size":"auto","background-attachment":"scroll","background-type":"","background-media":"","overlay-type":"","overlay-color":"","overlay-opacity":"","overlay-gradient":""}},"ast-content-background-meta":{"desktop":{"background-color":"var(--ast-global-color-5)","background-image":"","background-repeat":"repeat","background-position":"center center","background-size":"auto","background-attachment":"scroll","background-type":"","background-media":"","overlay-type":"","overlay-color":"","overlay-opacity":"","overlay-gradient":""},"tablet":{"background-color":"var(--ast-global-color-5)","background-image":"","background-repeat":"repeat","background-position":"center center","background-size":"auto","background-attachment":"scroll","background-type":"","background-media":"","overlay-type":"","overlay-color":"","overlay-opacity":"","overlay-gradient":""},"mobile":{"background-color":"var(--ast-global-color-5)","background-image":"","background-repeat":"repeat","background-position":"center center","background-size":"auto","background-attachment":"scroll","background-type":"","background-media":"","overlay-type":"","overlay-color":"","overlay-opacity":"","overlay-gradient":""}}},"product_cat":[68],"product_tag":[],"class_list":{"0":"post-422","1":"product","2":"type-product","3":"status-publish","4":"has-post-thumbnail","6":"product_cat-eko-produkty-dla-domu-i-szkoly","7":"desktop-align-center","8":"tablet-align-left","9":"mobile-align-left","11":"first","12":"outofstock","13":"taxable","14":"shipping-taxable","15":"purchasable","16":"product-type-simple"},"_links":{"self":[{"href":"https:\/\/los-odpowiedzialni-spolecznie.pl\/en\/wp-json\/wp\/v2\/product\/422","targetHints":{"allow":["GET"]}}],"collection":[{"href":"https:\/\/los-odpowiedzialni-spolecznie.pl\/en\/wp-json\/wp\/v2\/product"}],"about":[{"href":"https:\/\/los-odpowiedzialni-spolecznie.pl\/en\/wp-json\/wp\/v2\/types\/product"}],"wp:featuredmedia":[{"embeddable":true,"href":"https:\/\/los-odpowiedzialni-spolecznie.pl\/en\/wp-json\/wp\/v2\/media\/472"}],"wp:attachment":[{"href":"https:\/\/los-odpowiedzialni-spolecznie.pl\/en\/wp-json\/wp\/v2\/media?parent=422"}],"wp:term":[{"taxonomy":"product_cat","embeddable":true,"href":"https:\/\/los-odpowiedzialni-spolecznie.pl\/en\/wp-json\/wp\/v2\/product_cat?post=422"},{"taxonomy":"product_tag","embeddable":true,"href":"https:\/\/los-odpowiedzialni-spolecznie.pl\/en\/wp-json\/wp\/v2\/product_tag?post=422"}],"curies":[{"name":"wp","href":"https:\/\/api.w.org\/{rel}","templated":true}]}}