{"id":421,"date":"2024-12-23T15:42:02","date_gmt":"2024-12-23T14:42:02","guid":{"rendered":"https:\/\/los-odpowiedzialni-spolecznie.pl\/?post_type=product&#038;p=421"},"modified":"2024-12-23T15:43:13","modified_gmt":"2024-12-23T14:43:13","slug":"naturalne-kadzidlo-odkazajace-1-szt","status":"publish","type":"product","link":"https:\/\/los-odpowiedzialni-spolecznie.pl\/en\/sklep\/srodki-czystosci\/eko-produkty-dla-domu-i-szkoly\/naturalne-kadzidlo-odkazajace-1-szt\/","title":{"rendered":"NATURALNE KADZID\u0141O ODKA\u017bAJ\u0104CE (1 SZT.)"},"content":{"rendered":"<h3>Opis Produktu<\/h3>\n<div id=\"box_description\" class=\"tab-wrap\">\n<div class=\"resetcss\">\n<p class=\"h3\"><strong>Naturalne kadzid\u0142o odka\u017caj\u0105ce<\/strong><\/p>\n<p>Okadzanie kadzid\u0142ami stworzonymi z aromatycznych zi\u00f3\u0142 i \u017cywicy drzew iglastych stosowano niegdy\u015b wierz\u0105c w ich moc odka\u017cania, oczyszczania i poprawiania jako\u015bci powietrza. Obecna w kompozycji sza\u0142wia, wed\u0142ug dawnych wierze\u0144, mia\u0142a tak\u017ce chroni\u0107 domostwo i jego mieszka\u0144c\u00f3w przed z\u0142ymi si\u0142ami.<\/p>\n<p>Historia okadzania jest bardzo d\u0142uga. Ju\u017c w czasach staro\u017cytnych wierzono w jego magiczn\u0105 moc. Rytua\u0142 by\u0142 znany i stosowany w wielu regionach \u015bwiata. Palenie zi\u00f3\u0142 w konkretnej intencji, by\u0142o niegdy\u015b powszechn\u0105 praktyk\u0105, maj\u0105c\u0105 na celu oczyszczenie powietrza z negatywnej energii oraz chor\u00f3b i zast\u0105pienie ich zdrowiem, szcz\u0119\u015bciem oraz mi\u0142o\u015bci\u0105. Dawniej stosowano okadzanie do leczenia r\u00f3\u017cnych problem\u00f3w zdrowotnych, takich jak dolegliwo\u015bci trawienne, problemy z pami\u0119ci\u0105 czy b\u00f3l gard\u0142a. Rytua\u0142 mia\u0142 przynie\u015b\u0107 r\u00f3wnie\u017c harmoni\u0119, spok\u00f3j oraz balans emocjonalny. W zale\u017cno\u015bci od pory roku, faz ksi\u0119\u017cyca czy u\u017cytych zi\u00f3\u0142 okadzano osoby, przedmioty, pomieszczenia, a nawet zwierz\u0119ta.<\/p>\n<p>&nbsp;<\/p>\n<\/div>\n<\/div>\n<div id=\"boxdetails\" class=\"tab-wrap\">\n<h3 class=\"tab-title\">Dodatkowe informacje<\/h3>\n<div class=\"resetcss\">\n<p><strong>Sk\u0142adniki:\u00a0<\/strong>tymianek, sza\u0142wia g\u00f3rska, rumianek, chaber b\u0142awatek, bylica pospolita, \u017cywica.<\/p>\n<p><strong>Spos\u00f3b u\u017cycia:\u00a0<\/strong>Kadzide\u0142ko ustawi\u0107 na niepalnym pod\u0142o\u017cu i podpali\u0107, lekko rozdmuchuj\u0105c.<\/p>\n<p><strong>Masa netto:\u00a0<\/strong>1 sztuka<\/p>\n<p><strong>Kod EAN:\u00a0<\/strong>5904538031954<\/p>\n<\/div>\n<\/div>","protected":false},"excerpt":{"rendered":"<p>Opis Produktu Naturalne kadzid\u0142o odka\u017caj\u0105ce Okadzanie kadzid\u0142ami stworzonymi z aromatycznych zi\u00f3\u0142 i \u017cywicy drzew iglastych stosowano niegdy\u015b wierz\u0105c w ich moc odka\u017cania, oczyszczania i poprawiania jako\u015bci powietrza. Obecna w kompozycji sza\u0142wia, wed\u0142ug dawnych wierze\u0144, mia\u0142a tak\u017ce chroni\u0107 domostwo i jego mieszka\u0144c\u00f3w przed z\u0142ymi si\u0142ami. Historia okadzania jest bardzo d\u0142uga. Ju\u017c w czasach staro\u017cytnych wierzono w [&hellip;]<\/p>","protected":false},"featured_media":471,"template":"","meta":{"site-sidebar-layout":"default","site-content-layout":"","ast-site-content-layout":"default","site-content-style":"default","site-sidebar-style":"default","ast-global-header-display":"","ast-banner-title-visibility":"","ast-main-header-display":"","ast-hfb-above-header-display":"","ast-hfb-below-header-display":"","ast-hfb-mobile-header-display":"","site-post-title":"","ast-breadcrumbs-content":"","ast-featured-img":"","footer-sml-layout":"","theme-transparent-header-meta":"default","adv-header-id-meta":"","stick-header-meta":"","header-above-stick-meta":"","header-main-stick-meta":"","header-below-stick-meta":"","astra-migrate-meta-layouts":"set","ast-page-background-enabled":"default","ast-page-background-meta":{"desktop":{"background-color":"var(--ast-global-color-4)","background-image":"","background-repeat":"repeat","background-position":"center center","background-size":"auto","background-attachment":"scroll","background-type":"","background-media":"","overlay-type":"","overlay-color":"","overlay-opacity":"","overlay-gradient":""},"tablet":{"background-color":"","background-image":"","background-repeat":"repeat","background-position":"center center","background-size":"auto","background-attachment":"scroll","background-type":"","background-media":"","overlay-type":"","overlay-color":"","overlay-opacity":"","overlay-gradient":""},"mobile":{"background-color":"","background-image":"","background-repeat":"repeat","background-position":"center center","background-size":"auto","background-attachment":"scroll","background-type":"","background-media":"","overlay-type":"","overlay-color":"","overlay-opacity":"","overlay-gradient":""}},"ast-content-background-meta":{"desktop":{"background-color":"var(--ast-global-color-5)","background-image":"","background-repeat":"repeat","background-position":"center center","background-size":"auto","background-attachment":"scroll","background-type":"","background-media":"","overlay-type":"","overlay-color":"","overlay-opacity":"","overlay-gradient":""},"tablet":{"background-color":"var(--ast-global-color-5)","background-image":"","background-repeat":"repeat","background-position":"center center","background-size":"auto","background-attachment":"scroll","background-type":"","background-media":"","overlay-type":"","overlay-color":"","overlay-opacity":"","overlay-gradient":""},"mobile":{"background-color":"var(--ast-global-color-5)","background-image":"","background-repeat":"repeat","background-position":"center center","background-size":"auto","background-attachment":"scroll","background-type":"","background-media":"","overlay-type":"","overlay-color":"","overlay-opacity":"","overlay-gradient":""}}},"product_cat":[68],"product_tag":[],"class_list":{"0":"post-421","1":"product","2":"type-product","3":"status-publish","4":"has-post-thumbnail","6":"product_cat-eko-produkty-dla-domu-i-szkoly","7":"desktop-align-center","8":"tablet-align-left","9":"mobile-align-left","11":"first","12":"instock","13":"taxable","14":"shipping-taxable","15":"purchasable","16":"product-type-simple"},"_links":{"self":[{"href":"https:\/\/los-odpowiedzialni-spolecznie.pl\/en\/wp-json\/wp\/v2\/product\/421","targetHints":{"allow":["GET"]}}],"collection":[{"href":"https:\/\/los-odpowiedzialni-spolecznie.pl\/en\/wp-json\/wp\/v2\/product"}],"about":[{"href":"https:\/\/los-odpowiedzialni-spolecznie.pl\/en\/wp-json\/wp\/v2\/types\/product"}],"wp:featuredmedia":[{"embeddable":true,"href":"https:\/\/los-odpowiedzialni-spolecznie.pl\/en\/wp-json\/wp\/v2\/media\/471"}],"wp:attachment":[{"href":"https:\/\/los-odpowiedzialni-spolecznie.pl\/en\/wp-json\/wp\/v2\/media?parent=421"}],"wp:term":[{"taxonomy":"product_cat","embeddable":true,"href":"https:\/\/los-odpowiedzialni-spolecznie.pl\/en\/wp-json\/wp\/v2\/product_cat?post=421"},{"taxonomy":"product_tag","embeddable":true,"href":"https:\/\/los-odpowiedzialni-spolecznie.pl\/en\/wp-json\/wp\/v2\/product_tag?post=421"}],"curies":[{"name":"wp","href":"https:\/\/api.w.org\/{rel}","templated":true}]}}