{"id":413,"date":"2024-12-23T15:41:40","date_gmt":"2024-12-23T14:41:40","guid":{"rendered":"https:\/\/los-odpowiedzialni-spolecznie.pl\/?post_type=product&#038;p=413"},"modified":"2024-12-23T15:43:10","modified_gmt":"2024-12-23T14:43:10","slug":"naczynie-do-kielkow-plastikon-bio-natura","status":"publish","type":"product","link":"https:\/\/los-odpowiedzialni-spolecznie.pl\/en\/sklep\/srodki-czystosci\/eko-produkty-dla-domu-i-szkoly\/naczynie-do-kielkow-plastikon-bio-natura\/","title":{"rendered":"Naczynie Do Kie\u0142k\u00f3w &#8211; PLASTIKON (BIO NATURA)"},"content":{"rendered":"<h3>Opis Produktu<\/h3>\n<p><strong>Naczynie do Kie\u0142kowania 3 warstwowe Bio-Natura<\/strong><\/p>\n<p><strong>Naczynie do kie\u0142kowania Bio-Natury<\/strong> jest idealne do samodzielnego uprawiania kie\u0142k\u00f3w w domu. Dzi\u0119ki niemu mo\u017cna \u0142atwo i szybko przygotowa\u0107 \u015bwie\u017ce kie\u0142ki, kt\u00f3re s\u0105 nie tylko pyszne, ale r\u00f3wnie\u017c pe\u0142ne sk\u0142adnik\u00f3w od\u017cywczych.<\/p>\n<p><strong>Naczynie do kie\u0142kowania Bio-Natury<\/strong> sk\u0142ada si\u0119 z dw\u00f3ch pojemnik\u00f3w &#8211; mniejszego i wi\u0119kszego oraz sitka do kie\u0142kowania. Pojemnik wi\u0119kszy pe\u0142ni rol\u0119 pojemnika na wod\u0119, kt\u00f3ra jest niezb\u0119dna do wzrostu kie\u0142k\u00f3w. Pojemnik mniejszy natomiast s\u0142u\u017cy do zbierania nadmiaru wody z sitka.<\/p>\n<p>Proces kie\u0142kowania jest bardzo prosty. Wystarczy umie\u015bci\u0107 nasiona, ziarna lub nasiona ro\u015blin str\u0105czkowych na sitku, a nast\u0119pnie umie\u015bci\u0107 sitko w wi\u0119kszym pojemniku z wod\u0105. Woda powinna tylko nieznacznie si\u0119ga\u0107 do\u0142em sitka, tak aby nasiona nie by\u0142y ca\u0142kowicie zanurzone.<\/p>\n<p><strong>Naczynie do kie\u0142kowania Bio-Natury pozwal<\/strong>a na swobodne przep\u0142ywanie wody, co zapewnia optymalne warunki wzrostu kie\u0142k\u00f3w. Wystarczy codziennie wymienia\u0107 wod\u0119 i ju\u017c po kilku dniach mo\u017cna cieszy\u0107 si\u0119 \u015bwie\u017cymi, soczystymi kie\u0142kami.<\/p>\n<p><strong>Kie\u0142ki przygotowywane w naczyniu do kie\u0142kowania Bio-Natury<\/strong> s\u0105 nie tylko zdrowe, ale r\u00f3wnie\u017c pe\u0142ne naturalnego smaku. Mo\u017cna je dodawa\u0107 do sa\u0142atek, kanapek, zup, a nawet do da\u0144 g\u0142\u00f3wnych. Dzi\u0119ki temu mo\u017cna urozmaici\u0107 swoj\u0105 diet\u0119 i dostarczy\u0107 organizmowi niezb\u0119dne sk\u0142adniki od\u017cywcze.<\/p>\n<p>Dzi\u0119ki naczyniu do kie\u0142kowania Bio-Natury mo\u017cna cieszy\u0107 si\u0119 smakiem i warto\u015bciami od\u017cywczymi \u015bwie\u017cych kie\u0142k\u00f3w przez ca\u0142y rok. To idealne rozwi\u0105zanie dla os\u00f3b, kt\u00f3re zale\u017cy na zdrowym od\u017cywianiu i chc\u0105 mie\u0107 dost\u0119p do \u015bwie\u017cych kie\u0142k\u00f3w niezale\u017cnie od pory roku.<\/p>\n<h3>Sk\u0142ad<\/h3>\n<p><strong>Sk\u0142adniki:<\/strong><\/p>\n<ol>\n<li>Pokrywka (gwarantuje stabilny, wilgotny klimat, tak\u017ce przy wahaniach temperatury);<\/li>\n<li>Szalki do kie\u0142kowania (trzy du\u017ce szalki. Mo\u017cna w nich podda\u0107 kie\u0142kowaniu jednocze\u015bnie trzy r\u00f3\u017cne gatunki nasion albo kontynuowa\u0107 zbiory poprzez stopniowe wysiewanie nasion);<\/li>\n<li>Syfony odp\u0142ywowe (zapewniaj\u0105 r\u00f3wnomierny odp\u0142yw wody oraz reguluj\u0105 wilgotno\u015b\u0107);<\/li>\n<li>Zbiornik wody (po nawodnieniu nadmiar wody gromadzi si\u0119 w zbiorniku).<\/li>\n<\/ol>\n<p><strong>Wymiary ca\u0142ego naczynia to<\/strong> 20.5 cm (\u015brednica) x 15 cm (wysoko\u015b\u0107).<\/p>","protected":false},"excerpt":{"rendered":"<p>Opis Produktu Naczynie do Kie\u0142kowania 3 warstwowe Bio-Natura Naczynie do kie\u0142kowania Bio-Natury jest idealne do samodzielnego uprawiania kie\u0142k\u00f3w w domu. Dzi\u0119ki niemu mo\u017cna \u0142atwo i szybko przygotowa\u0107 \u015bwie\u017ce kie\u0142ki, kt\u00f3re s\u0105 nie tylko pyszne, ale r\u00f3wnie\u017c pe\u0142ne sk\u0142adnik\u00f3w od\u017cywczych. Naczynie do kie\u0142kowania Bio-Natury sk\u0142ada si\u0119 z dw\u00f3ch pojemnik\u00f3w &#8211; mniejszego i wi\u0119kszego oraz sitka do [&hellip;]<\/p>","protected":false},"featured_media":470,"template":"","meta":{"site-sidebar-layout":"default","site-content-layout":"","ast-site-content-layout":"default","site-content-style":"default","site-sidebar-style":"default","ast-global-header-display":"","ast-banner-title-visibility":"","ast-main-header-display":"","ast-hfb-above-header-display":"","ast-hfb-below-header-display":"","ast-hfb-mobile-header-display":"","site-post-title":"","ast-breadcrumbs-content":"","ast-featured-img":"","footer-sml-layout":"","theme-transparent-header-meta":"default","adv-header-id-meta":"","stick-header-meta":"","header-above-stick-meta":"","header-main-stick-meta":"","header-below-stick-meta":"","astra-migrate-meta-layouts":"set","ast-page-background-enabled":"default","ast-page-background-meta":{"desktop":{"background-color":"var(--ast-global-color-4)","background-image":"","background-repeat":"repeat","background-position":"center center","background-size":"auto","background-attachment":"scroll","background-type":"","background-media":"","overlay-type":"","overlay-color":"","overlay-opacity":"","overlay-gradient":""},"tablet":{"background-color":"","background-image":"","background-repeat":"repeat","background-position":"center center","background-size":"auto","background-attachment":"scroll","background-type":"","background-media":"","overlay-type":"","overlay-color":"","overlay-opacity":"","overlay-gradient":""},"mobile":{"background-color":"","background-image":"","background-repeat":"repeat","background-position":"center center","background-size":"auto","background-attachment":"scroll","background-type":"","background-media":"","overlay-type":"","overlay-color":"","overlay-opacity":"","overlay-gradient":""}},"ast-content-background-meta":{"desktop":{"background-color":"var(--ast-global-color-5)","background-image":"","background-repeat":"repeat","background-position":"center center","background-size":"auto","background-attachment":"scroll","background-type":"","background-media":"","overlay-type":"","overlay-color":"","overlay-opacity":"","overlay-gradient":""},"tablet":{"background-color":"var(--ast-global-color-5)","background-image":"","background-repeat":"repeat","background-position":"center center","background-size":"auto","background-attachment":"scroll","background-type":"","background-media":"","overlay-type":"","overlay-color":"","overlay-opacity":"","overlay-gradient":""},"mobile":{"background-color":"var(--ast-global-color-5)","background-image":"","background-repeat":"repeat","background-position":"center center","background-size":"auto","background-attachment":"scroll","background-type":"","background-media":"","overlay-type":"","overlay-color":"","overlay-opacity":"","overlay-gradient":""}}},"product_cat":[68],"product_tag":[],"class_list":{"0":"post-413","1":"product","2":"type-product","3":"status-publish","4":"has-post-thumbnail","6":"product_cat-eko-produkty-dla-domu-i-szkoly","7":"desktop-align-center","8":"tablet-align-left","9":"mobile-align-left","11":"first","12":"instock","13":"taxable","14":"shipping-taxable","15":"purchasable","16":"product-type-simple"},"_links":{"self":[{"href":"https:\/\/los-odpowiedzialni-spolecznie.pl\/en\/wp-json\/wp\/v2\/product\/413","targetHints":{"allow":["GET"]}}],"collection":[{"href":"https:\/\/los-odpowiedzialni-spolecznie.pl\/en\/wp-json\/wp\/v2\/product"}],"about":[{"href":"https:\/\/los-odpowiedzialni-spolecznie.pl\/en\/wp-json\/wp\/v2\/types\/product"}],"wp:featuredmedia":[{"embeddable":true,"href":"https:\/\/los-odpowiedzialni-spolecznie.pl\/en\/wp-json\/wp\/v2\/media\/470"}],"wp:attachment":[{"href":"https:\/\/los-odpowiedzialni-spolecznie.pl\/en\/wp-json\/wp\/v2\/media?parent=413"}],"wp:term":[{"taxonomy":"product_cat","embeddable":true,"href":"https:\/\/los-odpowiedzialni-spolecznie.pl\/en\/wp-json\/wp\/v2\/product_cat?post=413"},{"taxonomy":"product_tag","embeddable":true,"href":"https:\/\/los-odpowiedzialni-spolecznie.pl\/en\/wp-json\/wp\/v2\/product_tag?post=413"}],"curies":[{"name":"wp","href":"https:\/\/api.w.org\/{rel}","templated":true}]}}