{"id":411,"date":"2024-12-23T15:41:40","date_gmt":"2024-12-23T14:41:40","guid":{"rendered":"https:\/\/los-odpowiedzialni-spolecznie.pl\/?post_type=product&#038;p=411"},"modified":"2024-12-23T15:43:04","modified_gmt":"2024-12-23T14:43:04","slug":"naturalna-zawieszka-zapachowa-tymianek","status":"publish","type":"product","link":"https:\/\/los-odpowiedzialni-spolecznie.pl\/en\/sklep\/srodki-czystosci\/eko-produkty-dla-domu-i-szkoly\/naturalna-zawieszka-zapachowa-tymianek\/","title":{"rendered":"Naturalna zawieszka zapachowa &#8211; Tymianek"},"content":{"rendered":"<h3>Opis Produktu<\/h3>\n<div id=\"box_description\" class=\"tab-wrap\">\n<div class=\"resetcss\">\n<p><strong>Naturalna zawieszka zapachowa \u2014 Tymianek<\/strong><\/p>\n<p>Naturalna zawieszka zapachowa b\u0119d\u0105ca kompozycj\u0105 suszonego tymianku i pozyskiwanego z kwitn\u0105cego ziela tymianku olejku eterycznego o mocnym, \u017cywiczno-zio\u0142owym zapachu i energetyzuj\u0105cych w\u0142a\u015bciwo\u015bciach. Zawieszk\u0119 wykorzystaj wsz\u0119dzie tam, gdzie pragniesz poczu\u0107 intensywny aromat zi\u00f3\u0142, wyciszy\u0107 si\u0119 i pobudzi\u0107 umys\u0142 do pracy.<\/p>\n<\/div>\n<\/div>\n<div id=\"boxdetails\" class=\"tab-wrap\">\n<h3 class=\"tab-title\">Dodatkowe informacje<\/h3>\n<div class=\"resetcss\">\n<p><strong>Sk\u0142adniki:<\/strong>\u00a0olejek eteryczny tymiankowy, tymianek.<\/p>\n<p><strong>Spos\u00f3b u\u017cycia:\u00a0<\/strong>powie\u015b zawieszk\u0119 w dowolnym miejscu w domu, biurze lub samochodzie.<\/p>\n<p><strong>Warunki przechowywania:\u00a0<\/strong>nie rozrywa\u0107 kartonika, chroni\u0107 przed uszkodzeniem, przetrzymywa\u0107 w miejscu niedost\u0119pnym dla dzieci.<\/p>\n<p><strong>Kod EAN:\u00a0<\/strong>5903246866773<\/p>\n<\/div>\n<\/div>","protected":false},"excerpt":{"rendered":"<p>Opis Produktu Naturalna zawieszka zapachowa \u2014 Tymianek Naturalna zawieszka zapachowa b\u0119d\u0105ca kompozycj\u0105 suszonego tymianku i pozyskiwanego z kwitn\u0105cego ziela tymianku olejku eterycznego o mocnym, \u017cywiczno-zio\u0142owym zapachu i energetyzuj\u0105cych w\u0142a\u015bciwo\u015bciach. Zawieszk\u0119 wykorzystaj wsz\u0119dzie tam, gdzie pragniesz poczu\u0107 intensywny aromat zi\u00f3\u0142, wyciszy\u0107 si\u0119 i pobudzi\u0107 umys\u0142 do pracy. Dodatkowe informacje Sk\u0142adniki:\u00a0olejek eteryczny tymiankowy, tymianek. Spos\u00f3b u\u017cycia:\u00a0powie\u015b zawieszk\u0119 [&hellip;]<\/p>","protected":false},"featured_media":462,"template":"","meta":{"site-sidebar-layout":"default","site-content-layout":"","ast-site-content-layout":"default","site-content-style":"default","site-sidebar-style":"default","ast-global-header-display":"","ast-banner-title-visibility":"","ast-main-header-display":"","ast-hfb-above-header-display":"","ast-hfb-below-header-display":"","ast-hfb-mobile-header-display":"","site-post-title":"","ast-breadcrumbs-content":"","ast-featured-img":"","footer-sml-layout":"","theme-transparent-header-meta":"default","adv-header-id-meta":"","stick-header-meta":"","header-above-stick-meta":"","header-main-stick-meta":"","header-below-stick-meta":"","astra-migrate-meta-layouts":"set","ast-page-background-enabled":"default","ast-page-background-meta":{"desktop":{"background-color":"var(--ast-global-color-4)","background-image":"","background-repeat":"repeat","background-position":"center center","background-size":"auto","background-attachment":"scroll","background-type":"","background-media":"","overlay-type":"","overlay-color":"","overlay-opacity":"","overlay-gradient":""},"tablet":{"background-color":"","background-image":"","background-repeat":"repeat","background-position":"center center","background-size":"auto","background-attachment":"scroll","background-type":"","background-media":"","overlay-type":"","overlay-color":"","overlay-opacity":"","overlay-gradient":""},"mobile":{"background-color":"","background-image":"","background-repeat":"repeat","background-position":"center center","background-size":"auto","background-attachment":"scroll","background-type":"","background-media":"","overlay-type":"","overlay-color":"","overlay-opacity":"","overlay-gradient":""}},"ast-content-background-meta":{"desktop":{"background-color":"var(--ast-global-color-5)","background-image":"","background-repeat":"repeat","background-position":"center center","background-size":"auto","background-attachment":"scroll","background-type":"","background-media":"","overlay-type":"","overlay-color":"","overlay-opacity":"","overlay-gradient":""},"tablet":{"background-color":"var(--ast-global-color-5)","background-image":"","background-repeat":"repeat","background-position":"center center","background-size":"auto","background-attachment":"scroll","background-type":"","background-media":"","overlay-type":"","overlay-color":"","overlay-opacity":"","overlay-gradient":""},"mobile":{"background-color":"var(--ast-global-color-5)","background-image":"","background-repeat":"repeat","background-position":"center center","background-size":"auto","background-attachment":"scroll","background-type":"","background-media":"","overlay-type":"","overlay-color":"","overlay-opacity":"","overlay-gradient":""}}},"product_cat":[68],"product_tag":[],"class_list":{"0":"post-411","1":"product","2":"type-product","3":"status-publish","4":"has-post-thumbnail","6":"product_cat-eko-produkty-dla-domu-i-szkoly","7":"desktop-align-center","8":"tablet-align-left","9":"mobile-align-left","11":"first","12":"instock","13":"purchasable","14":"product-type-simple"},"_links":{"self":[{"href":"https:\/\/los-odpowiedzialni-spolecznie.pl\/en\/wp-json\/wp\/v2\/product\/411","targetHints":{"allow":["GET"]}}],"collection":[{"href":"https:\/\/los-odpowiedzialni-spolecznie.pl\/en\/wp-json\/wp\/v2\/product"}],"about":[{"href":"https:\/\/los-odpowiedzialni-spolecznie.pl\/en\/wp-json\/wp\/v2\/types\/product"}],"wp:featuredmedia":[{"embeddable":true,"href":"https:\/\/los-odpowiedzialni-spolecznie.pl\/en\/wp-json\/wp\/v2\/media\/462"}],"wp:attachment":[{"href":"https:\/\/los-odpowiedzialni-spolecznie.pl\/en\/wp-json\/wp\/v2\/media?parent=411"}],"wp:term":[{"taxonomy":"product_cat","embeddable":true,"href":"https:\/\/los-odpowiedzialni-spolecznie.pl\/en\/wp-json\/wp\/v2\/product_cat?post=411"},{"taxonomy":"product_tag","embeddable":true,"href":"https:\/\/los-odpowiedzialni-spolecznie.pl\/en\/wp-json\/wp\/v2\/product_tag?post=411"}],"curies":[{"name":"wp","href":"https:\/\/api.w.org\/{rel}","templated":true}]}}