{"id":409,"date":"2024-12-23T15:41:40","date_gmt":"2024-12-23T14:41:40","guid":{"rendered":"https:\/\/los-odpowiedzialni-spolecznie.pl\/?post_type=product&#038;p=409"},"modified":"2024-12-23T15:42:58","modified_gmt":"2024-12-23T14:42:58","slug":"naturalna-zawieszka-zapachowa-mieta","status":"publish","type":"product","link":"https:\/\/los-odpowiedzialni-spolecznie.pl\/en\/sklep\/srodki-czystosci\/eko-produkty-dla-domu-i-szkoly\/naturalna-zawieszka-zapachowa-mieta\/","title":{"rendered":"Naturalna zawieszka zapachowa &#8211; Mi\u0119ta"},"content":{"rendered":"<h3>Opis Produktu<\/h3>\n<p><strong>Naturalna zawieszka zapachowa \u2014 Mi\u0119ta<\/strong><\/p>\n<p>Naturalna zawieszka zapachowa b\u0119d\u0105ca kompozycj\u0105 suszonych li\u015bci mi\u0119ty oraz mi\u0119towego olejku eterycznego o rze\u015bkim, ch\u0142odz\u0105cym zapachu i wyciszaj\u0105cych, wspomagaj\u0105cych koncentracj\u0119 w\u0142a\u015bciwo\u015bciach. Zawieszk\u0119 wykorzystaj wsz\u0119dzie tam, gdzie pragniesz oczy\u015bci\u0107 umys\u0142 i odetchn\u0105\u0107 spokojem w aromacie \u015bwie\u017cej mi\u0119ty pieprzowej.<\/p>\n<h3 class=\"tab-title\">Dodatkowe informacje<\/h3>\n<div class=\"resetcss\">\n<p><strong>Sk\u0142adniki:<\/strong>\u00a0olejek eteryczny mi\u0119towy, li\u015b\u0107 mi\u0119ty.<\/p>\n<p><strong>Spos\u00f3b u\u017cycia:\u00a0<\/strong>powie\u015b zawieszk\u0119 w dowolnym miejscu w domu, biurze lub samochodzie.<\/p>\n<p><strong>Warunki przechowywania:\u00a0<\/strong>nie rozrywa\u0107 kartonika, chroni\u0107 przed uszkodzeniem, przetrzymywa\u0107 w miejscu niedost\u0119pnym dla dzieci.<\/p>\n<p><strong>Kod EAN:\u00a0<\/strong>5903246866711<\/p>\n<\/div>","protected":false},"excerpt":{"rendered":"<p>Opis Produktu Naturalna zawieszka zapachowa \u2014 Mi\u0119ta Naturalna zawieszka zapachowa b\u0119d\u0105ca kompozycj\u0105 suszonych li\u015bci mi\u0119ty oraz mi\u0119towego olejku eterycznego o rze\u015bkim, ch\u0142odz\u0105cym zapachu i wyciszaj\u0105cych, wspomagaj\u0105cych koncentracj\u0119 w\u0142a\u015bciwo\u015bciach. Zawieszk\u0119 wykorzystaj wsz\u0119dzie tam, gdzie pragniesz oczy\u015bci\u0107 umys\u0142 i odetchn\u0105\u0107 spokojem w aromacie \u015bwie\u017cej mi\u0119ty pieprzowej. Dodatkowe informacje Sk\u0142adniki:\u00a0olejek eteryczny mi\u0119towy, li\u015b\u0107 mi\u0119ty. Spos\u00f3b u\u017cycia:\u00a0powie\u015b zawieszk\u0119 w [&hellip;]<\/p>","protected":false},"featured_media":460,"template":"","meta":{"site-sidebar-layout":"default","site-content-layout":"","ast-site-content-layout":"default","site-content-style":"default","site-sidebar-style":"default","ast-global-header-display":"","ast-banner-title-visibility":"","ast-main-header-display":"","ast-hfb-above-header-display":"","ast-hfb-below-header-display":"","ast-hfb-mobile-header-display":"","site-post-title":"","ast-breadcrumbs-content":"","ast-featured-img":"","footer-sml-layout":"","theme-transparent-header-meta":"default","adv-header-id-meta":"","stick-header-meta":"","header-above-stick-meta":"","header-main-stick-meta":"","header-below-stick-meta":"","astra-migrate-meta-layouts":"set","ast-page-background-enabled":"default","ast-page-background-meta":{"desktop":{"background-color":"var(--ast-global-color-4)","background-image":"","background-repeat":"repeat","background-position":"center center","background-size":"auto","background-attachment":"scroll","background-type":"","background-media":"","overlay-type":"","overlay-color":"","overlay-opacity":"","overlay-gradient":""},"tablet":{"background-color":"","background-image":"","background-repeat":"repeat","background-position":"center center","background-size":"auto","background-attachment":"scroll","background-type":"","background-media":"","overlay-type":"","overlay-color":"","overlay-opacity":"","overlay-gradient":""},"mobile":{"background-color":"","background-image":"","background-repeat":"repeat","background-position":"center center","background-size":"auto","background-attachment":"scroll","background-type":"","background-media":"","overlay-type":"","overlay-color":"","overlay-opacity":"","overlay-gradient":""}},"ast-content-background-meta":{"desktop":{"background-color":"var(--ast-global-color-5)","background-image":"","background-repeat":"repeat","background-position":"center center","background-size":"auto","background-attachment":"scroll","background-type":"","background-media":"","overlay-type":"","overlay-color":"","overlay-opacity":"","overlay-gradient":""},"tablet":{"background-color":"var(--ast-global-color-5)","background-image":"","background-repeat":"repeat","background-position":"center center","background-size":"auto","background-attachment":"scroll","background-type":"","background-media":"","overlay-type":"","overlay-color":"","overlay-opacity":"","overlay-gradient":""},"mobile":{"background-color":"var(--ast-global-color-5)","background-image":"","background-repeat":"repeat","background-position":"center center","background-size":"auto","background-attachment":"scroll","background-type":"","background-media":"","overlay-type":"","overlay-color":"","overlay-opacity":"","overlay-gradient":""}}},"product_cat":[68],"product_tag":[74],"class_list":{"0":"post-409","1":"product","2":"type-product","3":"status-publish","4":"has-post-thumbnail","6":"product_cat-eko-produkty-dla-domu-i-szkoly","7":"product_tag-brak","8":"desktop-align-center","9":"tablet-align-left","10":"mobile-align-left","12":"first","13":"instock","14":"purchasable","15":"product-type-simple"},"_links":{"self":[{"href":"https:\/\/los-odpowiedzialni-spolecznie.pl\/en\/wp-json\/wp\/v2\/product\/409","targetHints":{"allow":["GET"]}}],"collection":[{"href":"https:\/\/los-odpowiedzialni-spolecznie.pl\/en\/wp-json\/wp\/v2\/product"}],"about":[{"href":"https:\/\/los-odpowiedzialni-spolecznie.pl\/en\/wp-json\/wp\/v2\/types\/product"}],"wp:featuredmedia":[{"embeddable":true,"href":"https:\/\/los-odpowiedzialni-spolecznie.pl\/en\/wp-json\/wp\/v2\/media\/460"}],"wp:attachment":[{"href":"https:\/\/los-odpowiedzialni-spolecznie.pl\/en\/wp-json\/wp\/v2\/media?parent=409"}],"wp:term":[{"taxonomy":"product_cat","embeddable":true,"href":"https:\/\/los-odpowiedzialni-spolecznie.pl\/en\/wp-json\/wp\/v2\/product_cat?post=409"},{"taxonomy":"product_tag","embeddable":true,"href":"https:\/\/los-odpowiedzialni-spolecznie.pl\/en\/wp-json\/wp\/v2\/product_tag?post=409"}],"curies":[{"name":"wp","href":"https:\/\/api.w.org\/{rel}","templated":true}]}}