{"id":408,"date":"2024-12-23T15:41:40","date_gmt":"2024-12-23T14:41:40","guid":{"rendered":"https:\/\/los-odpowiedzialni-spolecznie.pl\/?post_type=product&#038;p=408"},"modified":"2024-12-23T15:42:55","modified_gmt":"2024-12-23T14:42:55","slug":"bamboolove-pieluszki-jednorazowe-6-11kg-rozm-m-24szt","status":"publish","type":"product","link":"https:\/\/los-odpowiedzialni-spolecznie.pl\/en\/sklep\/srodki-czystosci\/ekologiczne-srodki-czystosci\/bamboolove-pieluszki-jednorazowe-6-11kg-rozm-m-24szt\/","title":{"rendered":"Bamboolove Pieluszki Jednorazowe 6-11Kg Rozm. M 24Szt."},"content":{"rendered":"<h3>Opis Produktu<\/h3>\n<p><strong>Bamboolove Pieluszki Jednorazowe 6-11Kg Rozm. M 24Szt.<\/strong><\/p>\n<p>Pieluszki posiadaj\u0105 elastyczne i regulowane rzepy kt\u00f3re\u00a0 zapewniaj\u0105 idealne dopasowanie do dziecka, gwarantuj\u0105c komfort przez ca\u0142y dzie\u0144. Pieluszki z w\u0142\u00f3knem bambusowym posiadaj\u0105 r\u00f3wnie\u017c wygodne wska\u017aniki wilgotno\u015bci, kt\u00f3re u\u0142atwiaj\u0105 monitorowanie, kiedy pieluszka wymaga zmiany.<\/p>\n<p>W\u0142\u00f3kno bambusowe jest znane ze swoich w\u0142a\u015bciwo\u015bci antybakteryjnych i antyalergicznych, co sprawia, \u017ce jest idealnym wyborem dla wra\u017cliwej sk\u00f3ry niemowl\u0105t. Dodatkowo, pieluszki z w\u0142\u00f3knem bambusowym s\u0105 biodegradowalne, co oznacza, \u017ce rozk\u0142adaj\u0105 si\u0119 szybko i nie zanieczyszczaj\u0105 \u015brodowiska, co jest bardzo istotne dla naszej planety.<\/p>\n<p>Falbanki 3D oraz mi\u0119kki \u015bci\u0105gacz sprawiaj\u0105, \u017ce pieluszka jest jeszcze bardziej wygodna i trwa\u0142a. Falbanki dodaj\u0105 uroku i stylu, a mi\u0119kki \u015bci\u0105gacz zapewnia, \u017ce pieluszka pozostanie na swoim miejscu podczas aktywno\u015bci dziecka.<\/p>\n<p><strong>Podsumowuj\u0105c<\/strong>, jednorazowe pieluszki z w\u0142\u00f3knem bambusowym to idealne rozwi\u0105zanie dla rodzic\u00f3w, kt\u00f3rzy chc\u0105 dba\u0107 o delikatn\u0105 sk\u00f3r\u0119 swojego dziecka i jednocze\u015bnie przyczyni\u0107 si\u0119 do ochrony \u015brodowiska.<\/p>\n<h3>Sk\u0142ad<\/h3>\n<p style=\"font-weight: 400\"><strong>Sk\u0142adniki<\/strong><\/p>\n<ul>\n<li>warstwa wierzchnia + warstwa wewn\u0119trzna (wy\u015bci\u00f3\u0142ka): w 100% biodegradowalne w\u0142\u00f3kno bambusowe<\/li>\n<\/ul>\n<ul>\n<li>wk\u0142ad: superch\u0142onny polimer + pulpa celulozowa<\/li>\n<\/ul>\n<ul>\n<li>os\u0142ona przeciw wyciekom, mankiet udowy oraz elastyczny pas: hydrofobowa tkanina i elastyczny spandex<\/li>\n<\/ul>\n<p>&nbsp;<\/p>","protected":false},"excerpt":{"rendered":"<p>Opis Produktu Bamboolove Pieluszki Jednorazowe 6-11Kg Rozm. M 24Szt. Pieluszki posiadaj\u0105 elastyczne i regulowane rzepy kt\u00f3re\u00a0 zapewniaj\u0105 idealne dopasowanie do dziecka, gwarantuj\u0105c komfort przez ca\u0142y dzie\u0144. Pieluszki z w\u0142\u00f3knem bambusowym posiadaj\u0105 r\u00f3wnie\u017c wygodne wska\u017aniki wilgotno\u015bci, kt\u00f3re u\u0142atwiaj\u0105 monitorowanie, kiedy pieluszka wymaga zmiany. W\u0142\u00f3kno bambusowe jest znane ze swoich w\u0142a\u015bciwo\u015bci antybakteryjnych i antyalergicznych, co sprawia, \u017ce [&hellip;]<\/p>","protected":false},"featured_media":459,"template":"","meta":{"site-sidebar-layout":"default","site-content-layout":"","ast-site-content-layout":"default","site-content-style":"default","site-sidebar-style":"default","ast-global-header-display":"","ast-banner-title-visibility":"","ast-main-header-display":"","ast-hfb-above-header-display":"","ast-hfb-below-header-display":"","ast-hfb-mobile-header-display":"","site-post-title":"","ast-breadcrumbs-content":"","ast-featured-img":"","footer-sml-layout":"","theme-transparent-header-meta":"default","adv-header-id-meta":"","stick-header-meta":"","header-above-stick-meta":"","header-main-stick-meta":"","header-below-stick-meta":"","astra-migrate-meta-layouts":"set","ast-page-background-enabled":"default","ast-page-background-meta":{"desktop":{"background-color":"var(--ast-global-color-4)","background-image":"","background-repeat":"repeat","background-position":"center center","background-size":"auto","background-attachment":"scroll","background-type":"","background-media":"","overlay-type":"","overlay-color":"","overlay-opacity":"","overlay-gradient":""},"tablet":{"background-color":"","background-image":"","background-repeat":"repeat","background-position":"center center","background-size":"auto","background-attachment":"scroll","background-type":"","background-media":"","overlay-type":"","overlay-color":"","overlay-opacity":"","overlay-gradient":""},"mobile":{"background-color":"","background-image":"","background-repeat":"repeat","background-position":"center center","background-size":"auto","background-attachment":"scroll","background-type":"","background-media":"","overlay-type":"","overlay-color":"","overlay-opacity":"","overlay-gradient":""}},"ast-content-background-meta":{"desktop":{"background-color":"var(--ast-global-color-5)","background-image":"","background-repeat":"repeat","background-position":"center center","background-size":"auto","background-attachment":"scroll","background-type":"","background-media":"","overlay-type":"","overlay-color":"","overlay-opacity":"","overlay-gradient":""},"tablet":{"background-color":"var(--ast-global-color-5)","background-image":"","background-repeat":"repeat","background-position":"center center","background-size":"auto","background-attachment":"scroll","background-type":"","background-media":"","overlay-type":"","overlay-color":"","overlay-opacity":"","overlay-gradient":""},"mobile":{"background-color":"var(--ast-global-color-5)","background-image":"","background-repeat":"repeat","background-position":"center center","background-size":"auto","background-attachment":"scroll","background-type":"","background-media":"","overlay-type":"","overlay-color":"","overlay-opacity":"","overlay-gradient":""}}},"product_cat":[72],"product_tag":[],"class_list":{"0":"post-408","1":"product","2":"type-product","3":"status-publish","4":"has-post-thumbnail","6":"product_cat-ekologiczne-srodki-czystosci","7":"desktop-align-center","8":"tablet-align-left","9":"mobile-align-left","11":"first","12":"instock","13":"purchasable","14":"product-type-simple"},"_links":{"self":[{"href":"https:\/\/los-odpowiedzialni-spolecznie.pl\/en\/wp-json\/wp\/v2\/product\/408","targetHints":{"allow":["GET"]}}],"collection":[{"href":"https:\/\/los-odpowiedzialni-spolecznie.pl\/en\/wp-json\/wp\/v2\/product"}],"about":[{"href":"https:\/\/los-odpowiedzialni-spolecznie.pl\/en\/wp-json\/wp\/v2\/types\/product"}],"wp:featuredmedia":[{"embeddable":true,"href":"https:\/\/los-odpowiedzialni-spolecznie.pl\/en\/wp-json\/wp\/v2\/media\/459"}],"wp:attachment":[{"href":"https:\/\/los-odpowiedzialni-spolecznie.pl\/en\/wp-json\/wp\/v2\/media?parent=408"}],"wp:term":[{"taxonomy":"product_cat","embeddable":true,"href":"https:\/\/los-odpowiedzialni-spolecznie.pl\/en\/wp-json\/wp\/v2\/product_cat?post=408"},{"taxonomy":"product_tag","embeddable":true,"href":"https:\/\/los-odpowiedzialni-spolecznie.pl\/en\/wp-json\/wp\/v2\/product_tag?post=408"}],"curies":[{"name":"wp","href":"https:\/\/api.w.org\/{rel}","templated":true}]}}