{"id":399,"date":"2024-12-23T15:41:20","date_gmt":"2024-12-23T14:41:20","guid":{"rendered":"https:\/\/los-odpowiedzialni-spolecznie.pl\/?post_type=product&#038;p=399"},"modified":"2024-12-23T15:42:43","modified_gmt":"2024-12-23T14:42:43","slug":"mysliwska-oliwka-odstraszajaca-komary-i-inne-owady-100ml-dary-natury","status":"publish","type":"product","link":"https:\/\/los-odpowiedzialni-spolecznie.pl\/en\/sklep\/srodki-czystosci\/eko-produkty-dla-domu-i-szkoly\/mysliwska-oliwka-odstraszajaca-komary-i-inne-owady-100ml-dary-natury\/","title":{"rendered":"My\u015bliwska oliwka odstraszaj\u0105ca komary i inne owady 100ml &#8211; Dary Natury"},"content":{"rendered":"<h3>Opis Produktu<\/h3>\n<p><b>Oliwka my\u015bliwska Dary Natury<\/b>\u00a0odstrasza komary, muchy, gzy, kleszcze i inne owady. Jest w pe\u0142ni bezpieczna i nie ma dzia\u0142a\u0144 ubocznych. Do wykorzystania zewn\u0119trznego.<\/p>\n<h3>Spos\u00f3b U\u017cycia<\/h3>\n<p>Niewielk\u0105 ilo\u015b\u0107 oliwki nanie\u015b\u0107 na sk\u00f3r\u0119 (na miejsca najbardziej nara\u017cone na ugryzienia przez komary). Zabieg powt\u00f3rzy\u0107 po ok. 2-3 godzinach.<\/p>\n<h3>Sk\u0142ad<\/h3>\n<p><strong>Sk\u0142adniki:<\/strong> olej rzepakowy t\u0142oczony na zimno, olejki eteryczne z pio\u0142unu, wrotyczu, wanilii, dziegie\u0107 brzozowy.<br \/>\nSk\u0142adniki rolnictwa ekologicznego.<\/p>\n<p><strong>Pojemno\u015b\u0107 100ml<\/strong><\/p>","protected":false},"excerpt":{"rendered":"<p>Opis Produktu Oliwka my\u015bliwska Dary Natury\u00a0odstrasza komary, muchy, gzy, kleszcze i inne owady. Jest w pe\u0142ni bezpieczna i nie ma dzia\u0142a\u0144 ubocznych. Do wykorzystania zewn\u0119trznego. Spos\u00f3b U\u017cycia Niewielk\u0105 ilo\u015b\u0107 oliwki nanie\u015b\u0107 na sk\u00f3r\u0119 (na miejsca najbardziej nara\u017cone na ugryzienia przez komary). Zabieg powt\u00f3rzy\u0107 po ok. 2-3 godzinach. Sk\u0142ad Sk\u0142adniki: olej rzepakowy t\u0142oczony na zimno, olejki [&hellip;]<\/p>","protected":false},"featured_media":448,"template":"","meta":{"site-sidebar-layout":"default","site-content-layout":"","ast-site-content-layout":"default","site-content-style":"default","site-sidebar-style":"default","ast-global-header-display":"","ast-banner-title-visibility":"","ast-main-header-display":"","ast-hfb-above-header-display":"","ast-hfb-below-header-display":"","ast-hfb-mobile-header-display":"","site-post-title":"","ast-breadcrumbs-content":"","ast-featured-img":"","footer-sml-layout":"","theme-transparent-header-meta":"default","adv-header-id-meta":"","stick-header-meta":"","header-above-stick-meta":"","header-main-stick-meta":"","header-below-stick-meta":"","astra-migrate-meta-layouts":"set","ast-page-background-enabled":"default","ast-page-background-meta":{"desktop":{"background-color":"var(--ast-global-color-4)","background-image":"","background-repeat":"repeat","background-position":"center center","background-size":"auto","background-attachment":"scroll","background-type":"","background-media":"","overlay-type":"","overlay-color":"","overlay-opacity":"","overlay-gradient":""},"tablet":{"background-color":"","background-image":"","background-repeat":"repeat","background-position":"center center","background-size":"auto","background-attachment":"scroll","background-type":"","background-media":"","overlay-type":"","overlay-color":"","overlay-opacity":"","overlay-gradient":""},"mobile":{"background-color":"","background-image":"","background-repeat":"repeat","background-position":"center center","background-size":"auto","background-attachment":"scroll","background-type":"","background-media":"","overlay-type":"","overlay-color":"","overlay-opacity":"","overlay-gradient":""}},"ast-content-background-meta":{"desktop":{"background-color":"var(--ast-global-color-5)","background-image":"","background-repeat":"repeat","background-position":"center center","background-size":"auto","background-attachment":"scroll","background-type":"","background-media":"","overlay-type":"","overlay-color":"","overlay-opacity":"","overlay-gradient":""},"tablet":{"background-color":"var(--ast-global-color-5)","background-image":"","background-repeat":"repeat","background-position":"center center","background-size":"auto","background-attachment":"scroll","background-type":"","background-media":"","overlay-type":"","overlay-color":"","overlay-opacity":"","overlay-gradient":""},"mobile":{"background-color":"var(--ast-global-color-5)","background-image":"","background-repeat":"repeat","background-position":"center center","background-size":"auto","background-attachment":"scroll","background-type":"","background-media":"","overlay-type":"","overlay-color":"","overlay-opacity":"","overlay-gradient":""}}},"product_cat":[68],"product_tag":[],"class_list":{"0":"post-399","1":"product","2":"type-product","3":"status-publish","4":"has-post-thumbnail","6":"product_cat-eko-produkty-dla-domu-i-szkoly","7":"desktop-align-center","8":"tablet-align-left","9":"mobile-align-left","11":"first","12":"onbackorder","13":"purchasable","14":"product-type-simple"},"_links":{"self":[{"href":"https:\/\/los-odpowiedzialni-spolecznie.pl\/en\/wp-json\/wp\/v2\/product\/399","targetHints":{"allow":["GET"]}}],"collection":[{"href":"https:\/\/los-odpowiedzialni-spolecznie.pl\/en\/wp-json\/wp\/v2\/product"}],"about":[{"href":"https:\/\/los-odpowiedzialni-spolecznie.pl\/en\/wp-json\/wp\/v2\/types\/product"}],"wp:featuredmedia":[{"embeddable":true,"href":"https:\/\/los-odpowiedzialni-spolecznie.pl\/en\/wp-json\/wp\/v2\/media\/448"}],"wp:attachment":[{"href":"https:\/\/los-odpowiedzialni-spolecznie.pl\/en\/wp-json\/wp\/v2\/media?parent=399"}],"wp:term":[{"taxonomy":"product_cat","embeddable":true,"href":"https:\/\/los-odpowiedzialni-spolecznie.pl\/en\/wp-json\/wp\/v2\/product_cat?post=399"},{"taxonomy":"product_tag","embeddable":true,"href":"https:\/\/los-odpowiedzialni-spolecznie.pl\/en\/wp-json\/wp\/v2\/product_tag?post=399"}],"curies":[{"name":"wp","href":"https:\/\/api.w.org\/{rel}","templated":true}]}}