{"id":398,"date":"2024-12-23T15:41:20","date_gmt":"2024-12-23T14:41:20","guid":{"rendered":"https:\/\/los-odpowiedzialni-spolecznie.pl\/?post_type=product&#038;p=398"},"modified":"2024-12-23T15:42:40","modified_gmt":"2024-12-23T14:42:40","slug":"oliwka-odstraszajaca-komary-kleszcze-i-inne-owady-ziolowa-100-ml-dary-natury","status":"publish","type":"product","link":"https:\/\/los-odpowiedzialni-spolecznie.pl\/en\/sklep\/srodki-czystosci\/eko-produkty-dla-domu-i-szkoly\/oliwka-odstraszajaca-komary-kleszcze-i-inne-owady-ziolowa-100-ml-dary-natury\/","title":{"rendered":"Oliwka odstraszaj\u0105ca komary, kleszcze i inne owady, zio\u0142owa, 100 ml, Dary Natury"},"content":{"rendered":"<h3>Opis Produktu<\/h3>\n<p><strong>Zio\u0142owa oliwka odstraszaj\u0105ca komary i inne owady<\/strong><\/p>\n<p>Oliwka odstrasza komary, muchy, gzy, kleszcze oraz inne owady. Jest w pe\u0142ni bezpieczna i nie posiada dzia\u0142a\u0144 ubocznych. Do u\u017cytku zewn\u0119trznego.<\/p>\n<p><strong>Spos\u00f3b U\u017cycia<\/strong><\/p>\n<p>Niewielk\u0105 ilo\u015b\u0107 oliwki nanie\u015b\u0107 na sk\u00f3r\u0119 (na miejsca najbardziej nara\u017cone na ugryzienia przez komary). Zabieg powt\u00f3rzy\u0107 po ok. 2-3 godzinach.<\/p>\n<h3>Sk\u0142ad<\/h3>\n<p><strong>Sk\u0142adniki<\/strong><\/p>\n<p>olej rzepakowy t\u0142oczony na zimno*, olejki eteryczne z pio\u0142unu*, wrotyczu*, wanilii*. *produkt rolnictwa ekologicznego<\/p>\n<p><strong>Pojemno\u015b\u0107 100ml<\/strong><\/p>\n<p>&nbsp;<\/p>","protected":false},"excerpt":{"rendered":"<p>Opis Produktu Zio\u0142owa oliwka odstraszaj\u0105ca komary i inne owady Oliwka odstrasza komary, muchy, gzy, kleszcze oraz inne owady. Jest w pe\u0142ni bezpieczna i nie posiada dzia\u0142a\u0144 ubocznych. Do u\u017cytku zewn\u0119trznego. Spos\u00f3b U\u017cycia Niewielk\u0105 ilo\u015b\u0107 oliwki nanie\u015b\u0107 na sk\u00f3r\u0119 (na miejsca najbardziej nara\u017cone na ugryzienia przez komary). Zabieg powt\u00f3rzy\u0107 po ok. 2-3 godzinach. Sk\u0142ad Sk\u0142adniki olej [&hellip;]<\/p>","protected":false},"featured_media":447,"template":"","meta":{"site-sidebar-layout":"default","site-content-layout":"","ast-site-content-layout":"default","site-content-style":"default","site-sidebar-style":"default","ast-global-header-display":"","ast-banner-title-visibility":"","ast-main-header-display":"","ast-hfb-above-header-display":"","ast-hfb-below-header-display":"","ast-hfb-mobile-header-display":"","site-post-title":"","ast-breadcrumbs-content":"","ast-featured-img":"","footer-sml-layout":"","theme-transparent-header-meta":"default","adv-header-id-meta":"","stick-header-meta":"","header-above-stick-meta":"","header-main-stick-meta":"","header-below-stick-meta":"","astra-migrate-meta-layouts":"set","ast-page-background-enabled":"default","ast-page-background-meta":{"desktop":{"background-color":"var(--ast-global-color-4)","background-image":"","background-repeat":"repeat","background-position":"center center","background-size":"auto","background-attachment":"scroll","background-type":"","background-media":"","overlay-type":"","overlay-color":"","overlay-opacity":"","overlay-gradient":""},"tablet":{"background-color":"","background-image":"","background-repeat":"repeat","background-position":"center center","background-size":"auto","background-attachment":"scroll","background-type":"","background-media":"","overlay-type":"","overlay-color":"","overlay-opacity":"","overlay-gradient":""},"mobile":{"background-color":"","background-image":"","background-repeat":"repeat","background-position":"center center","background-size":"auto","background-attachment":"scroll","background-type":"","background-media":"","overlay-type":"","overlay-color":"","overlay-opacity":"","overlay-gradient":""}},"ast-content-background-meta":{"desktop":{"background-color":"var(--ast-global-color-5)","background-image":"","background-repeat":"repeat","background-position":"center center","background-size":"auto","background-attachment":"scroll","background-type":"","background-media":"","overlay-type":"","overlay-color":"","overlay-opacity":"","overlay-gradient":""},"tablet":{"background-color":"var(--ast-global-color-5)","background-image":"","background-repeat":"repeat","background-position":"center center","background-size":"auto","background-attachment":"scroll","background-type":"","background-media":"","overlay-type":"","overlay-color":"","overlay-opacity":"","overlay-gradient":""},"mobile":{"background-color":"var(--ast-global-color-5)","background-image":"","background-repeat":"repeat","background-position":"center center","background-size":"auto","background-attachment":"scroll","background-type":"","background-media":"","overlay-type":"","overlay-color":"","overlay-opacity":"","overlay-gradient":""}}},"product_cat":[68],"product_tag":[],"class_list":{"0":"post-398","1":"product","2":"type-product","3":"status-publish","4":"has-post-thumbnail","6":"product_cat-eko-produkty-dla-domu-i-szkoly","7":"desktop-align-center","8":"tablet-align-left","9":"mobile-align-left","11":"first","12":"onbackorder","13":"taxable","14":"shipping-taxable","15":"product-type-simple"},"_links":{"self":[{"href":"https:\/\/los-odpowiedzialni-spolecznie.pl\/en\/wp-json\/wp\/v2\/product\/398","targetHints":{"allow":["GET"]}}],"collection":[{"href":"https:\/\/los-odpowiedzialni-spolecznie.pl\/en\/wp-json\/wp\/v2\/product"}],"about":[{"href":"https:\/\/los-odpowiedzialni-spolecznie.pl\/en\/wp-json\/wp\/v2\/types\/product"}],"wp:featuredmedia":[{"embeddable":true,"href":"https:\/\/los-odpowiedzialni-spolecznie.pl\/en\/wp-json\/wp\/v2\/media\/447"}],"wp:attachment":[{"href":"https:\/\/los-odpowiedzialni-spolecznie.pl\/en\/wp-json\/wp\/v2\/media?parent=398"}],"wp:term":[{"taxonomy":"product_cat","embeddable":true,"href":"https:\/\/los-odpowiedzialni-spolecznie.pl\/en\/wp-json\/wp\/v2\/product_cat?post=398"},{"taxonomy":"product_tag","embeddable":true,"href":"https:\/\/los-odpowiedzialni-spolecznie.pl\/en\/wp-json\/wp\/v2\/product_tag?post=398"}],"curies":[{"name":"wp","href":"https:\/\/api.w.org\/{rel}","templated":true}]}}