{"id":397,"date":"2024-12-23T15:41:20","date_gmt":"2024-12-23T14:41:20","guid":{"rendered":"https:\/\/los-odpowiedzialni-spolecznie.pl\/?post_type=product&#038;p=397"},"modified":"2024-12-23T15:42:39","modified_gmt":"2024-12-23T14:42:39","slug":"anthyllis-baby-delikatny-plyn-do-kapieli-i-szampon-2-w-1-od-urodzenia-400-ml","status":"publish","type":"product","link":"https:\/\/los-odpowiedzialni-spolecznie.pl\/en\/sklep\/produkty-higieniczne\/kosmetyki-organiczne-naturalne\/anthyllis-baby-delikatny-plyn-do-kapieli-i-szampon-2-w-1-od-urodzenia-400-ml\/","title":{"rendered":"Anthyllis Baby, delikatny p\u0142yn do k\u0105pieli i szampon 2 w 1, od urodzenia, 400 ml"},"content":{"rendered":"<h3>Opis Produktu<\/h3>\n<p>Ten delikatny szampon i p\u0142yn do k\u0105pieli zosta\u0142 stworzony specjalnie dla dzieci. Zawiera wyci\u0105g z hibiskusa oraz proteiny ry\u017cu otrzymane z biologicznych upraw, co sprawia, \u017ce jest bogaty w sk\u0142adniki od\u017cywcze dla sk\u00f3ry i w\u0142os\u00f3w dziecka. Ponadto, pH tego produktu jest zbli\u017cone do fizjologicznego pH sk\u00f3ry dziecka, co minimalizuje ryzyko podra\u017cnie\u0144 i alergii.<\/p>\n<p>Sk\u0142adniki ro\u015blinne u\u017cyte do produkcji tego szamponu i p\u0142ynu do k\u0105pieli obejmuj\u0105 tensydy ro\u015blinne pozyskane z oliwy z oliwek. Oznacza to, \u017ce jest on \u0142agodny i nie dra\u017cni sk\u00f3ry. Dodatkowo, proteiny ry\u017cu oraz wyci\u0105g z hibiskusa zawarte w tym produkcie pomagaj\u0105 w zapobieganiu elektryzowaniu si\u0119 w\u0142os\u00f3w, pozostawiaj\u0105c je mi\u0119kkie i g\u0142adkie.<\/p>\n<p>Podsumowuj\u0105c, ten delikatny szampon i p\u0142yn do k\u0105pieli z wyci\u0105giem z hibiskusa oraz proteinami ry\u017cu jest bezpieczny dla dziecka, ma fizjologiczne pH sk\u00f3ry dziecka i minimalizuje ryzyko wyst\u0105pienia alergii.<\/p>\n<p><strong>Stosowanie<\/strong><\/p>\n<p>P\u0142yn do k\u0105pieli i mycia w\u0142os\u00f3w przeznaczony jest do codziennej piel\u0119gnacji ma\u0142ego dziecka, ju\u017c od pierwszych dni \u017cycia.<\/p>\n<p><strong>Spos\u00f3b U\u017cycia<\/strong><\/p>\n<p><strong><u>Do k\u0105pieli:<\/u><\/strong><\/p>\n<ul>\n<li>wla\u0107 ok. 1 \u0142y\u017ck\u0119 produktu (10 ml) bezpo\u015brednio do wanny z ciep\u0142\u0105 wod\u0105 (ok. 20 litr\u00f3w).<\/li>\n<\/ul>\n<p><strong><u>Mycie sk\u00f3ry g\u0142owy i w\u0142os\u00f3w dziecka:<\/u><\/strong><\/p>\n<ul>\n<li>niewielk\u0105 ilo\u015b\u0107 produktu na\u0142o\u017cy\u0107 na g\u0142\u00f3wk\u0119 dziecka, delikatnie wmasowa\u0107 i sp\u0142uka\u0107 wod\u0105.<\/li>\n<\/ul>\n<h3>Sk\u0142ad<\/h3>\n<p class=\"text-19 mb-2 font-bold text-black\"><strong>Sk\u0142adniki (INCI)<\/strong><\/p>\n<div class=\"text-14 text-black scroll-spy-section\">\n<p>Aqua (Water), Sodium Myristoyl Sarco- sinate, Disodium Cocoamphodiacetate, Lauryl Glucoside, Sodium Chloride, Olivamidopropyl Betaine** Cocamido- propyl Betaine, Hydrolyzed Rice Protein (<em><strong>hydrolizat protein ry\u017cu<\/strong><\/em>), Hibiscus Sabdariffa Flower Extract* (<strong><em>hydrolizowany ekstrakt z hibiskusa<\/em><\/strong>), Oryza Sativa (Rice) Extract*(<strong><em>wyciag z ry\u017cu siewnego<\/em><\/strong>), Caprylyl- \/Capryl Glucoside, Glycerin, Citric Acid, Parfum (Fragrance), Sodium Benzoate, Potassium Sorbate, Benzyl Alcohol.<\/p>\n<p>*\u00a0Z rolnictwa ekologicznego<\/p>\n<p>**\u00a0Tensioaktywna ekologiczna oliwa z oliwek<\/p>\n<\/div>\n<h2 class=\"text-19 mb-2 font-bold text-black\">Dodatkowe informacje<\/h2>\n<div class=\"text-14 text-black scroll-spy-section\">\n<p>Produkt by\u0142 testowany dermatologicznie na sk\u00f3rze wra\u017cliwej.<br \/>\nZawiera tylko naturalne \u015brodki konserwuj\u0105ce lub identyczne z naturalnymi.<br \/>\nTestowany na zawarto\u015b\u0107 metali ci\u0119\u017ckich takich jak nikiel,\u00a0<a href=\"https:\/\/gemini.pl\/kategoria\/zdrowie\/witaminy-i-mineraly\/mineraly\/chrom\">chrom<\/a>\u00a0czy kobalt (zawarto\u015b\u0107 poni\u017cej 0,4 ppm).<br \/>\nO fizjologicznym pH sk\u00f3ry dziecka.<br \/>\nNietestowany na zwierz\u0119tach.<\/p>\n<\/div>","protected":false},"excerpt":{"rendered":"<p>Opis Produktu Ten delikatny szampon i p\u0142yn do k\u0105pieli zosta\u0142 stworzony specjalnie dla dzieci. Zawiera wyci\u0105g z hibiskusa oraz proteiny ry\u017cu otrzymane z biologicznych upraw, co sprawia, \u017ce jest bogaty w sk\u0142adniki od\u017cywcze dla sk\u00f3ry i w\u0142os\u00f3w dziecka. Ponadto, pH tego produktu jest zbli\u017cone do fizjologicznego pH sk\u00f3ry dziecka, co minimalizuje ryzyko podra\u017cnie\u0144 i alergii. [&hellip;]<\/p>","protected":false},"featured_media":446,"template":"","meta":{"site-sidebar-layout":"default","site-content-layout":"","ast-site-content-layout":"default","site-content-style":"default","site-sidebar-style":"default","ast-global-header-display":"","ast-banner-title-visibility":"","ast-main-header-display":"","ast-hfb-above-header-display":"","ast-hfb-below-header-display":"","ast-hfb-mobile-header-display":"","site-post-title":"","ast-breadcrumbs-content":"","ast-featured-img":"","footer-sml-layout":"","theme-transparent-header-meta":"default","adv-header-id-meta":"","stick-header-meta":"","header-above-stick-meta":"","header-main-stick-meta":"","header-below-stick-meta":"","astra-migrate-meta-layouts":"set","ast-page-background-enabled":"default","ast-page-background-meta":{"desktop":{"background-color":"var(--ast-global-color-4)","background-image":"","background-repeat":"repeat","background-position":"center center","background-size":"auto","background-attachment":"scroll","background-type":"","background-media":"","overlay-type":"","overlay-color":"","overlay-opacity":"","overlay-gradient":""},"tablet":{"background-color":"","background-image":"","background-repeat":"repeat","background-position":"center center","background-size":"auto","background-attachment":"scroll","background-type":"","background-media":"","overlay-type":"","overlay-color":"","overlay-opacity":"","overlay-gradient":""},"mobile":{"background-color":"","background-image":"","background-repeat":"repeat","background-position":"center center","background-size":"auto","background-attachment":"scroll","background-type":"","background-media":"","overlay-type":"","overlay-color":"","overlay-opacity":"","overlay-gradient":""}},"ast-content-background-meta":{"desktop":{"background-color":"var(--ast-global-color-5)","background-image":"","background-repeat":"repeat","background-position":"center center","background-size":"auto","background-attachment":"scroll","background-type":"","background-media":"","overlay-type":"","overlay-color":"","overlay-opacity":"","overlay-gradient":""},"tablet":{"background-color":"var(--ast-global-color-5)","background-image":"","background-repeat":"repeat","background-position":"center center","background-size":"auto","background-attachment":"scroll","background-type":"","background-media":"","overlay-type":"","overlay-color":"","overlay-opacity":"","overlay-gradient":""},"mobile":{"background-color":"var(--ast-global-color-5)","background-image":"","background-repeat":"repeat","background-position":"center center","background-size":"auto","background-attachment":"scroll","background-type":"","background-media":"","overlay-type":"","overlay-color":"","overlay-opacity":"","overlay-gradient":""}}},"product_cat":[71],"product_tag":[],"class_list":{"0":"post-397","1":"product","2":"type-product","3":"status-publish","4":"has-post-thumbnail","6":"product_cat-kosmetyki-organiczne-naturalne","7":"desktop-align-center","8":"tablet-align-left","9":"mobile-align-left","11":"first","12":"onbackorder","13":"purchasable","14":"product-type-simple"},"_links":{"self":[{"href":"https:\/\/los-odpowiedzialni-spolecznie.pl\/en\/wp-json\/wp\/v2\/product\/397","targetHints":{"allow":["GET"]}}],"collection":[{"href":"https:\/\/los-odpowiedzialni-spolecznie.pl\/en\/wp-json\/wp\/v2\/product"}],"about":[{"href":"https:\/\/los-odpowiedzialni-spolecznie.pl\/en\/wp-json\/wp\/v2\/types\/product"}],"wp:featuredmedia":[{"embeddable":true,"href":"https:\/\/los-odpowiedzialni-spolecznie.pl\/en\/wp-json\/wp\/v2\/media\/446"}],"wp:attachment":[{"href":"https:\/\/los-odpowiedzialni-spolecznie.pl\/en\/wp-json\/wp\/v2\/media?parent=397"}],"wp:term":[{"taxonomy":"product_cat","embeddable":true,"href":"https:\/\/los-odpowiedzialni-spolecznie.pl\/en\/wp-json\/wp\/v2\/product_cat?post=397"},{"taxonomy":"product_tag","embeddable":true,"href":"https:\/\/los-odpowiedzialni-spolecznie.pl\/en\/wp-json\/wp\/v2\/product_tag?post=397"}],"curies":[{"name":"wp","href":"https:\/\/api.w.org\/{rel}","templated":true}]}}