{"id":396,"date":"2024-12-23T15:41:20","date_gmt":"2024-12-23T14:41:20","guid":{"rendered":"https:\/\/los-odpowiedzialni-spolecznie.pl\/?post_type=product&#038;p=396"},"modified":"2024-12-23T15:42:36","modified_gmt":"2024-12-23T14:42:36","slug":"jozka-baby-delikatny-plyn-do-mycia-ciala-i-wloskow-300ml","status":"publish","type":"product","link":"https:\/\/los-odpowiedzialni-spolecznie.pl\/en\/sklep\/produkty-higieniczne\/kosmetyki-organiczne-naturalne\/jozka-baby-delikatny-plyn-do-mycia-ciala-i-wloskow-300ml\/","title":{"rendered":"Jozka baby delikatny p\u0142yn do mycia  cia\u0142a i w\u0142osk\u00f3w 300ml"},"content":{"rendered":"<h3>Opis Produktu<\/h3>\n<p><strong>Delikatny p\u0142yn do mycia cia\u0142a i w\u0142os\u00f3w dla dzieci 300 ml B\u0141AWATEK \u015aLAZ OWIES<br \/>\n<\/strong><\/p>\n<p>&#8211; Produkt wega\u0144ski, 98% sk\u0142adnik\u00f3w pochodzenia naturalnego, Certyfikat ECOCERT<\/p>\n<p>P\u0142yn do mycia cia\u0142a i w\u0142os\u00f3w dziecka, stworzony na bazie najdelikatniejszych substancji myj\u0105cych. \u0141agodnie oczyszcza, piel\u0119gnuje i utrzymuje nawil\u017cenie wra\u017cliwej sk\u00f3ry. Odpowiedni od pierwszych dni \u017cycia.<\/p>\n<p>Delikatny p\u0142yn do mycia cia\u0142a i w\u0142os\u00f3w dla dzieci otrzyma\u0142 nagrod\u0119\u00a0<em>Diamenty Beauty 2023<\/em>. Przeczytaj dlaczego to w\u0142a\u015bnie nasz produkt zosta\u0142 wyr\u00f3\u017cniony przez portal kosmetyczny\u00a0<em class=\"elementor-motion-effects-parent\">Trusted Cosmetics<\/em>.\u00a0<a href=\"https:\/\/www.trustedcosmetics.pl\/diamenty-beauty-2023-seria-kosmetykow-dla-dzieci-i-niemowlat-jozka-baby\/\" target=\"_blank\" rel=\"noopener\"><strong>Kliknij tutaj.<\/strong><\/a><\/p>\n<p><strong>Przeznaczenie<\/strong><br \/>\nCodzienne, \u0142agodne oczyszczanie oraz piel\u0119gnacja w\u0142os\u00f3w i sk\u00f3ry dziecka.<\/p>\n<p><b>Stosowanie<\/b><br \/>\nNiewielk\u0105 ilo\u015b\u0107 p\u0142ynu dodaj do wody do k\u0105pieli, na\u0142\u00f3\u017c na w\u0142osy lub bezpo\u015brednio na sk\u00f3r\u0119, a nast\u0119pnie dok\u0142adnie sp\u0142ucz wod\u0105. Wstrz\u0105\u015bnij przed u\u017cyciem.<\/p>\n<h3 class=\"tab-title\">Dodatkowe informacje<\/h3>\n<div class=\"resetcss\">\n<p><strong>To dzi\u0119ki tym sk\u0142adnikom nasz p\u0142yn jest tak skuteczny:<br \/>\n<\/strong><br \/>\n<strong>Ekstrakt ze \u015blazu*<\/strong>\u00a0&#8211; dzi\u0119ki wysokiej zawarto\u015bci zwi\u0105zk\u00f3w \u015bluzowych chroni, nawil\u017ca i koi sk\u00f3r\u0119.<\/p>\n<p><strong>Ekstrakt z b\u0142awatka* &#8211;\u00a0<\/strong>Zmniejsza zaczerwienienia, silnie nawil\u017ca i wyg\u0142adza sk\u00f3r\u0119, przyspiesza regeneracj\u0119 nask\u00f3rka.<\/p>\n<p><strong>Ekstrakt z melisy* &#8211;<\/strong>\u00a0\u0141agodzi podra\u017cnienia, dzia\u0142a przeciwzapalnie i antyoksydacyjnie.<\/p>\n<p><strong>Sok z owsa* &#8211;<\/strong>\u00a0Silnie regeneruje, zmi\u0119kcza i nawil\u017ca sk\u00f3r\u0119. Wykazuje w\u0142a\u015bciwo\u015bci koj\u0105ce i \u0142agodz\u0105ce podra\u017cnienia.<\/p>\n<p><strong>Sok z owocu pigwowca japo\u0144skiego* &#8211;<\/strong>\u00a0Wykazuje du\u017c\u0105 aktywno\u015b\u0107 antyoksydacyjn\u0105, dzia\u0142a nawil\u017caj\u0105co, wyg\u0142adzaj\u0105co, \u015bci\u0105gaj\u0105co i \u0142agodzi podra\u017cnienia. Jest tak\u017ce naturalnym filtrem UV.<\/p>\n<p><em>*Te sk\u0142adniki pozyskali\u015bmy dla Ciebie z upraw organicznych.<\/em><\/p>\n<p><strong>Sk\u0142ad\/ INCI:\u00a0<\/strong>Melissa Officinalis Leaf Water, Aqua, Avena Sativa Leaf Juice, Sodium Coco-Sulfate, Glycerin, Lauryl Glucoside, Decyl Glucoside, Coco-Glucoside, Glyceryl Oleate, Sodium Lauroyl Lactylate, Malva Sylvestris Flower Extract, Centaurea Cyanus Flower Extract, Chaenomeles Japonica Fruit Juice, Tocopherol, Sclerotium Gum, Xanthan Gum, Citric Acid, Benzyl Alcohol, Dehydroacetic Acid, Sodium Benzoate, Potassium Sorbate, Sodium Hydroxide.<\/p>\n<p><strong>Obj\u0119to\u015b\u0107 netto:\u00a0<\/strong>300 ml<\/p>\n<p><strong>Kod EAN:\u00a0<\/strong>5904538030070<\/p>\n<\/div>","protected":false},"excerpt":{"rendered":"<p>Opis Produktu Delikatny p\u0142yn do mycia cia\u0142a i w\u0142os\u00f3w dla dzieci 300 ml B\u0141AWATEK \u015aLAZ OWIES &#8211; Produkt wega\u0144ski, 98% sk\u0142adnik\u00f3w pochodzenia naturalnego, Certyfikat ECOCERT P\u0142yn do mycia cia\u0142a i w\u0142os\u00f3w dziecka, stworzony na bazie najdelikatniejszych substancji myj\u0105cych. \u0141agodnie oczyszcza, piel\u0119gnuje i utrzymuje nawil\u017cenie wra\u017cliwej sk\u00f3ry. Odpowiedni od pierwszych dni \u017cycia. Delikatny p\u0142yn do mycia [&hellip;]<\/p>","protected":false},"featured_media":445,"template":"","meta":{"site-sidebar-layout":"default","site-content-layout":"","ast-site-content-layout":"default","site-content-style":"default","site-sidebar-style":"default","ast-global-header-display":"","ast-banner-title-visibility":"","ast-main-header-display":"","ast-hfb-above-header-display":"","ast-hfb-below-header-display":"","ast-hfb-mobile-header-display":"","site-post-title":"","ast-breadcrumbs-content":"","ast-featured-img":"","footer-sml-layout":"","theme-transparent-header-meta":"default","adv-header-id-meta":"","stick-header-meta":"","header-above-stick-meta":"","header-main-stick-meta":"","header-below-stick-meta":"","astra-migrate-meta-layouts":"set","ast-page-background-enabled":"default","ast-page-background-meta":{"desktop":{"background-color":"var(--ast-global-color-4)","background-image":"","background-repeat":"repeat","background-position":"center center","background-size":"auto","background-attachment":"scroll","background-type":"","background-media":"","overlay-type":"","overlay-color":"","overlay-opacity":"","overlay-gradient":""},"tablet":{"background-color":"","background-image":"","background-repeat":"repeat","background-position":"center center","background-size":"auto","background-attachment":"scroll","background-type":"","background-media":"","overlay-type":"","overlay-color":"","overlay-opacity":"","overlay-gradient":""},"mobile":{"background-color":"","background-image":"","background-repeat":"repeat","background-position":"center center","background-size":"auto","background-attachment":"scroll","background-type":"","background-media":"","overlay-type":"","overlay-color":"","overlay-opacity":"","overlay-gradient":""}},"ast-content-background-meta":{"desktop":{"background-color":"var(--ast-global-color-5)","background-image":"","background-repeat":"repeat","background-position":"center center","background-size":"auto","background-attachment":"scroll","background-type":"","background-media":"","overlay-type":"","overlay-color":"","overlay-opacity":"","overlay-gradient":""},"tablet":{"background-color":"var(--ast-global-color-5)","background-image":"","background-repeat":"repeat","background-position":"center center","background-size":"auto","background-attachment":"scroll","background-type":"","background-media":"","overlay-type":"","overlay-color":"","overlay-opacity":"","overlay-gradient":""},"mobile":{"background-color":"var(--ast-global-color-5)","background-image":"","background-repeat":"repeat","background-position":"center center","background-size":"auto","background-attachment":"scroll","background-type":"","background-media":"","overlay-type":"","overlay-color":"","overlay-opacity":"","overlay-gradient":""}}},"product_cat":[71],"product_tag":[],"class_list":{"0":"post-396","1":"product","2":"type-product","3":"status-publish","4":"has-post-thumbnail","6":"product_cat-kosmetyki-organiczne-naturalne","7":"desktop-align-center","8":"tablet-align-left","9":"mobile-align-left","11":"first","12":"onbackorder","13":"purchasable","14":"product-type-simple"},"_links":{"self":[{"href":"https:\/\/los-odpowiedzialni-spolecznie.pl\/en\/wp-json\/wp\/v2\/product\/396","targetHints":{"allow":["GET"]}}],"collection":[{"href":"https:\/\/los-odpowiedzialni-spolecznie.pl\/en\/wp-json\/wp\/v2\/product"}],"about":[{"href":"https:\/\/los-odpowiedzialni-spolecznie.pl\/en\/wp-json\/wp\/v2\/types\/product"}],"wp:featuredmedia":[{"embeddable":true,"href":"https:\/\/los-odpowiedzialni-spolecznie.pl\/en\/wp-json\/wp\/v2\/media\/445"}],"wp:attachment":[{"href":"https:\/\/los-odpowiedzialni-spolecznie.pl\/en\/wp-json\/wp\/v2\/media?parent=396"}],"wp:term":[{"taxonomy":"product_cat","embeddable":true,"href":"https:\/\/los-odpowiedzialni-spolecznie.pl\/en\/wp-json\/wp\/v2\/product_cat?post=396"},{"taxonomy":"product_tag","embeddable":true,"href":"https:\/\/los-odpowiedzialni-spolecznie.pl\/en\/wp-json\/wp\/v2\/product_tag?post=396"}],"curies":[{"name":"wp","href":"https:\/\/api.w.org\/{rel}","templated":true}]}}