{"id":395,"date":"2024-12-23T15:41:20","date_gmt":"2024-12-23T14:41:20","guid":{"rendered":"https:\/\/los-odpowiedzialni-spolecznie.pl\/?post_type=product&#038;p=395"},"modified":"2024-12-23T15:42:34","modified_gmt":"2024-12-23T14:42:34","slug":"baby-anthyllis-mydlo-bio-eco-w-plynie-300-ml","status":"publish","type":"product","link":"https:\/\/los-odpowiedzialni-spolecznie.pl\/en\/sklep\/produkty-higieniczne\/kosmetyki-organiczne-naturalne\/baby-anthyllis-mydlo-bio-eco-w-plynie-300-ml\/","title":{"rendered":"Baby Anthyllis Myd\u0142o Bio Eco W P\u0142ynie 300 Ml"},"content":{"rendered":"<h3>Opis Produktu<\/h3>\n<p><b>Baby Anthyllis &#8211; MYDE\u0141KO, MYD\u0141O BIO ECO W P\u0141YNIE DLA NIEMOWL\u0104T I DZIECI, 300 ml<\/b><\/p>\n<p>Myde\u0142ko zawiera naturalne olejki i ekstrakty ro\u015blinne, kt\u00f3re nawil\u017caj\u0105 i \u0142agodz\u0105 sk\u00f3r\u0119. Zastosowanie tego myde\u0142ka na co dzie\u0144 pozwoli utrzyma\u0107 sk\u00f3r\u0119 dziecka czyst\u0105, delikatn\u0105 i zdrow\u0105. Jest bezpieczne dla sk\u00f3ry, nie zawiera substancji dra\u017cni\u0105cych i alergicznych. Produkt jest hipoalergiczny i zosta\u0142 przebadany dermatologicznie. Mo\u017ce by\u0107 stosowany na sk\u00f3r\u0119 niemowl\u0105t i dzieci o r\u00f3\u017cnym typie sk\u00f3ry, w tym na sk\u00f3r\u0119 wra\u017cliw\u0105 i atopow\u0105.<\/p>\n<p><b>Biologiczny produkt dla Twojego dziecka.<\/b>Certyfikowany EcoBio Kosmetyk przez ICEA Numer 112 BC 04 i Lav &#8221; Stop testom na zwierz\u0119tach &#8221; dla ICEA Numer Certyfikatu 032<\/p>\n<p>Jako jeden z niewielu: testowany na zawarto\u015b\u0107 metali ci\u0119\u017ckich Nikiel, Chrom, Kobalt.<\/p>\n<p>Bez Alergen\u00f3w, np. u\u017cyty zapach to wy\u0142\u0105cznie naturalne esencje i olejki eteryczne z ekologicznych kontrolowanych upraw.<\/p>\n<ul>\n<li>Baby Anthyllis<\/li>\n<li>BEZ SLES i SLS<\/li>\n<li>BEZ MYD\u0141A<\/li>\n<li>BEZ SZTUCZNYCH BARWNIK\u00d3W<\/li>\n<li>O fizjologicznym pH dziecka (6,5 pH)<\/li>\n<\/ul>\n<h3><b>Stosowanie<\/b><\/h3>\n<p><b>Wyci\u015bnij niewielk\u0105 ilo\u015bci myd\u0142a na d\u0142onie lub inne cz\u0119\u015bci cia\u0142a wymagaj\u0105ce umycia i pocieraj a\u017c do wytworzenia piany. Sp\u0142ucz ciep\u0142\u0105 wod\u0105.<\/b><\/p>\n<h3>Sk\u0142ad<\/h3>\n<p><b><em>Sk\u0142ad wg INCI:\u00a0<\/em><em>Aqua, Sorbitol, Disodium Cocoamphodiacetate, Sodium Myristol Sarcosinate,<\/em><em>Olivamidopropyl Betaine**,\u00a0Sodium Oleoyl Isethionate**, Caprylyl\/Capryl Glucoside, Cocamidopropyl Betaine, Lauryl Glucoside, Glycerin,\u00a0Calendula Officinalis Flower Extract*,\u00a0Oryza Sativa (Rice) Extract*, Lactic Acid, Parfum (Fragrance).<\/em><\/b>* Z ekologicznych upraw<\/p>\n<h3>Pojemno\u015b\u0107<\/h3>\n<p>300ml<\/p>","protected":false},"excerpt":{"rendered":"<p>Opis Produktu Baby Anthyllis &#8211; MYDE\u0141KO, MYD\u0141O BIO ECO W P\u0141YNIE DLA NIEMOWL\u0104T I DZIECI, 300 ml Myde\u0142ko zawiera naturalne olejki i ekstrakty ro\u015blinne, kt\u00f3re nawil\u017caj\u0105 i \u0142agodz\u0105 sk\u00f3r\u0119. Zastosowanie tego myde\u0142ka na co dzie\u0144 pozwoli utrzyma\u0107 sk\u00f3r\u0119 dziecka czyst\u0105, delikatn\u0105 i zdrow\u0105. Jest bezpieczne dla sk\u00f3ry, nie zawiera substancji dra\u017cni\u0105cych i alergicznych. Produkt jest [&hellip;]<\/p>","protected":false},"featured_media":444,"template":"","meta":{"site-sidebar-layout":"default","site-content-layout":"","ast-site-content-layout":"default","site-content-style":"default","site-sidebar-style":"default","ast-global-header-display":"","ast-banner-title-visibility":"","ast-main-header-display":"","ast-hfb-above-header-display":"","ast-hfb-below-header-display":"","ast-hfb-mobile-header-display":"","site-post-title":"","ast-breadcrumbs-content":"","ast-featured-img":"","footer-sml-layout":"","theme-transparent-header-meta":"default","adv-header-id-meta":"","stick-header-meta":"","header-above-stick-meta":"","header-main-stick-meta":"","header-below-stick-meta":"","astra-migrate-meta-layouts":"set","ast-page-background-enabled":"default","ast-page-background-meta":{"desktop":{"background-color":"var(--ast-global-color-4)","background-image":"","background-repeat":"repeat","background-position":"center center","background-size":"auto","background-attachment":"scroll","background-type":"","background-media":"","overlay-type":"","overlay-color":"","overlay-opacity":"","overlay-gradient":""},"tablet":{"background-color":"","background-image":"","background-repeat":"repeat","background-position":"center center","background-size":"auto","background-attachment":"scroll","background-type":"","background-media":"","overlay-type":"","overlay-color":"","overlay-opacity":"","overlay-gradient":""},"mobile":{"background-color":"","background-image":"","background-repeat":"repeat","background-position":"center center","background-size":"auto","background-attachment":"scroll","background-type":"","background-media":"","overlay-type":"","overlay-color":"","overlay-opacity":"","overlay-gradient":""}},"ast-content-background-meta":{"desktop":{"background-color":"var(--ast-global-color-5)","background-image":"","background-repeat":"repeat","background-position":"center center","background-size":"auto","background-attachment":"scroll","background-type":"","background-media":"","overlay-type":"","overlay-color":"","overlay-opacity":"","overlay-gradient":""},"tablet":{"background-color":"var(--ast-global-color-5)","background-image":"","background-repeat":"repeat","background-position":"center center","background-size":"auto","background-attachment":"scroll","background-type":"","background-media":"","overlay-type":"","overlay-color":"","overlay-opacity":"","overlay-gradient":""},"mobile":{"background-color":"var(--ast-global-color-5)","background-image":"","background-repeat":"repeat","background-position":"center center","background-size":"auto","background-attachment":"scroll","background-type":"","background-media":"","overlay-type":"","overlay-color":"","overlay-opacity":"","overlay-gradient":""}}},"product_cat":[71],"product_tag":[],"class_list":{"0":"post-395","1":"product","2":"type-product","3":"status-publish","4":"has-post-thumbnail","6":"product_cat-kosmetyki-organiczne-naturalne","7":"desktop-align-center","8":"tablet-align-left","9":"mobile-align-left","11":"first","12":"instock","13":"purchasable","14":"product-type-simple"},"_links":{"self":[{"href":"https:\/\/los-odpowiedzialni-spolecznie.pl\/en\/wp-json\/wp\/v2\/product\/395","targetHints":{"allow":["GET"]}}],"collection":[{"href":"https:\/\/los-odpowiedzialni-spolecznie.pl\/en\/wp-json\/wp\/v2\/product"}],"about":[{"href":"https:\/\/los-odpowiedzialni-spolecznie.pl\/en\/wp-json\/wp\/v2\/types\/product"}],"wp:featuredmedia":[{"embeddable":true,"href":"https:\/\/los-odpowiedzialni-spolecznie.pl\/en\/wp-json\/wp\/v2\/media\/444"}],"wp:attachment":[{"href":"https:\/\/los-odpowiedzialni-spolecznie.pl\/en\/wp-json\/wp\/v2\/media?parent=395"}],"wp:term":[{"taxonomy":"product_cat","embeddable":true,"href":"https:\/\/los-odpowiedzialni-spolecznie.pl\/en\/wp-json\/wp\/v2\/product_cat?post=395"},{"taxonomy":"product_tag","embeddable":true,"href":"https:\/\/los-odpowiedzialni-spolecznie.pl\/en\/wp-json\/wp\/v2\/product_tag?post=395"}],"curies":[{"name":"wp","href":"https:\/\/api.w.org\/{rel}","templated":true}]}}