{"id":387,"date":"2024-12-23T15:40:57","date_gmt":"2024-12-23T14:40:57","guid":{"rendered":"https:\/\/los-odpowiedzialni-spolecznie.pl\/?post_type=product&#038;p=387"},"modified":"2024-12-23T15:42:31","modified_gmt":"2024-12-23T14:42:31","slug":"weleda-kremowy-szampon-do-wlosow-i-ciala-dla-dzieci-swieza-mieta-150-ml","status":"publish","type":"product","link":"https:\/\/los-odpowiedzialni-spolecznie.pl\/en\/sklep\/produkty-higieniczne\/kosmetyki-organiczne-naturalne\/weleda-kremowy-szampon-do-wlosow-i-ciala-dla-dzieci-swieza-mieta-150-ml\/","title":{"rendered":"WELEDA &#8211; KREMOWY SZAMPON DO W\u0141OS\u00d3W I CIA\u0141A DLA DZIECI \u015aWIE\u017bA MI\u0118TA 150 ML"},"content":{"rendered":"<h3>Opis Produktu<\/h3>\n<p class=\"h3\"><strong>Kremowy szampon do w\u0142os\u00f3w i cia\u0142a dla dzieci \u015aWIE\u017bA MI\u0118TA\u00a0WELEDA<\/strong><\/p>\n<p>Szampony Weleda 2w1 dla dzieci s\u0105 opracowane specjalnie dla delikatnej sk\u00f3ry dzieci\u0119cej, kt\u00f3ra jest cie\u0144sza i bardziej wra\u017cliwa ni\u017c sk\u00f3ra doros\u0142ych. Formu\u0142a szamponu jest \u0142agodna dla oczu i nie podra\u017cnia sk\u00f3ry.<\/p>\n<p>Szampony Weleda s\u0105 dost\u0119pne w uroczych opakowaniach z postaciami zwierz\u0105tek, kt\u00f3re sprawiaj\u0105, \u017ce codzienna k\u0105piel staje si\u0119 zabaw\u0105 i rado\u015bci\u0105 dla dziecka. Formu\u0142a szamponu w postaci g\u0119stego mleczka nawil\u017ca i od\u017cywia sk\u00f3r\u0119, sprawiaj\u0105c, \u017ce staje si\u0119 ona mi\u0119kka i elastyczna. Dodatkowo, bio-olej sezamowy chroni sk\u00f3r\u0119 i w\u0142osy przed przesuszeniem.<\/p>\n<p>Naturalne olejki eteryczne z mi\u0119ty i mandarynki nadaj\u0105 szamponowi delikatny, \u015bwie\u017cy zapach, kojarz\u0105cy si\u0119 z ciep\u0142em i bezpiecze\u0144stwem.<\/p>\n<p>Szampony Weleda s\u0105 odpowiednie dla dzieci od 3 roku \u017cycia, ale mog\u0105 by\u0107 r\u00f3wnie\u017c stosowane przez ca\u0142\u0105 rodzin\u0119. Produkty s\u0105 testowane dermatologicznie, co gwarantuje ich bezpiecze\u0144stwo i skuteczno\u015b\u0107.<\/p>\n<h3>Stosowanie<\/h3>\n<p>Nanie\u015b\u0107 na sk\u00f3r\u0119 i w\u0142osy, delikatnie wmasowa\u0107 i sp\u0142uka\u0107 wod\u0105.<\/p>\n<p><strong>Sk\u0142ad:<\/strong>\u00a0woda, olej sezamowy*, gliceryna, glukozyd kokosowy, alkohol*, glutaminian kokoilowy disodu, karagen, zapach**, olejek z li\u015bci mi\u0119ty zielonej, wyci\u0105g z kwiat\u00f3w nagietka lekarskiego*, guma ksantanowa, kwas mlekowy, glutaminian kokoilowy sodu, limonen**, linalol**, cytronelol**, geraniol**.<\/p>\n<p><strong>Sk\u0142ad INCI:\u00a0<\/strong>Water (Aqua), Sesamum Indicum (Sesame) Seed Oil*, Glycerin, Coco-Glucoside, Alcohol*, Disodium Cocoyl Glutamate,\u00a0Carrageenan,\u00a0Fragrance (Parfum)**, Mentha Viridis (Spearmint) Leaf Oil, Calendula Officinalis Flower Extract*,\u00a0Xanthan Gum, Lactic Acid, Sodium Cocoyl Glutamate, Limonene**, Linalool**, Citronellol**, Geraniol**.<\/p>\n<p>* z certyfikowanych upraw ekologicznych<br \/>\n** z naturalnych olejk\u00f3w eterycznych<\/p>\n<h3><strong>Informacje dodatkowe:<\/strong><\/h3>\n<ul>\n<li>Certyfikowany kosmetyk naturalny z zawarto\u015bci\u0105 sk\u0142adnik\u00f3w pochodz\u0105cych z\u00a0rolnictwa ekologicznego<strong>\u00a0(NaTrue).<\/strong><\/li>\n<\/ul>\n<p><strong>Producent:<\/strong>\u00a0<strong>WELEDA AG<\/strong>, Szwajcaria.<\/p>","protected":false},"excerpt":{"rendered":"<p>Opis Produktu Kremowy szampon do w\u0142os\u00f3w i cia\u0142a dla dzieci \u015aWIE\u017bA MI\u0118TA\u00a0WELEDA Szampony Weleda 2w1 dla dzieci s\u0105 opracowane specjalnie dla delikatnej sk\u00f3ry dzieci\u0119cej, kt\u00f3ra jest cie\u0144sza i bardziej wra\u017cliwa ni\u017c sk\u00f3ra doros\u0142ych. Formu\u0142a szamponu jest \u0142agodna dla oczu i nie podra\u017cnia sk\u00f3ry. Szampony Weleda s\u0105 dost\u0119pne w uroczych opakowaniach z postaciami zwierz\u0105tek, kt\u00f3re sprawiaj\u0105, [&hellip;]<\/p>","protected":false},"featured_media":443,"template":"","meta":{"site-sidebar-layout":"default","site-content-layout":"","ast-site-content-layout":"default","site-content-style":"default","site-sidebar-style":"default","ast-global-header-display":"","ast-banner-title-visibility":"","ast-main-header-display":"","ast-hfb-above-header-display":"","ast-hfb-below-header-display":"","ast-hfb-mobile-header-display":"","site-post-title":"","ast-breadcrumbs-content":"","ast-featured-img":"","footer-sml-layout":"","theme-transparent-header-meta":"default","adv-header-id-meta":"","stick-header-meta":"","header-above-stick-meta":"","header-main-stick-meta":"","header-below-stick-meta":"","astra-migrate-meta-layouts":"set","ast-page-background-enabled":"default","ast-page-background-meta":{"desktop":{"background-color":"var(--ast-global-color-4)","background-image":"","background-repeat":"repeat","background-position":"center center","background-size":"auto","background-attachment":"scroll","background-type":"","background-media":"","overlay-type":"","overlay-color":"","overlay-opacity":"","overlay-gradient":""},"tablet":{"background-color":"","background-image":"","background-repeat":"repeat","background-position":"center center","background-size":"auto","background-attachment":"scroll","background-type":"","background-media":"","overlay-type":"","overlay-color":"","overlay-opacity":"","overlay-gradient":""},"mobile":{"background-color":"","background-image":"","background-repeat":"repeat","background-position":"center center","background-size":"auto","background-attachment":"scroll","background-type":"","background-media":"","overlay-type":"","overlay-color":"","overlay-opacity":"","overlay-gradient":""}},"ast-content-background-meta":{"desktop":{"background-color":"var(--ast-global-color-5)","background-image":"","background-repeat":"repeat","background-position":"center center","background-size":"auto","background-attachment":"scroll","background-type":"","background-media":"","overlay-type":"","overlay-color":"","overlay-opacity":"","overlay-gradient":""},"tablet":{"background-color":"var(--ast-global-color-5)","background-image":"","background-repeat":"repeat","background-position":"center center","background-size":"auto","background-attachment":"scroll","background-type":"","background-media":"","overlay-type":"","overlay-color":"","overlay-opacity":"","overlay-gradient":""},"mobile":{"background-color":"var(--ast-global-color-5)","background-image":"","background-repeat":"repeat","background-position":"center center","background-size":"auto","background-attachment":"scroll","background-type":"","background-media":"","overlay-type":"","overlay-color":"","overlay-opacity":"","overlay-gradient":""}}},"product_cat":[71],"product_tag":[],"class_list":{"0":"post-387","1":"product","2":"type-product","3":"status-publish","4":"has-post-thumbnail","6":"product_cat-kosmetyki-organiczne-naturalne","7":"desktop-align-center","8":"tablet-align-left","9":"mobile-align-left","11":"first","12":"onbackorder","13":"purchasable","14":"product-type-simple"},"_links":{"self":[{"href":"https:\/\/los-odpowiedzialni-spolecznie.pl\/en\/wp-json\/wp\/v2\/product\/387","targetHints":{"allow":["GET"]}}],"collection":[{"href":"https:\/\/los-odpowiedzialni-spolecznie.pl\/en\/wp-json\/wp\/v2\/product"}],"about":[{"href":"https:\/\/los-odpowiedzialni-spolecznie.pl\/en\/wp-json\/wp\/v2\/types\/product"}],"wp:featuredmedia":[{"embeddable":true,"href":"https:\/\/los-odpowiedzialni-spolecznie.pl\/en\/wp-json\/wp\/v2\/media\/443"}],"wp:attachment":[{"href":"https:\/\/los-odpowiedzialni-spolecznie.pl\/en\/wp-json\/wp\/v2\/media?parent=387"}],"wp:term":[{"taxonomy":"product_cat","embeddable":true,"href":"https:\/\/los-odpowiedzialni-spolecznie.pl\/en\/wp-json\/wp\/v2\/product_cat?post=387"},{"taxonomy":"product_tag","embeddable":true,"href":"https:\/\/los-odpowiedzialni-spolecznie.pl\/en\/wp-json\/wp\/v2\/product_tag?post=387"}],"curies":[{"name":"wp","href":"https:\/\/api.w.org\/{rel}","templated":true}]}}