{"id":386,"date":"2024-12-23T15:40:57","date_gmt":"2024-12-23T14:40:57","guid":{"rendered":"https:\/\/los-odpowiedzialni-spolecznie.pl\/?post_type=product&#038;p=386"},"modified":"2024-12-23T15:42:27","modified_gmt":"2024-12-23T14:42:27","slug":"onlybio-baby-delikatny-szampon-i-zel-do-mycia-ciala-od-pierwszego-dnia-zycia-300-ml","status":"publish","type":"product","link":"https:\/\/los-odpowiedzialni-spolecznie.pl\/en\/sklep\/produkty-higieniczne\/kosmetyki-organiczne-naturalne\/onlybio-baby-delikatny-szampon-i-zel-do-mycia-ciala-od-pierwszego-dnia-zycia-300-ml\/","title":{"rendered":"ONLYBIO Baby Delikatny szampon i \u017cel do mycia cia\u0142a od pierwszego dnia \u017cycia 300 ml"},"content":{"rendered":"<h3>Opis Produktu<\/h3>\n<p>Delikatna formu\u0142a szamponu i \u017celu do mycia cia\u0142a zosta\u0142a opracowana specjalnie z my\u015bl\u0105 o profesjonalnej, naturalnej piel\u0119gnacji wra\u017cliwej sk\u00f3ry dzieci i niemowl\u0105t, ju\u017c od pierwszego dnia \u017cycia. EmoliBio complex intensywnie nawil\u017ca, zatrzymuje wilgo\u0107 i chroni sk\u00f3r\u0119 przed wysuszaj\u0105cym dzia\u0142aniem wody. Delikatne substancje myj\u0105ce naturalnego pochodzenia \u0142agodnie oczyszczaj\u0105, nie naruszaj\u0105c naturalnej bariery ochronnej sk\u00f3ry. Regeneruj\u0105cy olejek sezamowy stymuluje wzrost w\u0142os\u00f3w i je wzmacnia, \u0142agodzi podra\u017cnienia, pozostawiaj\u0105c sk\u00f3r\u0119 Twojego dziecka idealnie czyst\u0105 i mi\u0119kk\u0105 w dotyku. Formu\u0142a produktu nie szczypie w oczy.<\/p>\n<h4 class=\"opis-255-product-section-title\">Spos\u00f3b u\u017cycia:<\/h4>\n<p class=\"opis-255-product-opis__normal-text opis-255-product-opis__normal-text--last\">Nanie\u015b niewielk\u0105 ilo\u015b\u0107 produktu na wilgotn\u0105 sk\u00f3r\u0119 i w\u0142osy, rozprowad\u017a, a nast\u0119pnie sp\u0142ucz.<\/p>\n<p class=\"opis-255-product-opis__normal-text opis-255-product-opis__normal-text--bolder\">Ze wzgl\u0119du na wysokie st\u0119\u017cenie sk\u0142adnik\u00f3w pochodzenia naturalnego produkt mo\u017ce nieznacznie zmieni\u0107 kolor.<\/p>\n<p class=\"opis-255-product-opis__normal-text opis-255-product-opis__normal-text--big\">TESTOWANO DERMATOLOGICZNIE<\/p>\n<h4 class=\"opis-255-product-section-title\">Sk\u0142ad:<\/h4>\n<p class=\"opis-255-product-opis__normal-text opis-255-product-opis__normal-text--last\">Aqua, Sodium Cocoyl Glutamate, Coco-Glucoside, Glycerin, Xanthan Gum, Sesamum Indicum Seed Oil, Levan, Fructose, Sodium Surfactin, Sucrose, Glucose, Lactic Acid, Potassium Sorbate, Sodium Benzoate, Parfum.<\/p>\n<div class=\"opis-255-product-opis__pojemnosc-wrapp\">\n<h4 class=\"opis-255-product-section-title\">Pojemno\u015b\u0107:<\/h4>\n<p class=\"opis-255-product-section-title\">300ml<\/p>\n<\/div>","protected":false},"excerpt":{"rendered":"<p>Opis Produktu Delikatna formu\u0142a szamponu i \u017celu do mycia cia\u0142a zosta\u0142a opracowana specjalnie z my\u015bl\u0105 o profesjonalnej, naturalnej piel\u0119gnacji wra\u017cliwej sk\u00f3ry dzieci i niemowl\u0105t, ju\u017c od pierwszego dnia \u017cycia. EmoliBio complex intensywnie nawil\u017ca, zatrzymuje wilgo\u0107 i chroni sk\u00f3r\u0119 przed wysuszaj\u0105cym dzia\u0142aniem wody. Delikatne substancje myj\u0105ce naturalnego pochodzenia \u0142agodnie oczyszczaj\u0105, nie naruszaj\u0105c naturalnej bariery ochronnej sk\u00f3ry. [&hellip;]<\/p>","protected":false},"featured_media":442,"template":"","meta":{"site-sidebar-layout":"default","site-content-layout":"","ast-site-content-layout":"default","site-content-style":"default","site-sidebar-style":"default","ast-global-header-display":"","ast-banner-title-visibility":"","ast-main-header-display":"","ast-hfb-above-header-display":"","ast-hfb-below-header-display":"","ast-hfb-mobile-header-display":"","site-post-title":"","ast-breadcrumbs-content":"","ast-featured-img":"","footer-sml-layout":"","theme-transparent-header-meta":"default","adv-header-id-meta":"","stick-header-meta":"","header-above-stick-meta":"","header-main-stick-meta":"","header-below-stick-meta":"","astra-migrate-meta-layouts":"set","ast-page-background-enabled":"default","ast-page-background-meta":{"desktop":{"background-color":"var(--ast-global-color-4)","background-image":"","background-repeat":"repeat","background-position":"center center","background-size":"auto","background-attachment":"scroll","background-type":"","background-media":"","overlay-type":"","overlay-color":"","overlay-opacity":"","overlay-gradient":""},"tablet":{"background-color":"","background-image":"","background-repeat":"repeat","background-position":"center center","background-size":"auto","background-attachment":"scroll","background-type":"","background-media":"","overlay-type":"","overlay-color":"","overlay-opacity":"","overlay-gradient":""},"mobile":{"background-color":"","background-image":"","background-repeat":"repeat","background-position":"center center","background-size":"auto","background-attachment":"scroll","background-type":"","background-media":"","overlay-type":"","overlay-color":"","overlay-opacity":"","overlay-gradient":""}},"ast-content-background-meta":{"desktop":{"background-color":"var(--ast-global-color-5)","background-image":"","background-repeat":"repeat","background-position":"center center","background-size":"auto","background-attachment":"scroll","background-type":"","background-media":"","overlay-type":"","overlay-color":"","overlay-opacity":"","overlay-gradient":""},"tablet":{"background-color":"var(--ast-global-color-5)","background-image":"","background-repeat":"repeat","background-position":"center center","background-size":"auto","background-attachment":"scroll","background-type":"","background-media":"","overlay-type":"","overlay-color":"","overlay-opacity":"","overlay-gradient":""},"mobile":{"background-color":"var(--ast-global-color-5)","background-image":"","background-repeat":"repeat","background-position":"center center","background-size":"auto","background-attachment":"scroll","background-type":"","background-media":"","overlay-type":"","overlay-color":"","overlay-opacity":"","overlay-gradient":""}}},"product_cat":[71],"product_tag":[],"class_list":{"0":"post-386","1":"product","2":"type-product","3":"status-publish","4":"has-post-thumbnail","6":"product_cat-kosmetyki-organiczne-naturalne","7":"desktop-align-center","8":"tablet-align-left","9":"mobile-align-left","11":"first","12":"instock","13":"purchasable","14":"product-type-simple"},"_links":{"self":[{"href":"https:\/\/los-odpowiedzialni-spolecznie.pl\/en\/wp-json\/wp\/v2\/product\/386","targetHints":{"allow":["GET"]}}],"collection":[{"href":"https:\/\/los-odpowiedzialni-spolecznie.pl\/en\/wp-json\/wp\/v2\/product"}],"about":[{"href":"https:\/\/los-odpowiedzialni-spolecznie.pl\/en\/wp-json\/wp\/v2\/types\/product"}],"wp:featuredmedia":[{"embeddable":true,"href":"https:\/\/los-odpowiedzialni-spolecznie.pl\/en\/wp-json\/wp\/v2\/media\/442"}],"wp:attachment":[{"href":"https:\/\/los-odpowiedzialni-spolecznie.pl\/en\/wp-json\/wp\/v2\/media?parent=386"}],"wp:term":[{"taxonomy":"product_cat","embeddable":true,"href":"https:\/\/los-odpowiedzialni-spolecznie.pl\/en\/wp-json\/wp\/v2\/product_cat?post=386"},{"taxonomy":"product_tag","embeddable":true,"href":"https:\/\/los-odpowiedzialni-spolecznie.pl\/en\/wp-json\/wp\/v2\/product_tag?post=386"}],"curies":[{"name":"wp","href":"https:\/\/api.w.org\/{rel}","templated":true}]}}