{"id":385,"date":"2024-12-23T15:40:57","date_gmt":"2024-12-23T14:40:57","guid":{"rendered":"https:\/\/los-odpowiedzialni-spolecznie.pl\/?post_type=product&#038;p=385"},"modified":"2024-12-23T15:42:23","modified_gmt":"2024-12-23T14:42:23","slug":"weleda-szampon-i-plyn-do-mycia-ciala-dla-niemowlat-z-nagietkiem-lekarskim-200ml","status":"publish","type":"product","link":"https:\/\/los-odpowiedzialni-spolecznie.pl\/en\/sklep\/produkty-higieniczne\/kosmetyki-organiczne-naturalne\/weleda-szampon-i-plyn-do-mycia-ciala-dla-niemowlat-z-nagietkiem-lekarskim-200ml\/","title":{"rendered":"Weleda Szampon i P\u0142yn do mycia cia\u0142a dla niemowl\u0105t z nagietkiem lekarskim 200ml"},"content":{"rendered":"<h3>Opis Produktu<\/h3>\n<p>Dzi\u0119ki swojej delikatnej formule, szampon i \u017cel do mycia dla dzieci i niemowl\u0105t s\u0105 idealne do codziennego u\u017cytku, nie podra\u017cniaj\u0105c sk\u00f3ry i nie powoduj\u0105c uczucia szorstko\u015bci. Dodatkowo, subtelny zapach sprawia, \u017ce korzystanie z tych produkt\u00f3w staje si\u0119 przyjemnym do\u015bwiadczeniem zar\u00f3wno dla dzieci, jak i dla rodzic\u00f3w.<\/p>\n<p>Produkt jest tak\u017ce \u0142atwy w u\u017cyciu, tworz\u0105c delikatn\u0105 pian\u0119, kt\u00f3ra szybko si\u0119 sp\u0142ukuje, pozostawiaj\u0105c sk\u00f3r\u0119 i w\u0142osy dziecka czystymi i od\u017cywionymi. Szampon i \u017cel nie zawieraj\u0105 szkodliwych substancji, takich jak parabeny, SLS, SLES, ftalany czy syntetyczne barwniki, co dodatkowo czyni je bezpiecznymi dla delikatnej sk\u00f3ry dziecka.<\/p>\n<p>Dzi\u0119ki swoim w\u0142a\u015bciwo\u015bciom nawil\u017caj\u0105cym i \u0142agodz\u0105cym, szampon i \u017cel do mycia dla dzieci i niemowl\u0105t stanowi\u0105 idealne rozwi\u0105zanie dla os\u00f3b poszukuj\u0105cych naturalnych, bezpiecznych i skutecznych produkt\u00f3w do higieny swoich dzieci. Wysoka jako\u015b\u0107 sk\u0142adnik\u00f3w gwarantuje, \u017ce produkt jest \u0142agodny dla sk\u00f3ry dziecka, jednocze\u015bnie zapewniaj\u0105c promienny wygl\u0105d i zdrowy wzrost w\u0142os\u00f3w.<\/p>\n<p><strong>Sk\u0142adniki<\/strong><\/p>\n<p>woda, tenzydy cukrowe, olej migda\u0142owy, alkohol, aktywny \u015brodek myj\u0105cy na bazie aminokwasu,\u00a0<strong>olej sezamowy<\/strong>, gliceryna, karagen \u2013 mech irlandzki (naturalny \u015brodek sp\u0119czniaj\u0105cy), wyci\u0105g z kwiat\u00f3w nagietka, guma ksantanowa, kwas\u00a0<strong>mleko<\/strong>wy, mieszanina naturalnych olejk\u00f3w eterycznych<\/p>\n<p>(INCI) Water (Aqua), Coco-Glucoside, Prunus Amygdalus Dulcis (Sweet Almond) Oil, Alcohol, Disodium Cocoyl Glutamate, Sesamum Indicum (Sesame) Seed Oil, Glycerin, Chondrus Crispus (Carrageenan) Extract, Sodium Cocoyl Glutamate, Calendula Officinalis Flower Extract, Xanthan Gum, Lactic Acid, Fragrance (Parfum)*, Limonene*, Linalool*. *from natural essential oils<\/p>\n<p><strong>\u015arodki Ostro\u017cno\u015bci<\/strong><\/p>\n<p>Przy nadwra\u017cliwo\u015bci na kt\u00f3rykolwiek ze sk\u0142adnik\u00f3w produkt nie powinien by\u0107 stosowany.<\/p>\n<p><strong>Stosowanie<\/strong><\/p>\n<ul>\n<li>Na\u0142o\u017cy\u0107 niewielk\u0105 ilo\u015b\u0107 produktu\u00a0na sk\u00f3r\u0119 i w\u0142osy.<\/li>\n<li>Delikatnie spieni\u0107 i dok\u0142adnie sp\u0142uka\u0107<\/li>\n<\/ul>\n<p>&nbsp;<\/p>","protected":false},"excerpt":{"rendered":"<p>Opis Produktu Dzi\u0119ki swojej delikatnej formule, szampon i \u017cel do mycia dla dzieci i niemowl\u0105t s\u0105 idealne do codziennego u\u017cytku, nie podra\u017cniaj\u0105c sk\u00f3ry i nie powoduj\u0105c uczucia szorstko\u015bci. Dodatkowo, subtelny zapach sprawia, \u017ce korzystanie z tych produkt\u00f3w staje si\u0119 przyjemnym do\u015bwiadczeniem zar\u00f3wno dla dzieci, jak i dla rodzic\u00f3w. Produkt jest tak\u017ce \u0142atwy w u\u017cyciu, tworz\u0105c [&hellip;]<\/p>","protected":false},"featured_media":434,"template":"","meta":{"site-sidebar-layout":"default","site-content-layout":"","ast-site-content-layout":"default","site-content-style":"default","site-sidebar-style":"default","ast-global-header-display":"","ast-banner-title-visibility":"","ast-main-header-display":"","ast-hfb-above-header-display":"","ast-hfb-below-header-display":"","ast-hfb-mobile-header-display":"","site-post-title":"","ast-breadcrumbs-content":"","ast-featured-img":"","footer-sml-layout":"","theme-transparent-header-meta":"default","adv-header-id-meta":"","stick-header-meta":"","header-above-stick-meta":"","header-main-stick-meta":"","header-below-stick-meta":"","astra-migrate-meta-layouts":"set","ast-page-background-enabled":"default","ast-page-background-meta":{"desktop":{"background-color":"var(--ast-global-color-4)","background-image":"","background-repeat":"repeat","background-position":"center center","background-size":"auto","background-attachment":"scroll","background-type":"","background-media":"","overlay-type":"","overlay-color":"","overlay-opacity":"","overlay-gradient":""},"tablet":{"background-color":"","background-image":"","background-repeat":"repeat","background-position":"center center","background-size":"auto","background-attachment":"scroll","background-type":"","background-media":"","overlay-type":"","overlay-color":"","overlay-opacity":"","overlay-gradient":""},"mobile":{"background-color":"","background-image":"","background-repeat":"repeat","background-position":"center center","background-size":"auto","background-attachment":"scroll","background-type":"","background-media":"","overlay-type":"","overlay-color":"","overlay-opacity":"","overlay-gradient":""}},"ast-content-background-meta":{"desktop":{"background-color":"var(--ast-global-color-5)","background-image":"","background-repeat":"repeat","background-position":"center center","background-size":"auto","background-attachment":"scroll","background-type":"","background-media":"","overlay-type":"","overlay-color":"","overlay-opacity":"","overlay-gradient":""},"tablet":{"background-color":"var(--ast-global-color-5)","background-image":"","background-repeat":"repeat","background-position":"center center","background-size":"auto","background-attachment":"scroll","background-type":"","background-media":"","overlay-type":"","overlay-color":"","overlay-opacity":"","overlay-gradient":""},"mobile":{"background-color":"var(--ast-global-color-5)","background-image":"","background-repeat":"repeat","background-position":"center center","background-size":"auto","background-attachment":"scroll","background-type":"","background-media":"","overlay-type":"","overlay-color":"","overlay-opacity":"","overlay-gradient":""}}},"product_cat":[71],"product_tag":[],"class_list":{"0":"post-385","1":"product","2":"type-product","3":"status-publish","4":"has-post-thumbnail","6":"product_cat-kosmetyki-organiczne-naturalne","7":"desktop-align-center","8":"tablet-align-left","9":"mobile-align-left","11":"first","12":"instock","13":"purchasable","14":"product-type-simple"},"_links":{"self":[{"href":"https:\/\/los-odpowiedzialni-spolecznie.pl\/en\/wp-json\/wp\/v2\/product\/385","targetHints":{"allow":["GET"]}}],"collection":[{"href":"https:\/\/los-odpowiedzialni-spolecznie.pl\/en\/wp-json\/wp\/v2\/product"}],"about":[{"href":"https:\/\/los-odpowiedzialni-spolecznie.pl\/en\/wp-json\/wp\/v2\/types\/product"}],"wp:featuredmedia":[{"embeddable":true,"href":"https:\/\/los-odpowiedzialni-spolecznie.pl\/en\/wp-json\/wp\/v2\/media\/434"}],"wp:attachment":[{"href":"https:\/\/los-odpowiedzialni-spolecznie.pl\/en\/wp-json\/wp\/v2\/media?parent=385"}],"wp:term":[{"taxonomy":"product_cat","embeddable":true,"href":"https:\/\/los-odpowiedzialni-spolecznie.pl\/en\/wp-json\/wp\/v2\/product_cat?post=385"},{"taxonomy":"product_tag","embeddable":true,"href":"https:\/\/los-odpowiedzialni-spolecznie.pl\/en\/wp-json\/wp\/v2\/product_tag?post=385"}],"curies":[{"name":"wp","href":"https:\/\/api.w.org\/{rel}","templated":true}]}}