{"id":384,"date":"2024-12-23T15:40:57","date_gmt":"2024-12-23T14:40:57","guid":{"rendered":"https:\/\/los-odpowiedzialni-spolecznie.pl\/?post_type=product&#038;p=384"},"modified":"2024-12-23T15:42:20","modified_gmt":"2024-12-23T14:42:20","slug":"pielegnujace-maselko-dla-dzieci-z-kompleksem-olejowym-90-ml","status":"publish","type":"product","link":"https:\/\/los-odpowiedzialni-spolecznie.pl\/en\/sklep\/produkty-higieniczne\/kosmetyki-organiczne-naturalne\/pielegnujace-maselko-dla-dzieci-z-kompleksem-olejowym-90-ml\/","title":{"rendered":"Piel\u0119gnuj\u0105ce mase\u0142ko dla dzieci z kompleksem olejowym 90 ml"},"content":{"rendered":"<h3>Opis Produktu<\/h3>\n<p><strong>Piel\u0119gnuj\u0105ce mase\u0142ko dla dzieci z ochronnym kompleksem olejowym 90 ml<br \/>\n<\/strong><\/p>\n<p>&#8211; 100% sk\u0142adnik\u00f3w pochodzenia naturalnego, Certyfikat ECOCERT<\/p>\n<p>Delikatne mase\u0142ko wzbogacone naszym autorskim, ochronnym kompleksem olejowym Dar Otulenia. Stworzyli\u015bmy go z bukietu najdelikatniejszych, naturalnych zi\u00f3\u0142 &#8211; pi\u0119ciornika, melisy, nagietka, babki lancetowatej i arniki. Maceruj\u0105c zio\u0142a w ekologicznym oleju lnianym, stworzyli\u015bmy jedyn\u0105 w swoim rodzaju, od\u017cywczo-\u0142agodz\u0105c\u0105 formu\u0142\u0119, kt\u00f3ra zadba o zdrowie sk\u00f3ry Twojego dziecka.<\/p>\n<p>Produkt nie posiada dodatku kompozycji zapachowej. Za jego delikatny, przyjemny zapach odpowiadaj\u0105 wy\u0142\u0105cznie naturalne, zio\u0142owe i olejowe sk\u0142adniki.<\/p>\n<p><strong>Przeznaczenie<\/strong><br \/>\nCodzienna piel\u0119gnacja i ochrona wra\u017cliwej sk\u00f3ry dziecka przed odparzeniami i podra\u017cnieniami. Polecamy do stosowania tak\u017ce osobom doros\u0142ym, jako bogaty, od\u017cywczy krem na przesuszone cz\u0119\u015bci cia\u0142a, podra\u017cnione i suche d\u0142onie oraz spierzchni\u0119te usta. Mase\u0142ko mo\u017ce tak\u017ce pe\u0142ni\u0107 funkcj\u0119 kremu zimowego (chroni\u0105cego przed wiatrem i nisk\u0105 temperatur\u0105) dla dzieci i doros\u0142ych.<\/p>\n<p><strong>Jak i kiedy stosowa\u0107<\/strong><br \/>\nNanie\u015b r\u00f3wnomiernie na sk\u00f3r\u0119 dziecka cienk\u0105 warstw\u0119 mase\u0142ka, delikatnie wmasuj. Pozostaw do wch\u0142oni\u0119cia.<\/p>\n<h3>Dodatkowe informacje<\/h3>\n<p><strong>To dzi\u0119ki tum sk\u0142adnikom\u00a0 mase\u0142ko jest tak skuteczne<\/strong> &#8211; wyci\u0105g z pi\u0119ciornika kurzego ziela w oleju lnianym, wyci\u0105g z li\u015bci melisy lekarskiej w oleju lnianym, wyci\u0105g z kwiat\u00f3w nagietka w oleju lnianym, wyci\u0105g z li\u015bci babki lancetowatej w oleju lnianym, wyci\u0105g z kwiat\u00f3w arniki g\u00f3rskiej w oleju lnianym, mas\u0142o shea, olej z nasion lnu, wosk pszczeli, olej z nasion wiesio\u0142ka, olej z nasion lnianki siewnej, olej z konopi siewnej, olej z nasion s\u0142onecznika, olej z nasion marchwi.<\/p>\n<p>Te sk\u0142adniki wykazuj\u0105 r\u00f3\u017cne dzia\u0142ania, takie jak przeciwzapalne, \u0142agodz\u0105ce podra\u017cnienia, regeneruj\u0105ce sk\u00f3r\u0119, nawil\u017caj\u0105ce, wyg\u0142adzaj\u0105ce i chroni\u0105ce przed utrat\u0105 wody. Przyk\u0142adowo, wyci\u0105g z pi\u0119ciornika kurzego ziela ma dzia\u0142anie przeciwzapalne i regeneruj\u0105ce, wyci\u0105g z li\u015bci melisy lekarskiej dzia\u0142a jako naturalny antyoksydant i ma w\u0142a\u015bciwo\u015bci sebostatyczne, a olej z nasion marchwi poprawia elastyczno\u015b\u0107 sk\u00f3ry. Dzi\u0119ki tej kombinacji sk\u0142adnik\u00f3w, mase\u0142ko jest skuteczne w piel\u0119gnacji sk\u00f3ry.<\/p>","protected":false},"excerpt":{"rendered":"<p>Opis Produktu Piel\u0119gnuj\u0105ce mase\u0142ko dla dzieci z ochronnym kompleksem olejowym 90 ml &#8211; 100% sk\u0142adnik\u00f3w pochodzenia naturalnego, Certyfikat ECOCERT Delikatne mase\u0142ko wzbogacone naszym autorskim, ochronnym kompleksem olejowym Dar Otulenia. Stworzyli\u015bmy go z bukietu najdelikatniejszych, naturalnych zi\u00f3\u0142 &#8211; pi\u0119ciornika, melisy, nagietka, babki lancetowatej i arniki. Maceruj\u0105c zio\u0142a w ekologicznym oleju lnianym, stworzyli\u015bmy jedyn\u0105 w swoim rodzaju, [&hellip;]<\/p>","protected":false},"featured_media":433,"template":"","meta":{"site-sidebar-layout":"default","site-content-layout":"","ast-site-content-layout":"default","site-content-style":"default","site-sidebar-style":"default","ast-global-header-display":"","ast-banner-title-visibility":"","ast-main-header-display":"","ast-hfb-above-header-display":"","ast-hfb-below-header-display":"","ast-hfb-mobile-header-display":"","site-post-title":"","ast-breadcrumbs-content":"","ast-featured-img":"","footer-sml-layout":"","theme-transparent-header-meta":"default","adv-header-id-meta":"","stick-header-meta":"","header-above-stick-meta":"","header-main-stick-meta":"","header-below-stick-meta":"","astra-migrate-meta-layouts":"set","ast-page-background-enabled":"default","ast-page-background-meta":{"desktop":{"background-color":"var(--ast-global-color-4)","background-image":"","background-repeat":"repeat","background-position":"center center","background-size":"auto","background-attachment":"scroll","background-type":"","background-media":"","overlay-type":"","overlay-color":"","overlay-opacity":"","overlay-gradient":""},"tablet":{"background-color":"","background-image":"","background-repeat":"repeat","background-position":"center center","background-size":"auto","background-attachment":"scroll","background-type":"","background-media":"","overlay-type":"","overlay-color":"","overlay-opacity":"","overlay-gradient":""},"mobile":{"background-color":"","background-image":"","background-repeat":"repeat","background-position":"center center","background-size":"auto","background-attachment":"scroll","background-type":"","background-media":"","overlay-type":"","overlay-color":"","overlay-opacity":"","overlay-gradient":""}},"ast-content-background-meta":{"desktop":{"background-color":"var(--ast-global-color-5)","background-image":"","background-repeat":"repeat","background-position":"center center","background-size":"auto","background-attachment":"scroll","background-type":"","background-media":"","overlay-type":"","overlay-color":"","overlay-opacity":"","overlay-gradient":""},"tablet":{"background-color":"var(--ast-global-color-5)","background-image":"","background-repeat":"repeat","background-position":"center center","background-size":"auto","background-attachment":"scroll","background-type":"","background-media":"","overlay-type":"","overlay-color":"","overlay-opacity":"","overlay-gradient":""},"mobile":{"background-color":"var(--ast-global-color-5)","background-image":"","background-repeat":"repeat","background-position":"center center","background-size":"auto","background-attachment":"scroll","background-type":"","background-media":"","overlay-type":"","overlay-color":"","overlay-opacity":"","overlay-gradient":""}}},"product_cat":[71],"product_tag":[],"class_list":{"0":"post-384","1":"product","2":"type-product","3":"status-publish","4":"has-post-thumbnail","6":"product_cat-kosmetyki-organiczne-naturalne","7":"desktop-align-center","8":"tablet-align-left","9":"mobile-align-left","11":"first","12":"onbackorder","13":"purchasable","14":"product-type-simple"},"_links":{"self":[{"href":"https:\/\/los-odpowiedzialni-spolecznie.pl\/en\/wp-json\/wp\/v2\/product\/384","targetHints":{"allow":["GET"]}}],"collection":[{"href":"https:\/\/los-odpowiedzialni-spolecznie.pl\/en\/wp-json\/wp\/v2\/product"}],"about":[{"href":"https:\/\/los-odpowiedzialni-spolecznie.pl\/en\/wp-json\/wp\/v2\/types\/product"}],"wp:featuredmedia":[{"embeddable":true,"href":"https:\/\/los-odpowiedzialni-spolecznie.pl\/en\/wp-json\/wp\/v2\/media\/433"}],"wp:attachment":[{"href":"https:\/\/los-odpowiedzialni-spolecznie.pl\/en\/wp-json\/wp\/v2\/media?parent=384"}],"wp:term":[{"taxonomy":"product_cat","embeddable":true,"href":"https:\/\/los-odpowiedzialni-spolecznie.pl\/en\/wp-json\/wp\/v2\/product_cat?post=384"},{"taxonomy":"product_tag","embeddable":true,"href":"https:\/\/los-odpowiedzialni-spolecznie.pl\/en\/wp-json\/wp\/v2\/product_tag?post=384"}],"curies":[{"name":"wp","href":"https:\/\/api.w.org\/{rel}","templated":true}]}}