{"id":382,"date":"2024-12-23T15:40:57","date_gmt":"2024-12-23T14:40:57","guid":{"rendered":"https:\/\/los-odpowiedzialni-spolecznie.pl\/?post_type=product&#038;p=382"},"modified":"2024-12-23T15:42:14","modified_gmt":"2024-12-23T14:42:14","slug":"sok-kapusta-kiszona-100-eko-3l","status":"publish","type":"product","link":"https:\/\/los-odpowiedzialni-spolecznie.pl\/en\/sklep\/produkty-spozywcze\/soki-2\/sok-kapusta-kiszona-100-eko-3l\/","title":{"rendered":"Sok Kapusta kiszona 100% EKO 3l"},"content":{"rendered":"<h3>Opis Produktu<\/h3>\n<div id=\"box_description\" class=\"tab-wrap\">\n<div class=\"resetcss\">\n<p>Naturalny sok z kiszonej kapusty, pochodz\u0105cej z certyfikowanych plantacji ekologicznych. Naturalnie m\u0119tny, bez dodatku konserwant\u00f3w. Doskona\u0142y, jako codzienny nap\u00f3j oraz dodatek do smacznej, domowej zupy.<\/p>\n<p>Picie soku z kiszonej kapusty\u00a0<b>wp\u0142ywa korzystnie na uk\u0142ad trawienny \u2013 podobnie jak spo\u017cywanie kapusty kiszonej, przyspiesza przemian\u0119 materii i poprawia metabolizm<\/b>. Wszystko dzi\u0119ki zawarto\u015bci b\u0142onnika. Co wa\u017cne, sok z kiszonej kapusty przyczynia si\u0119 te\u017c do obni\u017cenia poziomu z\u0142ego cholesterolu.<\/p>\n<div class=\"attributes\">\n<div class=\"item\">\n<div class=\"attr-name\">\n<h5><strong>Sk\u0142adniki:<\/strong><\/h5>\n<\/div>\n<div class=\"attr-value\">\n<p>sok z kiszonej kapusty* 100%<\/p>\n<p>*produkt rolnictwa ekologicznego<\/p>\n<\/div>\n<\/div>\n<div class=\"item\">\n<div class=\"attr-name\">\n<h5><strong>Opakowanie:<\/strong><\/h5>\n<\/div>\n<div class=\"attr-value\">\n<p>3 l<\/p>\n<div class=\"clear\"><\/div>\n<\/div>\n<\/div>\n<\/div>\n<div class=\"order\"><\/div>\n<\/div>\n<\/div>\n<div id=\"boxdetails\" class=\"tab-wrap\">\n<h3 class=\"tab-title\">Dodatkowe informacje<\/h3>\n<div class=\"resetcss\">\n<p>sok warzywny<\/p>\n<\/div>\n<\/div>","protected":false},"excerpt":{"rendered":"<p>Opis Produktu Naturalny sok z kiszonej kapusty, pochodz\u0105cej z certyfikowanych plantacji ekologicznych. Naturalnie m\u0119tny, bez dodatku konserwant\u00f3w. Doskona\u0142y, jako codzienny nap\u00f3j oraz dodatek do smacznej, domowej zupy. Picie soku z kiszonej kapusty\u00a0wp\u0142ywa korzystnie na uk\u0142ad trawienny \u2013 podobnie jak spo\u017cywanie kapusty kiszonej, przyspiesza przemian\u0119 materii i poprawia metabolizm. Wszystko dzi\u0119ki zawarto\u015bci b\u0142onnika. Co wa\u017cne, sok [&hellip;]<\/p>","protected":false},"featured_media":431,"template":"","meta":{"site-sidebar-layout":"default","site-content-layout":"","ast-site-content-layout":"default","site-content-style":"default","site-sidebar-style":"default","ast-global-header-display":"","ast-banner-title-visibility":"","ast-main-header-display":"","ast-hfb-above-header-display":"","ast-hfb-below-header-display":"","ast-hfb-mobile-header-display":"","site-post-title":"","ast-breadcrumbs-content":"","ast-featured-img":"","footer-sml-layout":"","theme-transparent-header-meta":"default","adv-header-id-meta":"","stick-header-meta":"","header-above-stick-meta":"","header-main-stick-meta":"","header-below-stick-meta":"","astra-migrate-meta-layouts":"set","ast-page-background-enabled":"default","ast-page-background-meta":{"desktop":{"background-color":"var(--ast-global-color-4)","background-image":"","background-repeat":"repeat","background-position":"center center","background-size":"auto","background-attachment":"scroll","background-type":"","background-media":"","overlay-type":"","overlay-color":"","overlay-opacity":"","overlay-gradient":""},"tablet":{"background-color":"","background-image":"","background-repeat":"repeat","background-position":"center center","background-size":"auto","background-attachment":"scroll","background-type":"","background-media":"","overlay-type":"","overlay-color":"","overlay-opacity":"","overlay-gradient":""},"mobile":{"background-color":"","background-image":"","background-repeat":"repeat","background-position":"center center","background-size":"auto","background-attachment":"scroll","background-type":"","background-media":"","overlay-type":"","overlay-color":"","overlay-opacity":"","overlay-gradient":""}},"ast-content-background-meta":{"desktop":{"background-color":"var(--ast-global-color-5)","background-image":"","background-repeat":"repeat","background-position":"center center","background-size":"auto","background-attachment":"scroll","background-type":"","background-media":"","overlay-type":"","overlay-color":"","overlay-opacity":"","overlay-gradient":""},"tablet":{"background-color":"var(--ast-global-color-5)","background-image":"","background-repeat":"repeat","background-position":"center center","background-size":"auto","background-attachment":"scroll","background-type":"","background-media":"","overlay-type":"","overlay-color":"","overlay-opacity":"","overlay-gradient":""},"mobile":{"background-color":"var(--ast-global-color-5)","background-image":"","background-repeat":"repeat","background-position":"center center","background-size":"auto","background-attachment":"scroll","background-type":"","background-media":"","overlay-type":"","overlay-color":"","overlay-opacity":"","overlay-gradient":""}}},"product_cat":[62],"product_tag":[34],"class_list":{"0":"post-382","1":"product","2":"type-product","3":"status-publish","4":"has-post-thumbnail","6":"product_cat-soki-2","7":"product_tag-etykieta-eko","8":"desktop-align-center","9":"tablet-align-left","10":"mobile-align-left","12":"first","13":"onbackorder","14":"purchasable","15":"product-type-simple"},"_links":{"self":[{"href":"https:\/\/los-odpowiedzialni-spolecznie.pl\/en\/wp-json\/wp\/v2\/product\/382","targetHints":{"allow":["GET"]}}],"collection":[{"href":"https:\/\/los-odpowiedzialni-spolecznie.pl\/en\/wp-json\/wp\/v2\/product"}],"about":[{"href":"https:\/\/los-odpowiedzialni-spolecznie.pl\/en\/wp-json\/wp\/v2\/types\/product"}],"wp:featuredmedia":[{"embeddable":true,"href":"https:\/\/los-odpowiedzialni-spolecznie.pl\/en\/wp-json\/wp\/v2\/media\/431"}],"wp:attachment":[{"href":"https:\/\/los-odpowiedzialni-spolecznie.pl\/en\/wp-json\/wp\/v2\/media?parent=382"}],"wp:term":[{"taxonomy":"product_cat","embeddable":true,"href":"https:\/\/los-odpowiedzialni-spolecznie.pl\/en\/wp-json\/wp\/v2\/product_cat?post=382"},{"taxonomy":"product_tag","embeddable":true,"href":"https:\/\/los-odpowiedzialni-spolecznie.pl\/en\/wp-json\/wp\/v2\/product_tag?post=382"}],"curies":[{"name":"wp","href":"https:\/\/api.w.org\/{rel}","templated":true}]}}