{"id":381,"date":"2024-12-23T15:40:57","date_gmt":"2024-12-23T14:40:57","guid":{"rendered":"https:\/\/los-odpowiedzialni-spolecznie.pl\/?post_type=product&#038;p=381"},"modified":"2024-12-23T15:42:11","modified_gmt":"2024-12-23T14:42:11","slug":"sok-z-brzozy-naturalny-eko-3l","status":"publish","type":"product","link":"https:\/\/los-odpowiedzialni-spolecznie.pl\/en\/sklep\/produkty-spozywcze\/soki-2\/sok-z-brzozy-naturalny-eko-3l\/","title":{"rendered":"Sok z Brzozy naturalny EKO 3l"},"content":{"rendered":"<h3>Opis Produktu<\/h3>\n<div id=\"box_description\" class=\"tab-wrap\">\n<div class=\"resetcss\">\n<div class=\"attributes\">\n<div class=\"item\">\n<div class=\"attr-value\">\n<div class=\"clear\">\n<p>Sok z brzozy, czyli osko\u0142a, pozyskiwany jest bez szkody dla drzew, wy\u0142\u0105cznie w polskich lasach, w okolicy Puszczy Bia\u0142owieskiej. Jest to prawdopodobnie jedyny na rynku sok z polskich brz\u00f3z.<\/p>\n<h6><strong>\u00a0Na co pomaga sok z brzozy<\/strong><\/h6>\n<p>Sok z brzozy ceniony jest za liczne prozdrowotne w\u0142a\u015bciwo\u015bci. Soki pozyskiwane z pnia, li\u015bci lub p\u0105czk\u00f3w brzozy wspieraj\u0105 funkcjonowanie organizmu, wspomagaj\u0105 leczenie wielu schorze\u0144 oraz zapobiegaj\u0105 powstawaniu r\u00f3\u017cnych dolegliwo\u015bci. W\u015br\u00f3d najwa\u017cniejszych w\u0142a\u015bciwo\u015bci\u00a0<a href=\"https:\/\/www.wapteka.pl\/oleofarm-sok-z-brzozy-z-naparem-z-lisci-pokrzywy-plyn-300-ml-29437,p\">soku z brzozy<\/a>\u00a0wymienia si\u0119:<\/p>\n<ul>\n<li>wzmocnienie odporno\u015bci\u00a0\u2013 sok z brzozy wspomaga organizm w walce z wirusami, dlatego jest szczeg\u00f3lnie polecany wiosn\u0105 i jesieni\u0105, gdy wzrasta zachorowalno\u015b\u0107 na gryp\u0119 oraz inne infekcje dr\u00f3g oddechowych;<\/li>\n<li>\u0142agodzenie b\u00f3l\u00f3w reumatycznych\u00a0\u2013 w tym celu najlepiej si\u0119gn\u0105\u0107 po ma\u015b\u0107 z sokiem z brzozy;<\/li>\n<li>dzia\u0142anie przeciwb\u00f3lowe i przeciwgor\u0105czkowe\u00a0\u2013 sok z dojrzewaj\u0105cych p\u0105czk\u00f3w brzozy zmniejsza dolegliwo\u015bci b\u00f3lowe w obr\u0119bie ko\u015bci, mi\u0119\u015bni i staw\u00f3w. Pozwala r\u00f3wnie\u017c zwalcza\u0107 gor\u0105czk\u0119 towarzysz\u0105c\u0105 infekcjom wirusowym;<\/li>\n<li>przeciwdzia\u0142anie anemii\u00a0\u2013 zawarto\u015b\u0107 \u017celaza, wapnia, potasu, witamin i aminokwas\u00f3w sprawia, \u017ce sok z brzozy jest zalecany osobom zmagaj\u0105cym si\u0119 z niedokrwisto\u015bci\u0105;<\/li>\n<li>wsparcie pracy uk\u0142adu krwiono\u015bnego\u00a0\u2013 profilaktyczne spo\u017cywanie soku z brzozy pozwala zapobiega\u0107 zakrzepicy i chorobom niedokrwiennym serca;<\/li>\n<li>dzia\u0142anie moczop\u0119dne\u00a0\u2013 niweluje ryzyko tworzenia si\u0119 z\u0142og\u00f3w i kamieni moczowych;<\/li>\n<li>\u0142agodzenie dolegliwo\u015bci ze strony uk\u0142adu pokarmowego\u00a0\u2013 szczeg\u00f3lnie zwi\u0105zanych z wrzodami \u017co\u0142\u0105dka;<\/li>\n<li>wsparcie funkcjonowania w\u0105troby;<\/li>\n<li>poprawa stanu sk\u00f3ry i w\u0142os\u00f3w\u00a0\u2013 sok z brzozy pozwala zwalcza\u0107 problemy sk\u00f3rne i przyspiesza gojenie ran, natomiast stosowany jako p\u0142ukanka do w\u0142os\u00f3w wzmacnia pasma, zapobiega ich wypadaniu i przywraca im blask;<\/li>\n<li>wsparcie walki z\u00a0<a href=\"https:\/\/www.wapteka.pl\/blog\/artykul\/nadpotliwosc-jak-temu-zaradzic\">nadpotliwo\u015bci\u0105<\/a>\u00a0\u2013 zio\u0142owe k\u0105piele z brzozy s\u0105 polecane zw\u0142aszcza w przypadku nadmiernej potliwo\u015bci st\u00f3p.<\/li>\n<\/ul>\n<h5><strong>Sk\u0142adniki:<\/strong><\/h5>\n<p>sok z brzozy* 96%, sok z cytryny*.<\/p>\n<p>*produkt rolnictwa ekologicznego<\/p>\n<\/div>\n<\/div>\n<\/div>\n<div class=\"item\">\n<div class=\"attr-name\">\n<h5><strong>Opakowanie:<\/strong><\/h5>\n<\/div>\n<div class=\"attr-value\">\n<p>3 l<\/p>\n<\/div>\n<\/div>\n<\/div>\n<\/div>\n<\/div>\n<div id=\"boxdetails\" class=\"tab-wrap\">\n<h3 class=\"tab-title\">Dodatkowe informacje<\/h3>\n<p>Sok z brzozy mo\u017cna pi\u0107 samodzielnie lub z dodatkiem miodu czy soku z malin. Zaleca si\u0119 jednak, by spo\u017cywa\u0107 go na zimno, co pozwala zachowa\u0107 jak najwi\u0119cej jego cennych sk\u0142adnik\u00f3w. Sok z brzozy mo\u017ce by\u0107 tak\u017ce sk\u0142adnikiem kosmetyk\u00f3w, na przyk\u0142ad\u00a0<a href=\"https:\/\/www.wapteka.pl\/bialy-jelen-men-balsam-po-goleniu-sok-z-brzozy-75-ml-30232,p\">balsamu po goleniu<\/a>\u00a0dla m\u0119\u017cczyzn, kt\u00f3ry \u0142agodzi podra\u017cnienia i nawil\u017ca sk\u00f3r\u0119. Naturalny sok z brzozy mo\u017ce by\u0107 r\u00f3wnie\u017c stosowany jako wcierka do w\u0142os\u00f3w.<\/p>\n<div class=\"resetcss\">\n<p>z polskich las\u00f3w<\/p>\n<\/div>\n<\/div>","protected":false},"excerpt":{"rendered":"<p>Opis Produktu Sok z brzozy, czyli osko\u0142a, pozyskiwany jest bez szkody dla drzew, wy\u0142\u0105cznie w polskich lasach, w okolicy Puszczy Bia\u0142owieskiej. Jest to prawdopodobnie jedyny na rynku sok z polskich brz\u00f3z. \u00a0Na co pomaga sok z brzozy Sok z brzozy ceniony jest za liczne prozdrowotne w\u0142a\u015bciwo\u015bci. Soki pozyskiwane z pnia, li\u015bci lub p\u0105czk\u00f3w brzozy wspieraj\u0105 [&hellip;]<\/p>","protected":false},"featured_media":430,"template":"","meta":{"site-sidebar-layout":"default","site-content-layout":"","ast-site-content-layout":"default","site-content-style":"default","site-sidebar-style":"default","ast-global-header-display":"","ast-banner-title-visibility":"","ast-main-header-display":"","ast-hfb-above-header-display":"","ast-hfb-below-header-display":"","ast-hfb-mobile-header-display":"","site-post-title":"","ast-breadcrumbs-content":"","ast-featured-img":"","footer-sml-layout":"","theme-transparent-header-meta":"default","adv-header-id-meta":"","stick-header-meta":"","header-above-stick-meta":"","header-main-stick-meta":"","header-below-stick-meta":"","astra-migrate-meta-layouts":"set","ast-page-background-enabled":"default","ast-page-background-meta":{"desktop":{"background-color":"var(--ast-global-color-4)","background-image":"","background-repeat":"repeat","background-position":"center center","background-size":"auto","background-attachment":"scroll","background-type":"","background-media":"","overlay-type":"","overlay-color":"","overlay-opacity":"","overlay-gradient":""},"tablet":{"background-color":"","background-image":"","background-repeat":"repeat","background-position":"center center","background-size":"auto","background-attachment":"scroll","background-type":"","background-media":"","overlay-type":"","overlay-color":"","overlay-opacity":"","overlay-gradient":""},"mobile":{"background-color":"","background-image":"","background-repeat":"repeat","background-position":"center center","background-size":"auto","background-attachment":"scroll","background-type":"","background-media":"","overlay-type":"","overlay-color":"","overlay-opacity":"","overlay-gradient":""}},"ast-content-background-meta":{"desktop":{"background-color":"var(--ast-global-color-5)","background-image":"","background-repeat":"repeat","background-position":"center center","background-size":"auto","background-attachment":"scroll","background-type":"","background-media":"","overlay-type":"","overlay-color":"","overlay-opacity":"","overlay-gradient":""},"tablet":{"background-color":"var(--ast-global-color-5)","background-image":"","background-repeat":"repeat","background-position":"center center","background-size":"auto","background-attachment":"scroll","background-type":"","background-media":"","overlay-type":"","overlay-color":"","overlay-opacity":"","overlay-gradient":""},"mobile":{"background-color":"var(--ast-global-color-5)","background-image":"","background-repeat":"repeat","background-position":"center center","background-size":"auto","background-attachment":"scroll","background-type":"","background-media":"","overlay-type":"","overlay-color":"","overlay-opacity":"","overlay-gradient":""}}},"product_cat":[62],"product_tag":[34],"class_list":{"0":"post-381","1":"product","2":"type-product","3":"status-publish","4":"has-post-thumbnail","6":"product_cat-soki-2","7":"product_tag-etykieta-eko","8":"desktop-align-center","9":"tablet-align-left","10":"mobile-align-left","12":"first","13":"onbackorder","14":"purchasable","15":"product-type-simple"},"_links":{"self":[{"href":"https:\/\/los-odpowiedzialni-spolecznie.pl\/en\/wp-json\/wp\/v2\/product\/381","targetHints":{"allow":["GET"]}}],"collection":[{"href":"https:\/\/los-odpowiedzialni-spolecznie.pl\/en\/wp-json\/wp\/v2\/product"}],"about":[{"href":"https:\/\/los-odpowiedzialni-spolecznie.pl\/en\/wp-json\/wp\/v2\/types\/product"}],"wp:featuredmedia":[{"embeddable":true,"href":"https:\/\/los-odpowiedzialni-spolecznie.pl\/en\/wp-json\/wp\/v2\/media\/430"}],"wp:attachment":[{"href":"https:\/\/los-odpowiedzialni-spolecznie.pl\/en\/wp-json\/wp\/v2\/media?parent=381"}],"wp:term":[{"taxonomy":"product_cat","embeddable":true,"href":"https:\/\/los-odpowiedzialni-spolecznie.pl\/en\/wp-json\/wp\/v2\/product_cat?post=381"},{"taxonomy":"product_tag","embeddable":true,"href":"https:\/\/los-odpowiedzialni-spolecznie.pl\/en\/wp-json\/wp\/v2\/product_tag?post=381"}],"curies":[{"name":"wp","href":"https:\/\/api.w.org\/{rel}","templated":true}]}}