{"id":380,"date":"2024-12-23T15:40:57","date_gmt":"2024-12-23T14:40:57","guid":{"rendered":"https:\/\/los-odpowiedzialni-spolecznie.pl\/?post_type=product&#038;p=380"},"modified":"2024-12-23T15:42:09","modified_gmt":"2024-12-23T14:42:09","slug":"sok-z-brzozy-z-pigwowcem-eko-3l","status":"publish","type":"product","link":"https:\/\/los-odpowiedzialni-spolecznie.pl\/en\/sklep\/produkty-spozywcze\/soki-2\/smakowe\/sok-z-brzozy-z-pigwowcem-eko-3l\/","title":{"rendered":"Sok z Brzozy z pigwowcem EKO 3l"},"content":{"rendered":"<h3>Opis Produktu<\/h3>\n<div class=\"field clear\">\n<div class=\"content\">Brzoza jest znana i ceniona od wiek\u00f3w ze wzgl\u0119du na swoje w\u0142a\u015bciwo\u015bci. Ro\u015blina wspiera uk\u0142ad pokarmowy i prac\u0119 w\u0105troby, a tak\u017ce funkcj\u0119 wydalnicza nerek przez co wspomagaj\u0105 proces detoksykacji organizmu. Pomaga r\u00f3wnie\u017c utrzyma\u0107 prawid\u0142owy poziom cholesterolu we krwi.<br \/>\nSok z brzozy \u201eosko\u0142a\u201d zbierany jest przez ludzi wiosn\u0105, od tysi\u0119cy lat. Pozyskiwany jest w podlaskich lasach w okolicy Puszczy Bia\u0142owieskiej i jest prawdopodobnie jedynym sokiem dost\u0119pnym na rynku pochodz\u0105cym z polskich brz\u00f3z.<br \/>\nProdukt\u00a0 posiada certyfikat ekologiczny \u015bwiadcz\u0105cy o naturalnym i czystym \u015brodowisku, w kt\u00f3rym pozyskiwany jest sok.<\/div>\n<\/div>\n<div class=\"field clear\"><span style=\"font-size: 16px\">Ekologiczny sok z brzozy z dodatkiem soku z pigwowca. Nasz sok z brzozy, czyli osko\u0142a, pozyskiwany jest bez szkody dla drzew, wy\u0142\u0105cznie w polskich lasach, w okolicy Puszczy Bia\u0142owieskiej.<\/span><\/div>\n<div><\/div>\n<div id=\"box_description\" class=\"tab-wrap\">\n<div class=\"resetcss\">\n<div class=\"text\">\n<p><strong>Warto\u015b\u0107 od\u017cywcza w 100ml:<\/strong><br \/>\nWarto\u015b\u0107 energetyczna 17kJ \/ 4 kcal<br \/>\nT\u0142uszcz 0,0g<br \/>\nw tym kwasy t\u0142uszczowe nasycone 0,0g<br \/>\nW\u0119glowodany 1,0g<br \/>\nw tym cukry 0,1g<br \/>\nBia\u0142ko 0,0g<br \/>\nS\u00f3l 0,0g<\/p>\n<p><strong>Sk\u0142adniki:<br \/>\n<\/strong>sok z brzozy* 96%, sok z pigwowca*<br \/>\n*produkt rolnictwa ekologicznego<\/p>\n<p>Wytr\u0105caj\u0105cy si\u0119 osad jest naturalnym procesem i nie stanowi wady. Przed spo\u017cyciem wstrz\u0105sn\u0105\u0107.<br \/>\n<strong style=\"font-size: 1.2em\">Opakowanie:<\/strong><\/p>\n<\/div>\n<div class=\"attributes\">\n<div class=\"item\">\n<div class=\"attr-value\">\n<p>3 l<\/p>\n<\/div>\n<\/div>\n<\/div>\n<\/div>\n<\/div>\n<div id=\"boxdetails\" class=\"tab-wrap\">\n<h3 class=\"tab-title\">Dodatkowe informacje<\/h3>\n<p><strong>Przechowywanie:<\/strong><br \/>\nPrzechowywa\u0107 w suchym i ch\u0142odnym miejscu, po otwarciu w lod\u00f3wce i spo\u017cy\u0107 w ci\u0105gu 14 dni<\/p>\n<div class=\"resetcss\">\n<p>z polskich las\u00f3w<\/p>\n<\/div>\n<\/div>","protected":false},"excerpt":{"rendered":"<p>Opis Produktu Brzoza jest znana i ceniona od wiek\u00f3w ze wzgl\u0119du na swoje w\u0142a\u015bciwo\u015bci. Ro\u015blina wspiera uk\u0142ad pokarmowy i prac\u0119 w\u0105troby, a tak\u017ce funkcj\u0119 wydalnicza nerek przez co wspomagaj\u0105 proces detoksykacji organizmu. Pomaga r\u00f3wnie\u017c utrzyma\u0107 prawid\u0142owy poziom cholesterolu we krwi. Sok z brzozy \u201eosko\u0142a\u201d zbierany jest przez ludzi wiosn\u0105, od tysi\u0119cy lat. Pozyskiwany jest w [&hellip;]<\/p>","protected":false},"featured_media":429,"template":"","meta":{"site-sidebar-layout":"default","site-content-layout":"","ast-site-content-layout":"default","site-content-style":"default","site-sidebar-style":"default","ast-global-header-display":"","ast-banner-title-visibility":"","ast-main-header-display":"","ast-hfb-above-header-display":"","ast-hfb-below-header-display":"","ast-hfb-mobile-header-display":"","site-post-title":"","ast-breadcrumbs-content":"","ast-featured-img":"","footer-sml-layout":"","theme-transparent-header-meta":"default","adv-header-id-meta":"","stick-header-meta":"","header-above-stick-meta":"","header-main-stick-meta":"","header-below-stick-meta":"","astra-migrate-meta-layouts":"set","ast-page-background-enabled":"default","ast-page-background-meta":{"desktop":{"background-color":"var(--ast-global-color-4)","background-image":"","background-repeat":"repeat","background-position":"center center","background-size":"auto","background-attachment":"scroll","background-type":"","background-media":"","overlay-type":"","overlay-color":"","overlay-opacity":"","overlay-gradient":""},"tablet":{"background-color":"","background-image":"","background-repeat":"repeat","background-position":"center center","background-size":"auto","background-attachment":"scroll","background-type":"","background-media":"","overlay-type":"","overlay-color":"","overlay-opacity":"","overlay-gradient":""},"mobile":{"background-color":"","background-image":"","background-repeat":"repeat","background-position":"center center","background-size":"auto","background-attachment":"scroll","background-type":"","background-media":"","overlay-type":"","overlay-color":"","overlay-opacity":"","overlay-gradient":""}},"ast-content-background-meta":{"desktop":{"background-color":"var(--ast-global-color-5)","background-image":"","background-repeat":"repeat","background-position":"center center","background-size":"auto","background-attachment":"scroll","background-type":"","background-media":"","overlay-type":"","overlay-color":"","overlay-opacity":"","overlay-gradient":""},"tablet":{"background-color":"var(--ast-global-color-5)","background-image":"","background-repeat":"repeat","background-position":"center center","background-size":"auto","background-attachment":"scroll","background-type":"","background-media":"","overlay-type":"","overlay-color":"","overlay-opacity":"","overlay-gradient":""},"mobile":{"background-color":"var(--ast-global-color-5)","background-image":"","background-repeat":"repeat","background-position":"center center","background-size":"auto","background-attachment":"scroll","background-type":"","background-media":"","overlay-type":"","overlay-color":"","overlay-opacity":"","overlay-gradient":""}}},"product_cat":[69,62],"product_tag":[34],"class_list":{"0":"post-380","1":"product","2":"type-product","3":"status-publish","4":"has-post-thumbnail","6":"product_cat-smakowe","7":"product_cat-soki-2","8":"product_tag-etykieta-eko","9":"desktop-align-center","10":"tablet-align-left","11":"mobile-align-left","13":"first","14":"outofstock","15":"purchasable","16":"product-type-simple"},"_links":{"self":[{"href":"https:\/\/los-odpowiedzialni-spolecznie.pl\/en\/wp-json\/wp\/v2\/product\/380","targetHints":{"allow":["GET"]}}],"collection":[{"href":"https:\/\/los-odpowiedzialni-spolecznie.pl\/en\/wp-json\/wp\/v2\/product"}],"about":[{"href":"https:\/\/los-odpowiedzialni-spolecznie.pl\/en\/wp-json\/wp\/v2\/types\/product"}],"wp:featuredmedia":[{"embeddable":true,"href":"https:\/\/los-odpowiedzialni-spolecznie.pl\/en\/wp-json\/wp\/v2\/media\/429"}],"wp:attachment":[{"href":"https:\/\/los-odpowiedzialni-spolecznie.pl\/en\/wp-json\/wp\/v2\/media?parent=380"}],"wp:term":[{"taxonomy":"product_cat","embeddable":true,"href":"https:\/\/los-odpowiedzialni-spolecznie.pl\/en\/wp-json\/wp\/v2\/product_cat?post=380"},{"taxonomy":"product_tag","embeddable":true,"href":"https:\/\/los-odpowiedzialni-spolecznie.pl\/en\/wp-json\/wp\/v2\/product_tag?post=380"}],"curies":[{"name":"wp","href":"https:\/\/api.w.org\/{rel}","templated":true}]}}