{"id":367,"date":"2024-12-23T15:40:33","date_gmt":"2024-12-23T14:40:33","guid":{"rendered":"https:\/\/los-odpowiedzialni-spolecznie.pl\/?post_type=product&#038;p=367"},"modified":"2024-12-23T15:41:51","modified_gmt":"2024-12-23T14:41:51","slug":"sok-jablkowy-bio-3-l","status":"publish","type":"product","link":"https:\/\/los-odpowiedzialni-spolecznie.pl\/en\/sklep\/produkty-spozywcze\/soki-2\/smakowe\/sok-jablkowy-bio-3-l\/","title":{"rendered":"SOK JAB\u0141KOWY BIO 3 L"},"content":{"rendered":"<h3>Opis Produktu<\/h3>\n<p>SOK JAB\u0141KOWY BIO 3 L &#8211; DOLINA CZERSKA<\/p>\n<p>Sok jab\u0142kowy 100% (*certyfikowany sk\u0142adnik ekologiczny)Produkt pasteryzowany. Wstrz\u0105sn\u0105c przed spo\u017cyciem. Zawiera naturalnie wyst\u0119puj\u0105ce cukry. Smak i barwa zale\u017cy od odmiany oraz stopnia dojrza\u0142o\u015bci owoc\u00f3w. M\u0119tno\u015b\u0107 i osad s\u0105 zjawiskiem naturalnym. WARTO\u015a\u0106 OD\u017bYWCZA W 100 \u00a0 ml<\/p>\n<p><strong>Warto\u015b\u0107 energetyczna<\/strong><\/p>\n<p>195 kJ\/ 46 kcal \/ 488kJ\/115 kcal (*6%)<\/p>\n<p>WARTO\u015a\u0106 OD\u017bYWCZA W 100 \u00a0 ml<\/p>\n<p>T\u0142uszcz: 0 g \/ 0 g \/ (*0%) w tym kwasy t\u0142uszczowe nasycone: 0 g \/ 0 g (*0%) W\u0119glowodany: 11,0 g \/ 28 g\u00a0 (*11%) w tym cukry: 11,0\u00a0 g \/ 28 g (*31%) Bia\u0142ko: 0 g \/ 0 g (0%) S\u00f3l:\u00a0\u00a00 g \/ 0 g (0%) Referencyjna warto\u015b\u0107 spo\u017cycia dla przeci\u0119tnej osoby doros\u0142ej (8400 kJ\/ 2000 kcal)<\/p>\n<h4>\u00a0WARUNKI\u00a0PRZECHOWYWANIA<\/h4>\n<p>Przechowywa\u0107 w suchym i ch\u0142odnym miejscu. Po otwarciu w warunkach ch\u0142odniczych,\u00a0 spo\u017cy\u0107 w ci\u0105gu 14 dni<\/p>\n<p><strong>Opakowanie<\/strong>-3l<\/p>","protected":false},"excerpt":{"rendered":"<p>Opis Produktu SOK JAB\u0141KOWY BIO 3 L &#8211; DOLINA CZERSKA Sok jab\u0142kowy 100% (*certyfikowany sk\u0142adnik ekologiczny)Produkt pasteryzowany. Wstrz\u0105sn\u0105c przed spo\u017cyciem. Zawiera naturalnie wyst\u0119puj\u0105ce cukry. Smak i barwa zale\u017cy od odmiany oraz stopnia dojrza\u0142o\u015bci owoc\u00f3w. M\u0119tno\u015b\u0107 i osad s\u0105 zjawiskiem naturalnym. WARTO\u015a\u0106 OD\u017bYWCZA W 100 \u00a0 ml Warto\u015b\u0107 energetyczna 195 kJ\/ 46 kcal \/ 488kJ\/115 kcal [&hellip;]<\/p>","protected":false},"featured_media":417,"template":"","meta":{"site-sidebar-layout":"default","site-content-layout":"","ast-site-content-layout":"default","site-content-style":"default","site-sidebar-style":"default","ast-global-header-display":"","ast-banner-title-visibility":"","ast-main-header-display":"","ast-hfb-above-header-display":"","ast-hfb-below-header-display":"","ast-hfb-mobile-header-display":"","site-post-title":"","ast-breadcrumbs-content":"","ast-featured-img":"","footer-sml-layout":"","theme-transparent-header-meta":"default","adv-header-id-meta":"","stick-header-meta":"","header-above-stick-meta":"","header-main-stick-meta":"","header-below-stick-meta":"","astra-migrate-meta-layouts":"set","ast-page-background-enabled":"default","ast-page-background-meta":{"desktop":{"background-color":"var(--ast-global-color-4)","background-image":"","background-repeat":"repeat","background-position":"center center","background-size":"auto","background-attachment":"scroll","background-type":"","background-media":"","overlay-type":"","overlay-color":"","overlay-opacity":"","overlay-gradient":""},"tablet":{"background-color":"","background-image":"","background-repeat":"repeat","background-position":"center center","background-size":"auto","background-attachment":"scroll","background-type":"","background-media":"","overlay-type":"","overlay-color":"","overlay-opacity":"","overlay-gradient":""},"mobile":{"background-color":"","background-image":"","background-repeat":"repeat","background-position":"center center","background-size":"auto","background-attachment":"scroll","background-type":"","background-media":"","overlay-type":"","overlay-color":"","overlay-opacity":"","overlay-gradient":""}},"ast-content-background-meta":{"desktop":{"background-color":"var(--ast-global-color-5)","background-image":"","background-repeat":"repeat","background-position":"center center","background-size":"auto","background-attachment":"scroll","background-type":"","background-media":"","overlay-type":"","overlay-color":"","overlay-opacity":"","overlay-gradient":""},"tablet":{"background-color":"var(--ast-global-color-5)","background-image":"","background-repeat":"repeat","background-position":"center center","background-size":"auto","background-attachment":"scroll","background-type":"","background-media":"","overlay-type":"","overlay-color":"","overlay-opacity":"","overlay-gradient":""},"mobile":{"background-color":"var(--ast-global-color-5)","background-image":"","background-repeat":"repeat","background-position":"center center","background-size":"auto","background-attachment":"scroll","background-type":"","background-media":"","overlay-type":"","overlay-color":"","overlay-opacity":"","overlay-gradient":""}}},"product_cat":[69,62],"product_tag":[70],"class_list":{"0":"post-367","1":"product","2":"type-product","3":"status-publish","4":"has-post-thumbnail","6":"product_cat-smakowe","7":"product_cat-soki-2","8":"product_tag-eko","9":"desktop-align-center","10":"tablet-align-left","11":"mobile-align-left","13":"first","14":"onbackorder","15":"purchasable","16":"product-type-simple"},"_links":{"self":[{"href":"https:\/\/los-odpowiedzialni-spolecznie.pl\/en\/wp-json\/wp\/v2\/product\/367","targetHints":{"allow":["GET"]}}],"collection":[{"href":"https:\/\/los-odpowiedzialni-spolecznie.pl\/en\/wp-json\/wp\/v2\/product"}],"about":[{"href":"https:\/\/los-odpowiedzialni-spolecznie.pl\/en\/wp-json\/wp\/v2\/types\/product"}],"wp:featuredmedia":[{"embeddable":true,"href":"https:\/\/los-odpowiedzialni-spolecznie.pl\/en\/wp-json\/wp\/v2\/media\/417"}],"wp:attachment":[{"href":"https:\/\/los-odpowiedzialni-spolecznie.pl\/en\/wp-json\/wp\/v2\/media?parent=367"}],"wp:term":[{"taxonomy":"product_cat","embeddable":true,"href":"https:\/\/los-odpowiedzialni-spolecznie.pl\/en\/wp-json\/wp\/v2\/product_cat?post=367"},{"taxonomy":"product_tag","embeddable":true,"href":"https:\/\/los-odpowiedzialni-spolecznie.pl\/en\/wp-json\/wp\/v2\/product_tag?post=367"}],"curies":[{"name":"wp","href":"https:\/\/api.w.org\/{rel}","templated":true}]}}