{"id":366,"date":"2024-12-23T15:40:33","date_gmt":"2024-12-23T14:40:33","guid":{"rendered":"https:\/\/los-odpowiedzialni-spolecznie.pl\/?post_type=product&#038;p=366"},"modified":"2024-12-23T15:41:47","modified_gmt":"2024-12-23T14:41:47","slug":"sok-jablkowo-wisniowy-nfc-bio-3-l","status":"publish","type":"product","link":"https:\/\/los-odpowiedzialni-spolecznie.pl\/en\/sklep\/produkty-spozywcze\/soki-2\/smakowe\/sok-jablkowo-wisniowy-nfc-bio-3-l\/","title":{"rendered":"SOK JAB\u0141KOWO &#8211; WI\u015aNIOWY NFC BIO 3 L"},"content":{"rendered":"<h3>Opis Produktu<\/h3>\n<p>SOK JAB\u0141KOWO &#8211; WI\u015aNIOWY NFC BIO 3 L &#8211; DOLINA CZERSKA<\/p>\n<p>Produkt pasteryzowany. Zawiera naturalnie wyst\u0119puj\u0105ce cukry. Smak i barwa zale\u017cy od odmiany oraz stopnia dojrza\u0142o\u015bci owoc\u00f3w. M\u0119tno\u015b\u0107 i osad s\u0105 zjawiskiem naturalnym<\/p>\n<h4>SK\u0141ADNIKI<\/h4>\n<p>sok z jab\u0142ek* 70%, sok z wi\u015bni* 30% (*certyfikowany sk\u0142adnik ekologiczny)<\/p>\n<h4>. WARTO\u015a\u0106 OD\u017bYWCZA W 100 ml<\/h4>\n<p>Warto\u015b\u0107 energetyczna: 189 kJ\/ 44 kcal T\u0142uszcz: 0 g w tym kwasy t\u0142uszczowe nasycone:\u00a00 g W\u0119glowodany:\u00a010 g w tym cukry:\u00a010 g\u00a0 Bia\u0142ko:\u00a00 g\u00a0 S\u00f3l:\u00a0\u00a00 g UWAGA Przed otwarciem wstrz\u0105sn\u0105\u0107.<\/p>\n<h4>ZALECANE WARUNKI PRZECHOWYWANIA<\/h4>\n<p>Przechowywa\u0107 w suchym i ch\u0142odnym miejscu. Po otwarciu przechowywa\u0107 w warunkach ch\u0142odniczych i spo\u017cy\u0107 w ci\u0105gu\u00a014 dni (przy ca\u0142kowitym, sta\u0142ym zalaniu kranika sokiem)<\/p>\n<p>&nbsp;<\/p>\n<p>&nbsp;<\/p>","protected":false},"excerpt":{"rendered":"<p>Opis Produktu SOK JAB\u0141KOWO &#8211; WI\u015aNIOWY NFC BIO 3 L &#8211; DOLINA CZERSKA Produkt pasteryzowany. Zawiera naturalnie wyst\u0119puj\u0105ce cukry. Smak i barwa zale\u017cy od odmiany oraz stopnia dojrza\u0142o\u015bci owoc\u00f3w. M\u0119tno\u015b\u0107 i osad s\u0105 zjawiskiem naturalnym SK\u0141ADNIKI sok z jab\u0142ek* 70%, sok z wi\u015bni* 30% (*certyfikowany sk\u0142adnik ekologiczny) . WARTO\u015a\u0106 OD\u017bYWCZA W 100 ml Warto\u015b\u0107 energetyczna: [&hellip;]<\/p>","protected":false},"featured_media":416,"template":"","meta":{"site-sidebar-layout":"default","site-content-layout":"","ast-site-content-layout":"default","site-content-style":"default","site-sidebar-style":"default","ast-global-header-display":"","ast-banner-title-visibility":"","ast-main-header-display":"","ast-hfb-above-header-display":"","ast-hfb-below-header-display":"","ast-hfb-mobile-header-display":"","site-post-title":"","ast-breadcrumbs-content":"","ast-featured-img":"","footer-sml-layout":"","theme-transparent-header-meta":"default","adv-header-id-meta":"","stick-header-meta":"","header-above-stick-meta":"","header-main-stick-meta":"","header-below-stick-meta":"","astra-migrate-meta-layouts":"set","ast-page-background-enabled":"default","ast-page-background-meta":{"desktop":{"background-color":"var(--ast-global-color-4)","background-image":"","background-repeat":"repeat","background-position":"center center","background-size":"auto","background-attachment":"scroll","background-type":"","background-media":"","overlay-type":"","overlay-color":"","overlay-opacity":"","overlay-gradient":""},"tablet":{"background-color":"","background-image":"","background-repeat":"repeat","background-position":"center center","background-size":"auto","background-attachment":"scroll","background-type":"","background-media":"","overlay-type":"","overlay-color":"","overlay-opacity":"","overlay-gradient":""},"mobile":{"background-color":"","background-image":"","background-repeat":"repeat","background-position":"center center","background-size":"auto","background-attachment":"scroll","background-type":"","background-media":"","overlay-type":"","overlay-color":"","overlay-opacity":"","overlay-gradient":""}},"ast-content-background-meta":{"desktop":{"background-color":"var(--ast-global-color-5)","background-image":"","background-repeat":"repeat","background-position":"center center","background-size":"auto","background-attachment":"scroll","background-type":"","background-media":"","overlay-type":"","overlay-color":"","overlay-opacity":"","overlay-gradient":""},"tablet":{"background-color":"var(--ast-global-color-5)","background-image":"","background-repeat":"repeat","background-position":"center center","background-size":"auto","background-attachment":"scroll","background-type":"","background-media":"","overlay-type":"","overlay-color":"","overlay-opacity":"","overlay-gradient":""},"mobile":{"background-color":"var(--ast-global-color-5)","background-image":"","background-repeat":"repeat","background-position":"center center","background-size":"auto","background-attachment":"scroll","background-type":"","background-media":"","overlay-type":"","overlay-color":"","overlay-opacity":"","overlay-gradient":""}}},"product_cat":[69,62],"product_tag":[34],"class_list":{"0":"post-366","1":"product","2":"type-product","3":"status-publish","4":"has-post-thumbnail","6":"product_cat-smakowe","7":"product_cat-soki-2","8":"product_tag-etykieta-eko","9":"desktop-align-center","10":"tablet-align-left","11":"mobile-align-left","13":"first","14":"onbackorder","15":"purchasable","16":"product-type-simple"},"_links":{"self":[{"href":"https:\/\/los-odpowiedzialni-spolecznie.pl\/en\/wp-json\/wp\/v2\/product\/366","targetHints":{"allow":["GET"]}}],"collection":[{"href":"https:\/\/los-odpowiedzialni-spolecznie.pl\/en\/wp-json\/wp\/v2\/product"}],"about":[{"href":"https:\/\/los-odpowiedzialni-spolecznie.pl\/en\/wp-json\/wp\/v2\/types\/product"}],"wp:featuredmedia":[{"embeddable":true,"href":"https:\/\/los-odpowiedzialni-spolecznie.pl\/en\/wp-json\/wp\/v2\/media\/416"}],"wp:attachment":[{"href":"https:\/\/los-odpowiedzialni-spolecznie.pl\/en\/wp-json\/wp\/v2\/media?parent=366"}],"wp:term":[{"taxonomy":"product_cat","embeddable":true,"href":"https:\/\/los-odpowiedzialni-spolecznie.pl\/en\/wp-json\/wp\/v2\/product_cat?post=366"},{"taxonomy":"product_tag","embeddable":true,"href":"https:\/\/los-odpowiedzialni-spolecznie.pl\/en\/wp-json\/wp\/v2\/product_tag?post=366"}],"curies":[{"name":"wp","href":"https:\/\/api.w.org\/{rel}","templated":true}]}}