{"id":364,"date":"2024-12-23T15:40:33","date_gmt":"2024-12-23T14:40:33","guid":{"rendered":"https:\/\/los-odpowiedzialni-spolecznie.pl\/?post_type=product&#038;p=364"},"modified":"2024-12-23T15:41:42","modified_gmt":"2024-12-23T14:41:42","slug":"woreczek-zapachowy-z-lawenda","status":"publish","type":"product","link":"https:\/\/los-odpowiedzialni-spolecznie.pl\/en\/sklep\/srodki-czystosci\/eko-produkty-dla-domu-i-szkoly\/woreczek-zapachowy-z-lawenda\/","title":{"rendered":"WORECZEK ZAPACHOWY Z LAWEND\u0104"},"content":{"rendered":"<h3>Opis Produktu<\/h3>\n<p class=\"title\"><strong>Woreczek Zapachowy z Lawend\u0105 &#8211; Dary Natury<\/strong><\/p>\n<p>Lawenda pochodzi z kraj\u00f3w \u015br\u00f3dziemnomorskich. Ro\u015blina ta obok innych by\u0142a pocz\u0105tkowo sprowadzana i sadzona przez zakonnik\u00f3w w klasztornych ogrodach.<br \/>\nLawenda cechuje si\u0119 pi\u0119knym zapachem o dzia\u0142aniu odpr\u0119\u017caj\u0105cym i uspakajaj\u0105cym, poza tym ma w\u0142a\u015bciwo\u015bci odstraszaj\u0105ce owady np. mole.<br \/>\nWoreczek wykonany jest z p\u0142\u00f3tna lnianego, wyszytego r\u0119cznie oraz wype\u0142niony kwiatem lawendy.<br \/>\nWoreczki wyk\u0142ada\u0107 pomi\u0119dzy bielizn\u0119, odzie\u017c i po\u015bciel do szaf oraz szuflad dla nadania przyjemnego zapachu i ochrony przeciw molom. Mo\u017cna r\u00f3wnie\u017c zawiesza\u0107 w pomieszczeniach mieszkalnych, samochodach itp.<\/p>\n<div id=\"box_description\" class=\"tab-wrap\">\n<div class=\"resetcss\">\n<p><strong>Sk\u0142adniki:<\/strong><\/p>\n<p>lawenda 100%<\/p>\n<p><strong style=\"font-size: 16px;\">Opakowanie:<\/strong><\/p>\n<div class=\"item\">\n<div class=\"attr-value\">\n<p>1 sztuka<\/p>\n<\/div>\n<\/div>\n<p>&nbsp;<\/p>\n<\/div>\n<\/div>\n<div id=\"boxdetails\" class=\"tab-wrap\">\n<h3 class=\"tab-title\"><strong>Dodatkowe informacje<\/strong><\/h3>\n<div class=\"resetcss\">\n<p>Woreczki wyk\u0142ada\u0107 pomi\u0119dzy bielizn\u0119, odzie\u017c i po\u015bciel do szaf oraz szuflad dla nadania przyjemnego zapachu i ochrony przeciw molom<\/p>\n<\/div>\n<\/div>\n<p>&nbsp;<\/p>","protected":false},"excerpt":{"rendered":"<p>Opis Produktu Woreczek Zapachowy z Lawend\u0105 &#8211; Dary Natury Lawenda pochodzi z kraj\u00f3w \u015br\u00f3dziemnomorskich. Ro\u015blina ta obok innych by\u0142a pocz\u0105tkowo sprowadzana i sadzona przez zakonnik\u00f3w w klasztornych ogrodach. Lawenda cechuje si\u0119 pi\u0119knym zapachem o dzia\u0142aniu odpr\u0119\u017caj\u0105cym i uspakajaj\u0105cym, poza tym ma w\u0142a\u015bciwo\u015bci odstraszaj\u0105ce owady np. mole. Woreczek wykonany jest z p\u0142\u00f3tna lnianego, wyszytego r\u0119cznie oraz [&hellip;]<\/p>","protected":false},"featured_media":414,"template":"","meta":{"site-sidebar-layout":"default","site-content-layout":"","ast-site-content-layout":"default","site-content-style":"default","site-sidebar-style":"default","ast-global-header-display":"","ast-banner-title-visibility":"","ast-main-header-display":"","ast-hfb-above-header-display":"","ast-hfb-below-header-display":"","ast-hfb-mobile-header-display":"","site-post-title":"","ast-breadcrumbs-content":"","ast-featured-img":"","footer-sml-layout":"","theme-transparent-header-meta":"default","adv-header-id-meta":"","stick-header-meta":"","header-above-stick-meta":"","header-main-stick-meta":"","header-below-stick-meta":"","astra-migrate-meta-layouts":"set","ast-page-background-enabled":"default","ast-page-background-meta":{"desktop":{"background-color":"var(--ast-global-color-4)","background-image":"","background-repeat":"repeat","background-position":"center center","background-size":"auto","background-attachment":"scroll","background-type":"","background-media":"","overlay-type":"","overlay-color":"","overlay-opacity":"","overlay-gradient":""},"tablet":{"background-color":"","background-image":"","background-repeat":"repeat","background-position":"center center","background-size":"auto","background-attachment":"scroll","background-type":"","background-media":"","overlay-type":"","overlay-color":"","overlay-opacity":"","overlay-gradient":""},"mobile":{"background-color":"","background-image":"","background-repeat":"repeat","background-position":"center center","background-size":"auto","background-attachment":"scroll","background-type":"","background-media":"","overlay-type":"","overlay-color":"","overlay-opacity":"","overlay-gradient":""}},"ast-content-background-meta":{"desktop":{"background-color":"var(--ast-global-color-5)","background-image":"","background-repeat":"repeat","background-position":"center center","background-size":"auto","background-attachment":"scroll","background-type":"","background-media":"","overlay-type":"","overlay-color":"","overlay-opacity":"","overlay-gradient":""},"tablet":{"background-color":"var(--ast-global-color-5)","background-image":"","background-repeat":"repeat","background-position":"center center","background-size":"auto","background-attachment":"scroll","background-type":"","background-media":"","overlay-type":"","overlay-color":"","overlay-opacity":"","overlay-gradient":""},"mobile":{"background-color":"var(--ast-global-color-5)","background-image":"","background-repeat":"repeat","background-position":"center center","background-size":"auto","background-attachment":"scroll","background-type":"","background-media":"","overlay-type":"","overlay-color":"","overlay-opacity":"","overlay-gradient":""}}},"product_cat":[68],"product_tag":[],"class_list":{"0":"post-364","1":"product","2":"type-product","3":"status-publish","4":"has-post-thumbnail","6":"product_cat-eko-produkty-dla-domu-i-szkoly","7":"desktop-align-center","8":"tablet-align-left","9":"mobile-align-left","11":"first","12":"instock","13":"taxable","14":"shipping-taxable","15":"purchasable","16":"product-type-simple"},"_links":{"self":[{"href":"https:\/\/los-odpowiedzialni-spolecznie.pl\/en\/wp-json\/wp\/v2\/product\/364","targetHints":{"allow":["GET"]}}],"collection":[{"href":"https:\/\/los-odpowiedzialni-spolecznie.pl\/en\/wp-json\/wp\/v2\/product"}],"about":[{"href":"https:\/\/los-odpowiedzialni-spolecznie.pl\/en\/wp-json\/wp\/v2\/types\/product"}],"wp:featuredmedia":[{"embeddable":true,"href":"https:\/\/los-odpowiedzialni-spolecznie.pl\/en\/wp-json\/wp\/v2\/media\/414"}],"wp:attachment":[{"href":"https:\/\/los-odpowiedzialni-spolecznie.pl\/en\/wp-json\/wp\/v2\/media?parent=364"}],"wp:term":[{"taxonomy":"product_cat","embeddable":true,"href":"https:\/\/los-odpowiedzialni-spolecznie.pl\/en\/wp-json\/wp\/v2\/product_cat?post=364"},{"taxonomy":"product_tag","embeddable":true,"href":"https:\/\/los-odpowiedzialni-spolecznie.pl\/en\/wp-json\/wp\/v2\/product_tag?post=364"}],"curies":[{"name":"wp","href":"https:\/\/api.w.org\/{rel}","templated":true}]}}