{"id":317,"date":"2024-12-23T15:39:26","date_gmt":"2024-12-23T14:39:26","guid":{"rendered":"https:\/\/los-odpowiedzialni-spolecznie.pl\/?post_type=product&#038;p=317"},"modified":"2024-12-23T15:40:32","modified_gmt":"2024-12-23T14:40:32","slug":"sok-z-zurawiny-500-ml","status":"publish","type":"product","link":"https:\/\/los-odpowiedzialni-spolecznie.pl\/en\/sklep\/produkty-spozywcze\/soki-2\/sok-z-zurawiny-500-ml\/","title":{"rendered":"Sok z \u017burawiny-\u00a0500 ml"},"content":{"rendered":"<h3>Opis Produktu<\/h3>\n<p><strong>\u017burawina, sok 500 ml, suplement diety<\/strong><\/p>\n<p>Naturalny sok z owoc\u00f3w \u017curawiny z witamin\u0105 C wspomaga utrzymanie naturalnej odporno\u015bci organizmu. \u017burawina jest tradycyjnym \u015brodkiem stosowanym pomocniczo przy kuracjach infekcji dr\u00f3g moczowych. Jej owoce zawieraj\u0105 aktywne biologicznie zwi\u0105zki, utrudniaj\u0105ce przyleganie bakteriom chorobotw\u00f3rczym do \u015bcian uk\u0142adu moczowego. Przyspieszaj\u0105 wydalanie bakterii z moczem, co pomaga zmniejszy\u0107 ryzyko wyst\u0119powania infekcji.<\/p>\n<h3>Stosowanie<\/h3>\n<p><strong>Zalecane spo\u017cycie:<\/strong> 50 ml dziennie.<\/p>\n<p><strong>Zalecana porcja dzienna (50 ml) zawiera:<\/strong><\/p>\n<p>Witamina C 120 mg (150% ZDS)*<\/p>\n<p>Sok z owoc\u00f3w \u017curawiny 49,98 ml<\/p>\n<p><sup>*zalecane dzienne spo\u017cycie<\/sup><\/p>\n<p><strong>Warunki przechowywania:<\/strong>\u00a0przechowywa\u0107 szczelnie zamkni\u0119ty, w temperaturze pokojowej, nie przekraczaj\u0105cej 25 C, w spos\u00f3b niedost\u0119pny dla ma\u0142ych dzieci. Chroni\u0107 przed wilgoci\u0105 i bezpo\u015brednim dzia\u0142aniem promieni s\u0142onecznych. Po otwarciu przechowywa\u0107 w lodowce do 20 dni.<\/p>\n<p>Ze wzgl\u0119du na zawarto\u015b\u0107 naturalnych sk\u0142adnik\u00f3w \u2013 kolor, zapach i smak poszczeg\u00f3lnych partii mog\u0105 si\u0119 r\u00f3\u017cni\u0107. Nie ma to \u017cadnego wp\u0142ywu na jako\u015b\u0107 i dzia\u0142anie produktu.<\/p>\n<p>Mo\u017ce wytr\u0105ci\u0107 si\u0119 naturalny osad. Przed u\u017cyciem wstrz\u0105sn\u0105\u0107. Produkt pasteryzowany.<\/p>\n<h3>Sk\u0142ad<\/h3>\n<p><strong>Sk\u0142adniki:<\/strong> sok z owoc\u00f3w \u017curawiny (Vaccinium oxycoccus), kwas L\u2013askorbinowy (\u017ar\u00f3d\u0142o witaminy C).<\/p>\n<p><strong>Posta\u0107:<\/strong>\u00a0sok<\/p>\n<p><strong>Pojemno\u015b\u0107:<\/strong>\u00a0500 ml<\/p>\n<p>&nbsp;<\/p>","protected":false},"excerpt":{"rendered":"<p>Opis Produktu \u017burawina, sok 500 ml, suplement diety Naturalny sok z owoc\u00f3w \u017curawiny z witamin\u0105 C wspomaga utrzymanie naturalnej odporno\u015bci organizmu. \u017burawina jest tradycyjnym \u015brodkiem stosowanym pomocniczo przy kuracjach infekcji dr\u00f3g moczowych. Jej owoce zawieraj\u0105 aktywne biologicznie zwi\u0105zki, utrudniaj\u0105ce przyleganie bakteriom chorobotw\u00f3rczym do \u015bcian uk\u0142adu moczowego. Przyspieszaj\u0105 wydalanie bakterii z moczem, co pomaga zmniejszy\u0107 ryzyko [&hellip;]<\/p>","protected":false},"featured_media":363,"template":"","meta":{"site-sidebar-layout":"default","site-content-layout":"","ast-site-content-layout":"default","site-content-style":"default","site-sidebar-style":"default","ast-global-header-display":"","ast-banner-title-visibility":"","ast-main-header-display":"","ast-hfb-above-header-display":"","ast-hfb-below-header-display":"","ast-hfb-mobile-header-display":"","site-post-title":"","ast-breadcrumbs-content":"","ast-featured-img":"","footer-sml-layout":"","theme-transparent-header-meta":"default","adv-header-id-meta":"","stick-header-meta":"","header-above-stick-meta":"","header-main-stick-meta":"","header-below-stick-meta":"","astra-migrate-meta-layouts":"set","ast-page-background-enabled":"default","ast-page-background-meta":{"desktop":{"background-color":"var(--ast-global-color-4)","background-image":"","background-repeat":"repeat","background-position":"center center","background-size":"auto","background-attachment":"scroll","background-type":"","background-media":"","overlay-type":"","overlay-color":"","overlay-opacity":"","overlay-gradient":""},"tablet":{"background-color":"","background-image":"","background-repeat":"repeat","background-position":"center center","background-size":"auto","background-attachment":"scroll","background-type":"","background-media":"","overlay-type":"","overlay-color":"","overlay-opacity":"","overlay-gradient":""},"mobile":{"background-color":"","background-image":"","background-repeat":"repeat","background-position":"center center","background-size":"auto","background-attachment":"scroll","background-type":"","background-media":"","overlay-type":"","overlay-color":"","overlay-opacity":"","overlay-gradient":""}},"ast-content-background-meta":{"desktop":{"background-color":"var(--ast-global-color-5)","background-image":"","background-repeat":"repeat","background-position":"center center","background-size":"auto","background-attachment":"scroll","background-type":"","background-media":"","overlay-type":"","overlay-color":"","overlay-opacity":"","overlay-gradient":""},"tablet":{"background-color":"var(--ast-global-color-5)","background-image":"","background-repeat":"repeat","background-position":"center center","background-size":"auto","background-attachment":"scroll","background-type":"","background-media":"","overlay-type":"","overlay-color":"","overlay-opacity":"","overlay-gradient":""},"mobile":{"background-color":"var(--ast-global-color-5)","background-image":"","background-repeat":"repeat","background-position":"center center","background-size":"auto","background-attachment":"scroll","background-type":"","background-media":"","overlay-type":"","overlay-color":"","overlay-opacity":"","overlay-gradient":""}}},"product_cat":[62],"product_tag":[],"class_list":{"0":"post-317","1":"product","2":"type-product","3":"status-publish","4":"has-post-thumbnail","6":"product_cat-soki-2","7":"desktop-align-center","8":"tablet-align-left","9":"mobile-align-left","11":"first","12":"instock","13":"purchasable","14":"product-type-simple"},"_links":{"self":[{"href":"https:\/\/los-odpowiedzialni-spolecznie.pl\/en\/wp-json\/wp\/v2\/product\/317","targetHints":{"allow":["GET"]}}],"collection":[{"href":"https:\/\/los-odpowiedzialni-spolecznie.pl\/en\/wp-json\/wp\/v2\/product"}],"about":[{"href":"https:\/\/los-odpowiedzialni-spolecznie.pl\/en\/wp-json\/wp\/v2\/types\/product"}],"wp:featuredmedia":[{"embeddable":true,"href":"https:\/\/los-odpowiedzialni-spolecznie.pl\/en\/wp-json\/wp\/v2\/media\/363"}],"wp:attachment":[{"href":"https:\/\/los-odpowiedzialni-spolecznie.pl\/en\/wp-json\/wp\/v2\/media?parent=317"}],"wp:term":[{"taxonomy":"product_cat","embeddable":true,"href":"https:\/\/los-odpowiedzialni-spolecznie.pl\/en\/wp-json\/wp\/v2\/product_cat?post=317"},{"taxonomy":"product_tag","embeddable":true,"href":"https:\/\/los-odpowiedzialni-spolecznie.pl\/en\/wp-json\/wp\/v2\/product_tag?post=317"}],"curies":[{"name":"wp","href":"https:\/\/api.w.org\/{rel}","templated":true}]}}