{"id":316,"date":"2024-12-23T15:39:26","date_gmt":"2024-12-23T14:39:26","guid":{"rendered":"https:\/\/los-odpowiedzialni-spolecznie.pl\/?post_type=product&#038;p=316"},"modified":"2024-12-23T15:40:30","modified_gmt":"2024-12-23T14:40:30","slug":"sok-z-maliny-500-ml","status":"publish","type":"product","link":"https:\/\/los-odpowiedzialni-spolecznie.pl\/en\/sklep\/produkty-spozywcze\/soki-2\/sok-z-maliny-500-ml\/","title":{"rendered":"Sok z Maliny-500 ml"},"content":{"rendered":"<h3>Opis Produktu<\/h3>\n<p>Naturalny, 100% sok z owoc\u00f3w maliny z dodatkiem witaminy C, suplement diety.<\/p>\n<p>Preparat polecany jest jako uzupe\u0142nienie codziennej diety, zw\u0142aszcza w okresie jesienno-zimowym i\u00a0w\u00a0okresie przesilenia wiosennego. Wspomaga prawid\u0142ow\u0105 prac\u0119 uk\u0142adu odporno\u015bciowego.<\/p>\n<h3>Stosowanie<\/h3>\n<p><strong>Zalecane spo\u017cycie:<\/strong>\u00a025 ml dwa razy dziennie, p\u00f3\u0142 godziny przed posi\u0142kiem<\/p>\n<p><strong>Zalecana porcja dzienna (50 ml) zawiera:<\/strong><br \/>\nSok z owoc\u00f3w malin \u2013 50 ml<br \/>\nWitamina C 120 mg (150% ZDS)*<\/p>\n<p><sup>*zalecane dzienne spo\u017cycie<\/sup><\/p>\n<p><strong>Warunki przechowywania:<\/strong>\u00a0przechowywa\u0107 szczelnie zamkni\u0119te, w\u00a0 temperaturze pokojowej nie przekraczaj\u0105cej 25\u00baC, w\u00a0suchym miejscu, w\u00a0spos\u00f3b niedost\u0119pny dla ma\u0142ych dzieci. Po otwarciu przechowywa\u0107 w lod\u00f3wce do 21 dni.<\/p>\n<p>Osad pochodzenia naturalnego. Przed u\u017cyciem wstrz\u0105sn\u0105\u0107. Ze wzgl\u0119du na zawarto\u015b\u0107 naturalnych sk\u0142adnik\u00f3w \u2013 kolor, zapach i smak poszczeg\u00f3lnych partii mog\u0105 si\u0119 r\u00f3\u017cni\u0107. Nie ma to \u017cadnego wp\u0142ywu na jako\u015b\u0107 i dzia\u0142anie produktu. Produkt pasteryzowany.<\/p>\n<h3>Sk\u0142ad<\/h3>\n<p><strong>Sk\u0142adniki:<\/strong>\u00a0sok z\u00a0owoc\u00f3w maliny (Rubus idaeus L.), kwas L\u2013askorbinowy (\u017ar\u00f3d\u0142o witaminy C).<\/p>\n<p><strong>Posta\u0107:<\/strong> sok<\/p>\n<p><strong>Pojemno\u015b\u0107:<\/strong> 500 ml<\/p>","protected":false},"excerpt":{"rendered":"<p>Opis Produktu Naturalny, 100% sok z owoc\u00f3w maliny z dodatkiem witaminy C, suplement diety. Preparat polecany jest jako uzupe\u0142nienie codziennej diety, zw\u0142aszcza w okresie jesienno-zimowym i\u00a0w\u00a0okresie przesilenia wiosennego. Wspomaga prawid\u0142ow\u0105 prac\u0119 uk\u0142adu odporno\u015bciowego. Stosowanie Zalecane spo\u017cycie:\u00a025 ml dwa razy dziennie, p\u00f3\u0142 godziny przed posi\u0142kiem Zalecana porcja dzienna (50 ml) zawiera: Sok z owoc\u00f3w malin \u2013 [&hellip;]<\/p>","protected":false},"featured_media":362,"template":"","meta":{"site-sidebar-layout":"default","site-content-layout":"","ast-site-content-layout":"default","site-content-style":"default","site-sidebar-style":"default","ast-global-header-display":"","ast-banner-title-visibility":"","ast-main-header-display":"","ast-hfb-above-header-display":"","ast-hfb-below-header-display":"","ast-hfb-mobile-header-display":"","site-post-title":"","ast-breadcrumbs-content":"","ast-featured-img":"","footer-sml-layout":"","theme-transparent-header-meta":"default","adv-header-id-meta":"","stick-header-meta":"","header-above-stick-meta":"","header-main-stick-meta":"","header-below-stick-meta":"","astra-migrate-meta-layouts":"set","ast-page-background-enabled":"default","ast-page-background-meta":{"desktop":{"background-color":"var(--ast-global-color-4)","background-image":"","background-repeat":"repeat","background-position":"center center","background-size":"auto","background-attachment":"scroll","background-type":"","background-media":"","overlay-type":"","overlay-color":"","overlay-opacity":"","overlay-gradient":""},"tablet":{"background-color":"","background-image":"","background-repeat":"repeat","background-position":"center center","background-size":"auto","background-attachment":"scroll","background-type":"","background-media":"","overlay-type":"","overlay-color":"","overlay-opacity":"","overlay-gradient":""},"mobile":{"background-color":"","background-image":"","background-repeat":"repeat","background-position":"center center","background-size":"auto","background-attachment":"scroll","background-type":"","background-media":"","overlay-type":"","overlay-color":"","overlay-opacity":"","overlay-gradient":""}},"ast-content-background-meta":{"desktop":{"background-color":"var(--ast-global-color-5)","background-image":"","background-repeat":"repeat","background-position":"center center","background-size":"auto","background-attachment":"scroll","background-type":"","background-media":"","overlay-type":"","overlay-color":"","overlay-opacity":"","overlay-gradient":""},"tablet":{"background-color":"var(--ast-global-color-5)","background-image":"","background-repeat":"repeat","background-position":"center center","background-size":"auto","background-attachment":"scroll","background-type":"","background-media":"","overlay-type":"","overlay-color":"","overlay-opacity":"","overlay-gradient":""},"mobile":{"background-color":"var(--ast-global-color-5)","background-image":"","background-repeat":"repeat","background-position":"center center","background-size":"auto","background-attachment":"scroll","background-type":"","background-media":"","overlay-type":"","overlay-color":"","overlay-opacity":"","overlay-gradient":""}}},"product_cat":[62],"product_tag":[],"class_list":{"0":"post-316","1":"product","2":"type-product","3":"status-publish","4":"has-post-thumbnail","6":"product_cat-soki-2","7":"desktop-align-center","8":"tablet-align-left","9":"mobile-align-left","11":"first","12":"instock","13":"purchasable","14":"product-type-simple"},"_links":{"self":[{"href":"https:\/\/los-odpowiedzialni-spolecznie.pl\/en\/wp-json\/wp\/v2\/product\/316","targetHints":{"allow":["GET"]}}],"collection":[{"href":"https:\/\/los-odpowiedzialni-spolecznie.pl\/en\/wp-json\/wp\/v2\/product"}],"about":[{"href":"https:\/\/los-odpowiedzialni-spolecznie.pl\/en\/wp-json\/wp\/v2\/types\/product"}],"wp:featuredmedia":[{"embeddable":true,"href":"https:\/\/los-odpowiedzialni-spolecznie.pl\/en\/wp-json\/wp\/v2\/media\/362"}],"wp:attachment":[{"href":"https:\/\/los-odpowiedzialni-spolecznie.pl\/en\/wp-json\/wp\/v2\/media?parent=316"}],"wp:term":[{"taxonomy":"product_cat","embeddable":true,"href":"https:\/\/los-odpowiedzialni-spolecznie.pl\/en\/wp-json\/wp\/v2\/product_cat?post=316"},{"taxonomy":"product_tag","embeddable":true,"href":"https:\/\/los-odpowiedzialni-spolecznie.pl\/en\/wp-json\/wp\/v2\/product_tag?post=316"}],"curies":[{"name":"wp","href":"https:\/\/api.w.org\/{rel}","templated":true}]}}