{"id":314,"date":"2024-12-23T15:39:26","date_gmt":"2024-12-23T14:39:26","guid":{"rendered":"https:\/\/los-odpowiedzialni-spolecznie.pl\/?post_type=product&#038;p=314"},"modified":"2024-12-23T15:40:24","modified_gmt":"2024-12-23T14:40:24","slug":"sok-z-karczocha-500ml","status":"publish","type":"product","link":"https:\/\/los-odpowiedzialni-spolecznie.pl\/en\/sklep\/produkty-spozywcze\/soki-2\/sok-z-karczocha-500ml\/","title":{"rendered":"Sok z Karczocha 500ml"},"content":{"rendered":"<h3>Opis Produktu<\/h3>\n<p>Karczoch wspiera prac\u0119 serca i wp\u0142ywa korzystnie na poziom lipid\u00f3w we krwi. Wspiera r\u00f3wnie\u017c procesy trawienia i utrzymanie prawid\u0142owej masy cia\u0142a.<\/p>\n<h3>Stosowanie<\/h3>\n<p><strong>Zalecane spo\u017cycie:<\/strong>\u00a020 ml soku dziennie, wypi\u0107 najlepiej rano, przed posi\u0142kiem. Produkt gotowy do bezpo\u015bredniego spo\u017cycia.<\/p>\n<p>Nie nale\u017cy przekracza\u0107 zalecanej do spo\u017cycia dziennej porcji. Suplement diety nie mo\u017ce by\u0107 stosowany jako substytut zr\u00f3\u017cnicowanej diety. Produkt przeznaczony dla os\u00f3b doros\u0142ych. Stosowanie suplementu diety przez kobiety w ci\u0105\u017cy, w okresie laktacji oraz przez dzieci nale\u017cy skonsultowa\u0107 z lekarzem.<br \/>\nPami\u0119taj, \u017ce zdrowy tryb \u017cycia i zr\u00f3wnowa\u017cony spos\u00f3b od\u017cywiania zapewniaj\u0105 prawid\u0142owe funkcjonowanie organizmu i zachowanie dobrej kondycji. Produkt niewskazany w przypadku nadwra\u017cliwo\u015bci na kt\u00f3rykolwiek ze sk\u0142adnik\u00f3w.<\/p>\n<p><strong>Warunki przechowywania:\u00a0<\/strong>Przechowywa\u0107 szczelnie zamkni\u0119te, w temperaturze pokojowej nie przekraczaj\u0105cej 25\u00baC, w suchym miejscu, w spos\u00f3b niedost\u0119pny dla ma\u0142ych dzieci. Chroni\u0107 przed bezpo\u015brednim dzia\u0142aniem promieni s\u0142onecznych. Po otwarciu przechowywa\u0107 w lod\u00f3wce do 25 dni.<\/p>\n<h3>Sk\u0142ad<\/h3>\n<p><strong>Zalecana porcja dzienna (20 ml) zawiera:<\/strong>\u00a020 ml soku z aloesu<\/p>\n<p><strong>Sk\u0142adniki:<\/strong>\u00a0sok z li\u015bci karczocha (Cynara Scolymus L.), kwas L\u2013askorbinowy (\u017ar\u00f3d\u0142o witaminy C).<\/p>\n<p><strong>Posta\u0107:<\/strong>\u00a0sok<\/p>\n<p><strong>Pojemno\u015b\u0107: 500 ml<\/strong><\/p>","protected":false},"excerpt":{"rendered":"<p>Opis Produktu Karczoch wspiera prac\u0119 serca i wp\u0142ywa korzystnie na poziom lipid\u00f3w we krwi. Wspiera r\u00f3wnie\u017c procesy trawienia i utrzymanie prawid\u0142owej masy cia\u0142a. Stosowanie Zalecane spo\u017cycie:\u00a020 ml soku dziennie, wypi\u0107 najlepiej rano, przed posi\u0142kiem. Produkt gotowy do bezpo\u015bredniego spo\u017cycia. Nie nale\u017cy przekracza\u0107 zalecanej do spo\u017cycia dziennej porcji. Suplement diety nie mo\u017ce by\u0107 stosowany jako substytut [&hellip;]<\/p>","protected":false},"featured_media":360,"template":"","meta":{"site-sidebar-layout":"default","site-content-layout":"","ast-site-content-layout":"default","site-content-style":"default","site-sidebar-style":"default","ast-global-header-display":"","ast-banner-title-visibility":"","ast-main-header-display":"","ast-hfb-above-header-display":"","ast-hfb-below-header-display":"","ast-hfb-mobile-header-display":"","site-post-title":"","ast-breadcrumbs-content":"","ast-featured-img":"","footer-sml-layout":"","theme-transparent-header-meta":"default","adv-header-id-meta":"","stick-header-meta":"","header-above-stick-meta":"","header-main-stick-meta":"","header-below-stick-meta":"","astra-migrate-meta-layouts":"set","ast-page-background-enabled":"default","ast-page-background-meta":{"desktop":{"background-color":"var(--ast-global-color-4)","background-image":"","background-repeat":"repeat","background-position":"center center","background-size":"auto","background-attachment":"scroll","background-type":"","background-media":"","overlay-type":"","overlay-color":"","overlay-opacity":"","overlay-gradient":""},"tablet":{"background-color":"","background-image":"","background-repeat":"repeat","background-position":"center center","background-size":"auto","background-attachment":"scroll","background-type":"","background-media":"","overlay-type":"","overlay-color":"","overlay-opacity":"","overlay-gradient":""},"mobile":{"background-color":"","background-image":"","background-repeat":"repeat","background-position":"center center","background-size":"auto","background-attachment":"scroll","background-type":"","background-media":"","overlay-type":"","overlay-color":"","overlay-opacity":"","overlay-gradient":""}},"ast-content-background-meta":{"desktop":{"background-color":"var(--ast-global-color-5)","background-image":"","background-repeat":"repeat","background-position":"center center","background-size":"auto","background-attachment":"scroll","background-type":"","background-media":"","overlay-type":"","overlay-color":"","overlay-opacity":"","overlay-gradient":""},"tablet":{"background-color":"var(--ast-global-color-5)","background-image":"","background-repeat":"repeat","background-position":"center center","background-size":"auto","background-attachment":"scroll","background-type":"","background-media":"","overlay-type":"","overlay-color":"","overlay-opacity":"","overlay-gradient":""},"mobile":{"background-color":"var(--ast-global-color-5)","background-image":"","background-repeat":"repeat","background-position":"center center","background-size":"auto","background-attachment":"scroll","background-type":"","background-media":"","overlay-type":"","overlay-color":"","overlay-opacity":"","overlay-gradient":""}}},"product_cat":[62],"product_tag":[],"class_list":{"0":"post-314","1":"product","2":"type-product","3":"status-publish","4":"has-post-thumbnail","6":"product_cat-soki-2","7":"desktop-align-center","8":"tablet-align-left","9":"mobile-align-left","11":"first","12":"onbackorder","13":"purchasable","14":"product-type-simple"},"_links":{"self":[{"href":"https:\/\/los-odpowiedzialni-spolecznie.pl\/en\/wp-json\/wp\/v2\/product\/314","targetHints":{"allow":["GET"]}}],"collection":[{"href":"https:\/\/los-odpowiedzialni-spolecznie.pl\/en\/wp-json\/wp\/v2\/product"}],"about":[{"href":"https:\/\/los-odpowiedzialni-spolecznie.pl\/en\/wp-json\/wp\/v2\/types\/product"}],"wp:featuredmedia":[{"embeddable":true,"href":"https:\/\/los-odpowiedzialni-spolecznie.pl\/en\/wp-json\/wp\/v2\/media\/360"}],"wp:attachment":[{"href":"https:\/\/los-odpowiedzialni-spolecznie.pl\/en\/wp-json\/wp\/v2\/media?parent=314"}],"wp:term":[{"taxonomy":"product_cat","embeddable":true,"href":"https:\/\/los-odpowiedzialni-spolecznie.pl\/en\/wp-json\/wp\/v2\/product_cat?post=314"},{"taxonomy":"product_tag","embeddable":true,"href":"https:\/\/los-odpowiedzialni-spolecznie.pl\/en\/wp-json\/wp\/v2\/product_tag?post=314"}],"curies":[{"name":"wp","href":"https:\/\/api.w.org\/{rel}","templated":true}]}}