{"id":313,"date":"2024-12-23T15:39:26","date_gmt":"2024-12-23T14:39:26","guid":{"rendered":"https:\/\/los-odpowiedzialni-spolecznie.pl\/?post_type=product&#038;p=313"},"modified":"2024-12-23T15:40:22","modified_gmt":"2024-12-23T14:40:22","slug":"sok-z-pokrzywy-500-ml","status":"publish","type":"product","link":"https:\/\/los-odpowiedzialni-spolecznie.pl\/en\/sklep\/produkty-spozywcze\/soki-2\/sok-z-pokrzywy-500-ml\/","title":{"rendered":"Sok z Pokrzywy-\u00a0500 ml"},"content":{"rendered":"<h3>Opis Produktu<\/h3>\n<p><strong>Pokrzywa, sok 500 ml, suplement diety.<\/strong><\/p>\n<p>Naturalny sok z li\u015bci pokrzywy z witamin\u0105 C wspomaga usuwanie z\u00a0 organizmu szkodliwych produkt\u00f3w przemiany materii, jest tradycyjnie stosowany do piel\u0119gnacji sk\u00f3ry, szczeg\u00f3lnie przet\u0142uszczaj\u0105cej si\u0119, oraz pomocniczo w dolegliwo\u015bciach sk\u00f3ry g\u0142owy. Wspomaga kondycj\u0119 paznokci, wzmacnia w\u0142osy oraz ogranicza ich wypadanie, wykazuje korzystne dzia\u0142anie w obr\u0119bie uk\u0142adu pokarmowego. Polecany jest osobom dbaj\u0105cym o zdrowy uk\u0142ad moczowy. Li\u015bcie pokrzywy to bogactwo cennych dla zdrowia substancji: witamin (K, C, z grupy B); garbnik\u00f3w, sk\u0142adnik\u00f3w mineralnych (wapnia, magnezu, potasu, fosforu, \u017celaza, manganu i krzemu), a tak\u017ce barwnik\u00f3w ro\u015blinnych: chlorofilu oraz beta-karotenu. Nie zawiera konserwant\u00f3w, sztucznych barwnik\u00f3w, cukru i substancji s\u0142odz\u0105cych.<\/p>\n<h3>Stosowanie<\/h3>\n<p><strong>Zalecane spo\u017cycie:<\/strong>\u00a025 ml dwa razy dziennie, po\u0142 godziny przed posi\u0142kiem. Ze wzgl\u0119du na intensywny smak mo\u017cna rozcie\u0144czy\u0107 wod\u0105 lub sokiem w stosunku min. 1:1 lub wi\u0119kszym.<\/p>\n<p><strong>Warunki przechowywania:<\/strong>\u00a0przechowywa\u0107 szczelnie zamkni\u0119ty, w temperaturze pokojowej, nie przekraczaj\u0105cej 25 C, w spos\u00f3b niedost\u0119pny dla ma\u0142ych dzieci. Chroni\u0107 przed wilgoci\u0105 i bezpo\u015brednim dzia\u0142aniem promieni s\u0142onecznych. Po otwarciu przechowywa\u0107 w lodowce do 12 dni.<\/p>\n<p>Ze wzgl\u0119du na zawarto\u015b\u0107 naturalnych sk\u0142adnik\u00f3w \u2013 kolor, zapach i smak poszczeg\u00f3lnych partii mog\u0105 si\u0119 r\u00f3\u017cni\u0107. Nie ma to \u017cadnego wp\u0142ywu na jako\u015b\u0107 i dzia\u0142anie produktu. Osad pochodzenia naturalnego. Przed u\u017cyciem wstrz\u0105sn\u0105\u0107. Produkt pasteryzowany.<\/p>\n<h3>Sk\u0142ad<\/h3>\n<p><strong>Zalecana porcja dzienna (50 ml) zawiera:<\/strong><\/p>\n<p>25 ml soku z li\u015bci pokrzywy<\/p>\n<p>120 mg witaminy C (150 % ZDS*)<\/p>\n<p><sup>*zalecane dzienne spo\u017cycie<\/sup><\/p>\n<p><strong>Sk\u0142adniki:<\/strong>\u00a0sok z li\u015bci pokrzywy zwyczajnej (Urtica dioica L.), woda, kwas L-askrobinowy \u2013 \u017arod\u0142o witaminy C, kwas cytrynowy \u2013 regulator kwasowo\u015bci.<\/p>\n<p>Produkt naturalny, przeznaczony dla os\u00f3b doros\u0142ych. Nie nale\u017cy przekracza\u0107 zalecanej do spo\u017cycia dziennej porcji. Suplement diety nie mo\u017ce by\u0107 stosowany jako substytut zr\u00f3\u017cnicowanej diety. Nie zaleca si\u0119 spo\u017cywania produktu przez kobiety w ci\u0105\u017cy oraz matki karmi\u0105ce.<\/p>\n<p><strong>Posta\u0107:<\/strong>\u00a0sok<\/p>\n<p><strong>Pojemno\u015b\u0107:<\/strong>\u00a0500 ml<\/p>","protected":false},"excerpt":{"rendered":"<p>Opis Produktu Pokrzywa, sok 500 ml, suplement diety. Naturalny sok z li\u015bci pokrzywy z witamin\u0105 C wspomaga usuwanie z\u00a0 organizmu szkodliwych produkt\u00f3w przemiany materii, jest tradycyjnie stosowany do piel\u0119gnacji sk\u00f3ry, szczeg\u00f3lnie przet\u0142uszczaj\u0105cej si\u0119, oraz pomocniczo w dolegliwo\u015bciach sk\u00f3ry g\u0142owy. Wspomaga kondycj\u0119 paznokci, wzmacnia w\u0142osy oraz ogranicza ich wypadanie, wykazuje korzystne dzia\u0142anie w obr\u0119bie uk\u0142adu pokarmowego. [&hellip;]<\/p>","protected":false},"featured_media":359,"template":"","meta":{"site-sidebar-layout":"default","site-content-layout":"","ast-site-content-layout":"default","site-content-style":"default","site-sidebar-style":"default","ast-global-header-display":"","ast-banner-title-visibility":"","ast-main-header-display":"","ast-hfb-above-header-display":"","ast-hfb-below-header-display":"","ast-hfb-mobile-header-display":"","site-post-title":"","ast-breadcrumbs-content":"","ast-featured-img":"","footer-sml-layout":"","theme-transparent-header-meta":"default","adv-header-id-meta":"","stick-header-meta":"","header-above-stick-meta":"","header-main-stick-meta":"","header-below-stick-meta":"","astra-migrate-meta-layouts":"set","ast-page-background-enabled":"default","ast-page-background-meta":{"desktop":{"background-color":"var(--ast-global-color-4)","background-image":"","background-repeat":"repeat","background-position":"center center","background-size":"auto","background-attachment":"scroll","background-type":"","background-media":"","overlay-type":"","overlay-color":"","overlay-opacity":"","overlay-gradient":""},"tablet":{"background-color":"","background-image":"","background-repeat":"repeat","background-position":"center center","background-size":"auto","background-attachment":"scroll","background-type":"","background-media":"","overlay-type":"","overlay-color":"","overlay-opacity":"","overlay-gradient":""},"mobile":{"background-color":"","background-image":"","background-repeat":"repeat","background-position":"center center","background-size":"auto","background-attachment":"scroll","background-type":"","background-media":"","overlay-type":"","overlay-color":"","overlay-opacity":"","overlay-gradient":""}},"ast-content-background-meta":{"desktop":{"background-color":"var(--ast-global-color-5)","background-image":"","background-repeat":"repeat","background-position":"center center","background-size":"auto","background-attachment":"scroll","background-type":"","background-media":"","overlay-type":"","overlay-color":"","overlay-opacity":"","overlay-gradient":""},"tablet":{"background-color":"var(--ast-global-color-5)","background-image":"","background-repeat":"repeat","background-position":"center center","background-size":"auto","background-attachment":"scroll","background-type":"","background-media":"","overlay-type":"","overlay-color":"","overlay-opacity":"","overlay-gradient":""},"mobile":{"background-color":"var(--ast-global-color-5)","background-image":"","background-repeat":"repeat","background-position":"center center","background-size":"auto","background-attachment":"scroll","background-type":"","background-media":"","overlay-type":"","overlay-color":"","overlay-opacity":"","overlay-gradient":""}}},"product_cat":[62],"product_tag":[],"class_list":{"0":"post-313","1":"product","2":"type-product","3":"status-publish","4":"has-post-thumbnail","6":"product_cat-soki-2","7":"desktop-align-center","8":"tablet-align-left","9":"mobile-align-left","11":"first","12":"instock","13":"purchasable","14":"product-type-simple"},"_links":{"self":[{"href":"https:\/\/los-odpowiedzialni-spolecznie.pl\/en\/wp-json\/wp\/v2\/product\/313","targetHints":{"allow":["GET"]}}],"collection":[{"href":"https:\/\/los-odpowiedzialni-spolecznie.pl\/en\/wp-json\/wp\/v2\/product"}],"about":[{"href":"https:\/\/los-odpowiedzialni-spolecznie.pl\/en\/wp-json\/wp\/v2\/types\/product"}],"wp:featuredmedia":[{"embeddable":true,"href":"https:\/\/los-odpowiedzialni-spolecznie.pl\/en\/wp-json\/wp\/v2\/media\/359"}],"wp:attachment":[{"href":"https:\/\/los-odpowiedzialni-spolecznie.pl\/en\/wp-json\/wp\/v2\/media?parent=313"}],"wp:term":[{"taxonomy":"product_cat","embeddable":true,"href":"https:\/\/los-odpowiedzialni-spolecznie.pl\/en\/wp-json\/wp\/v2\/product_cat?post=313"},{"taxonomy":"product_tag","embeddable":true,"href":"https:\/\/los-odpowiedzialni-spolecznie.pl\/en\/wp-json\/wp\/v2\/product_tag?post=313"}],"curies":[{"name":"wp","href":"https:\/\/api.w.org\/{rel}","templated":true}]}}