{"id":312,"date":"2024-12-23T15:39:26","date_gmt":"2024-12-23T14:39:26","guid":{"rendered":"https:\/\/los-odpowiedzialni-spolecznie.pl\/?post_type=product&#038;p=312"},"modified":"2024-12-23T15:40:19","modified_gmt":"2024-12-23T14:40:19","slug":"sok-z-glogu-500-ml","status":"publish","type":"product","link":"https:\/\/los-odpowiedzialni-spolecznie.pl\/en\/sklep\/produkty-spozywcze\/soki-2\/sok-z-glogu-500-ml\/","title":{"rendered":"Sok z G\u0142ogu 500 ml"},"content":{"rendered":"<h3>Opis Produktu<\/h3>\n<p><strong>G\u0142\u00f3g, sok 500 ml,\u00a0\u00a0<\/strong>suplement diety<\/p>\n<p>Owoce g\u0142ogu przyczyniaj\u0105 si\u0119 do wzmocnienia organizmu i usprawnienia pracy uk\u0142adu sercowo-naczyniowego. To bogate \u017ar\u00f3d\u0142o substancji wspieraj\u0105cych prawid\u0142owe funkcjonowanie uk\u0142adu kr\u0105\u017cenia i uk\u0142adu odporno\u015bciowego. Kompozycja soku z owoc\u00f3w g\u0142ogu i witaminy C. stanowi doskona\u0142y dodatek do codziennej diety dla os\u00f3b dbaj\u0105cych o zdrowie.<\/p>\n<h3>Stosowanie<\/h3>\n<p><strong>Zalecane spo\u017cycie:<\/strong>\u00a025 ml dwa razy dziennie, p\u00f3\u0142 godziny przed posi\u0142kiem. Nie nale\u017cy przekracza\u0107 zalecanej do spo\u017cycia dziennej porcji (50ml).<\/p>\n<p>Suplement diety nie mo\u017ce by\u0107 stosowany jako substytut (zamiennik) zr\u00f3\u017cnicowanej diety. Nie zaleca si\u0119 spo\u017cywania produktu przez dzieci, kobiety w ci\u0105\u017cy i karmi\u0105ce piersi\u0105. Pami\u0119taj, \u017ce zdrowy tryb \u017cycia i zr\u00f3wnowa\u017cony spos\u00f3b od\u017cywiania zapewniaj\u0105 prawid\u0142owe funkcjonowanie organizmu i zachowanie dobrej kondycji.<\/p>\n<p><strong>Warunki przechowywania<\/strong>: przechowywa\u0107 szczelnie zamkni\u0119ty, w temperaturze pokojowej, nie przekraczaj\u0105cej 25\u00b0C, w spos\u00f3b niedost\u0119pny dla ma\u0142ych dzieci. Chroni\u0107 przed wilgoci\u0105 i bezpo\u015brednim dzia\u0142aniem promieni s\u0142onecznych. Po otwarciu przechowywa\u0107 w lodowce do 21 dni.<\/p>\n<p>Ze wzgl\u0119du na zawarto\u015b\u0107 naturalnych sk\u0142adnik\u00f3w poszczeg\u00f3lne partie sok\u00f3w mog\u0105 r\u00f3\u017cni\u0107 si\u0119 kolorem, zapachem, smakiem. Nie ma to \u017cadnego wp\u0142ywu na jako\u015b\u0107 i dzia\u0142anie produktu.<br \/>\nProdukt pasteryzowany. Mo\u017ce wytr\u0105ca\u0107 si\u0119 naturalny osad.<\/p>\n<h3>Sk\u0142ad<\/h3>\n<p><strong>Zawarto\u015b\u0107 dziennej porcji:<\/strong>\u00a0sok z owoc\u00f3w g\u0142ogu jednoszyjkowego wyprodukowany z soku zag\u0119szczonego 50 ml; witamina C 120 mg (150% RWS*)<br \/>\n*referencyjna warto\u015b\u0107 spo\u017cycia dla przeci\u0119tnej osoby doros\u0142ej (8 400 kJ\/2 000 kcal)<\/p>\n<p><strong>Sk\u0142adniki:<\/strong>\u00a0sok z owoc\u00f3w g\u0142ogu jednoszyjkowego wyprodukowany z soku zag\u0119szczonego (Crataegus oxyacantha medicus), kwas L-askorbinowy (witamina C).<\/p>\n<p><strong>Bez konserwant\u00f3w, barwnik\u00f3w, cukru i substancji s\u0142odz\u0105cych<\/strong><\/p>\n<p><strong>Posta\u0107:<\/strong>\u00a0sok<\/p>\n<p><strong>Pojemno\u015b\u0107: 500 ml<\/strong><\/p>","protected":false},"excerpt":{"rendered":"<p>Opis Produktu G\u0142\u00f3g, sok 500 ml,\u00a0\u00a0suplement diety Owoce g\u0142ogu przyczyniaj\u0105 si\u0119 do wzmocnienia organizmu i usprawnienia pracy uk\u0142adu sercowo-naczyniowego. To bogate \u017ar\u00f3d\u0142o substancji wspieraj\u0105cych prawid\u0142owe funkcjonowanie uk\u0142adu kr\u0105\u017cenia i uk\u0142adu odporno\u015bciowego. Kompozycja soku z owoc\u00f3w g\u0142ogu i witaminy C. stanowi doskona\u0142y dodatek do codziennej diety dla os\u00f3b dbaj\u0105cych o zdrowie. Stosowanie Zalecane spo\u017cycie:\u00a025 ml dwa [&hellip;]<\/p>","protected":false},"featured_media":358,"template":"","meta":{"site-sidebar-layout":"default","site-content-layout":"","ast-site-content-layout":"default","site-content-style":"default","site-sidebar-style":"default","ast-global-header-display":"","ast-banner-title-visibility":"","ast-main-header-display":"","ast-hfb-above-header-display":"","ast-hfb-below-header-display":"","ast-hfb-mobile-header-display":"","site-post-title":"","ast-breadcrumbs-content":"","ast-featured-img":"","footer-sml-layout":"","theme-transparent-header-meta":"default","adv-header-id-meta":"","stick-header-meta":"","header-above-stick-meta":"","header-main-stick-meta":"","header-below-stick-meta":"","astra-migrate-meta-layouts":"set","ast-page-background-enabled":"default","ast-page-background-meta":{"desktop":{"background-color":"var(--ast-global-color-4)","background-image":"","background-repeat":"repeat","background-position":"center center","background-size":"auto","background-attachment":"scroll","background-type":"","background-media":"","overlay-type":"","overlay-color":"","overlay-opacity":"","overlay-gradient":""},"tablet":{"background-color":"","background-image":"","background-repeat":"repeat","background-position":"center center","background-size":"auto","background-attachment":"scroll","background-type":"","background-media":"","overlay-type":"","overlay-color":"","overlay-opacity":"","overlay-gradient":""},"mobile":{"background-color":"","background-image":"","background-repeat":"repeat","background-position":"center center","background-size":"auto","background-attachment":"scroll","background-type":"","background-media":"","overlay-type":"","overlay-color":"","overlay-opacity":"","overlay-gradient":""}},"ast-content-background-meta":{"desktop":{"background-color":"var(--ast-global-color-5)","background-image":"","background-repeat":"repeat","background-position":"center center","background-size":"auto","background-attachment":"scroll","background-type":"","background-media":"","overlay-type":"","overlay-color":"","overlay-opacity":"","overlay-gradient":""},"tablet":{"background-color":"var(--ast-global-color-5)","background-image":"","background-repeat":"repeat","background-position":"center center","background-size":"auto","background-attachment":"scroll","background-type":"","background-media":"","overlay-type":"","overlay-color":"","overlay-opacity":"","overlay-gradient":""},"mobile":{"background-color":"var(--ast-global-color-5)","background-image":"","background-repeat":"repeat","background-position":"center center","background-size":"auto","background-attachment":"scroll","background-type":"","background-media":"","overlay-type":"","overlay-color":"","overlay-opacity":"","overlay-gradient":""}}},"product_cat":[62],"product_tag":[],"class_list":{"0":"post-312","1":"product","2":"type-product","3":"status-publish","4":"has-post-thumbnail","6":"product_cat-soki-2","7":"desktop-align-center","8":"tablet-align-left","9":"mobile-align-left","11":"first","12":"instock","13":"purchasable","14":"product-type-simple"},"_links":{"self":[{"href":"https:\/\/los-odpowiedzialni-spolecznie.pl\/en\/wp-json\/wp\/v2\/product\/312","targetHints":{"allow":["GET"]}}],"collection":[{"href":"https:\/\/los-odpowiedzialni-spolecznie.pl\/en\/wp-json\/wp\/v2\/product"}],"about":[{"href":"https:\/\/los-odpowiedzialni-spolecznie.pl\/en\/wp-json\/wp\/v2\/types\/product"}],"wp:featuredmedia":[{"embeddable":true,"href":"https:\/\/los-odpowiedzialni-spolecznie.pl\/en\/wp-json\/wp\/v2\/media\/358"}],"wp:attachment":[{"href":"https:\/\/los-odpowiedzialni-spolecznie.pl\/en\/wp-json\/wp\/v2\/media?parent=312"}],"wp:term":[{"taxonomy":"product_cat","embeddable":true,"href":"https:\/\/los-odpowiedzialni-spolecznie.pl\/en\/wp-json\/wp\/v2\/product_cat?post=312"},{"taxonomy":"product_tag","embeddable":true,"href":"https:\/\/los-odpowiedzialni-spolecznie.pl\/en\/wp-json\/wp\/v2\/product_tag?post=312"}],"curies":[{"name":"wp","href":"https:\/\/api.w.org\/{rel}","templated":true}]}}