{"id":299,"date":"2024-12-23T15:39:05","date_gmt":"2024-12-23T14:39:05","guid":{"rendered":"https:\/\/los-odpowiedzialni-spolecznie.pl\/?post_type=product&#038;p=299"},"modified":"2024-12-23T15:40:15","modified_gmt":"2024-12-23T14:40:15","slug":"sok-z-aloesu-1000-ml","status":"publish","type":"product","link":"https:\/\/los-odpowiedzialni-spolecznie.pl\/en\/sklep\/produkty-spozywcze\/soki-2\/sok-z-aloesu-1000-ml\/","title":{"rendered":"Sok z Aloesu-1000 ml"},"content":{"rendered":"<h3>Opis Produktu<\/h3>\n<p><strong>Naturalny sok z aloesu<\/strong> pozyskiwany ze starannie wyselekcjonowanych li\u015bci najwy\u017cszej jako\u015bci odmiany Aloe vera, wspomaga utrzymanie naturalnej odporno\u015bci organizmu w przypadku infekcji oraz w okresie przesile\u0144 pogodowych, pomaga w regeneracji organizmu w czasie choroby i rekonwalescencji, niweluje zaburzenia przemiany materii i pracy uk\u0142adu trawiennego, \u0142agodzi stany zapalne przewodu pokarmowego oraz dolegliwo\u015bci \u017co\u0142\u0105dkowe, u\u0142atwia oczyszczanie organizmu z toksyn, normalizuje gospodark\u0119 mineraln\u0105, jest polecany podczas stosowania kuracji odchudzaj\u0105cych. Mo\u017ce by\u0107 sk\u0142adnikiem diet oczyszczaj\u0105cych organizm.<\/p>\n<h3>Stosowanie<\/h3>\n<p><strong>Zalecane spo\u017cycie:<\/strong>\u00a050 ml nale\u017cy rozcie\u0144czy\u0107 wod\u0105 lub sokiem, w stosunku min. 1:1 lub wi\u0119kszym. Spo\u017cy\u0107 raz dziennie przed posi\u0142kiem.<\/p>\n<p>Nie nale\u017cy przekracza\u0107 zalecanej do spo\u017cycia dziennej porcji. Suplement diety nie mo\u017ce by\u0107 stosowany jako substytut zr\u00f3\u017cnicowanej diety. Nie zaleca si\u0119 spo\u017cywania produktu przez dzieci, kobiety w ci\u0105\u017cy i karmi\u0105ce piersi\u0105. Pami\u0119taj, \u017ce zdrowy tryb \u017cycia i zr\u00f3wnowa\u017cony spos\u00f3b od\u017cywiania zapewniaj\u0105 prawid\u0142owe funkcjonowanie organizmu i zachowanie dobrej kondycji.<\/p>\n<p><strong>Warunki przechowywania:<\/strong>\u00a0przechowywa\u0107 szczelnie zamkni\u0119te, w temperaturze pokojowej nie przekraczaj\u0105cej 25\u00baC, w suchym miejscu, w spos\u00f3b niedost\u0119pny dla ma\u0142ych dzieci. Po otwarciu przechowywa\u0107 w lod\u00f3wce do 21 dni. Osad pochodzenia naturalnego. Przed u\u017cyciem wstrz\u0105sn\u0105\u0107. Ze wzgl\u0119du na zawarto\u015b\u0107 naturalnych sk\u0142adnik\u00f3w \u2013 kolor, zapach i smak poszczeg\u00f3lnych partii mog\u0105 si\u0119 r\u00f3\u017cni\u0107. Nie ma to \u017cadnego wp\u0142ywu na jako\u015b\u0107 i dzia\u0142anie produktu. Produkt pasteryzowany.<\/p>\n<h3>Sk\u0142ad<\/h3>\n<p><strong>Zalecana porcja dzienna (50 ml) zawiera:<\/strong>\u00a050 ml soku z aloesu<\/p>\n<p><strong>Sk\u0142adniki:<\/strong>\u00a0100% sok z Aloesu (<em>Aloe Vera<\/em>), regulator kwasowo\u015bci: kwas cytrynowy.<\/p>\n<p><strong>Posta\u0107:<\/strong>\u00a0sok<\/p>\n<p><strong>Pojemno\u015b\u0107: 1000 ml<\/strong><\/p>","protected":false},"excerpt":{"rendered":"<p>Opis Produktu Naturalny sok z aloesu pozyskiwany ze starannie wyselekcjonowanych li\u015bci najwy\u017cszej jako\u015bci odmiany Aloe vera, wspomaga utrzymanie naturalnej odporno\u015bci organizmu w przypadku infekcji oraz w okresie przesile\u0144 pogodowych, pomaga w regeneracji organizmu w czasie choroby i rekonwalescencji, niweluje zaburzenia przemiany materii i pracy uk\u0142adu trawiennego, \u0142agodzi stany zapalne przewodu pokarmowego oraz dolegliwo\u015bci \u017co\u0142\u0105dkowe, u\u0142atwia [&hellip;]<\/p>","protected":false},"featured_media":356,"template":"","meta":{"site-sidebar-layout":"default","site-content-layout":"","ast-site-content-layout":"default","site-content-style":"default","site-sidebar-style":"default","ast-global-header-display":"","ast-banner-title-visibility":"","ast-main-header-display":"","ast-hfb-above-header-display":"","ast-hfb-below-header-display":"","ast-hfb-mobile-header-display":"","site-post-title":"","ast-breadcrumbs-content":"","ast-featured-img":"","footer-sml-layout":"","theme-transparent-header-meta":"default","adv-header-id-meta":"","stick-header-meta":"","header-above-stick-meta":"","header-main-stick-meta":"","header-below-stick-meta":"","astra-migrate-meta-layouts":"set","ast-page-background-enabled":"default","ast-page-background-meta":{"desktop":{"background-color":"var(--ast-global-color-4)","background-image":"","background-repeat":"repeat","background-position":"center center","background-size":"auto","background-attachment":"scroll","background-type":"","background-media":"","overlay-type":"","overlay-color":"","overlay-opacity":"","overlay-gradient":""},"tablet":{"background-color":"","background-image":"","background-repeat":"repeat","background-position":"center center","background-size":"auto","background-attachment":"scroll","background-type":"","background-media":"","overlay-type":"","overlay-color":"","overlay-opacity":"","overlay-gradient":""},"mobile":{"background-color":"","background-image":"","background-repeat":"repeat","background-position":"center center","background-size":"auto","background-attachment":"scroll","background-type":"","background-media":"","overlay-type":"","overlay-color":"","overlay-opacity":"","overlay-gradient":""}},"ast-content-background-meta":{"desktop":{"background-color":"var(--ast-global-color-5)","background-image":"","background-repeat":"repeat","background-position":"center center","background-size":"auto","background-attachment":"scroll","background-type":"","background-media":"","overlay-type":"","overlay-color":"","overlay-opacity":"","overlay-gradient":""},"tablet":{"background-color":"var(--ast-global-color-5)","background-image":"","background-repeat":"repeat","background-position":"center center","background-size":"auto","background-attachment":"scroll","background-type":"","background-media":"","overlay-type":"","overlay-color":"","overlay-opacity":"","overlay-gradient":""},"mobile":{"background-color":"var(--ast-global-color-5)","background-image":"","background-repeat":"repeat","background-position":"center center","background-size":"auto","background-attachment":"scroll","background-type":"","background-media":"","overlay-type":"","overlay-color":"","overlay-opacity":"","overlay-gradient":""}}},"product_cat":[62],"product_tag":[],"class_list":{"0":"post-299","1":"product","2":"type-product","3":"status-publish","4":"has-post-thumbnail","6":"product_cat-soki-2","7":"desktop-align-center","8":"tablet-align-left","9":"mobile-align-left","11":"first","12":"instock","13":"purchasable","14":"product-type-simple"},"_links":{"self":[{"href":"https:\/\/los-odpowiedzialni-spolecznie.pl\/en\/wp-json\/wp\/v2\/product\/299","targetHints":{"allow":["GET"]}}],"collection":[{"href":"https:\/\/los-odpowiedzialni-spolecznie.pl\/en\/wp-json\/wp\/v2\/product"}],"about":[{"href":"https:\/\/los-odpowiedzialni-spolecznie.pl\/en\/wp-json\/wp\/v2\/types\/product"}],"wp:featuredmedia":[{"embeddable":true,"href":"https:\/\/los-odpowiedzialni-spolecznie.pl\/en\/wp-json\/wp\/v2\/media\/356"}],"wp:attachment":[{"href":"https:\/\/los-odpowiedzialni-spolecznie.pl\/en\/wp-json\/wp\/v2\/media?parent=299"}],"wp:term":[{"taxonomy":"product_cat","embeddable":true,"href":"https:\/\/los-odpowiedzialni-spolecznie.pl\/en\/wp-json\/wp\/v2\/product_cat?post=299"},{"taxonomy":"product_tag","embeddable":true,"href":"https:\/\/los-odpowiedzialni-spolecznie.pl\/en\/wp-json\/wp\/v2\/product_tag?post=299"}],"curies":[{"name":"wp","href":"https:\/\/api.w.org\/{rel}","templated":true}]}}