{"id":295,"date":"2024-12-23T15:39:05","date_gmt":"2024-12-23T14:39:05","guid":{"rendered":"https:\/\/los-odpowiedzialni-spolecznie.pl\/?post_type=product&#038;p=295"},"modified":"2024-12-23T15:40:03","modified_gmt":"2024-12-23T14:40:03","slug":"herbata-zielona-relaksujaca-eko-80g","status":"publish","type":"product","link":"https:\/\/los-odpowiedzialni-spolecznie.pl\/en\/sklep\/produkty-spozywcze\/herbaty\/ziolowe\/herbata-zielona-relaksujaca-eko-80g\/","title":{"rendered":"Herbata Zielona Relaksuj\u0105ca EKO 80g"},"content":{"rendered":"<h3>Opis Produktu<\/h3>\n<div id=\"box_description\" class=\"tab-wrap\">\n<div class=\"resetcss\">\n<div class=\"text\">\n<p>Najwy\u017cszej jako\u015bci, zielona herbata cejlo\u0144ska z dodatkiem melisy, werbeny cytrynowej i chmielu. Zio\u0142a te pomagaj\u0105 si\u0119 odpr\u0119\u017cy\u0107 oraz u\u0142atwiaj\u0105 zasypianie. Herbata cechuje si\u0119 delikatnym, zio\u0142owym aromatem.<\/p>\n<\/div>\n<div class=\"item\">\n<div class=\"attr-name\">\n<div><strong>Sk\u0142adniki:<\/strong><\/div>\n<\/div>\n<div class=\"attr-value\">\n<p>herbata zielona cejlo\u0144ska* 82%, melisa ziele*, werbena cytrynowa*, chmiel szyszki*.<\/p>\n<p>*produkt rolnictwa ekologicznego<\/p>\n<\/div>\n<\/div>\n<div class=\"item\">\n<div class=\"attr-name\">\n<div><strong>Spos\u00f3b u\u017cycia:<\/strong><\/div>\n<\/div>\n<div class=\"attr-value\">\n<p>1\u00a0\u0142y\u017ceczk\u0119 herbaty zala\u0107 szklank\u0105 wody o temperaturze &#8211; ok. 80 stopni (odczeka\u0107 3-5 min od momentu wrzenia) i zaparza\u0107 przez kilka minut pod przykryciem.<\/p>\n<\/div>\n<\/div>\n<div class=\"attr-name\">\n<div><strong>Opakowanie:<\/strong><\/div>\n<\/div>\n<p>80 g<\/p>\n<\/div>\n<\/div>\n<div id=\"boxdetails\" class=\"tab-wrap\">\n<h3 class=\"tab-title\">Dodatkowe informacje<\/h3>\n<div class=\"resetcss\">\n<div class=\"text\">\n<p>herbata sypana<\/p>\n<\/div>\n<\/div>\n<\/div>","protected":false},"excerpt":{"rendered":"<p>Opis Produktu Najwy\u017cszej jako\u015bci, zielona herbata cejlo\u0144ska z dodatkiem melisy, werbeny cytrynowej i chmielu. Zio\u0142a te pomagaj\u0105 si\u0119 odpr\u0119\u017cy\u0107 oraz u\u0142atwiaj\u0105 zasypianie. Herbata cechuje si\u0119 delikatnym, zio\u0142owym aromatem. Sk\u0142adniki: herbata zielona cejlo\u0144ska* 82%, melisa ziele*, werbena cytrynowa*, chmiel szyszki*. *produkt rolnictwa ekologicznego Spos\u00f3b u\u017cycia: 1\u00a0\u0142y\u017ceczk\u0119 herbaty zala\u0107 szklank\u0105 wody o temperaturze &#8211; ok. 80 stopni [&hellip;]<\/p>","protected":false},"featured_media":344,"template":"","meta":{"site-sidebar-layout":"default","site-content-layout":"","ast-site-content-layout":"default","site-content-style":"default","site-sidebar-style":"default","ast-global-header-display":"","ast-banner-title-visibility":"","ast-main-header-display":"","ast-hfb-above-header-display":"","ast-hfb-below-header-display":"","ast-hfb-mobile-header-display":"","site-post-title":"","ast-breadcrumbs-content":"","ast-featured-img":"","footer-sml-layout":"","theme-transparent-header-meta":"default","adv-header-id-meta":"","stick-header-meta":"","header-above-stick-meta":"","header-main-stick-meta":"","header-below-stick-meta":"","astra-migrate-meta-layouts":"set","ast-page-background-enabled":"default","ast-page-background-meta":{"desktop":{"background-color":"var(--ast-global-color-4)","background-image":"","background-repeat":"repeat","background-position":"center center","background-size":"auto","background-attachment":"scroll","background-type":"","background-media":"","overlay-type":"","overlay-color":"","overlay-opacity":"","overlay-gradient":""},"tablet":{"background-color":"","background-image":"","background-repeat":"repeat","background-position":"center center","background-size":"auto","background-attachment":"scroll","background-type":"","background-media":"","overlay-type":"","overlay-color":"","overlay-opacity":"","overlay-gradient":""},"mobile":{"background-color":"","background-image":"","background-repeat":"repeat","background-position":"center center","background-size":"auto","background-attachment":"scroll","background-type":"","background-media":"","overlay-type":"","overlay-color":"","overlay-opacity":"","overlay-gradient":""}},"ast-content-background-meta":{"desktop":{"background-color":"var(--ast-global-color-5)","background-image":"","background-repeat":"repeat","background-position":"center center","background-size":"auto","background-attachment":"scroll","background-type":"","background-media":"","overlay-type":"","overlay-color":"","overlay-opacity":"","overlay-gradient":""},"tablet":{"background-color":"var(--ast-global-color-5)","background-image":"","background-repeat":"repeat","background-position":"center center","background-size":"auto","background-attachment":"scroll","background-type":"","background-media":"","overlay-type":"","overlay-color":"","overlay-opacity":"","overlay-gradient":""},"mobile":{"background-color":"var(--ast-global-color-5)","background-image":"","background-repeat":"repeat","background-position":"center center","background-size":"auto","background-attachment":"scroll","background-type":"","background-media":"","overlay-type":"","overlay-color":"","overlay-opacity":"","overlay-gradient":""}}},"product_cat":[44,46,52,55],"product_tag":[34],"class_list":{"0":"post-295","1":"product","2":"type-product","3":"status-publish","4":"has-post-thumbnail","6":"product_cat-herbaty","7":"product_cat-ziolowe","8":"product_cat-sypane","9":"product_cat-zielone","10":"product_tag-etykieta-eko","11":"desktop-align-center","12":"tablet-align-left","13":"mobile-align-left","15":"first","16":"instock","17":"taxable","18":"shipping-taxable","19":"purchasable","20":"product-type-simple"},"_links":{"self":[{"href":"https:\/\/los-odpowiedzialni-spolecznie.pl\/en\/wp-json\/wp\/v2\/product\/295","targetHints":{"allow":["GET"]}}],"collection":[{"href":"https:\/\/los-odpowiedzialni-spolecznie.pl\/en\/wp-json\/wp\/v2\/product"}],"about":[{"href":"https:\/\/los-odpowiedzialni-spolecznie.pl\/en\/wp-json\/wp\/v2\/types\/product"}],"wp:featuredmedia":[{"embeddable":true,"href":"https:\/\/los-odpowiedzialni-spolecznie.pl\/en\/wp-json\/wp\/v2\/media\/344"}],"wp:attachment":[{"href":"https:\/\/los-odpowiedzialni-spolecznie.pl\/en\/wp-json\/wp\/v2\/media?parent=295"}],"wp:term":[{"taxonomy":"product_cat","embeddable":true,"href":"https:\/\/los-odpowiedzialni-spolecznie.pl\/en\/wp-json\/wp\/v2\/product_cat?post=295"},{"taxonomy":"product_tag","embeddable":true,"href":"https:\/\/los-odpowiedzialni-spolecznie.pl\/en\/wp-json\/wp\/v2\/product_tag?post=295"}],"curies":[{"name":"wp","href":"https:\/\/api.w.org\/{rel}","templated":true}]}}