{"id":275,"date":"2024-12-23T15:38:44","date_gmt":"2024-12-23T14:38:44","guid":{"rendered":"https:\/\/los-odpowiedzialni-spolecznie.pl\/?post_type=product&#038;p=275"},"modified":"2024-12-23T15:39:38","modified_gmt":"2024-12-23T14:39:38","slug":"herbatka-na-patyku-dziki-las-eko-8-szt","status":"publish","type":"product","link":"https:\/\/los-odpowiedzialni-spolecznie.pl\/en\/sklep\/produkty-spozywcze\/herbaty\/ziolowe\/herbatka-na-patyku-dziki-las-eko-8-szt\/","title":{"rendered":"Herbatka na patyku &#8211; Dziki las EKO (8 szt.)"},"content":{"rendered":"<h3>Opis Produktu<\/h3>\n<p><strong>Herbatka na patyku \u2013 Dziki las EKO<\/strong><\/p>\n<p>Herbatka zio\u0142owa o intensywnym, przyjemnym aromacie trawy \u017cubr\u00f3wki i wrzosu, kt\u00f3ry wykazuje dzia\u0142anie delikatnie relaksuj\u0105ce.<\/p>\n<p>Ka\u017cda herbatka na patyku wykonana zosta\u0142a r\u0119cznie z ekologicznych sk\u0142adnik\u00f3w pozyskanych ze stanu naturalnego lub ogrodu botanicznego. Ro\u015bliny zebrano wed\u0142ug kalendarza biodynamicznego.<\/p>\n<h3 class=\"tab-title\">Dodatkowe informacje<\/h3>\n<div class=\"resetcss\">\n<p><strong>Sk\u0142adniki:\u00a0<\/strong>brzoza li\u015b\u0107*, trawa \u017cubr\u00f3wka*, bor\u00f3wka brusznica li\u015b\u0107*, poziomka li\u015b\u0107*, p\u0119dy sosny*, wrzos kwiatostan*. *produkt rolnictwa ekologicznego<\/p>\n<p><strong>Spos\u00f3b u\u017cycia:\u00a0<\/strong>jedn\u0105 wi\u0105zk\u0119 herbatki zala\u0107 wrz\u0105tkiem (0,3 \u2013 0,5 l) i pozostawi\u0107 do zaparzenia na oko\u0142o 10-15 minut.<\/p>\n<p><strong>Warunki przechowywania:\u00a0<\/strong>przechowywa\u0107 w szczelnie zamkni\u0119tym, w suchym i zacienionym miejscu.<\/p>\n<p><strong>Kod EAN:\u00a0<\/strong>5903246862577<\/p>\n<\/div>","protected":false},"excerpt":{"rendered":"<p>Opis Produktu Herbatka na patyku \u2013 Dziki las EKO Herbatka zio\u0142owa o intensywnym, przyjemnym aromacie trawy \u017cubr\u00f3wki i wrzosu, kt\u00f3ry wykazuje dzia\u0142anie delikatnie relaksuj\u0105ce. Ka\u017cda herbatka na patyku wykonana zosta\u0142a r\u0119cznie z ekologicznych sk\u0142adnik\u00f3w pozyskanych ze stanu naturalnego lub ogrodu botanicznego. Ro\u015bliny zebrano wed\u0142ug kalendarza biodynamicznego. Dodatkowe informacje Sk\u0142adniki:\u00a0brzoza li\u015b\u0107*, trawa \u017cubr\u00f3wka*, bor\u00f3wka brusznica li\u015b\u0107*, [&hellip;]<\/p>","protected":false},"featured_media":326,"template":"","meta":{"site-sidebar-layout":"default","site-content-layout":"","ast-site-content-layout":"default","site-content-style":"default","site-sidebar-style":"default","ast-global-header-display":"","ast-banner-title-visibility":"","ast-main-header-display":"","ast-hfb-above-header-display":"","ast-hfb-below-header-display":"","ast-hfb-mobile-header-display":"","site-post-title":"","ast-breadcrumbs-content":"","ast-featured-img":"","footer-sml-layout":"","theme-transparent-header-meta":"default","adv-header-id-meta":"","stick-header-meta":"","header-above-stick-meta":"","header-main-stick-meta":"","header-below-stick-meta":"","astra-migrate-meta-layouts":"set","ast-page-background-enabled":"default","ast-page-background-meta":{"desktop":{"background-color":"var(--ast-global-color-4)","background-image":"","background-repeat":"repeat","background-position":"center center","background-size":"auto","background-attachment":"scroll","background-type":"","background-media":"","overlay-type":"","overlay-color":"","overlay-opacity":"","overlay-gradient":""},"tablet":{"background-color":"","background-image":"","background-repeat":"repeat","background-position":"center center","background-size":"auto","background-attachment":"scroll","background-type":"","background-media":"","overlay-type":"","overlay-color":"","overlay-opacity":"","overlay-gradient":""},"mobile":{"background-color":"","background-image":"","background-repeat":"repeat","background-position":"center center","background-size":"auto","background-attachment":"scroll","background-type":"","background-media":"","overlay-type":"","overlay-color":"","overlay-opacity":"","overlay-gradient":""}},"ast-content-background-meta":{"desktop":{"background-color":"var(--ast-global-color-5)","background-image":"","background-repeat":"repeat","background-position":"center center","background-size":"auto","background-attachment":"scroll","background-type":"","background-media":"","overlay-type":"","overlay-color":"","overlay-opacity":"","overlay-gradient":""},"tablet":{"background-color":"var(--ast-global-color-5)","background-image":"","background-repeat":"repeat","background-position":"center center","background-size":"auto","background-attachment":"scroll","background-type":"","background-media":"","overlay-type":"","overlay-color":"","overlay-opacity":"","overlay-gradient":""},"mobile":{"background-color":"var(--ast-global-color-5)","background-image":"","background-repeat":"repeat","background-position":"center center","background-size":"auto","background-attachment":"scroll","background-type":"","background-media":"","overlay-type":"","overlay-color":"","overlay-opacity":"","overlay-gradient":""}}},"product_cat":[44,46,57,58],"product_tag":[34],"class_list":{"0":"post-275","1":"product","2":"type-product","3":"status-publish","4":"has-post-thumbnail","6":"product_cat-herbaty","7":"product_cat-ziolowe","8":"product_cat-na-patyku","9":"product_cat-zestawy-herbat","10":"product_tag-etykieta-eko","11":"desktop-align-center","12":"tablet-align-left","13":"mobile-align-left","15":"first","16":"onbackorder","17":"purchasable","18":"product-type-simple"},"_links":{"self":[{"href":"https:\/\/los-odpowiedzialni-spolecznie.pl\/en\/wp-json\/wp\/v2\/product\/275","targetHints":{"allow":["GET"]}}],"collection":[{"href":"https:\/\/los-odpowiedzialni-spolecznie.pl\/en\/wp-json\/wp\/v2\/product"}],"about":[{"href":"https:\/\/los-odpowiedzialni-spolecznie.pl\/en\/wp-json\/wp\/v2\/types\/product"}],"wp:featuredmedia":[{"embeddable":true,"href":"https:\/\/los-odpowiedzialni-spolecznie.pl\/en\/wp-json\/wp\/v2\/media\/326"}],"wp:attachment":[{"href":"https:\/\/los-odpowiedzialni-spolecznie.pl\/en\/wp-json\/wp\/v2\/media?parent=275"}],"wp:term":[{"taxonomy":"product_cat","embeddable":true,"href":"https:\/\/los-odpowiedzialni-spolecznie.pl\/en\/wp-json\/wp\/v2\/product_cat?post=275"},{"taxonomy":"product_tag","embeddable":true,"href":"https:\/\/los-odpowiedzialni-spolecznie.pl\/en\/wp-json\/wp\/v2\/product_tag?post=275"}],"curies":[{"name":"wp","href":"https:\/\/api.w.org\/{rel}","templated":true}]}}