{"id":274,"date":"2024-12-23T15:38:44","date_gmt":"2024-12-23T14:38:44","guid":{"rendered":"https:\/\/los-odpowiedzialni-spolecznie.pl\/?post_type=product&#038;p=274"},"modified":"2024-12-23T15:39:36","modified_gmt":"2024-12-23T14:39:36","slug":"herbatka-na-patyku-laka-motyli-eko-2-szt","status":"publish","type":"product","link":"https:\/\/los-odpowiedzialni-spolecznie.pl\/en\/sklep\/produkty-spozywcze\/herbaty\/ziolowe\/herbatka-na-patyku-laka-motyli-eko-2-szt\/","title":{"rendered":"HERBATKA NA PATYKU \u2013 \u0141\u0104KA MOTYLI EKO (2 SZT.)"},"content":{"rendered":"<h3>Opis Produktu<\/h3>\n<p>Przepi\u0119kna kompozycja kwiatowo-zio\u0142owa o dominuj\u0105cych aromatach kocimi\u0119tki i hyzopu. Rumianek wp\u0142ywa pozytywnie na drogi oddechowe i trawienie oraz delikatnie relaksuje, a kocimi\u0119tka wspomaga fizyczn\u0105 oraz psychiczn\u0105 sprawno\u015b\u0107.<\/p>\n<p>Ka\u017cda herbatka na patyku wykonana zosta\u0142a r\u0119cznie z ekologicznych sk\u0142adnik\u00f3w pozyskanych ze stanu naturalnego lub ogrodu botanicznego. Ro\u015bliny zebrano wed\u0142ug kalendarza biodynamicznego.<\/p>\n<h3>Spos\u00f3b u\u017cycia<\/h3>\n<p class=\"f-display-2 md:pr-40 lg:pr-44\">Wi\u0105zk\u0119 zi\u00f3\u0142 na patyku \u0141\u0105ka motyli zala\u0107 300-500 ml wrz\u0105tku, parzy\u0107 10-15 minut i pi\u0107 wedle upodoba\u0144. Produkt przechowywa\u0107 w temperaturze pokojowej w szczelnie zamkni\u0119tym opakowaniu. Susz mo\u017cna przechowywa\u0107 w opakowaniu z plastiku lub w metalowej puszce.<\/p>\n<h3>Sk\u0142adniki<\/h3>\n<p><strong>Sk\u0142adniki:<\/strong>\u00a0pysznog\u0142\u00f3wka kwiatostan*, rumianek*, kocimi\u0119tka*, przywrotnik*, hyzop*, pierwiosnek kwiatostan.<br \/>\n*produkt rolnictwa ekologicznego<\/p>\n<p>&nbsp;<\/p>","protected":false},"excerpt":{"rendered":"<p>Opis Produktu Przepi\u0119kna kompozycja kwiatowo-zio\u0142owa o dominuj\u0105cych aromatach kocimi\u0119tki i hyzopu. Rumianek wp\u0142ywa pozytywnie na drogi oddechowe i trawienie oraz delikatnie relaksuje, a kocimi\u0119tka wspomaga fizyczn\u0105 oraz psychiczn\u0105 sprawno\u015b\u0107. Ka\u017cda herbatka na patyku wykonana zosta\u0142a r\u0119cznie z ekologicznych sk\u0142adnik\u00f3w pozyskanych ze stanu naturalnego lub ogrodu botanicznego. Ro\u015bliny zebrano wed\u0142ug kalendarza biodynamicznego. Spos\u00f3b u\u017cycia Wi\u0105zk\u0119 zi\u00f3\u0142 [&hellip;]<\/p>","protected":false},"featured_media":325,"template":"","meta":{"site-sidebar-layout":"default","site-content-layout":"","ast-site-content-layout":"default","site-content-style":"default","site-sidebar-style":"default","ast-global-header-display":"","ast-banner-title-visibility":"","ast-main-header-display":"","ast-hfb-above-header-display":"","ast-hfb-below-header-display":"","ast-hfb-mobile-header-display":"","site-post-title":"","ast-breadcrumbs-content":"","ast-featured-img":"","footer-sml-layout":"","theme-transparent-header-meta":"default","adv-header-id-meta":"","stick-header-meta":"","header-above-stick-meta":"","header-main-stick-meta":"","header-below-stick-meta":"","astra-migrate-meta-layouts":"set","ast-page-background-enabled":"default","ast-page-background-meta":{"desktop":{"background-color":"var(--ast-global-color-4)","background-image":"","background-repeat":"repeat","background-position":"center center","background-size":"auto","background-attachment":"scroll","background-type":"","background-media":"","overlay-type":"","overlay-color":"","overlay-opacity":"","overlay-gradient":""},"tablet":{"background-color":"","background-image":"","background-repeat":"repeat","background-position":"center center","background-size":"auto","background-attachment":"scroll","background-type":"","background-media":"","overlay-type":"","overlay-color":"","overlay-opacity":"","overlay-gradient":""},"mobile":{"background-color":"","background-image":"","background-repeat":"repeat","background-position":"center center","background-size":"auto","background-attachment":"scroll","background-type":"","background-media":"","overlay-type":"","overlay-color":"","overlay-opacity":"","overlay-gradient":""}},"ast-content-background-meta":{"desktop":{"background-color":"var(--ast-global-color-5)","background-image":"","background-repeat":"repeat","background-position":"center center","background-size":"auto","background-attachment":"scroll","background-type":"","background-media":"","overlay-type":"","overlay-color":"","overlay-opacity":"","overlay-gradient":""},"tablet":{"background-color":"var(--ast-global-color-5)","background-image":"","background-repeat":"repeat","background-position":"center center","background-size":"auto","background-attachment":"scroll","background-type":"","background-media":"","overlay-type":"","overlay-color":"","overlay-opacity":"","overlay-gradient":""},"mobile":{"background-color":"var(--ast-global-color-5)","background-image":"","background-repeat":"repeat","background-position":"center center","background-size":"auto","background-attachment":"scroll","background-type":"","background-media":"","overlay-type":"","overlay-color":"","overlay-opacity":"","overlay-gradient":""}}},"product_cat":[44,46,57,58],"product_tag":[34],"class_list":{"0":"post-274","1":"product","2":"type-product","3":"status-publish","4":"has-post-thumbnail","6":"product_cat-herbaty","7":"product_cat-ziolowe","8":"product_cat-na-patyku","9":"product_cat-zestawy-herbat","10":"product_tag-etykieta-eko","11":"desktop-align-center","12":"tablet-align-left","13":"mobile-align-left","15":"first","16":"onbackorder","17":"purchasable","18":"product-type-simple"},"_links":{"self":[{"href":"https:\/\/los-odpowiedzialni-spolecznie.pl\/en\/wp-json\/wp\/v2\/product\/274","targetHints":{"allow":["GET"]}}],"collection":[{"href":"https:\/\/los-odpowiedzialni-spolecznie.pl\/en\/wp-json\/wp\/v2\/product"}],"about":[{"href":"https:\/\/los-odpowiedzialni-spolecznie.pl\/en\/wp-json\/wp\/v2\/types\/product"}],"wp:featuredmedia":[{"embeddable":true,"href":"https:\/\/los-odpowiedzialni-spolecznie.pl\/en\/wp-json\/wp\/v2\/media\/325"}],"wp:attachment":[{"href":"https:\/\/los-odpowiedzialni-spolecznie.pl\/en\/wp-json\/wp\/v2\/media?parent=274"}],"wp:term":[{"taxonomy":"product_cat","embeddable":true,"href":"https:\/\/los-odpowiedzialni-spolecznie.pl\/en\/wp-json\/wp\/v2\/product_cat?post=274"},{"taxonomy":"product_tag","embeddable":true,"href":"https:\/\/los-odpowiedzialni-spolecznie.pl\/en\/wp-json\/wp\/v2\/product_tag?post=274"}],"curies":[{"name":"wp","href":"https:\/\/api.w.org\/{rel}","templated":true}]}}