{"id":273,"date":"2024-12-23T15:38:44","date_gmt":"2024-12-23T14:38:44","guid":{"rendered":"https:\/\/los-odpowiedzialni-spolecznie.pl\/?post_type=product&#038;p=273"},"modified":"2025-01-22T13:09:16","modified_gmt":"2025-01-22T12:09:16","slug":"herbatka-bonifraterska-sila-ziol-wzmocnienie","status":"publish","type":"product","link":"https:\/\/los-odpowiedzialni-spolecznie.pl\/en\/sklep\/produkty-spozywcze\/herbaty\/ziolowe\/herbatka-bonifraterska-sila-ziol-wzmocnienie\/","title":{"rendered":"Herbatka Bonifraterska Si\u0142a Zi\u00f3\u0142 Wzmocnienie"},"content":{"rendered":"<h3>Opis Produktu<\/h3>\n<p>Herbatka bonifraterska Si\u0142a Zi\u00f3\u0142 Wzmocnienie to naturalna kompozycja zi\u00f3\u0142 i owoc\u00f3w, kt\u00f3ra zosta\u0142a stworzona w oparciu o receptury Zakonu Braci Bonifratr\u00f3w.<br \/>\nSi\u0142a Zi\u00f3\u0142 Wzmocnienie to aromatyczny napar z kwiatem hibiskusa, li\u015bciem werbeny cytrynowej, owocami jab\u0142ka i r\u00f3\u017cy, kt\u00f3ry b\u0119dzie idealnym towarzyszem codziennych chwil. Wkomponowany w sk\u0142ad li\u015b\u0107 z drzewa Moringa i owoc bzu czarnego pozwol\u0105 lepiej zadba\u0107 o swoje zdrowie. Napar powstaj\u0105cy z zaparzenia tej herbaty posiada esencjonalny i wyrazisty smak. Herbatka jest polecana dla ca\u0142ej rodziny.<\/p>\n<h3>Stosowanie<\/h3>\n<p><strong>Spos\u00f3b u\u017cycia:\u00a0<\/strong>\u0142y\u017ck\u0119 zi\u00f3\u0142 zala\u0107 szklank\u0105 wrz\u0105cej wody i zaparza\u0107 pod przykryciem ok. 10 min.<\/p>\n<p><strong>Przechowywanie<\/strong>: przechowywa\u0107 w szczelnym opakowaniu, w suchym i ch\u0142odnym miejscu, w spos\u00f3b niedost\u0119pny dla ma\u0142ych dzieci. Przechowywa\u0107 w szczelnie zamkni\u0119tym opakowaniu, w oryginalnym kartoniku, w temperaturze poni\u017cej 25\u00b0C, w spos\u00f3b niedost\u0119pny dla ma\u0142ych dzieci. Chroni\u0107 przed \u015bwiat\u0142em.<\/p>\n<h3>Sk\u0142ad<\/h3>\n<p>Sk\u0142adniki: hibiskus kwiat-30%, moringa li\u015b\u0107-10%, werbena cytrynowa li\u015b\u0107-10%,\u00a0jab\u0142ko owoc-10%, mango sk\u00f3rka-10%, rodzynka-10%,\u00a0porzeczka li\u015b\u0107-5%, bez czarny owoc-5%,\u00a0jarz\u0119bina owoc-5%, r\u00f3\u017ca p\u0142atki-3%,\u00a0r\u00f3\u017ca owoc-2%.<\/p>\n<p><strong>Posta\u0107:<\/strong>\u00a0zio\u0142a sypkie.<\/p>\n<p><strong>Masa netto:<\/strong>\u00a0100 g.<\/p>","protected":false},"excerpt":{"rendered":"<p>Opis Produktu Herbatka bonifraterska Si\u0142a Zi\u00f3\u0142 Wzmocnienie to naturalna kompozycja zi\u00f3\u0142 i owoc\u00f3w, kt\u00f3ra zosta\u0142a stworzona w oparciu o receptury Zakonu Braci Bonifratr\u00f3w. Si\u0142a Zi\u00f3\u0142 Wzmocnienie to aromatyczny napar z kwiatem hibiskusa, li\u015bciem werbeny cytrynowej, owocami jab\u0142ka i r\u00f3\u017cy, kt\u00f3ry b\u0119dzie idealnym towarzyszem codziennych chwil. Wkomponowany w sk\u0142ad li\u015b\u0107 z drzewa Moringa i owoc bzu [&hellip;]<\/p>","protected":false},"featured_media":324,"template":"","meta":{"site-sidebar-layout":"default","site-content-layout":"","ast-site-content-layout":"default","site-content-style":"default","site-sidebar-style":"default","ast-global-header-display":"","ast-banner-title-visibility":"","ast-main-header-display":"","ast-hfb-above-header-display":"","ast-hfb-below-header-display":"","ast-hfb-mobile-header-display":"","site-post-title":"","ast-breadcrumbs-content":"","ast-featured-img":"","footer-sml-layout":"","theme-transparent-header-meta":"default","adv-header-id-meta":"","stick-header-meta":"","header-above-stick-meta":"","header-main-stick-meta":"","header-below-stick-meta":"","astra-migrate-meta-layouts":"set","ast-page-background-enabled":"default","ast-page-background-meta":{"desktop":{"background-color":"var(--ast-global-color-4)","background-image":"","background-repeat":"repeat","background-position":"center center","background-size":"auto","background-attachment":"scroll","background-type":"","background-media":"","overlay-type":"","overlay-color":"","overlay-opacity":"","overlay-gradient":""},"tablet":{"background-color":"","background-image":"","background-repeat":"repeat","background-position":"center center","background-size":"auto","background-attachment":"scroll","background-type":"","background-media":"","overlay-type":"","overlay-color":"","overlay-opacity":"","overlay-gradient":""},"mobile":{"background-color":"","background-image":"","background-repeat":"repeat","background-position":"center center","background-size":"auto","background-attachment":"scroll","background-type":"","background-media":"","overlay-type":"","overlay-color":"","overlay-opacity":"","overlay-gradient":""}},"ast-content-background-meta":{"desktop":{"background-color":"var(--ast-global-color-5)","background-image":"","background-repeat":"repeat","background-position":"center center","background-size":"auto","background-attachment":"scroll","background-type":"","background-media":"","overlay-type":"","overlay-color":"","overlay-opacity":"","overlay-gradient":""},"tablet":{"background-color":"var(--ast-global-color-5)","background-image":"","background-repeat":"repeat","background-position":"center center","background-size":"auto","background-attachment":"scroll","background-type":"","background-media":"","overlay-type":"","overlay-color":"","overlay-opacity":"","overlay-gradient":""},"mobile":{"background-color":"var(--ast-global-color-5)","background-image":"","background-repeat":"repeat","background-position":"center center","background-size":"auto","background-attachment":"scroll","background-type":"","background-media":"","overlay-type":"","overlay-color":"","overlay-opacity":"","overlay-gradient":""}}},"product_cat":[44,46,52],"product_tag":[],"class_list":{"0":"post-273","1":"product","2":"type-product","3":"status-publish","4":"has-post-thumbnail","6":"product_cat-herbaty","7":"product_cat-ziolowe","8":"product_cat-sypane","9":"desktop-align-center","10":"tablet-align-left","11":"mobile-align-left","13":"first","14":"instock","15":"purchasable","16":"product-type-simple"},"_links":{"self":[{"href":"https:\/\/los-odpowiedzialni-spolecznie.pl\/en\/wp-json\/wp\/v2\/product\/273","targetHints":{"allow":["GET"]}}],"collection":[{"href":"https:\/\/los-odpowiedzialni-spolecznie.pl\/en\/wp-json\/wp\/v2\/product"}],"about":[{"href":"https:\/\/los-odpowiedzialni-spolecznie.pl\/en\/wp-json\/wp\/v2\/types\/product"}],"wp:featuredmedia":[{"embeddable":true,"href":"https:\/\/los-odpowiedzialni-spolecznie.pl\/en\/wp-json\/wp\/v2\/media\/324"}],"wp:attachment":[{"href":"https:\/\/los-odpowiedzialni-spolecznie.pl\/en\/wp-json\/wp\/v2\/media?parent=273"}],"wp:term":[{"taxonomy":"product_cat","embeddable":true,"href":"https:\/\/los-odpowiedzialni-spolecznie.pl\/en\/wp-json\/wp\/v2\/product_cat?post=273"},{"taxonomy":"product_tag","embeddable":true,"href":"https:\/\/los-odpowiedzialni-spolecznie.pl\/en\/wp-json\/wp\/v2\/product_tag?post=273"}],"curies":[{"name":"wp","href":"https:\/\/api.w.org\/{rel}","templated":true}]}}