{"id":272,"date":"2024-12-23T15:38:44","date_gmt":"2024-12-23T14:38:44","guid":{"rendered":"https:\/\/los-odpowiedzialni-spolecznie.pl\/?post_type=product&#038;p=272"},"modified":"2025-01-22T13:09:16","modified_gmt":"2025-01-22T12:09:16","slug":"herbatka-bonifraterska-sila-ziol-oczyszczenie","status":"publish","type":"product","link":"https:\/\/los-odpowiedzialni-spolecznie.pl\/en\/sklep\/produkty-spozywcze\/herbaty\/ziolowe\/herbatka-bonifraterska-sila-ziol-oczyszczenie\/","title":{"rendered":"Herbatka Bonifraterska Si\u0142a Zi\u00f3\u0142 Oczyszczenie"},"content":{"rendered":"<h3>Opis Produktu<\/h3>\n<p>Herbatka bonifraterska Si\u0142a Zi\u00f3\u0142 Oczyszczenie to naturalna kompozycja zi\u00f3\u0142 i owoc\u00f3w, kt\u00f3ra zosta\u0142a stworzona w oparciu o receptury Zakonu Braci Bonifratr\u00f3w.<br \/>\nSi\u0142a Zi\u00f3\u0142 Oczyszenie to unikalna kompozycja zi\u00f3\u0142, kt\u00f3ra wspiera naturalny mechanizm oczyszczania organizmu. Wkomponowany w sk\u0142ad: li\u015b\u0107 brzozy i pokrzywy oraz korze\u0144 mniszka wspomagaj\u0105 proces detoksykacji i pozwol\u0105 lepiej zadba\u0107 o swoje zdrowie. Napar powstaj\u0105cy z zaparzenia tej herbaty posiada esencjonalny i wyrazisty smak.<\/p>\n<h3>Stosowanie<\/h3>\n<p><strong>Spos\u00f3b u\u017cycia:\u00a0<\/strong>\u0142y\u017ck\u0119 zi\u00f3\u0142 zala\u0107 szklank\u0105 wrz\u0105cej wody i zaparza\u0107 pod przykryciem ok. 10 min.<\/p>\n<p><strong>Przechowywanie<\/strong>: przechowywa\u0107 w szczelnym opakowaniu, w suchym i ch\u0142odnym miejscu, w spos\u00f3b niedost\u0119pny dla ma\u0142ych dzieci. Przechowywa\u0107 w szczelnie zamkni\u0119tym opakowaniu, w oryginalnym kartoniku, w temperaturze poni\u017cej 25\u00b0C, w spos\u00f3b niedost\u0119pny dla ma\u0142ych dzieci. Chroni\u0107 przed \u015bwiat\u0142em.<\/p>\n<h3>Sk\u0142ad<\/h3>\n<p><strong>Sk\u0142adniki:<\/strong>\u00a0herbata zielona gun powder-35%; brzoza li\u015b\u0107-15%; pokrzywa li\u015b\u0107-15%;\u00a0korze\u0144 mniszka-10%; bez czarny owoc-10%; \u017curawina owoc-8,5%; bez czarny kwiat-5%; chaber b\u0142awatek-1,5%.<\/p>\n<p><strong>Posta\u0107:<\/strong>\u00a0zio\u0142a sypkie.<\/p>\n<p><strong>Masa netto:<\/strong>\u00a0100 g.<\/p>","protected":false},"excerpt":{"rendered":"<p>Opis Produktu Herbatka bonifraterska Si\u0142a Zi\u00f3\u0142 Oczyszczenie to naturalna kompozycja zi\u00f3\u0142 i owoc\u00f3w, kt\u00f3ra zosta\u0142a stworzona w oparciu o receptury Zakonu Braci Bonifratr\u00f3w. Si\u0142a Zi\u00f3\u0142 Oczyszenie to unikalna kompozycja zi\u00f3\u0142, kt\u00f3ra wspiera naturalny mechanizm oczyszczania organizmu. Wkomponowany w sk\u0142ad: li\u015b\u0107 brzozy i pokrzywy oraz korze\u0144 mniszka wspomagaj\u0105 proces detoksykacji i pozwol\u0105 lepiej zadba\u0107 o swoje [&hellip;]<\/p>","protected":false},"featured_media":323,"template":"","meta":{"site-sidebar-layout":"default","site-content-layout":"","ast-site-content-layout":"default","site-content-style":"default","site-sidebar-style":"default","ast-global-header-display":"","ast-banner-title-visibility":"","ast-main-header-display":"","ast-hfb-above-header-display":"","ast-hfb-below-header-display":"","ast-hfb-mobile-header-display":"","site-post-title":"","ast-breadcrumbs-content":"","ast-featured-img":"","footer-sml-layout":"","theme-transparent-header-meta":"default","adv-header-id-meta":"","stick-header-meta":"","header-above-stick-meta":"","header-main-stick-meta":"","header-below-stick-meta":"","astra-migrate-meta-layouts":"set","ast-page-background-enabled":"default","ast-page-background-meta":{"desktop":{"background-color":"var(--ast-global-color-4)","background-image":"","background-repeat":"repeat","background-position":"center center","background-size":"auto","background-attachment":"scroll","background-type":"","background-media":"","overlay-type":"","overlay-color":"","overlay-opacity":"","overlay-gradient":""},"tablet":{"background-color":"","background-image":"","background-repeat":"repeat","background-position":"center center","background-size":"auto","background-attachment":"scroll","background-type":"","background-media":"","overlay-type":"","overlay-color":"","overlay-opacity":"","overlay-gradient":""},"mobile":{"background-color":"","background-image":"","background-repeat":"repeat","background-position":"center center","background-size":"auto","background-attachment":"scroll","background-type":"","background-media":"","overlay-type":"","overlay-color":"","overlay-opacity":"","overlay-gradient":""}},"ast-content-background-meta":{"desktop":{"background-color":"var(--ast-global-color-5)","background-image":"","background-repeat":"repeat","background-position":"center center","background-size":"auto","background-attachment":"scroll","background-type":"","background-media":"","overlay-type":"","overlay-color":"","overlay-opacity":"","overlay-gradient":""},"tablet":{"background-color":"var(--ast-global-color-5)","background-image":"","background-repeat":"repeat","background-position":"center center","background-size":"auto","background-attachment":"scroll","background-type":"","background-media":"","overlay-type":"","overlay-color":"","overlay-opacity":"","overlay-gradient":""},"mobile":{"background-color":"var(--ast-global-color-5)","background-image":"","background-repeat":"repeat","background-position":"center center","background-size":"auto","background-attachment":"scroll","background-type":"","background-media":"","overlay-type":"","overlay-color":"","overlay-opacity":"","overlay-gradient":""}}},"product_cat":[44,46,52],"product_tag":[],"class_list":{"0":"post-272","1":"product","2":"type-product","3":"status-publish","4":"has-post-thumbnail","6":"product_cat-herbaty","7":"product_cat-ziolowe","8":"product_cat-sypane","9":"desktop-align-center","10":"tablet-align-left","11":"mobile-align-left","13":"first","14":"instock","15":"purchasable","16":"product-type-simple"},"_links":{"self":[{"href":"https:\/\/los-odpowiedzialni-spolecznie.pl\/en\/wp-json\/wp\/v2\/product\/272","targetHints":{"allow":["GET"]}}],"collection":[{"href":"https:\/\/los-odpowiedzialni-spolecznie.pl\/en\/wp-json\/wp\/v2\/product"}],"about":[{"href":"https:\/\/los-odpowiedzialni-spolecznie.pl\/en\/wp-json\/wp\/v2\/types\/product"}],"wp:featuredmedia":[{"embeddable":true,"href":"https:\/\/los-odpowiedzialni-spolecznie.pl\/en\/wp-json\/wp\/v2\/media\/323"}],"wp:attachment":[{"href":"https:\/\/los-odpowiedzialni-spolecznie.pl\/en\/wp-json\/wp\/v2\/media?parent=272"}],"wp:term":[{"taxonomy":"product_cat","embeddable":true,"href":"https:\/\/los-odpowiedzialni-spolecznie.pl\/en\/wp-json\/wp\/v2\/product_cat?post=272"},{"taxonomy":"product_tag","embeddable":true,"href":"https:\/\/los-odpowiedzialni-spolecznie.pl\/en\/wp-json\/wp\/v2\/product_tag?post=272"}],"curies":[{"name":"wp","href":"https:\/\/api.w.org\/{rel}","templated":true}]}}