{"id":267,"date":"2024-12-23T15:38:44","date_gmt":"2024-12-23T14:38:44","guid":{"rendered":"https:\/\/los-odpowiedzialni-spolecznie.pl\/?post_type=product&#038;p=267"},"modified":"2024-12-23T15:39:20","modified_gmt":"2024-12-23T14:39:20","slug":"herbata-zielona-z-opuncja-eko-25x2g","status":"publish","type":"product","link":"https:\/\/los-odpowiedzialni-spolecznie.pl\/en\/sklep\/produkty-spozywcze\/herbaty\/ekspresowe\/herbata-zielona-z-opuncja-eko-25x2g\/","title":{"rendered":"Herbata Zielona Z opuncj\u0105 EKO (25x2g)"},"content":{"rendered":"<h3>Opis Produktu<\/h3>\n<div id=\"box_description\" class=\"tab-wrap\">\n<div class=\"resetcss\">\n<div class=\"text\">\n<p>Najwy\u017cszej jako\u015bci zielona herbata cejlo\u0144ska z dodatkiem ekologicznych kwiat\u00f3w opuncji figowej. Herbata wzbogacona opuncj\u0105 ma delikatny, kwiatowy smak i przepi\u0119kny, s\u0142odki zapach. Doskona\u0142a do picia zar\u00f3wno na gor\u0105co, jak i w formie orze\u017awiaj\u0105cego, zimnego napoju.<\/p>\n<\/div>\n<div class=\"item\">\n<div class=\"attr-name\">\n<div><strong>Sk\u0142adniki:<\/strong><\/div>\n<\/div>\n<div class=\"attr-value\"><\/div>\n<div class=\"attr-value\">herbata zielona cejlo\u0144ska* 90%, opuncja figowa kwiat* 10%.<br \/>\n*produkt rolnictwa ekologicznego<\/div>\n<\/div>\n<div class=\"item\">\n<div class=\"attr-name\">\n<div><strong>Spos\u00f3b u\u017cycia:<\/strong><\/div>\n<\/div>\n<div class=\"attr-value\">\n<p>1 saszetk\u0119 herbaty zala\u0107 szklank\u0105 wody o temperaturze &#8211; ok. 80 stopni (odczeka\u0107 3-5 min od momentu wrzenia) i zaparza\u0107 przez kilka minut pod przykryciem.<\/p>\n<\/div>\n<\/div>\n<div class=\"attr-name\">\n<div><strong>Opakowanie:<\/strong><\/div>\n<\/div>\n<p>25&#215;2\u00a0g<\/p>\n<\/div>\n<\/div>\n<div id=\"boxdetails\" class=\"tab-wrap\">\n<h3 class=\"tab-title\">Dodatkowe informacje<\/h3>\n<div class=\"resetcss\">\n<div class=\"text\">\n<p>herbata ekspresowa<\/p>\n<\/div>\n<\/div>\n<\/div>","protected":false},"excerpt":{"rendered":"<p>Opis Produktu Najwy\u017cszej jako\u015bci zielona herbata cejlo\u0144ska z dodatkiem ekologicznych kwiat\u00f3w opuncji figowej. Herbata wzbogacona opuncj\u0105 ma delikatny, kwiatowy smak i przepi\u0119kny, s\u0142odki zapach. Doskona\u0142a do picia zar\u00f3wno na gor\u0105co, jak i w formie orze\u017awiaj\u0105cego, zimnego napoju. Sk\u0142adniki: herbata zielona cejlo\u0144ska* 90%, opuncja figowa kwiat* 10%. *produkt rolnictwa ekologicznego Spos\u00f3b u\u017cycia: 1 saszetk\u0119 herbaty zala\u0107 [&hellip;]<\/p>","protected":false},"featured_media":307,"template":"","meta":{"site-sidebar-layout":"default","site-content-layout":"","ast-site-content-layout":"default","site-content-style":"default","site-sidebar-style":"default","ast-global-header-display":"","ast-banner-title-visibility":"","ast-main-header-display":"","ast-hfb-above-header-display":"","ast-hfb-below-header-display":"","ast-hfb-mobile-header-display":"","site-post-title":"","ast-breadcrumbs-content":"","ast-featured-img":"","footer-sml-layout":"","theme-transparent-header-meta":"default","adv-header-id-meta":"","stick-header-meta":"","header-above-stick-meta":"","header-main-stick-meta":"","header-below-stick-meta":"","astra-migrate-meta-layouts":"set","ast-page-background-enabled":"default","ast-page-background-meta":{"desktop":{"background-color":"var(--ast-global-color-4)","background-image":"","background-repeat":"repeat","background-position":"center center","background-size":"auto","background-attachment":"scroll","background-type":"","background-media":"","overlay-type":"","overlay-color":"","overlay-opacity":"","overlay-gradient":""},"tablet":{"background-color":"","background-image":"","background-repeat":"repeat","background-position":"center center","background-size":"auto","background-attachment":"scroll","background-type":"","background-media":"","overlay-type":"","overlay-color":"","overlay-opacity":"","overlay-gradient":""},"mobile":{"background-color":"","background-image":"","background-repeat":"repeat","background-position":"center center","background-size":"auto","background-attachment":"scroll","background-type":"","background-media":"","overlay-type":"","overlay-color":"","overlay-opacity":"","overlay-gradient":""}},"ast-content-background-meta":{"desktop":{"background-color":"var(--ast-global-color-5)","background-image":"","background-repeat":"repeat","background-position":"center center","background-size":"auto","background-attachment":"scroll","background-type":"","background-media":"","overlay-type":"","overlay-color":"","overlay-opacity":"","overlay-gradient":""},"tablet":{"background-color":"var(--ast-global-color-5)","background-image":"","background-repeat":"repeat","background-position":"center center","background-size":"auto","background-attachment":"scroll","background-type":"","background-media":"","overlay-type":"","overlay-color":"","overlay-opacity":"","overlay-gradient":""},"mobile":{"background-color":"var(--ast-global-color-5)","background-image":"","background-repeat":"repeat","background-position":"center center","background-size":"auto","background-attachment":"scroll","background-type":"","background-media":"","overlay-type":"","overlay-color":"","overlay-opacity":"","overlay-gradient":""}}},"product_cat":[45,44,55],"product_tag":[34],"class_list":{"0":"post-267","1":"product","2":"type-product","3":"status-publish","4":"has-post-thumbnail","6":"product_cat-ekspresowe","7":"product_cat-herbaty","8":"product_cat-zielone","9":"product_tag-etykieta-eko","10":"desktop-align-center","11":"tablet-align-left","12":"mobile-align-left","14":"first","15":"instock","16":"purchasable","17":"product-type-simple"},"_links":{"self":[{"href":"https:\/\/los-odpowiedzialni-spolecznie.pl\/en\/wp-json\/wp\/v2\/product\/267","targetHints":{"allow":["GET"]}}],"collection":[{"href":"https:\/\/los-odpowiedzialni-spolecznie.pl\/en\/wp-json\/wp\/v2\/product"}],"about":[{"href":"https:\/\/los-odpowiedzialni-spolecznie.pl\/en\/wp-json\/wp\/v2\/types\/product"}],"wp:featuredmedia":[{"embeddable":true,"href":"https:\/\/los-odpowiedzialni-spolecznie.pl\/en\/wp-json\/wp\/v2\/media\/307"}],"wp:attachment":[{"href":"https:\/\/los-odpowiedzialni-spolecznie.pl\/en\/wp-json\/wp\/v2\/media?parent=267"}],"wp:term":[{"taxonomy":"product_cat","embeddable":true,"href":"https:\/\/los-odpowiedzialni-spolecznie.pl\/en\/wp-json\/wp\/v2\/product_cat?post=267"},{"taxonomy":"product_tag","embeddable":true,"href":"https:\/\/los-odpowiedzialni-spolecznie.pl\/en\/wp-json\/wp\/v2\/product_tag?post=267"}],"curies":[{"name":"wp","href":"https:\/\/api.w.org\/{rel}","templated":true}]}}